{"id":731,"date":"2017-04-27T10:32:35","date_gmt":"2017-04-27T10:41:48","guid":{"rendered":"http:\/\/getanabolics.biz\/product\/oxymeprime-500-onglets-chaque-onglet-contient-50-mg-de-oxymetholone\/"},"modified":"2018-01-19T11:51:38","modified_gmt":"2018-01-19T11:51:38","slug":"anadrol-500-tabs-each-tab-contains-50-mg-oxymetholone","status":"publish","type":"product","link":"https:\/\/getanabolics.biz\/fr\/produit\/anadrol-500-tabs-each-tab-contains-50-mg-oxymetholone\/","title":{"rendered":"Anadrol &#8211; Eminence Labs"},"content":{"rendered":"<h2>Acheter Anadrol &#8211; Eminence Labs (Oxymeprime)<\/h2>\n<p><a title=\"Acheter Anadrol au GetAnabolics\"><img src=\"http:\/\/getanabolics.biz\/images\/anadrol-50-100-la.jpg\" width=\"30%\" align=\"right\" \/><\/a><br \/>\nPour ceux qui est \u00e0 la recherche d&rsquo;Anadrol et vous demandez-vous o\u00f9 acheter Anadrol de Eminence Labs l\u00e9galement nous vous proposons Oxymeprime comme le meilleur choix pour de vrai les culturistes.<br \/>\n\u00c0 partir de maintenant sur une grande vari\u00e9t\u00e9 de st\u00e9ro\u00efdes injectables ainsi que des st\u00e9ro\u00efdes oraux et th\u00e9rapie post-cycle de l&rsquo;Eminence Labs peut \u00eatre achet\u00e9 sur <b>GetAnabolics<\/b>. Nous heureux de pr\u00e9senter la nouvelle Anadrol de <span style=\"font-weight: bold;\">Eminence Labs<\/span>.<br \/>\n<em>Tous les produits que nous vous proposons sont faites de l&rsquo;authentique, de haute qualit\u00e9 et de compos\u00e9s ont un seul but: aider les gens \u00e0 prendre de la masse musculaire, la force globale, \u00e0 br\u00fbler les graisses et de les aider sur le chemin de la perfection physique. Dans le but de cr\u00e9er un esprit constructif et civilis\u00e9 relation avec nos clients, nous allons faire le maximum d&rsquo;efforts pour assurer un service de haute qualit\u00e9, l&rsquo;approche de chaque personne que l&rsquo;adresse de notre magasin avec courtoisie et respect.<\/em><br \/>\nConstruire et maintenir un corps de r\u00eave ont besoin d&rsquo;une combinaison de m\u00e9thodes. Une bonne alimentation vient en premier dans la liste des composants essentiels n\u00e9cessaires \u00e0 l&rsquo;organisme. Deuxi\u00e8mement, assurez-vous toujours de l&rsquo;acheter et utiliser des st\u00e9ro\u00efdes l\u00e9gaux en ligne n&rsquo;est pas seulement pour \u00e9viter tout conflit avec la loi, mais plus important encore, pour \u00e9viter des complications de sant\u00e9.<br \/>\n<span style=\"font-weight: bold;\">GetAnabolics.Biz<\/span> is the online steroid supplier specially created and dedicated to provide each athlete and bodybuilder with best <span style=\"font-weight: bold;\">anabolic steroids<\/span> est la ligne de st\u00e9ro\u00efdes fournisseur sp\u00e9cialement con\u00e7u et d\u00e9di\u00e9 \u00e0 fournir \u00e0 chaque athl\u00e8te et de bodybuilder avec le meilleur des st\u00e9ro\u00efdes anabolisants \u00e0 prix discount. Nous avons choisi la plus fiable pour les marques \u00e0 collaborer afin d&rsquo;assurer la s\u00e9curit\u00e9, authentique et haut de gamme de st\u00e9ro\u00efdes pour nos clients.<br \/>\n<em>L&rsquo;exp\u00e9dition des st\u00e9ro\u00efdes en toute s\u00e9curit\u00e9 est la principale pr\u00e9occupation pour la livraison de st\u00e9ro\u00efdes dans le monde entier. Notre exp\u00e9dition discr\u00e8te garantit que personne ne sait que vous achetez des st\u00e9ro\u00efdes en ligne.<\/em><\/p>\n<h2>Plus Anadrol Eminence Labs d&rsquo;informations<\/h2>\n<p><b>50 onglets, chaque onglet contient 50 mg de Oxymetholone<\/b><\/p>\n<blockquote><p><b>Background<\/b><br \/>\nOxymetholone, connu par son nom de marque, Anadrol 50, aux \u00e9tats-UNIS les march\u00e9s de la drogue est devenu l&rsquo;un des plus populaires de loisirs des st\u00e9ro\u00efdes dans l&rsquo;halt\u00e9rophilie et de culturisme communaut\u00e9s depuis qu&rsquo;il a \u00e9t\u00e9 mis \u00e0 disposition en 1960 par la compagnie pharmaceutique, Syntex. D&rsquo;abord, <a href=\"http:\/\/getanabolics.biz\/fr\/produit\/anadrol-100-tabs-each-tab-contains-50-mg-oxymetholone\/\">Anadrol <\/a>50 est utilis\u00e9 pour augmenter le nombre de globules rouges chez les patients avec des cas graves d&rsquo;An\u00e9mie. Cependant, la recherche dans ce domaine a progress\u00e9, les plus avanc\u00e9s non-st\u00e9ro\u00efdiens m\u00e9dicaments, ont \u00e9t\u00e9 mis au point pour traiter ce probl\u00e8me sans la cause de tous les effets secondaires de Anadrol 50. Depuis ces autres m\u00e9dicaments s&rsquo;est av\u00e9r\u00e9 \u00eatre tout aussi efficace sur l&rsquo;augmentation de la production de globules rouges, Syntex a cess\u00e9 la production et de la distribution aux \u00e9tats-UNIS d&rsquo;Anadrol 50, en 1993, et a consid\u00e9rablement r\u00e9duit les exportations de la drogue. Bien que la soci\u00e9t\u00e9 de continuer \u00e0 vendre de la drogue dans un certain nombre de march\u00e9s internationaux, en vertu d&rsquo;un couple de diff\u00e9rents noms de marque.<\/p><\/blockquote>\n<p><strong>Anadrol<\/strong> 50 de retour dans la fin des ann\u00e9es 1990, apr\u00e8s des \u00e9tudes sur le traitement du VIH et du SIDA a montr\u00e9 que oxymetholone et de son anti-atrophie des propri\u00e9t\u00e9s peut \u00eatre utilis\u00e9 en toute s\u00e9curit\u00e9 dans le VIH, le SIDA et les approches de traitement. En 1998, Anadrol 50 fait son retour aux \u00e9tats-UNIS march\u00e9 de la drogue et continue \u00e0 \u00eatre disponible aujourd&rsquo;hui.<\/p>\n<p><b>la Fonction et l&rsquo;Utilisation<\/b><br \/>\n<em><strong>Anadrol<\/strong> 50 est reconnu dans la communaut\u00e9 de culturisme comme l&rsquo;un des plus efficaces des st\u00e9ro\u00efdes sur le march\u00e9. Malheureusement, en plus d&rsquo;\u00eatre tr\u00e8s efficace, il peut aussi \u00eatre tr\u00e8s dangereux aussi. Anadrol 50, lorsqu&rsquo;il est utilis\u00e9 comme un st\u00e9ro\u00efde, peut \u00eatre pr\u00e9vu d&rsquo;ajouter de 20 \u00e0 30 lbs de masse musculaire dans un court p\u00e9riode de six semaines. C&rsquo;est en supposant que l&rsquo;utilisateur suit la prise quotidienne recommand\u00e9e de 50 mg \u00e0 100 mg par jour.<\/em><\/p>\n<p>La fonction principale de Anadrol 50, et comment il se rapporte \u00e0 la musculation, est le froiss\u00e9 des niveaux de globules rouges produits par la drogue. Plus de globules rouges concentration des moyens le plus de sang \u00e0 transporter l&rsquo;oxyg\u00e8ne cours d&rsquo;ex\u00e9cution \u00e0 travers vos veines, qui \u00e0 son tour augmente votre total d&rsquo;endurance et de performance pendant l&rsquo;entra\u00eenement. Anadrol est connu pour causer beaucoup de r\u00e9tention d&rsquo;eau, qui est g\u00e9n\u00e9ralement r\u00e9pertori\u00e9 comme un effet secondaire, mais peut avoir des avantages aussi. Le transport autour de plus d&rsquo;eau fournit un peu plus de coussin et l&rsquo;\u00e9lasticit\u00e9 de vos muscles articulations, et peuvent soulager certains de la souche \u00e0 partir d&rsquo;une s\u00e9ance d&rsquo;entra\u00eenement intense ou d&rsquo;aider \u00e0 \u00e9viter les blessures.<\/p>\n<p><b>Comment le Cycle de Anadrol 50<\/b><br \/>\n<em><strong>Depuis Anadrol 50 est tellement puissant,<\/strong> premi\u00e8re fois, les utilisateurs doivent \u00eatre tr\u00e8s prudents lors de l&rsquo;ajout de ce m\u00e9dicament \u00e0 leur routine quotidienne. Le dosage de panne ressemble \u00e0 ceci: 0,5 \u00e0 0,8 mg par kilo de poids corporel, ce qui correspond \u00e0 environ 50 mg \u00e0 200 mg par jour. Il est recommand\u00e9 que la premi\u00e8re fois, les utilisateurs commencent \u00e0 mod\u00e9r\u00e9e de la consommation d&rsquo;une dose de 50 mg comprim\u00e9 par jour au premier, tandis que le corps s&rsquo;ajuste \u00e0 l&rsquo;impact de la st\u00e9ro\u00efde. Lors de la prise de plus d&rsquo;un comprim\u00e9 par jour, il est intelligent de votre espace doses au lieu de prendre deux doses \u00e0 la fois. Rappelez-vous, les cycles de Anadrol ne devrait pas d\u00e9passer six semaines.<\/em><\/p>\n<p>Vous pouvez empiler Anadrol au-dessus des autres st\u00e9ro\u00efdes, vous pourriez prendre, comme <a href=\"http:\/\/getanabolics.biz\/fr\/produit\/deca-100-10x1ml-ampoules-each-has-100-mg-total-1000-mg-nandrolone-decaonate\/\">Deca-Durabolin <\/a>ou de Testost\u00e9rone. Cette m\u00e9thode augmente le volume et la masse encore plus que l&rsquo;utilisation de Anadrol seul. L&#8217;empilement est pour les utilisateurs exp\u00e9riment\u00e9s, et doit \u00eatre r\u00e9alis\u00e9e avec beaucoup de soins. T\u00e9m\u00e9raire utilisation de st\u00e9ro\u00efdes peuvent avoir beaucoup d&rsquo;effets ind\u00e9sirables sur le corps.<\/p>\n<p><b>Effets Secondaires et les Risques<\/b><br \/>\n<em><strong>Anadrol<\/strong> 50 est si efficace, les utilisateurs pourraient \u00eatre tent\u00e9s d&rsquo;augmenter leur dose ou de prolonger le cycle, mais il convient de constater que trop de st\u00e9ro\u00efdes, comme Anadrol peut effectivement causer de graves dommages \u00e0 vos muscles. C&rsquo;est moins d&rsquo;effets secondaires et plus d&rsquo;un avertissement \u00e0 l&rsquo;utilisateur, mais elle doit \u00eatre prise en consid\u00e9ration par toute personne utilisant Anadrol pour ajouter de la masse musculaire. Si l&rsquo;id\u00e9e est d&rsquo;obtenir rapidement, trop et trop vite pouvez cr\u00e9er un nombre ing\u00e9rable de stress sur les muscles, ce qui entra\u00eene parfois la d\u00e9chirure du biceps ou de pectoraux tissus. Ce type de l\u00e9sion est le plus souvent observ\u00e9 chez les personnes \u00e0 l&rsquo;aide de fortes doses d&rsquo;un androg\u00e8ne comme Anadrol.<\/em><\/p>\n<p><em><a href=\"http:\/\/getanabolics.biz\/fr\/tout-ce-que-vous-devez-savoir-sur-anadrol\/\">En plus d&rsquo;augmenter vos chances de blessures graves<\/a>, de Anadrol 50 peut \u00e9galement causer des effets secondaires li\u00e9s \u00e0 l&rsquo;augmentation de l&rsquo;oestrog\u00e8ne dans votre syst\u00e8me. Ces effets secondaires comprennent principalement la pr\u00e9sence de tissu mammaire et peut \u00eatre un grave probl\u00e8me pour les gens qui sont sensibles \u00e0 l&rsquo;oestrog\u00e8ne. D&rsquo;autres effets secondaires possibles graves dommages au foie en raison de la constitution de Anadrol, sautes d&rsquo;humeur, et l&rsquo;hypertension art\u00e9rielle. La d\u00e9cision de prendre Anadrol ne doit pas \u00eatre prise \u00e0 la l\u00e9g\u00e8re. Vous devez comprendre que l&rsquo;augmentation de la masse musculaire une longue liste de potentiel (et de tr\u00e8s graves effets secondaires. Foie rptoectors tels que le Chardon-marie, ALA et Liv52 sont un must lorsque vous utilisez Anadrol.<\/em><\/p>\n<p><strong>La question de la r\u00e9tention d&rsquo;eau<\/strong> a d\u00e9j\u00e0 \u00e9t\u00e9 discut\u00e9, mais il est temps de mentionner les aspects n\u00e9gatifs de prendre trop de poids de l&rsquo;eau. La r\u00e9tention d&rsquo;eau cr\u00e9e une forme arrondie, un gonflement de l&rsquo;oeil qui est tr\u00e8s sensible et parfois disgracieux. Il n&rsquo;y a aucun moyen d&rsquo;\u00e9viter la r\u00e9tention d&rsquo;eau lors de la prise d&rsquo;un st\u00e9ro\u00efde, comme Anadrol 50. C&rsquo;est un effet secondaire, vous devez venir \u00e0 termes avec afin d&rsquo;atteindre la masse que vous voulez. Ce poids n&rsquo;est pas permanente et dispara\u00eetra d\u00e8s que vous arr\u00eatez de prendre Anadrol.<\/p>\n<p><b>R\u00e9sum\u00e9<\/b><br \/>\n<span style=\"text-decoration: underline;\"><strong>Anadrol e<\/strong>st bien appr\u00e9ci\u00e9 par les culturistes pour sa capacit\u00e9 \u00e0 ajouter de la masse musculaire tr\u00e8s rapidement, et le fait qu&rsquo;il est un st\u00e9ro\u00efde oral le rend extr\u00eamement populaire parmi les v\u00e9t\u00e9rans et les nouveaux arrivants. Bien que ces sont consid\u00e9r\u00e9s comme des facteurs positifs associ\u00e9s avec <strong>Anadrol<\/strong>, gardez \u00e0 l&rsquo;esprit il ya quelques facteurs n\u00e9gatifs. Si vous voulez acheter Anadrol en ligne comme un moyen de pli vrac et de prendre votre corps de b\u00e2timent de jeu au prochain niveau, vous devez le faire de la mani\u00e8re la plus s\u00fbre possible, sinon vous allez faire plus de mal que de bien.<\/span><\/p>\n<p>Anadrol pour la vente.<\/p>\n<h3>Lire la suite<\/h3>\n<p><a href=\"http:\/\/getanabolics.biz\/fr\/principaux-resultats-du-meilleur-acetate-de-trenbolone\/\">GRANDS R\u00c9SULTATS DU MEILLEUR AC\u00c9TATE DE TRENBOLONE<\/a><\/p>\n<p><a href=\"http:\/\/getanabolics.biz\/fr\/tout-ce-que-vous-devez-savoir-sur-anadrol\/\">TOUT CE QUE VOUS DEVEZ SAVOIR SUR ANADROL<\/a><\/p>\n<p><a href=\"http:\/\/getanabolics.biz\/fr\/leffet-des-steroides-sur-la-peau-humaine\/\">L&rsquo;EFFET DES ST\u00c9RO\u00cfDES SUR LA PEAU HUMAINE<\/a><\/p>\n<p><a href=\"http:\/\/getanabolics.biz\/fr\/rassemblez-une-masse-seche-sans-effets-secondaires\/\">RASSEMBLER UNE MASSE SECHE SANS EFFETS SECONDAIRES<\/a><\/p>\n<p><a href=\"http:\/\/getanabolics.biz\/fr\/quelle-devrait-etre-la-duree-du-cours-des-steroides\/\">Quelle devrait \u00eatre la dur\u00e9e de l&rsquo;\u00e9volution des st\u00e9ro\u00efdes?<\/a><\/p>\n","protected":false},"excerpt":{"rendered":"<p>Package: 500 onglets, chaque onglet contient 50 mg de Oxymetholone<br \/>Fabricant: Eminence Labs<br \/>Brand name: Anadrol<br \/>Aussi connu comme: Oxymeprime<\/p>\n","protected":false},"featured_media":478,"comment_status":"open","ping_status":"closed","template":"","meta":[],"product_cat":[111,117],"product_tag":[44],"_links":{"self":[{"href":"https:\/\/getanabolics.biz\/fr\/wp-json\/wp\/v2\/product\/731"}],"collection":[{"href":"https:\/\/getanabolics.biz\/fr\/wp-json\/wp\/v2\/product"}],"about":[{"href":"https:\/\/getanabolics.biz\/fr\/wp-json\/wp\/v2\/types\/product"}],"replies":[{"embeddable":true,"href":"https:\/\/getanabolics.biz\/fr\/wp-json\/wp\/v2\/comments?post=731"}],"wp:featuredmedia":[{"embeddable":true,"href":"https:\/\/getanabolics.biz\/fr\/wp-json\/wp\/v2\/media\/478"}],"wp:attachment":[{"href":"https:\/\/getanabolics.biz\/fr\/wp-json\/wp\/v2\/media?parent=731"}],"wp:term":[{"taxonomy":"product_cat","embeddable":true,"href":"https:\/\/getanabolics.biz\/fr\/wp-json\/wp\/v2\/product_cat?post=731"},{"taxonomy":"product_tag","embeddable":true,"href":"https:\/\/getanabolics.biz\/fr\/wp-json\/wp\/v2\/product_tag?post=731"}],"curies":[{"name":"wp","href":"https:\/\/api.w.org\/{rel}","templated":true}]}}