{"id":32350805,"date":"2017-11-29T20:47:10","date_gmt":"2017-11-29T20:47:10","guid":{"rendered":"http:\/\/getanabolics.biz\/product\/strength-muscle-cycle\/"},"modified":"2018-01-21T18:24:45","modified_gmt":"2018-01-21T18:24:45","slug":"strength-muscle-cycle","status":"publish","type":"product","link":"https:\/\/getanabolics.biz\/fr\/produit\/strength-muscle-cycle\/","title":{"rendered":"Strength &#038; Muscle Cycle"},"content":{"rendered":"<p>St\u00e9ro\u00efdes cycles se r\u00e9f\u00e8re \u00e0 la p\u00e9riode de temps st\u00e9ro\u00efdes anabolisants sont utilis\u00e9s. Ce d\u00e9lai est souvent d\u00e9sign\u00e9 comme <strong>\u201c\u00c0 la Cycle de.\u201d<\/strong> Lorsque les st\u00e9ro\u00efdes ne sont pas utilis\u00e9s, c&rsquo;est d\u00e9nomm\u00e9 <strong>\u201cHors Cycle.\u201d<\/strong> Pour la phase du cycle, il existe d&rsquo;innombrables options et de meules. Les \u201cStacks\u201d reportez-vous \u00e0 la combinaison de st\u00e9ro\u00efdes anabolisants ainsi que les non-st\u00e9ro\u00efdiens articles utilis\u00e9s lors de la phase du cycle. Avec des centaines de st\u00e9ro\u00efdes anabolisants, en variant les hormones peptidiques, SERM, de l&rsquo;IA, des hormones thyro\u00efdiennes et de plus, il y a vraiment possible d&rsquo;innombrables piles. Les options sont si vastes, chaque pile et le cycle, vous vous engagez pourrait \u00eatre compl\u00e8tement diff\u00e9rent. Cependant, la plupart des utilisateurs de st\u00e9ro\u00efdes va devenir \u00e0 l&rsquo;aise avec certaines de chemin\u00e9es; ils d\u00e9couvriront des combinaisons sp\u00e9cifiques qui donnent les meilleurs r\u00e9sultats, et ils resteront avec ces plans.<\/p>\n<p>Avanc\u00e9e des st\u00e9ro\u00efdes anabolisants les utilisateurs sont le plus haut niveau des utilisateurs exp\u00e9riment\u00e9s, et il est clairement assum\u00e9e qu&rsquo;\u00e0 ce stade, les st\u00e9ro\u00efdes anabolisants, l&rsquo;utilisateur a obtenu suffisamment d&rsquo;exp\u00e9rience et a recueilli suffisamment de connaissances pour assumer le statut d&rsquo;un utilisateur avanc\u00e9. Avanc\u00e9e des st\u00e9ro\u00efdes piles impliquent un grand nombre des niveaux plus avanc\u00e9s, les compos\u00e9s, mais ce n&rsquo;est pas \u00e0 dire que l&rsquo;avanc\u00e9e des st\u00e9ro\u00efdes anabolisants cycles ne peut pas aussi \u00eatre de la base <strong>la Testost\u00e9rone seul cycle de protocole.<\/strong> Cela a \u00e9t\u00e9 pr\u00e9c\u00e9demment \u00e9voqu\u00e9, \u00e0 laquelle il a \u00e9t\u00e9 clair que l&rsquo;interm\u00e9diaire et avanc\u00e9 de st\u00e9ro\u00efdes anabolisants, les utilisateurs ne sont pas limit\u00e9s \u00e0 l&rsquo;utilisation de tr\u00e8s dures, des compos\u00e9s, des doses extr\u00eamement \u00e9lev\u00e9es, ou cycle complexe de meules. Le plus souvent la majorit\u00e9 des les utilisateurs avanc\u00e9s la possibilit\u00e9 d&rsquo;ex\u00e9cuter la base essay\u00e9, de confiance, et de vrais m\u00e9thodes de Testost\u00e9rone-seuls les cycles, ou tr\u00e8s de base de st\u00e9ro\u00efdes anabolisants cycles. C&rsquo;est habituellement une grande surprise pour les d\u00e9butants, car tr\u00e8s souvent les d\u00e9butants (et les \u00e9ventuels utilisateurs de st\u00e9ro\u00efdes anabolisants) poss\u00e8dent une compr\u00e9hension erron\u00e9e de ce qu&rsquo;est \u00eatre un st\u00e9ro\u00efde anabolisant de l&rsquo;utilisateur.<\/p>\n<p>Ind\u00e9pendamment de la chemin\u00e9e ou du cycle de l&rsquo;ex\u00e9cution, il y a des r\u00e8gles g\u00e9n\u00e9rales et des consid\u00e9rations qui aidera \u00e0 vous maintenir s\u00fbr. Par exemple, la r\u00e8gle de base de chaque cycle est qu&rsquo;il comprend une certaine forme de testost\u00e9rone. La forme de la testost\u00e9rone utilis\u00e9 est sans cons\u00e9quence. La seule chose qui compte, c&rsquo;est que le corps en a assez de cette hormone essentielle pour fonctionner correctement.<\/p>\n<p>&nbsp;<\/p>\n<table style=\"height: 418px;\" border=\"1\" width=\"796\" cellpadding=\"2\" bgcolor=\"#fefefe\">\n<tbody>\n<tr>\n<td align=\"center\" width=\"60\">semaine de<br \/>\ncycle<\/td>\n<td align=\"center\" bgcolor=\"#FF9999\">Danabol &#8211; Alpha Pharma<br \/>\n10mg onglet<\/td>\n<td align=\"center\" bgcolor=\"#99CCFF\"><span style=\"font-family: verdana; font-size: small;\">Deca 250 &#8211; Alpha Pharma<br \/>\n250mg\/ml<\/span><\/td>\n<td align=\"center\" bgcolor=\"#FFFFCC\"><span style=\"font-family: verdana; font-size: small;\">Sustanon-250 &#8211; Alpha Pharma<br \/>\n250mg\/ml<br \/>\n<\/span><\/td>\n<td align=\"center\" bgcolor=\"#99FFCC\"><span style=\"font-family: verdana; font-size: small;\">Proviron &#8211; Bayer\/Shering<br \/>\n25mg tab<\/span><\/td>\n<\/tr>\n<tr>\n<td align=\"center\" width=\"60\"><span style=\"font-family: verdana; font-size: small;\"><b>1<\/b><\/span><\/td>\n<td bgcolor=\"#FF9999\"><span style=\"font-family: verdana; font-size: small;\">2 comprim\u00e9s\/jour<\/span><\/td>\n<td bgcolor=\"#99CCFF\">250mg\/ml<\/td>\n<td bgcolor=\"#FFFFCC\">250mg\/ml<\/td>\n<td><\/td>\n<\/tr>\n<tr>\n<td align=\"center\" width=\"60\"><span style=\"font-family: verdana; font-size: small;\"><b>2<\/b><\/span><\/td>\n<td bgcolor=\"#FF9999\">3 comprim\u00e9s\/jour<\/td>\n<td bgcolor=\"#99CCFF\">250mg\/ml<\/td>\n<td bgcolor=\"#FFFFCC\">250mg\/ml<\/td>\n<td bgcolor=\"#99FFCC\"><span style=\"font-family: verdana; font-size: small;\">1 cp\/jour<\/span><\/td>\n<\/tr>\n<tr>\n<td align=\"center\" width=\"60\"><span style=\"font-family: verdana; font-size: small;\"><b>3<\/b><\/span><\/td>\n<td bgcolor=\"#FF9999\">3 comprim\u00e9s\/jour<\/td>\n<td bgcolor=\"#99CCFF\">250mg\/ml<\/td>\n<td bgcolor=\"#FFFFCC\">250mg\/ml<\/td>\n<td bgcolor=\"#99FFCC\"><span style=\"font-family: verdana; font-size: small;\">1 cp\/jour<\/span><\/td>\n<\/tr>\n<tr>\n<td align=\"center\" width=\"60\"><span style=\"font-family: verdana; font-size: small;\"><b>4<\/b><\/span><\/td>\n<td bgcolor=\"#FF9999\">3 comprim\u00e9s\/jour<\/td>\n<td bgcolor=\"#99CCFF\">250mg\/ml<\/td>\n<td bgcolor=\"#FFFFCC\">250mg\/ml<\/td>\n<td bgcolor=\"#99FFCC\"><span style=\"font-family: verdana; font-size: small;\">1 cp\/jour<\/span><\/td>\n<\/tr>\n<tr>\n<td align=\"center\" width=\"60\"><span style=\"font-family: verdana; font-size: small;\"><b>5<\/b><\/span><\/td>\n<td bgcolor=\"#FF9999\">3 comprim\u00e9s\/jour<\/td>\n<td bgcolor=\"#99CCFF\">250mg\/ml<\/td>\n<td bgcolor=\"#FFFFCC\">250mg\/ml<\/td>\n<td><\/td>\n<\/tr>\n<\/tbody>\n<\/table>\n<p>&nbsp;<\/p>\n<p>500 onglets Danabol &#8211; Alpha Pharma<br \/>\n2500 mg de Deca 250 &#8211; Alpha Pharma<br \/>\n2500 mg Sustanon-250 &#8211; Alpha Pharma<br \/>\n50 onglets Proviron &#8211; Bayer\/Shering<\/p>\n<p>Le cours de <a href=\"http:\/\/getanabolics.biz\/fr\/produit\/alphabol-500-onglets-chaque-comprime-contient-10-mg-de-methandienone\/\">Danabol <\/a>+ <a href=\"http:\/\/getanabolics.biz\/fr\/produit\/nandrobolin-boite-de-10-ampoules-de-1-ml-250-mg-ml-total-2500mg-de-nandrolone-decaonate\/\">Deca <\/a>+ <a href=\"http:\/\/getanabolics.biz\/fr\/produit\/sustanon-250-1-box-of-10-ampoules-each-1-amp-contains-250-mg-testosterone-esters\/\">Sustanon-250<\/a> est la cl\u00e9 du succ\u00e8s dans le recrutement d&rsquo;une \u00e9norme masse musculaire et d&rsquo;une grande force. Ce st\u00e9ro\u00efde cours est en mesure d&rsquo;aider l&rsquo;athl\u00e8te \u00e0 la croissance de la force et de la masse \u00e0 un niveau tr\u00e8s \u00e9lev\u00e9. Il est souhaitable que l&rsquo;athl\u00e8te doit suivre une telle voie n&rsquo;est pas la premi\u00e8re fois. Et avec de l&rsquo;exp\u00e9rience dans la r\u00e9ussite des cours avec les plus faibles de st\u00e9ro\u00efdes. Le m\u00e9thane et le d\u00e9can (nandrolone d\u00e9canoate) sont des st\u00e9ro\u00efdes pour la croissance de la masse du corps de l&rsquo;athl\u00e8te dans eux est tr\u00e8s forte et rapide de l&rsquo;activit\u00e9 anabolique. <a href=\"http:\/\/getanabolics.biz\/fr\/produit\/sustanon-250-1-box-of-10-ampoules-each-1-amp-contains-250-mg-testosterone-esters\/\">Sustanon-250<\/a> est un st\u00e9ro\u00efde androg\u00e8ne, la testost\u00e9rone, qui tr\u00e8s rapidement et fortement augmente la force et le poids total de l&rsquo;athl\u00e8te. Tous les trois de la de st\u00e9ro\u00efdes dans ce cours peut \u00eatre attribu\u00e9e \u00e0 la plus puissante des drogues. Et de les utiliser sur un cours doit \u00eatre tr\u00e8s contr\u00f4l\u00e9e et raisonnable, sans d\u00e9passer la posologie. Apr\u00e8s le cours de la th\u00e9rapie dans la forme de <a href=\"http:\/\/getanabolics.biz\/fr\/produit\/proviron-buy-proviron-50-tabs-each-tab-25mg-mesterolone\/\">Proviron <\/a>devrait \u00eatre obligatoire. Cette m\u00e9dicament par voie orale peut vous sauver de beaucoup d&rsquo;effets secondaires des st\u00e9ro\u00efdes forte et rendre vos muscles beaucoup plus dense et plus dur.<\/p>\n<p>Comme des st\u00e9ro\u00efdes cycles font r\u00e9f\u00e9rence \u00e0 la p\u00e9riode dans laquelle nous sommes en fait en compl\u00e9tant avec des st\u00e9ro\u00efdes anabolisants, la question \u00e9vidente est qu&rsquo;est-ce que la p\u00e9riode de temps acceptable? Qu&rsquo;est-ce que le minimum pour les gains positifs et quel est le montant maximum de temps en ce qui concerne la s\u00e9curit\u00e9? Cela peut \u00eatre une question difficile \u00e0 r\u00e9pondre, mais encore une fois il y a des lignes directrices pour vous aider \u00e0 rester en s\u00e9curit\u00e9. Ind\u00e9pendamment des st\u00e9ro\u00efdes cycles de mettre en \u0153uvre, peu importe comment simple ou avanc\u00e9e, votre plan est d&rsquo;aller \u00e0 la n\u00e9cessit\u00e9 de prolonger pour un montant d\u00e9cent de temps. Le corps humain n&rsquo;aime pas le changement; m\u00eame si un tel changement est dans son int\u00e9r\u00eat, il va le combattre et de faire tout son possible pour rester \u00e0 son habitude normale. Nous devons nous laisser suffisamment de temps pour cela \u201cnormal\u201d pour changer, nous devons cr\u00e9er un nouveau jeu normal si nous sommes \u00e0 accrocher sur les gains r\u00e9alis\u00e9s. Cependant, m\u00eame lorsque c&rsquo;est fait, si vous \u00eates hors cycle pour une longue p\u00e9riode de temps que vous allez perdre certains des gains r\u00e9alis\u00e9s; sans l&rsquo;important afflux d&rsquo;hormones pr\u00e9sents pour soutenir les gains que vous faites, ils ne dureront pas \u00e9ternellement. Les Gains obtenus par l&rsquo;utilisation d&rsquo;hormones, ce n&rsquo;est pas faux musculaire ou de la force, il est aussi r\u00e9el que tous les autres gains qui peuvent \u00eatre faits. Quand vous faites des gains en force et en taille, ils sont pris en charge par les nutriments que vous consommez. Tenir \u00e0 l&rsquo;\u00e9cart les \u00e9l\u00e9ments nutritifs et le syst\u00e8me de soutien de la tombe \u00e0 l&rsquo;eau. Les Hormones sont aussi important, peut-\u00eatre aussi important que la nourriture. Avec les nutriments, les hormones dans votre corps, l&rsquo;appui de votre taille et de la force si naturelle ou fourni de fa\u00e7on exog\u00e8ne. Prenez les hormones de suite, et encore une fois, vous avez supprim\u00e9 un syst\u00e8me de soutien.<\/p>\n<h3>Lire la suite<\/h3>\n<p><a href=\"http:\/\/getanabolics.biz\/fr\/tout-sur-proviron-mesterolone\/\">TOUT SUR PROVIRON (MESTEROLONE)<\/a><\/p>\n<p><a href=\"http:\/\/getanabolics.biz\/fr\/acheter-clomid-online-sur-getanabolics-biz\/\">ACHETER CLOMID EN LIGNE SUR GETANABOLICS.BIZ<\/a><\/p>\n<p><a href=\"http:\/\/getanabolics.biz\/fr\/creatine-sur-un-cours-de-steroides\/\">CREATINE SUR UN COURS DE STEROIDES<\/a><\/p>\n<p><a href=\"http:\/\/getanabolics.biz\/fr\/rassemblez-une-masse-seche-sans-effets-secondaires\/\">RASSEMBLER UNE MASSE SECHE SANS EFFETS SECONDAIRES<\/a><\/p>\n<p><a href=\"http:\/\/getanabolics.biz\/fr\/quelle-devrait-etre-la-duree-du-cours-des-steroides\/\">Quelle devrait \u00eatre la dur\u00e9e de l&rsquo;\u00e9volution des st\u00e9ro\u00efdes?<\/a><\/p>\n","protected":false},"excerpt":{"rendered":"<p>500 tabs\u00a0<a href=\"http:\/\/getanabolics.biz\/fr\/produit\/alphabol-500-onglets-chaque-comprime-contient-10-mg-de-methandienone\/\">Danabol &#8211; Alpha Pharma<\/a><br \/>\n2500 mg\u00a0<a href=\"http:\/\/getanabolics.biz\/fr\/produit\/nandrobolin-boite-de-10-ampoules-de-1-ml-250-mg-ml-total-2500mg-de-nandrolone-decaonate\/\">Deca\u00a0250 &#8211; Alpha Pharma<\/a><br \/>\n2500 mg\u00a0<a href=\"http:\/\/getanabolics.biz\/fr\/produit\/sustanon-250-1-box-of-10-ampoules-each-1-amp-contains-250-mg-testosterone-esters\/\">Sustanon-250 &#8211;\u00a0Alpha Pharma<\/a><br \/>\n50\u00a0tabs\u00a0<a href=\"http:\/\/getanabolics.biz\/fr\/produit\/proviron-buy-proviron-50-tabs-each-tab-25mg-mesterolone\/\">Proviron &#8211; Bayer\/Shering<\/a><\/p>\n","protected":false},"featured_media":32350800,"comment_status":"closed","ping_status":"closed","template":"","meta":[],"product_cat":[456],"product_tag":[40,485,492,540,526],"_links":{"self":[{"href":"https:\/\/getanabolics.biz\/fr\/wp-json\/wp\/v2\/product\/32350805"}],"collection":[{"href":"https:\/\/getanabolics.biz\/fr\/wp-json\/wp\/v2\/product"}],"about":[{"href":"https:\/\/getanabolics.biz\/fr\/wp-json\/wp\/v2\/types\/product"}],"replies":[{"embeddable":true,"href":"https:\/\/getanabolics.biz\/fr\/wp-json\/wp\/v2\/comments?post=32350805"}],"wp:featuredmedia":[{"embeddable":true,"href":"https:\/\/getanabolics.biz\/fr\/wp-json\/wp\/v2\/media\/32350800"}],"wp:attachment":[{"href":"https:\/\/getanabolics.biz\/fr\/wp-json\/wp\/v2\/media?parent=32350805"}],"wp:term":[{"taxonomy":"product_cat","embeddable":true,"href":"https:\/\/getanabolics.biz\/fr\/wp-json\/wp\/v2\/product_cat?post=32350805"},{"taxonomy":"product_tag","embeddable":true,"href":"https:\/\/getanabolics.biz\/fr\/wp-json\/wp\/v2\/product_tag?post=32350805"}],"curies":[{"name":"wp","href":"https:\/\/api.w.org\/{rel}","templated":true}]}}