{"id":32350767,"date":"2017-11-29T10:04:52","date_gmt":"2017-11-29T10:04:52","guid":{"rendered":"http:\/\/getanabolics.biz\/product\/advanced-muscle-sec-cycle\/"},"modified":"2018-01-21T18:42:41","modified_gmt":"2018-01-21T18:42:41","slug":"advanced-muscle-sec-cycle","status":"publish","type":"product","link":"https:\/\/getanabolics.biz\/fr\/produit\/advanced-muscle-sec-cycle\/","title":{"rendered":"Advanced Muscle Sec Cycle"},"content":{"rendered":"<p>St\u00e9ro\u00efdes cycles se r\u00e9f\u00e8re \u00e0 la p\u00e9riode de temps st\u00e9ro\u00efdes anabolisants sont utilis\u00e9s. Ce d\u00e9lai est souvent d\u00e9sign\u00e9 comme <strong>\u201c\u00c0 la Cycle de.\u201d<\/strong> Lorsque les st\u00e9ro\u00efdes ne sont pas utilis\u00e9s, c&rsquo;est d\u00e9nomm\u00e9 <strong>\u201cHors Cycle.\u201d<\/strong> Pour la phase du cycle, il existe d&rsquo;innombrables options et de meules. Les \u201cStacks\u201d reportez-vous \u00e0 la combinaison de st\u00e9ro\u00efdes anabolisants ainsi que les non-st\u00e9ro\u00efdiens articles utilis\u00e9s lors de la phase du cycle. Avec des centaines de st\u00e9ro\u00efdes anabolisants, en variant les hormones peptidiques, SERM, de l&rsquo;IA, des hormones thyro\u00efdiennes et de plus, il y a vraiment possible d&rsquo;innombrables piles. Les options sont si vastes, chaque pile et le cycle, vous vous engagez pourrait \u00eatre compl\u00e8tement diff\u00e9rent. Cependant, la plupart des utilisateurs de st\u00e9ro\u00efdes va devenir \u00e0 l&rsquo;aise avec certaines de chemin\u00e9es; ils d\u00e9couvriront des combinaisons sp\u00e9cifiques qui donnent les meilleurs r\u00e9sultats, et ils resteront avec ces plans.<\/p>\n<p>Avanc\u00e9e des st\u00e9ro\u00efdes anabolisants les utilisateurs sont le plus haut niveau des utilisateurs exp\u00e9riment\u00e9s, et il est clairement assum\u00e9e qu&rsquo;\u00e0 ce stade, les st\u00e9ro\u00efdes anabolisants, l&rsquo;utilisateur a obtenu suffisamment d&rsquo;exp\u00e9rience et a recueilli suffisamment de connaissances pour assumer le statut d&rsquo;un utilisateur avanc\u00e9. Avanc\u00e9e des st\u00e9ro\u00efdes piles impliquent un grand nombre des niveaux plus avanc\u00e9s, les compos\u00e9s (tels que <a href=\"http:\/\/getanabolics.biz\/fr\/produit\/anadrol-50-tabs-each-tab-contains-50-mg-oxymetholone\/\">Anadrol <\/a>et <a href=\"http:\/\/getanabolics.biz\/fr\/produit\/trenbolone-acetate-10-amps-each-1-ampoule-has-100mg-trenbolone-acetate\/\">Trenbolone<\/a>)mais ce n&rsquo;est pas \u00e0 dire que l&rsquo;avanc\u00e9e des st\u00e9ro\u00efdes anabolisants cycles ne peut pas aussi \u00eatre de la base <strong>la Testost\u00e9rone seul cycle de protocole.<\/strong> Cela a d\u00e9j\u00e0 \u00e9t\u00e9 abord\u00e9, en vertu de laquelle il a \u00e9t\u00e9 clair que l&rsquo;interm\u00e9diaire et avanc\u00e9 de st\u00e9ro\u00efdes anabolisants, les utilisateurs ne sont pas limit\u00e9s \u00e0 l&rsquo;utilisation de tr\u00e8s dures, des compos\u00e9s, des doses extr\u00eamement \u00e9lev\u00e9es, ou cycle complexe de meules. Le plus souvent la majorit\u00e9 des les utilisateurs avanc\u00e9s la possibilit\u00e9 d&rsquo;ex\u00e9cuter la base essay\u00e9, de confiance, et de vrais m\u00e9thodes de Testost\u00e9rone-seuls les cycles, ou tr\u00e8s de base de st\u00e9ro\u00efdes anabolisants cycles. C&rsquo;est habituellement une grande surprise pour les d\u00e9butants, car tr\u00e8s souvent les d\u00e9butants (et les \u00e9ventuels utilisateurs de st\u00e9ro\u00efdes anabolisants) poss\u00e8dent une compr\u00e9hension erron\u00e9e de ce qu&rsquo;est \u00eatre un st\u00e9ro\u00efde anabolisant de l&rsquo;utilisateur.<\/p>\n<p>Ind\u00e9pendamment de la chemin\u00e9e ou du cycle de l&rsquo;ex\u00e9cution, il y a des r\u00e8gles g\u00e9n\u00e9rales et des consid\u00e9rations qui aidera \u00e0 vous maintenir s\u00fbr. Par exemple, la r\u00e8gle de base de chaque cycle est qu&rsquo;il comprend une certaine forme de testost\u00e9rone. La forme de la testost\u00e9rone utilis\u00e9 est sans cons\u00e9quence. La seule chose qui compte, c&rsquo;est que le corps en a assez de cette hormone essentielle pour fonctionner correctement.<\/p>\n<table border=\"1\" width=\"65%\" cellpadding=\"2\" bgcolor=\"#fefefe\">\n<tbody>\n<tr>\n<td align=\"center\" width=\"60\">semaine de<br \/>\ncycle<\/td>\n<td align=\"center\" bgcolor=\"#FF9999\"><span style=\"font-family: verdana; font-size: small;\">Turinabol &#8211; Alpha Pharma<br \/>\n10mg<\/span><\/td>\n<td align=\"center\" bgcolor=\"#99CCFF\"><span style=\"font-family: verdana; font-size: small;\">Boldenon 250 &#8211; Alpha Pharma<br \/>\n250mg\/ml<\/span><\/td>\n<\/tr>\n<tr>\n<td align=\"center\" width=\"60\"><span style=\"font-family: verdana; font-size: small;\"><b>1<\/b><\/span><\/td>\n<td bgcolor=\"#FF9999\"><span style=\"font-family: verdana; font-size: small;\">30mg\/jour<\/span><\/td>\n<td bgcolor=\"#99CCFF\"><span style=\"font-family: verdana; font-size: small;\">400 mg\/semaine (200 mg deux fois par semaine)<\/span><\/td>\n<\/tr>\n<tr>\n<td align=\"center\" width=\"60\"><span style=\"font-family: verdana; font-size: small;\"><b>2<\/b><\/span><\/td>\n<td bgcolor=\"#FF9999\">40 mg\/semaine<\/td>\n<td bgcolor=\"#99CCFF\">500mg\/semaine (250 mg deux fois par semaine)<\/td>\n<\/tr>\n<tr>\n<td align=\"center\" width=\"60\"><span style=\"font-family: verdana; font-size: small;\"><b>3<\/b><\/span><\/td>\n<td bgcolor=\"#FF9999\">40 mg\/semaine<\/td>\n<td bgcolor=\"#99CCFF\">500mg\/semaine (250 mg deux fois par semaine)<\/td>\n<\/tr>\n<tr>\n<td align=\"center\" width=\"60\"><span style=\"font-family: verdana; font-size: small;\"><b>4<\/b><\/span><\/td>\n<td bgcolor=\"#FF9999\">40 mg\/semaine<\/td>\n<td bgcolor=\"#99CCFF\">500mg\/semaine (250 mg deux fois par semaine)<\/td>\n<\/tr>\n<tr>\n<td align=\"center\" width=\"60\"><span style=\"font-family: verdana; font-size: small;\"><b>5<\/b><\/span><\/td>\n<td bgcolor=\"#FF9999\">40 mg\/semaine<\/td>\n<td bgcolor=\"#99CCFF\">500mg\/semaine (250 mg deux fois par semaine)<\/td>\n<\/tr>\n<tr>\n<td align=\"center\" width=\"60\"><span style=\"font-family: verdana; font-size: small;\"><b>6<\/b><\/span><\/td>\n<td bgcolor=\"#FF9999\">40 mg\/semaine<\/td>\n<td bgcolor=\"#99CCFF\">500mg\/semaine (250 mg deux fois par semaine)<\/td>\n<\/tr>\n<tr>\n<td align=\"center\" width=\"60\"><span style=\"font-family: verdana; font-size: small;\"><b>7<\/b><\/span><\/td>\n<td bgcolor=\"#FF9999\">40 mg\/semaine<\/td>\n<td bgcolor=\"#99CCFF\">500mg\/semaine (250 mg deux fois par semaine)<\/td>\n<\/tr>\n<tr>\n<td align=\"center\" width=\"60\"><span style=\"font-family: verdana; font-size: small;\"><b>8<\/b><\/span><\/td>\n<td bgcolor=\"#FF9999\">30mg\/jour<\/td>\n<td bgcolor=\"#99CCFF\">500mg\/semaine (200 mg deux fois par semaine)<\/td>\n<\/tr>\n<\/tbody>\n<\/table>\n<p>&nbsp;<\/p>\n<p><b>Total:<\/b><br \/>\n2520mg Turinabol 10mg &#8211; Alpha Pharma<br \/>\n3900mg Boldenon 250 &#8211; Alpha Pharma<\/p>\n<p>Ce cours est tr\u00e8s populaire, populaire et est souvent utilis\u00e9 par les autres cours qui visent \u00e0 augmenter la masse s\u00e8che des muscles. Le cours est pr\u00e9vu pour le passage non seulement les avanc\u00e9es et les athl\u00e8tes exp\u00e9riment\u00e9s, mais aussi des d\u00e9butants. Il aide \u00e0 augmenter la masse s\u00e8che des muscles de 6 \u00e0 8 kg, et aussi de ne pas nuire \u00e0 la sant\u00e9 des athl\u00e8tes. St\u00e9ro\u00efdes de ce cours n&rsquo;ont pas d&rsquo;aromatisation, de ne pas causer la gyn\u00e9comastie, ne provoque pas d&rsquo;accumulation excessive de liquide dans les muscles, ne pas causer une \u00e9l\u00e9vation de la pression et les probl\u00e8mes de peau. Le passage de ce cours aide les athl\u00e8tes \u00e0 atteindre le haut des r\u00e9sultats sportifs, par le recrutement d&rsquo;un s\u00e8che de la masse musculaire et l&rsquo;augmentation de la force physique et l&rsquo;endurance. Lorsque vous prenez un cours, il est recommand\u00e9 d&rsquo;observer une bonne nutrition, qui comprend une grande quantit\u00e9 de prot\u00e9ines et moins de mati\u00e8res grasses et de glucides. De prendre le m\u00e9dicament Boldenon conduit \u00e0 une augmentation de l&rsquo;app\u00e9tit, de sorte que vous devriez prendre des aliments riches en prot\u00e9ines pour ne pas avoir un exc\u00e8s de poids. Apr\u00e8s avoir r\u00e9ussi le cours de <a href=\"http:\/\/getanabolics.biz\/fr\/produit\/turinabol-10-50-onglets-chacun-contient-10-mg-chlordehydromethyltestosterone\/\">Turinabol<\/a> + <a href=\"http:\/\/getanabolics.biz\/fr\/produit\/boldebolin-1-boite-de-10-ampoules-chaque-ampli-contient-250-mg-de-boldenone-undecylenate\/\">Boldenone<\/a>\u00a0la masse de vos muscles seront pr\u00e9serv\u00e9s, pas de d\u00e9sint\u00e9gration, si vous continuez \u00e0 respecter pour une bonne nutrition.<\/p>\n<h2>Utilisation<\/h2>\n<p>La dur\u00e9e de la formation est de 8 semaines. <a href=\"http:\/\/getanabolics.biz\/fr\/produit\/turinabol-10-50-onglets-chacun-contient-10-mg-chlordehydromethyltestosterone\/\">Turinabol<\/a> est pris la premi\u00e8re et la derni\u00e8re semaine de cours de 3 comprim\u00e9s par jour (30 mg.), Et de 2 \u00e0 7 semaines pour 4 comprim\u00e9s (40 mg.) Par jour. <a href=\"http:\/\/getanabolics.biz\/fr\/produit\/boldebolin-1-boite-de-10-ampoules-chaque-ampli-contient-250-mg-de-boldenone-undecylenate\/\">Boldenone<\/a> mettre la premi\u00e8re et la derni\u00e8re semaine de cours, \u00e0 raison de 400 mg par semaine (200 mg deux fois par semaine), et de 2 \u00e0 7 semaines \u00e0 la dose de 500 mg par semaine (250 mg deux fois par semaine).<\/p>\n<p>Le terme de <strong>St\u00e9ro\u00efdes Cycles<\/strong> fait r\u00e9f\u00e9rence \u00e0 l&rsquo;utilisation p\u00e9riodique de st\u00e9ro\u00efdes anabolisants\/androg\u00e8nes (SAA), g\u00e9n\u00e9ralement pour la construction musculaire fins. AAS ne sont pas m\u00e9dicalement approuv\u00e9 pour promouvoir excessive des gains de masse musculaire (culturisme) ou d&rsquo;am\u00e9liorer la performance athl\u00e9tique. Hormis le d\u00e9but de l&rsquo;exp\u00e9rimentation sur les athl\u00e8tes, par une poign\u00e9e de m\u00e9decins du sport, un vaste effort visant \u00e0 \u00e9tudier la physique et les performances am\u00e9liorer les propri\u00e9t\u00e9s de ces m\u00e9dicaments, en particulier avec un \u0153il sur le d\u00e9veloppement de strat\u00e9gies pour les utiliser afin de maximiser les avantages et minimiser les effets ind\u00e9sirables, n&rsquo;a pas \u00e9t\u00e9 entrepris par la communaut\u00e9 m\u00e9dicale. De ce fait, illicite utilisateurs ont \u00e9t\u00e9 laiss\u00e9s \u00e0 d\u00e9velopper leurs propres protocoles de l&rsquo;administration de ces m\u00e9dicaments. Le r\u00e9sultat a \u00e9t\u00e9 une grande vari\u00e9t\u00e9 de diff\u00e9rentes approches pour l&rsquo;utilisation de ces agents, certains plus s\u00fbre et plus efficace que d&rsquo;autres. Bien qu&rsquo;il ne serait pas possible d&rsquo;\u00e9valuer globalement toutes les approches connues, cet article va discuter de certaines des plus fondamentaux de temps et de m\u00e9thodes \u00e9prouv\u00e9es pour l&rsquo;utilisation de l&rsquo;AAS.<\/p>\n<p><span id=\"result_box\" class=\"short_text\" lang=\"fr\"><span class=\"\">Ce cycle, vous pouvez acheter sur <a href=\"http:\/\/getanabolics.biz\">getanabolics.biz<\/a><\/span><\/span><\/p>\n<h3>Lire la suite<\/h3>\n<p><a href=\"http:\/\/getanabolics.biz\/fr\/deca-durabolin-effets-secondaires\/\">EFFETS SECONDAIRES DECA DURABOLIN<\/a><\/p>\n<p><a href=\"http:\/\/getanabolics.biz\/fr\/tout-sur-proviron-mesterolone\/\">TOUT SUR PROVIRON (MESTEROLONE)<\/a><\/p>\n<p><a href=\"http:\/\/getanabolics.biz\/fr\/quelle-devrait-etre-la-duree-du-cours-des-steroides\/\">Quelle devrait \u00eatre la dur\u00e9e de l&rsquo;\u00e9volution des st\u00e9ro\u00efdes?<\/a><\/p>\n<p><a href=\"http:\/\/getanabolics.biz\/fr\/creatine-sur-un-cours-de-steroides\/\">CREATINE SUR UN COURS DE STEROIDES<\/a><\/p>\n<p><a href=\"http:\/\/getanabolics.biz\/fr\/crossfit-et-steroides\/\">CROSSFIT ET ST\u00c9RO\u00cfDES<\/a><\/p>\n","protected":false},"excerpt":{"rendered":"<p>2520mg\u00a0<a href=\"http:\/\/getanabolics.biz\/fr\/produit\/turinabol-10-50-onglets-chacun-contient-10-mg-chlordehydromethyltestosterone\/\">Turinabol 10mg &#8211; Alpha Pharma<\/a><br \/>\n3900mg\u00a0<a href=\"http:\/\/getanabolics.biz\/fr\/produit\/boldebolin-1-boite-de-10-ampoules-chaque-ampli-contient-250-mg-de-boldenone-undecylenate\/\">Boldenon\u00a0250 &#8211; Alpha Pharma<\/a><\/p>\n","protected":false},"featured_media":32350761,"comment_status":"closed","ping_status":"closed","template":"","meta":[],"product_cat":[456],"product_tag":[40,550,491],"_links":{"self":[{"href":"https:\/\/getanabolics.biz\/fr\/wp-json\/wp\/v2\/product\/32350767"}],"collection":[{"href":"https:\/\/getanabolics.biz\/fr\/wp-json\/wp\/v2\/product"}],"about":[{"href":"https:\/\/getanabolics.biz\/fr\/wp-json\/wp\/v2\/types\/product"}],"replies":[{"embeddable":true,"href":"https:\/\/getanabolics.biz\/fr\/wp-json\/wp\/v2\/comments?post=32350767"}],"wp:featuredmedia":[{"embeddable":true,"href":"https:\/\/getanabolics.biz\/fr\/wp-json\/wp\/v2\/media\/32350761"}],"wp:attachment":[{"href":"https:\/\/getanabolics.biz\/fr\/wp-json\/wp\/v2\/media?parent=32350767"}],"wp:term":[{"taxonomy":"product_cat","embeddable":true,"href":"https:\/\/getanabolics.biz\/fr\/wp-json\/wp\/v2\/product_cat?post=32350767"},{"taxonomy":"product_tag","embeddable":true,"href":"https:\/\/getanabolics.biz\/fr\/wp-json\/wp\/v2\/product_tag?post=32350767"}],"curies":[{"name":"wp","href":"https:\/\/api.w.org\/{rel}","templated":true}]}}