{"id":32350639,"date":"2017-06-07T15:15:25","date_gmt":"2017-06-07T15:15:25","guid":{"rendered":"http:\/\/getanabolics.biz\/product\/kickstart-debutant-cycle\/"},"modified":"2018-01-21T19:07:29","modified_gmt":"2018-01-21T19:07:29","slug":"kickstart-debutant-cycle","status":"publish","type":"product","link":"https:\/\/getanabolics.biz\/fr\/produit\/kickstart-debutant-cycle\/","title":{"rendered":"KICKSTART D\u00c9BUTANT CYCLE"},"content":{"rendered":"<p>St\u00e9ro\u00efdes cycles se r\u00e9f\u00e8re \u00e0 la p\u00e9riode de temps st\u00e9ro\u00efdes anabolisants sont utilis\u00e9s. Ce d\u00e9lai est souvent d\u00e9sign\u00e9 comme <strong>\u201c\u00c0 la Cycle de.\u201d<\/strong> Lorsque les st\u00e9ro\u00efdes ne sont pas utilis\u00e9s, c&rsquo;est d\u00e9nomm\u00e9 <strong>\u201cHors Cycle.\u201d<\/strong> Pour la phase du cycle, il existe d&rsquo;innombrables options et de meules. Les \u201cStacks\u201d reportez-vous \u00e0 la combinaison de st\u00e9ro\u00efdes anabolisants ainsi que les non-st\u00e9ro\u00efdiens articles utilis\u00e9s lors de la phase du cycle. Avec des centaines de st\u00e9ro\u00efdes anabolisants, en variant les hormones peptidiques, SERM, de l&rsquo;IA, des hormones thyro\u00efdiennes et de plus, il y a vraiment possible d&rsquo;innombrables piles. Les options sont si vastes, chaque pile et le cycle, vous vous engagez pourrait \u00eatre compl\u00e8tement diff\u00e9rent. Cependant, la plupart des utilisateurs de st\u00e9ro\u00efdes va devenir \u00e0 l&rsquo;aise avec certaines de chemin\u00e9es; ils d\u00e9couvriront des combinaisons sp\u00e9cifiques qui donnent les meilleurs r\u00e9sultats, et ils resteront avec ces plans.<\/p>\n<p>Avanc\u00e9e des st\u00e9ro\u00efdes anabolisants les utilisateurs sont le plus haut niveau des utilisateurs exp\u00e9riment\u00e9s, et il est clairement assum\u00e9e qu&rsquo;\u00e0 ce stade, les st\u00e9ro\u00efdes anabolisants, l&rsquo;utilisateur a obtenu suffisamment d&rsquo;exp\u00e9rience et a recueilli suffisamment de connaissances pour assumer le statut d&rsquo;un utilisateur avanc\u00e9. Avanc\u00e9e des st\u00e9ro\u00efdes piles impliquent un grand nombre des niveaux plus avanc\u00e9s, les compos\u00e9s (tels que <a href=\"http:\/\/getanabolics.biz\/product\/anadrol-50-tabs-each-tab-contains-50-mg-oxymetholone\/\">Anadrol <\/a>et <a href=\"http:\/\/getanabolics.biz\/product\/trenbolone-acetate-10-amps-each-1-ampoule-has-100mg-trenbolone-acetate\/\">Trenbolone<\/a>)mais ce n&rsquo;est pas \u00e0 dire que l&rsquo;avanc\u00e9e des st\u00e9ro\u00efdes anabolisants cycles ne peut pas aussi \u00eatre de la base <strong>la Testost\u00e9rone seul cycle de protocole.<\/strong> Cela a d\u00e9j\u00e0 \u00e9t\u00e9 abord\u00e9, en vertu de laquelle il a \u00e9t\u00e9 clair que l&rsquo;interm\u00e9diaire et avanc\u00e9 de st\u00e9ro\u00efdes anabolisants, les utilisateurs ne sont pas limit\u00e9s \u00e0 l&rsquo;utilisation de tr\u00e8s dures, des compos\u00e9s, des doses extr\u00eamement \u00e9lev\u00e9es, ou cycle complexe de meules. Le plus souvent la majorit\u00e9 des les utilisateurs avanc\u00e9s la possibilit\u00e9 d&rsquo;ex\u00e9cuter la base essay\u00e9, de confiance, et de vrais m\u00e9thodes de Testost\u00e9rone-seuls les cycles, ou tr\u00e8s de base de st\u00e9ro\u00efdes anabolisants cycles. C&rsquo;est habituellement une grande surprise pour les d\u00e9butants, car tr\u00e8s souvent les d\u00e9butants (et les \u00e9ventuels utilisateurs de st\u00e9ro\u00efdes anabolisants) poss\u00e8dent une compr\u00e9hension erron\u00e9e de ce qu&rsquo;est \u00eatre un st\u00e9ro\u00efde anabolisant de l&rsquo;utilisateur.<\/p>\n<p>Ind\u00e9pendamment de la chemin\u00e9e ou du cycle de l&rsquo;ex\u00e9cution, il y a des r\u00e8gles g\u00e9n\u00e9rales et des consid\u00e9rations qui aidera \u00e0 vous maintenir s\u00fbr. Par exemple, la r\u00e8gle de base de chaque cycle est qu&rsquo;il comprend une certaine forme de testost\u00e9rone. La forme de la testost\u00e9rone utilis\u00e9 est sans cons\u00e9quence. La seule chose qui compte, c&rsquo;est que le corps en a assez de cette hormone essentielle pour fonctionner correctement.<\/p>\n<p>&nbsp;<\/p>\n<table border=\"1\" width=\"65%\" cellpadding=\"2\" bgcolor=\"#fefefe\">\n<tbody>\n<tr>\n<td align=\"center\" width=\"60\">semaine de<br \/>\ncycle<\/td>\n<td align=\"center\" bgcolor=\"#FF9999\"><span style=\"font-family: verdana; font-size: small;\">la Testost\u00e9rone Enant. 250<br \/>\n250mg\/ml<\/span><\/td>\n<td align=\"center\" bgcolor=\"#99CCFF\"><span style=\"font-family: verdana; font-size: small;\">Deca 250<br \/>\n250mg\/ml<\/span><\/td>\n<td align=\"center\" bgcolor=\"#FFFFCC\"><span style=\"font-family: verdana; font-size: small;\">Dianabol<br \/>\n10mg tab<\/span><\/td>\n<\/tr>\n<tr>\n<td align=\"center\" width=\"60\"><span style=\"font-family: verdana; font-size: small;\"><b>1<\/b><\/span><\/td>\n<td bgcolor=\"#FF9999\"><span style=\"font-family: verdana; font-size: small;\">500mg\/semaine<\/span><\/td>\n<td bgcolor=\"#99CCFF\"><span style=\"font-family: verdana; font-size: small;\">200mg\/semaine<\/span><\/td>\n<td bgcolor=\"#FFFFCC\"><span style=\"font-family: verdana; font-size: small;\">25mg\/jour<\/span><\/td>\n<\/tr>\n<tr>\n<td align=\"center\" width=\"60\"><span style=\"font-family: verdana; font-size: small;\"><b>2<\/b><\/span><\/td>\n<td bgcolor=\"#FF9999\">500mg\/semaine<\/td>\n<td bgcolor=\"#99CCFF\">200mg\/semaine<\/td>\n<td bgcolor=\"#FFFFCC\">25mg\/jour<\/td>\n<\/tr>\n<tr>\n<td align=\"center\" width=\"60\"><span style=\"font-family: verdana; font-size: small;\"><b>3<\/b><\/span><\/td>\n<td bgcolor=\"#FF9999\">500mg\/semaine<\/td>\n<td bgcolor=\"#99CCFF\">200mg\/semaine<\/td>\n<td bgcolor=\"#FFFFCC\">25mg\/jour<\/td>\n<\/tr>\n<tr>\n<td align=\"center\" width=\"60\"><span style=\"font-family: verdana; font-size: small;\"><b>4<\/b><\/span><\/td>\n<td bgcolor=\"#FF9999\">500mg\/semaine<\/td>\n<td bgcolor=\"#99CCFF\">200mg\/semaine<\/td>\n<td bgcolor=\"#FFFFCC\">25mg\/jour<\/td>\n<\/tr>\n<tr>\n<td align=\"center\" width=\"60\"><span style=\"font-family: verdana; font-size: small;\"><b>5<\/b><\/span><\/td>\n<td bgcolor=\"#FF9999\">500mg\/semaine<\/td>\n<td bgcolor=\"#99CCFF\">200mg\/semaine<\/td>\n<td bgcolor=\"#FFFFCC\">25mg\/jour<\/td>\n<\/tr>\n<tr>\n<td align=\"center\" width=\"60\"><span style=\"font-family: verdana; font-size: small;\"><b>6<\/b><\/span><\/td>\n<td bgcolor=\"#FF9999\">500mg\/semaine<\/td>\n<td bgcolor=\"#99CCFF\">200mg\/semaine<\/td>\n<td bgcolor=\"#FFFFCC\">25mg\/jour<\/td>\n<\/tr>\n<tr>\n<td align=\"center\" width=\"60\"><span style=\"font-family: verdana; font-size: small;\"><b>7<\/b><\/span><\/td>\n<td bgcolor=\"#FF9999\">500mg\/semaine<\/td>\n<td bgcolor=\"#99CCFF\">200mg\/semaine<\/td>\n<td><\/td>\n<\/tr>\n<tr>\n<td align=\"center\" width=\"60\"><span style=\"font-family: verdana; font-size: small;\"><b>8<\/b><\/span><\/td>\n<td bgcolor=\"#FF9999\">500mg\/semaine<\/td>\n<td bgcolor=\"#99CCFF\">200mg\/semaine<\/td>\n<td><\/td>\n<\/tr>\n<tr>\n<td align=\"center\" width=\"60\"><span style=\"font-family: verdana; font-size: small;\"><b>9<\/b><\/span><\/td>\n<td bgcolor=\"#FF9999\">500mg\/semaine<\/td>\n<td bgcolor=\"#99CCFF\">200mg\/semaine<\/td>\n<td><\/td>\n<\/tr>\n<tr>\n<td align=\"center\" width=\"60\"><span style=\"font-family: verdana; font-size: small;\"><b>10<\/b><\/span><\/td>\n<td bgcolor=\"#FF9999\">500mg\/semaine<\/td>\n<td bgcolor=\"#99CCFF\">200mg\/semaine<\/td>\n<td><\/td>\n<\/tr>\n<tr>\n<td align=\"center\" width=\"60\"><span style=\"font-family: verdana; font-size: small;\"><b>11<\/b><\/span><\/td>\n<td bgcolor=\"#FF9999\">500mg\/semaine<\/td>\n<td bgcolor=\"#99CCFF\">200mg\/semaine<\/td>\n<td><\/td>\n<\/tr>\n<tr>\n<td align=\"center\" width=\"60\"><span style=\"font-family: verdana; font-size: small;\"><b>12<\/b><\/span><\/td>\n<td bgcolor=\"#FF9999\">500mg\/semaine<\/td>\n<td bgcolor=\"#99CCFF\">200mg\/semaine<\/td>\n<td><\/td>\n<\/tr>\n<\/tbody>\n<\/table>\n<p>&nbsp;<\/p>\n<p><b>Total:<\/b><br \/>\n6000mg <a href=\"http:\/\/getanabolics.biz\/fr\/produit\/testosterone-enant-250-10-ml-vial-each-1-ml-contains-250-mg-testosterone-enanthate\/\">Testost\u00e9rone Enant. 250 &#8211; Alpha Pharma<\/a><br \/>\n2400mg <a href=\"http:\/\/getanabolics.biz\/fr\/produit\/nandrobolin-boite-de-10-ampoules-de-1-ml-250-mg-ml-total-2500mg-de-nandrolone-decaonate\/\">Deca 250 &#8211; Alpha Pharma<\/a><br \/>\n100 onglets <a href=\"http:\/\/getanabolics.biz\/fr\/produit\/dianabol-100-tabs-each-contains-10-mg-methandienone\/\">Dianabol &#8211; Maxtreme<\/a><\/p>\n<p>&nbsp;<\/p>\n<p>C&rsquo;est la m\u00eame chose que les d\u00e9butants cycle ci-dessus avec Dianabol ajout\u00e9es \u00e0 la pile. Dianabol est un travail rapide st\u00e9ro\u00efde qui peut \u00eatre pris sous forme orale, qui va faire de grands gains de muscle et de force au d\u00e9but du cycle (souvent appel\u00e9s \u00e0 chargement frontal).<\/p>\n<table>\n<tbody>\n<tr>\n<td><strong>les Effets Secondaires Potentiels Et PCT<\/strong><br \/>\nLa gyn\u00e9comastie, r\u00e9tention d&rsquo;eau, l&rsquo;hypertension art\u00e9rielle et l&rsquo;hypercholest\u00e9rol\u00e9mie sont tous les effets secondaires possibles de ce cycle. 10mg nolvadex ou de tous les jours peut \u00eatre utilis\u00e9 pour lutter contre les sympt\u00f4mes que vous avez, tandis que sur le cycle. Aussi orale sera avoir un effet toxique sur le foie ainsi, un foie de compl\u00e9ter ou d&rsquo;appoint doit \u00eatre pris avec le dianabol et son utilisation doit \u00eatre pas plus de 6 semaines.Votre PCT se composent de 2 semaines d&rsquo;arr\u00eat de cycle pour permettre les hormones pour effacer de votre syst\u00e8me. Vous devrez ensuite prendre nolvadex pour 3 semaines pour aider \u00e0 r\u00e9tablir la production normale de testost\u00e9rone. 40 mg tous les jours pendant 2 semaines et 20mg Nolvadex ou de la troisi\u00e8me semaine.<\/td>\n<\/tr>\n<\/tbody>\n<\/table>\n<p>&nbsp;<\/p>\n<p>Comme des st\u00e9ro\u00efdes cycles font r\u00e9f\u00e9rence \u00e0 la p\u00e9riode dans laquelle nous sommes en fait en compl\u00e9tant avec des st\u00e9ro\u00efdes anabolisants, la question \u00e9vidente est qu&rsquo;est-ce que la p\u00e9riode de temps acceptable? Qu&rsquo;est-ce que le minimum pour les gains positifs et quel est le montant maximum de temps en ce qui concerne la s\u00e9curit\u00e9? Cela peut \u00eatre une question difficile \u00e0 r\u00e9pondre, mais encore une fois il y a des lignes directrices pour vous aider \u00e0 rester en s\u00e9curit\u00e9. Ind\u00e9pendamment des st\u00e9ro\u00efdes cycles de mettre en \u0153uvre, peu importe comment simple ou avanc\u00e9e, votre plan est d&rsquo;aller \u00e0 la n\u00e9cessit\u00e9 de prolonger pour un montant d\u00e9cent de temps. Le corps humain n&rsquo;aime pas le changement; m\u00eame si un tel changement est dans son int\u00e9r\u00eat, il va le combattre et de faire tout son possible pour rester \u00e0 son habitude normale. Nous devons nous laisser suffisamment de temps pour cela \u201cnormal\u201d pour changer, nous devons cr\u00e9er un nouveau jeu normal si nous sommes \u00e0 accrocher sur les gains r\u00e9alis\u00e9s. Cependant, m\u00eame lorsque c&rsquo;est fait, si vous \u00eates hors cycle pour une longue p\u00e9riode de temps que vous allez perdre certains des gains r\u00e9alis\u00e9s; sans l&rsquo;important afflux d&rsquo;hormones pr\u00e9sents pour soutenir les gains que vous faites, ils ne dureront pas \u00e9ternellement. Les Gains obtenus par l&rsquo;utilisation d&rsquo;hormones, ce n&rsquo;est pas faux musculaire ou de la force, il est aussi r\u00e9el que tous les autres gains qui peuvent \u00eatre faits. Quand vous faites des gains en force et en taille, ils sont pris en charge par les nutriments que vous consommez. Tenir \u00e0 l&rsquo;\u00e9cart les \u00e9l\u00e9ments nutritifs et le syst\u00e8me de soutien de la tombe \u00e0 l&rsquo;eau. Les Hormones sont aussi important, peut-\u00eatre aussi important que la nourriture. Avec les nutriments, les hormones dans votre corps, l&rsquo;appui de votre taille et de la force si naturelle ou fourni de fa\u00e7on exog\u00e8ne. Prenez les hormones de suite, et encore une fois, vous avez supprim\u00e9 un syst\u00e8me de soutien.<\/p>\n<p>Le terme de <strong>St\u00e9ro\u00efdes Cycles<\/strong> fait r\u00e9f\u00e9rence \u00e0 l&rsquo;utilisation p\u00e9riodique de st\u00e9ro\u00efdes anabolisants\/androg\u00e8nes (SAA), g\u00e9n\u00e9ralement pour la construction musculaire fins. AAS ne sont pas m\u00e9dicalement approuv\u00e9 pour promouvoir excessive des gains de masse musculaire (culturisme) ou d&rsquo;am\u00e9liorer la performance athl\u00e9tique. Hormis le d\u00e9but de l&rsquo;exp\u00e9rimentation sur les athl\u00e8tes, par une poign\u00e9e de m\u00e9decins du sport, un vaste effort visant \u00e0 \u00e9tudier la physique et les performances am\u00e9liorer les propri\u00e9t\u00e9s de ces m\u00e9dicaments, en particulier avec un \u0153il sur le d\u00e9veloppement de strat\u00e9gies pour les utiliser afin de maximiser les avantages et minimiser les effets ind\u00e9sirables, n&rsquo;a pas \u00e9t\u00e9 entrepris par la communaut\u00e9 m\u00e9dicale. De ce fait, illicite utilisateurs ont \u00e9t\u00e9 laiss\u00e9s \u00e0 d\u00e9velopper leurs propres protocoles de l&rsquo;administration de ces m\u00e9dicaments. Le r\u00e9sultat a \u00e9t\u00e9 une grande vari\u00e9t\u00e9 de diff\u00e9rentes approches pour l&rsquo;utilisation de ces agents, certains plus s\u00fbre et plus efficace que d&rsquo;autres. Bien qu&rsquo;il ne serait pas possible d&rsquo;\u00e9valuer globalement toutes les approches connues, cet article va discuter de certaines des plus fondamentaux de temps et de m\u00e9thodes \u00e9prouv\u00e9es pour l&rsquo;utilisation de l&rsquo;AAS.<\/p>\n<p><span id=\"result_box\" class=\"short_text\" lang=\"fr\"><span class=\"\">Ce cycle, vous pouvez acheter sur <a href=\"http:\/\/getanabolics.biz\">getanabolics.biz<\/a><\/span><\/span><\/p>\n<h3>Lire la suite<\/h3>\n<p><a href=\"http:\/\/getanabolics.biz\/fr\/achetez-dianabol-en-ligne-sur-getanabolics-biz\/\">ACHETER DIANABOL EN LIGNE SUR GETANABOLICS.BIZ<\/a><\/p>\n<p><a href=\"http:\/\/getanabolics.biz\/fr\/winstrol-cest-quoi-et-pour-quoi-il-sagit\/\">WINSTROL, QU&rsquo;EST-CE QUE C&rsquo;EST?<\/a><\/p>\n<p><a href=\"http:\/\/getanabolics.biz\/fr\/cytomel-t3-avis-sur-getanabolics-biz\/\">CYTOMEL T3 REVIEWS SUR GETANABOLICS.BIZ<\/a><\/p>\n<p><a href=\"http:\/\/getanabolics.biz\/fr\/pause-entre-les-cours-de-steroides-et-pct\/\">PAUSE ENTRE STEROID COURS ET PCT<\/a><\/p>\n<p><a href=\"http:\/\/getanabolics.biz\/fr\/quelle-est-lefficacite-du-pont-steroide\/\">\u00c0 quel point le pont st\u00e9roidien est-il efficace?<\/a><\/p>\n","protected":false},"excerpt":{"rendered":"<p>6000mg\u00a0<a href=\"http:\/\/getanabolics.biz\/fr\/produit\/testosterone-enant-250-10-ml-vial-each-1-ml-contains-250-mg-testosterone-enanthate\/\">Testosterone Enant. 250 &#8211; Alpha Pharma<\/a><br \/>\n2400mg\u00a0<a href=\"http:\/\/getanabolics.biz\/fr\/produit\/nandrobolin-boite-de-10-ampoules-de-1-ml-250-mg-ml-total-2500mg-de-nandrolone-decaonate\/\">Deca\u00a0250 &#8211; Alpha Pharma<\/a><br \/>\n100 tabs<a href=\"http:\/\/getanabolics.biz\/fr\/produit\/dianabol-100-tabs-each-contains-10-mg-methandienone\/\"> Dianabol &#8211; Maxtreme<\/a><\/p>\n","protected":false},"featured_media":32350547,"comment_status":"closed","ping_status":"closed","template":"","meta":[],"product_cat":[456],"product_tag":[492,457,535],"_links":{"self":[{"href":"https:\/\/getanabolics.biz\/fr\/wp-json\/wp\/v2\/product\/32350639"}],"collection":[{"href":"https:\/\/getanabolics.biz\/fr\/wp-json\/wp\/v2\/product"}],"about":[{"href":"https:\/\/getanabolics.biz\/fr\/wp-json\/wp\/v2\/types\/product"}],"replies":[{"embeddable":true,"href":"https:\/\/getanabolics.biz\/fr\/wp-json\/wp\/v2\/comments?post=32350639"}],"wp:featuredmedia":[{"embeddable":true,"href":"https:\/\/getanabolics.biz\/fr\/wp-json\/wp\/v2\/media\/32350547"}],"wp:attachment":[{"href":"https:\/\/getanabolics.biz\/fr\/wp-json\/wp\/v2\/media?parent=32350639"}],"wp:term":[{"taxonomy":"product_cat","embeddable":true,"href":"https:\/\/getanabolics.biz\/fr\/wp-json\/wp\/v2\/product_cat?post=32350639"},{"taxonomy":"product_tag","embeddable":true,"href":"https:\/\/getanabolics.biz\/fr\/wp-json\/wp\/v2\/product_tag?post=32350639"}],"curies":[{"name":"wp","href":"https:\/\/api.w.org\/{rel}","templated":true}]}}