{"id":32350634,"date":"2017-06-07T14:33:27","date_gmt":"2017-06-07T14:33:27","guid":{"rendered":"http:\/\/getanabolics.biz\/product\/groupage-de-steroides-de-cycle-de\/"},"modified":"2018-01-21T19:17:04","modified_gmt":"2018-01-21T19:17:04","slug":"groupage-de-steroides-de-cycle-de","status":"publish","type":"product","link":"https:\/\/getanabolics.biz\/fr\/produit\/groupage-de-steroides-de-cycle-de\/","title":{"rendered":"GROUPAGE DE ST\u00c9RO\u00cfDES DE CYCLE DE"},"content":{"rendered":"<p>St\u00e9ro\u00efdes cycles se r\u00e9f\u00e8re \u00e0 la p\u00e9riode de temps st\u00e9ro\u00efdes anabolisants sont utilis\u00e9s. Ce d\u00e9lai est souvent d\u00e9sign\u00e9 comme \u201cSur-Cycle.\u201d Lorsque les st\u00e9ro\u00efdes ne sont pas utilis\u00e9s, c&rsquo;est d\u00e9nomm\u00e9 \u201cHors Cycle.\u201d Pour la phase du cycle, il existe d&rsquo;innombrables options et de meules. Les \u201cStacks\u201d reportez-vous \u00e0 la combinaison de st\u00e9ro\u00efdes anabolisants ainsi que les non-st\u00e9ro\u00efdiens articles utilis\u00e9s lors de la phase du cycle. Avec des centaines de st\u00e9ro\u00efdes anabolisants, en variant les hormones peptidiques, SERM, de l&rsquo;IA, des hormones thyro\u00efdiennes et de plus, il y a vraiment possible d&rsquo;innombrables piles. Les options sont si vastes, chaque pile et le cycle, vous vous engagez pourrait \u00eatre compl\u00e8tement diff\u00e9rent. Cependant, la plupart des utilisateurs de st\u00e9ro\u00efdes va devenir \u00e0 l&rsquo;aise avec certaines de chemin\u00e9es; ils d\u00e9couvriront des combinaisons sp\u00e9cifiques qui donnent les meilleurs r\u00e9sultats, et ils resteront avec ces plans.<\/p>\n<p>Avanc\u00e9e des st\u00e9ro\u00efdes anabolisants les utilisateurs sont le plus haut niveau des utilisateurs exp\u00e9riment\u00e9s, et il est clairement assum\u00e9e qu&rsquo;\u00e0 ce stade, les st\u00e9ro\u00efdes anabolisants, l&rsquo;utilisateur a obtenu suffisamment d&rsquo;exp\u00e9rience et a recueilli suffisamment de connaissances pour assumer le statut d&rsquo;un utilisateur avanc\u00e9. Avanc\u00e9e des st\u00e9ro\u00efdes piles impliquent un grand nombre des niveaux plus avanc\u00e9s, les compos\u00e9s (comme Anadrol et de Trenbolone), mais ce n&rsquo;est pas \u00e0 dire que l&rsquo;avanc\u00e9e des st\u00e9ro\u00efdes anabolisants cycles ne peut pas aussi \u00eatre de la base de Testost\u00e9rone dans le seul cycle de protocole. Cela a \u00e9t\u00e9 pr\u00e9c\u00e9demment \u00e9voqu\u00e9, \u00e0 laquelle il a \u00e9t\u00e9 clair que l&rsquo;interm\u00e9diaire et avanc\u00e9 de st\u00e9ro\u00efdes anabolisants, les utilisateurs ne sont pas limit\u00e9s \u00e0 l&rsquo;utilisation de tr\u00e8s dures, des compos\u00e9s, des doses extr\u00eamement \u00e9lev\u00e9es, ou cycle complexe de meules. Le plus souvent la majorit\u00e9 des les utilisateurs avanc\u00e9s la possibilit\u00e9 d&rsquo;ex\u00e9cuter la base essay\u00e9, de confiance, et de vrais m\u00e9thodes de Testost\u00e9rone-seuls les cycles, ou tr\u00e8s de base de st\u00e9ro\u00efdes anabolisants cycles. C&rsquo;est habituellement une grande surprise pour les d\u00e9butants, car tr\u00e8s souvent les d\u00e9butants (et les \u00e9ventuels utilisateurs de st\u00e9ro\u00efdes anabolisants) poss\u00e8dent une compr\u00e9hension erron\u00e9e de ce qu&rsquo;est \u00eatre un st\u00e9ro\u00efde anabolisant de l&rsquo;utilisateur.<\/p>\n<p>Ind\u00e9pendamment de la chemin\u00e9e ou du cycle de l&rsquo;ex\u00e9cution, il y a des r\u00e8gles g\u00e9n\u00e9rales et des consid\u00e9rations qui aidera \u00e0 vous maintenir s\u00fbr. Par exemple, la r\u00e8gle de base de chaque cycle est qu&rsquo;il comprend une certaine forme de testost\u00e9rone. La forme de la testost\u00e9rone utilis\u00e9 est sans cons\u00e9quence. La seule chose qui compte, c&rsquo;est que le corps en a assez de cette hormone essentielle pour fonctionner correctement.<\/p>\n<p><strong><br \/>\n<\/strong><strong>12 semaines de l&rsquo;\u00c9nanthate de Testost\u00e9rone\/Cypionate de St\u00e9ro\u00efdes de Cycle<\/strong><\/p>\n<p>Salut tout le monde, la derni\u00e8re fois que je suis se demande pourquoi sur mon blog il y a pas de st\u00e9ro\u00efdes de cycle pour les d\u00e9butants j&rsquo;ai donc d\u00e9cid\u00e9 de cr\u00e9er cette cat\u00e9gorie sp\u00e9ciale et apr\u00e8s il y a d&rsquo;abord les st\u00e9ro\u00efdes cycles pour les d\u00e9butants. Comme vous le comprenez il y a quelques variantes de la fa\u00e7on dont premier cycle de st\u00e9ro\u00efdes peut regarder, mais aujourd&rsquo;hui, nous allons commencer avec l&rsquo;option la plus populaire, \u00e0 savoir la premi\u00e8re de testost\u00e9rone de st\u00e9ro\u00efdes de cycle.<\/p>\n<p>de <strong>la Testost\u00e9rone<\/strong> est le roi de la construction de masse et apr\u00e8s votre premier cycle de testost\u00e9rone, vous remarquerez que ce.<\/p>\n<p>Avant de nous d\u00e9placer vers le tableau, n&rsquo;oubliez pas \u00e0 c\u00f4t\u00e9 des choses:<\/p>\n<p>\u2013 Vous <strong>doit<\/strong> le train avec <strong>haute intensit\u00e9<\/strong>, ajouter des poids pour chaque 3<sup>rd<\/sup> de formation, qui permettra de vous assurer que vous \u00eates aller de l&rsquo;avant.<\/p>\n<p>\u2013 manger <strong>la bonne nourriture<\/strong>, notamment le riz, la farine d&rsquo;avoine, de bananes, de pommes, de la viande, les \u0153ufs ont \u00e9galement 2-3 shakes de prot\u00e9ines par jour.<\/p>\n<p>\u2013 <a href=\"http:\/\/getanabolics.biz\/product\/testosterone-enant-250-10-ml-vial-each-1-ml-contains-250-mg-testosterone-enanthate\/\"><strong>des injections de Testost\u00e9rone<\/strong><\/a> doit \u00eatre divis\u00e9 en 2 injections par semaine (chaque @250mg) pour maintenir des niveaux sanguins plus stable<\/p>\n<p>Pour le PCT <strong>(th\u00e9rapie post-cycle)<\/strong> utiliser <strong><a href=\"http:\/\/getanabolics.biz\/product\/nolvadex-50-tabs-each-tab-contains-20mg-tamoxifen-citrate\/\">Nolvadex<\/a> <\/strong>(citrate de tamoxif\u00e8ne) pour <strong>restauration<\/strong> naturel <strong>la testost\u00e9rone<\/strong> <strong>production<\/strong>. Certains voudront peut-\u00eatre utiliser HCG au cours du cycle, mais c&rsquo;est \u00e0 vous et \u00e0 la capacit\u00e9 de votre corps \u00e0 r\u00e9cup\u00e9rer toutefois c&rsquo;est votre premier cycle et vous ne savez toujours pas comment rapide vous permettra de r\u00e9cup\u00e9rer. Je vous sugg\u00e9rons d&rsquo;opter seulement pour <strong>Nolvadex<\/strong>, Vous obtiendrez une grande exp\u00e9rience et sauront \u00e0 l&rsquo;avenir comment votre corps r\u00e9agit.<\/p>\n<p>&nbsp;<\/p>\n<p>&nbsp;<\/p>\n<table style=\"height: 436px;\" border=\"1\" width=\"483\" cellpadding=\"2\" bgcolor=\"#FEFEFE\">\n<tbody>\n<tr>\n<td align=\"center\" width=\"60\"><span style=\"color: #000000; font-family: verdana; font-size: small;\">la semaine de<br \/>\ncycle<\/span><\/td>\n<td align=\"center\" bgcolor=\"#FF9999\">la Testost\u00e9rone Enant. 250<br \/>\n250mg\/ml<\/td>\n<td align=\"center\" bgcolor=\"#99CCFF\">NOLVADEX<br \/>\n20mg onglet<\/td>\n<\/tr>\n<tr>\n<td align=\"center\" width=\"60\"><span style=\"color: #000000; font-family: verdana; font-size: small;\"><b>1<\/b><\/span><\/td>\n<td bgcolor=\"#FF9999\">500mg\/semaine (divis\u00e9 en 2 injections par semaine)<\/td>\n<td><\/td>\n<\/tr>\n<tr>\n<td align=\"center\" width=\"60\"><span style=\"color: #000000; font-family: verdana; font-size: small;\"><b>2<\/b><\/span><\/td>\n<td bgcolor=\"#FF9999\">500mg\/semaine (divis\u00e9 en 2 injections par semaine)<\/td>\n<td><\/td>\n<\/tr>\n<tr>\n<td align=\"center\" width=\"60\"><span style=\"color: #000000; font-family: verdana; font-size: small;\"><b>3<\/b><\/span><\/td>\n<td bgcolor=\"#FF9999\">500mg\/semaine (divis\u00e9 en 2 injections par semaine)<\/td>\n<td><\/td>\n<\/tr>\n<tr>\n<td align=\"center\" width=\"60\"><span style=\"color: #000000; font-family: verdana; font-size: small;\"><b>4<\/b><\/span><\/td>\n<td bgcolor=\"#FF9999\">500mg\/semaine (divis\u00e9 en 2 injections par semaine)<\/td>\n<td><span style=\"color: #000000; font-family: verdana; font-size: small;\"><br \/>\n<\/span><\/td>\n<\/tr>\n<tr>\n<td align=\"center\" width=\"60\"><span style=\"color: #000000; font-family: verdana; font-size: small;\"><b>5<\/b><\/span><\/td>\n<td bgcolor=\"#FF9999\">500mg\/semaine (divis\u00e9 en 2 injections par semaine)<\/td>\n<td><span style=\"color: #000000; font-family: verdana; font-size: small;\"><br \/>\n<\/span><\/td>\n<\/tr>\n<tr>\n<td align=\"center\" width=\"60\"><span style=\"color: #000000; font-family: verdana; font-size: small;\"><b>6<\/b><\/span><\/td>\n<td bgcolor=\"#FF9999\">500mg\/semaine (divis\u00e9 en 2 injections par semaine)<\/td>\n<td><\/td>\n<\/tr>\n<tr>\n<td align=\"center\" width=\"60\"><span style=\"color: #000000; font-family: verdana; font-size: small;\"><b>7<\/b><\/span><\/td>\n<td bgcolor=\"#FF9999\">500mg\/semaine (divis\u00e9 en 2 injections par semaine)<\/td>\n<td><\/td>\n<\/tr>\n<tr>\n<td align=\"center\" width=\"60\"><span style=\"color: #000000; font-family: verdana; font-size: small;\"><b>8<\/b><\/span><\/td>\n<td bgcolor=\"#FF9999\">500mg\/semaine (divis\u00e9 en 2 injections par semaine)<\/td>\n<td><span style=\"color: #000000; font-family: verdana; font-size: small;\"><br \/>\n<\/span><\/td>\n<\/tr>\n<tr>\n<td align=\"center\" width=\"60\"><span style=\"color: #000000; font-family: verdana; font-size: small;\"><b>9<\/b><\/span><\/td>\n<td bgcolor=\"#FF9999\">500mg\/semaine (divis\u00e9 en 2 injections par semaine)<\/td>\n<td><\/td>\n<\/tr>\n<tr>\n<td align=\"center\" width=\"60\"><span style=\"color: #000000; font-family: verdana; font-size: small;\"><b>10<\/b><\/span><\/td>\n<td bgcolor=\"#FF9999\">500mg\/semaine (divis\u00e9 en 2 injections par semaine)<\/td>\n<td><span style=\"color: #000000; font-family: verdana; font-size: small;\"><br \/>\n<\/span><\/td>\n<\/tr>\n<tr>\n<td align=\"center\" width=\"60\"><span style=\"color: #000000; font-family: verdana; font-size: small;\"><b>11<\/b><\/span><\/td>\n<td bgcolor=\"#FF9999\">500mg\/semaine (divis\u00e9 en 2 injections par semaine)<\/td>\n<td><span style=\"color: #000000; font-family: verdana; font-size: small;\"><br \/>\n<\/span><\/td>\n<\/tr>\n<tr>\n<td align=\"center\" width=\"60\"><span style=\"color: #000000; font-family: verdana; font-size: small;\"><b>12<\/b><\/span><\/td>\n<td bgcolor=\"#FF9999\">500mg\/semaine (divis\u00e9 en 2 injections par semaine)<\/td>\n<td><span style=\"color: #000000; font-family: verdana; font-size: small;\"><br \/>\n<\/span><\/td>\n<\/tr>\n<tr>\n<td align=\"center\" width=\"60\"><span style=\"color: #000000; font-family: verdana; font-size: small;\"><b>13<\/b><\/span><\/td>\n<td><\/td>\n<td><span style=\"color: #000000; font-family: verdana; font-size: small;\"><br \/>\n<\/span><\/td>\n<\/tr>\n<tr>\n<td align=\"center\" width=\"60\"><span style=\"color: #000000; font-family: verdana; font-size: small;\"><b>14<\/b><\/span><\/td>\n<td><\/td>\n<td bgcolor=\"#99CCFF\"><span style=\"color: #000000; font-family: verdana; font-size: small;\">20mg\/jour<br \/>\n<\/span><\/td>\n<\/tr>\n<tr>\n<td align=\"center\" width=\"60\"><span style=\"color: #000000; font-family: verdana; font-size: small;\"><b>15<\/b><\/span><\/td>\n<td><\/td>\n<td bgcolor=\"#99CCFF\"><span style=\"color: #000000; font-family: verdana; font-size: small;\">20mg\/jour<br \/>\n<\/span><\/td>\n<\/tr>\n<tr>\n<td align=\"center\" width=\"60\"><span style=\"color: #000000; font-family: verdana; font-size: small;\"><b>16<\/b><\/span><\/td>\n<td><\/td>\n<td bgcolor=\"#99CCFF\"><span style=\"color: #000000; font-family: verdana; font-size: small;\">20mg\/jour<br \/>\n<\/span><\/td>\n<\/tr>\n<tr>\n<td align=\"center\" width=\"60\"><span style=\"color: #000000; font-family: verdana; font-size: small;\"><b>17<\/b><\/span><\/td>\n<td><\/td>\n<td bgcolor=\"#99CCFF\"><span style=\"color: #000000; font-family: verdana; font-size: small;\">20mg\/jour<br \/>\n<\/span><\/td>\n<\/tr>\n<\/tbody>\n<\/table>\n<p>&nbsp;<\/p>\n<p><b>Total:<\/b><br \/>\n6000 mg <a href=\"http:\/\/getanabolics.biz\/fr\/produit\/testosterone-enant-250-10-ml-vial-each-1-ml-contains-250-mg-testosterone-enanthate\/\">de Testost\u00e9rone Enant. 250 &#8211; Alpha Pharma<\/a><br \/>\n50 tabs <a href=\"http:\/\/getanabolics.biz\/fr\/produit\/altamofen-20-50-onglets-chaque-onglet-contient-20-mg-de-citrate-de-tamoxifene\/\">Nolvadex &#8211; Alpha Pharma<\/a><\/p>\n<p>&nbsp;<\/p>\n<p>Avanc\u00e9e des st\u00e9ro\u00efdes anabolisants les utilisateurs sont le plus haut niveau des utilisateurs exp\u00e9riment\u00e9s, et il est clairement assum\u00e9e qu&rsquo;\u00e0 ce stade, les st\u00e9ro\u00efdes anabolisants, l&rsquo;utilisateur a obtenu suffisamment d&rsquo;exp\u00e9rience et a recueilli suffisamment de connaissances pour assumer le statut d&rsquo;un utilisateur avanc\u00e9. Avanc\u00e9e des st\u00e9ro\u00efdes piles impliquent un grand nombre des niveaux plus avanc\u00e9s, les compos\u00e9s (comme Anadrol et de Trenbolone), mais ce n&rsquo;est pas \u00e0 dire que l&rsquo;avanc\u00e9e des st\u00e9ro\u00efdes anabolisants cycles ne peut pas aussi \u00eatre de la base de Testost\u00e9rone dans le seul cycle de protocole. Cela a \u00e9t\u00e9 pr\u00e9c\u00e9demment \u00e9voqu\u00e9, \u00e0 laquelle il a \u00e9t\u00e9 clair que l&rsquo;interm\u00e9diaire et avanc\u00e9 de st\u00e9ro\u00efdes anabolisants, les utilisateurs ne sont pas limit\u00e9s \u00e0 l&rsquo;utilisation de tr\u00e8s dures, des compos\u00e9s, des doses extr\u00eamement \u00e9lev\u00e9es, ou cycle complexe de meules. Le plus souvent la majorit\u00e9 des les utilisateurs avanc\u00e9s la possibilit\u00e9 d&rsquo;ex\u00e9cuter la base essay\u00e9, de confiance, et de vrais m\u00e9thodes de Testost\u00e9rone-seuls les cycles, ou tr\u00e8s de base de st\u00e9ro\u00efdes anabolisants cycles. C&rsquo;est habituellement une grande surprise pour les d\u00e9butants, car tr\u00e8s souvent les d\u00e9butants (et les \u00e9ventuels utilisateurs de st\u00e9ro\u00efdes anabolisants) poss\u00e8dent une compr\u00e9hension erron\u00e9e de ce qu&rsquo;est \u00eatre un st\u00e9ro\u00efde anabolisant de l&rsquo;utilisateur.<\/p>\n<p>&nbsp;<\/p>\n<p>Le terme de <strong>St\u00e9ro\u00efdes Cycles<\/strong> fait r\u00e9f\u00e9rence \u00e0 l&rsquo;utilisation p\u00e9riodique de st\u00e9ro\u00efdes anabolisants\/androg\u00e8nes (SAA), g\u00e9n\u00e9ralement pour la construction musculaire fins. AAS ne sont pas m\u00e9dicalement approuv\u00e9 pour promouvoir excessive des gains de masse musculaire (culturisme) ou d&rsquo;am\u00e9liorer la performance athl\u00e9tique. Hormis le d\u00e9but de l&rsquo;exp\u00e9rimentation sur les athl\u00e8tes, par une poign\u00e9e de m\u00e9decins du sport, un vaste effort visant \u00e0 \u00e9tudier la physique et les performances am\u00e9liorer les propri\u00e9t\u00e9s de ces m\u00e9dicaments, en particulier avec un \u0153il sur le d\u00e9veloppement de strat\u00e9gies pour les utiliser afin de maximiser les avantages et minimiser les effets ind\u00e9sirables, n&rsquo;a pas \u00e9t\u00e9 entrepris par la communaut\u00e9 m\u00e9dicale. De ce fait, illicite utilisateurs ont \u00e9t\u00e9 laiss\u00e9s \u00e0 d\u00e9velopper leurs propres protocoles de l&rsquo;administration de ces m\u00e9dicaments. Le r\u00e9sultat a \u00e9t\u00e9 une grande vari\u00e9t\u00e9 de diff\u00e9rentes approches pour l&rsquo;utilisation de ces agents, certains plus s\u00fbre et plus efficace que d&rsquo;autres. Bien qu&rsquo;il ne serait pas possible d&rsquo;\u00e9valuer globalement toutes les approches connues, cet article va discuter de certaines des plus fondamentaux de temps et de m\u00e9thodes \u00e9prouv\u00e9es pour l&rsquo;utilisation de l&rsquo;AAS.<br \/>\n<span id=\"result_box\" class=\"short_text\" lang=\"fr\"><span class=\"\">Ce cycle, vous pouvez acheter sur <a href=\"http:\/\/getanabolics.biz\">getanabolics.biz<\/a><\/span><\/span><\/p>\n<h3>Lire la suite<\/h3>\n<p><a href=\"http:\/\/getanabolics.biz\/fr\/principaux-resultats-du-meilleur-acetate-de-trenbolone\/\">GRANDS R\u00c9SULTATS DU MEILLEUR AC\u00c9TATE DE TRENBOLONE<\/a><\/p>\n<p><a href=\"http:\/\/getanabolics.biz\/fr\/tout-ce-que-vous-devez-savoir-sur-anadrol\/\">TOUT CE QUE VOUS DEVEZ SAVOIR SUR ANADROL<\/a><\/p>\n<p><a href=\"http:\/\/getanabolics.biz\/fr\/leffet-des-steroides-sur-la-peau-humaine\/\">L&rsquo;EFFET DES ST\u00c9RO\u00cfDES SUR LA PEAU HUMAINE<\/a><\/p>\n<p><a href=\"http:\/\/getanabolics.biz\/fr\/rassemblez-une-masse-seche-sans-effets-secondaires\/\">RASSEMBLER UNE MASSE SECHE SANS EFFETS SECONDAIRES<\/a><\/p>\n<p><a href=\"http:\/\/getanabolics.biz\/fr\/quelle-devrait-etre-la-duree-du-cours-des-steroides\/\">Quelle devrait \u00eatre la dur\u00e9e de l&rsquo;\u00e9volution des st\u00e9ro\u00efdes?<\/a><\/p>\n","protected":false},"excerpt":{"rendered":"<p>6000\u00a0mg <a href=\"http:\/\/getanabolics.biz\/fr\/produit\/testosterone-enant-250-10-ml-vial-each-1-ml-contains-250-mg-testosterone-enanthate\/\">Testosterone Enant. 250 &#8211; Alpha Pharma<\/a><br \/>\n50 tabs <a href=\"http:\/\/getanabolics.biz\/fr\/produit\/altamofen-20-50-onglets-chaque-onglet-contient-20-mg-de-citrate-de-tamoxifene\/\">Nolvadex &#8211; Alpha Pharma<\/a><\/p>\n","protected":false},"featured_media":32350539,"comment_status":"closed","ping_status":"closed","template":"","meta":[],"product_cat":[456],"product_tag":[475,491],"_links":{"self":[{"href":"https:\/\/getanabolics.biz\/fr\/wp-json\/wp\/v2\/product\/32350634"}],"collection":[{"href":"https:\/\/getanabolics.biz\/fr\/wp-json\/wp\/v2\/product"}],"about":[{"href":"https:\/\/getanabolics.biz\/fr\/wp-json\/wp\/v2\/types\/product"}],"replies":[{"embeddable":true,"href":"https:\/\/getanabolics.biz\/fr\/wp-json\/wp\/v2\/comments?post=32350634"}],"wp:featuredmedia":[{"embeddable":true,"href":"https:\/\/getanabolics.biz\/fr\/wp-json\/wp\/v2\/media\/32350539"}],"wp:attachment":[{"href":"https:\/\/getanabolics.biz\/fr\/wp-json\/wp\/v2\/media?parent=32350634"}],"wp:term":[{"taxonomy":"product_cat","embeddable":true,"href":"https:\/\/getanabolics.biz\/fr\/wp-json\/wp\/v2\/product_cat?post=32350634"},{"taxonomy":"product_tag","embeddable":true,"href":"https:\/\/getanabolics.biz\/fr\/wp-json\/wp\/v2\/product_tag?post=32350634"}],"curies":[{"name":"wp","href":"https:\/\/api.w.org\/{rel}","templated":true}]}}