{"id":32350629,"date":"2017-06-07T04:33:57","date_gmt":"2017-06-07T04:33:57","guid":{"rendered":"http:\/\/getanabolics.biz\/product\/mass-cycle-us-top\/"},"modified":"2018-01-21T19:21:55","modified_gmt":"2018-01-21T19:21:55","slug":"mass-cycle-us-top","status":"publish","type":"product","link":"https:\/\/getanabolics.biz\/fr\/produit\/mass-cycle-us-top\/","title":{"rendered":"MASS CYCLE US TOP"},"content":{"rendered":"<p class=\"texte\">St\u00e9ro\u00efdes cycles se r\u00e9f\u00e8re \u00e0 la p\u00e9riode de temps st\u00e9ro\u00efdes anabolisants sont utilis\u00e9s. Ce d\u00e9lai est souvent d\u00e9sign\u00e9 comme <strong>\u201c\u00c0 la Cycle de.\u201d<\/strong> Lorsque les st\u00e9ro\u00efdes ne sont pas utilis\u00e9s, c&rsquo;est d\u00e9nomm\u00e9 <strong>\u201cHors Cycle.\u201d<\/strong> Pour la phase du cycle, il existe d&rsquo;innombrables options et de meules. Les \u201cStacks\u201d reportez-vous \u00e0 la combinaison de st\u00e9ro\u00efdes anabolisants ainsi que les non-st\u00e9ro\u00efdiens articles utilis\u00e9s lors de la phase du cycle. Avec des centaines de st\u00e9ro\u00efdes anabolisants, en variant les hormones peptidiques, SERM, de l&rsquo;IA, des hormones thyro\u00efdiennes et de plus, il y a vraiment possible d&rsquo;innombrables piles. Les options sont si vastes, chaque pile et le cycle, vous vous engagez pourrait \u00eatre compl\u00e8tement diff\u00e9rent. Cependant, la plupart des utilisateurs de st\u00e9ro\u00efdes va devenir \u00e0 l&rsquo;aise avec certaines de chemin\u00e9es; ils d\u00e9couvriront des combinaisons sp\u00e9cifiques qui donnent les meilleurs r\u00e9sultats, et ils resteront avec ces plans.<\/p>\n<p class=\"texte\">Avanc\u00e9 de st\u00e9ro\u00efdes anabolisants, les utilisateurs sont le plus haut niveau des utilisateurs exp\u00e9riment\u00e9s, et il est clairement assum\u00e9e qu&rsquo;\u00e0 ce stade, les st\u00e9ro\u00efdes anabolisants, l&rsquo;utilisateur a obtenu suffisamment d&rsquo;exp\u00e9rience et a recueilli suffisamment de connaissances pour assumer le statut d&rsquo;un utilisateur avanc\u00e9. Avanc\u00e9e des st\u00e9ro\u00efdes piles impliquent un grand nombre des niveaux plus avanc\u00e9s, les compos\u00e9s (tels que <a href=\"http:\/\/getanabolics.biz\/product\/anadrol-50-tabs-each-tab-contains-50-mg-oxymetholone\/\">Anadrol <\/a>et <a href=\"http:\/\/getanabolics.biz\/product\/trenbolone-acetate-10-amps-each-1-ampoule-has-100mg-trenbolone-acetate\/\">Trenbolone<\/a>)mais ce n&rsquo;est pas \u00e0 dire que l&rsquo;avanc\u00e9e des st\u00e9ro\u00efdes anabolisants cycles ne peut pas aussi \u00eatre de la base <strong>la Testost\u00e9rone seul cycle de protocole.<\/strong> Cela a d\u00e9j\u00e0 \u00e9t\u00e9 abord\u00e9, en vertu de laquelle il a \u00e9t\u00e9 clair que l&rsquo;interm\u00e9diaire et avanc\u00e9 de st\u00e9ro\u00efdes anabolisants, les utilisateurs ne sont pas limit\u00e9s \u00e0 l&rsquo;utilisation de tr\u00e8s dures, des compos\u00e9s, des doses extr\u00eamement \u00e9lev\u00e9es, ou cycle complexe de meules. Le plus souvent la majorit\u00e9 des les utilisateurs avanc\u00e9s la possibilit\u00e9 d&rsquo;ex\u00e9cuter la base essay\u00e9, de confiance, et de vrais m\u00e9thodes de Testost\u00e9rone-seuls les cycles, ou tr\u00e8s de base de st\u00e9ro\u00efdes anabolisants cycles. C&rsquo;est habituellement une grande surprise pour les d\u00e9butants, car tr\u00e8s souvent les d\u00e9butants (et les \u00e9ventuels utilisateurs de st\u00e9ro\u00efdes anabolisants) poss\u00e8dent une compr\u00e9hension erron\u00e9e de ce qu&rsquo;est \u00eatre un st\u00e9ro\u00efde anabolisant de l&rsquo;utilisateur.<\/p>\n<p>Ind\u00e9pendamment de la chemin\u00e9e ou du cycle de l&rsquo;ex\u00e9cution, il y a des r\u00e8gles g\u00e9n\u00e9rales et des consid\u00e9rations qui aidera \u00e0 vous maintenir s\u00fbr. Par exemple, la r\u00e8gle de base de chaque cycle est qu&rsquo;il comprend une certaine forme de testost\u00e9rone. La forme de la testost\u00e9rone utilis\u00e9 est sans cons\u00e9quence. La seule chose qui compte, c&rsquo;est que le corps en a assez de cette hormone essentielle pour fonctionner correctement.<\/p>\n<p class=\"texte\">Ce cycle est une version plus forte de la <a href=\"http:\/\/getanabolics.biz\/product\/mass-cycle-advanced\/\">Masse du Cycle Avanc\u00e9<\/a>. Il a aussi <a href=\"http:\/\/getanabolics.biz\/product\/deca-250-box-of-10-ampoules-of-1ml-250mg-ml-total-2500mg-nandrolone-decaonate\/\">Deca 250<\/a> outre <a href=\"http:\/\/getanabolics.biz\/product\/dianabol-100-tabs-each-contains-10-mg-methandienone\/\">Dianabol<\/a> et <a href=\"http:\/\/getanabolics.biz\/product\/testosterone-enant-250-10-ml-vial-each-1-ml-contains-250-mg-testosterone-enanthate\/\">la Testost\u00e9rone Enant. 250<\/a>.<\/p>\n<p>Consommer des prot\u00e9ines d&rsquo;au moins 3 grammes par kg de poids corporel et de votre apport calorique quotidien est de 50 cal par kg de poids de corps. Suivre une formation de haute intensit\u00e9 d&rsquo;entra\u00eenement de 4 \u00e0 5 jours par semaine et de boire beaucoup d&rsquo;eau pendant le cycle.<\/p>\n<div id=\"printablediv\">\n<p>&nbsp;<\/p>\n<table border=\"1\" width=\"65%\" cellpadding=\"2\" bgcolor=\"#fefefe\">\n<tbody>\n<tr>\n<td align=\"center\" width=\"60\">semaine de<br \/>\ncycle<\/td>\n<td align=\"center\" bgcolor=\"#FF9999\"><span style=\"font-family: verdana; font-size: small;\">la Testost\u00e9rone Enant. 250<br \/>\n250mg\/ml<\/span><\/td>\n<td align=\"center\" bgcolor=\"#99CCFF\"><span style=\"font-family: verdana; font-size: small;\">Deca 250<br \/>\n250mg\/ml<\/span><\/td>\n<td align=\"center\" bgcolor=\"#FFFFCC\"><span style=\"font-family: verdana; font-size: small;\">Dianabol<br \/>\n10mg tab<\/span><\/td>\n<td align=\"center\" bgcolor=\"#99FFCC\"><span style=\"font-family: verdana; font-size: small;\">Aromasin<br \/>\n25mg tab<\/span><\/td>\n<\/tr>\n<tr>\n<td align=\"center\" width=\"60\"><span style=\"font-family: verdana; font-size: small;\"><b>1<\/b><\/span><\/td>\n<td bgcolor=\"#FF9999\"><span style=\"font-family: verdana; font-size: small;\">3ml\/semaine<\/span><\/td>\n<td bgcolor=\"#99CCFF\"><span style=\"font-family: verdana; font-size: small;\">2 ml\/semaine<\/span><\/td>\n<td bgcolor=\"#FFFFCC\"><span style=\"font-family: verdana; font-size: small;\">2 comprim\u00e9s\/jour<\/span><\/td>\n<td bgcolor=\"#99FFCC\"><span style=\"font-family: verdana; font-size: small;\">0.5 onglet\/jour<\/span><\/td>\n<\/tr>\n<tr>\n<td align=\"center\" width=\"60\"><span style=\"font-family: verdana; font-size: small;\"><b>2<\/b><\/span><\/td>\n<td bgcolor=\"#FF9999\"><span style=\"font-family: verdana; font-size: small;\">3ml\/semaine<\/span><\/td>\n<td bgcolor=\"#99CCFF\"><span style=\"font-family: verdana; font-size: small;\">2 ml\/semaine<\/span><\/td>\n<td bgcolor=\"#FFFFCC\"><span style=\"font-family: verdana; font-size: small;\">2 comprim\u00e9s\/jour<\/span><\/td>\n<td bgcolor=\"#99FFCC\"><span style=\"font-family: verdana; font-size: small;\">0.5 onglet\/jour<\/span><\/td>\n<\/tr>\n<tr>\n<td align=\"center\" width=\"60\"><span style=\"font-family: verdana; font-size: small;\"><b>3<\/b><\/span><\/td>\n<td bgcolor=\"#FF9999\"><span style=\"font-family: verdana; font-size: small;\">3ml\/semaine<\/span><\/td>\n<td bgcolor=\"#99CCFF\"><span style=\"font-family: verdana; font-size: small;\">2 ml\/semaine<\/span><\/td>\n<td bgcolor=\"#FFFFCC\"><span style=\"font-family: verdana; font-size: small;\">3 comprim\u00e9s\/jour<\/span><\/td>\n<td bgcolor=\"#99FFCC\"><span style=\"font-family: verdana; font-size: small;\">0.5 onglet\/jour<\/span><\/td>\n<\/tr>\n<tr>\n<td align=\"center\" width=\"60\"><span style=\"font-family: verdana; font-size: small;\"><b>4<\/b><\/span><\/td>\n<td bgcolor=\"#FF9999\"><span style=\"font-family: verdana; font-size: small;\">3ml\/semaine<\/span><\/td>\n<td bgcolor=\"#99CCFF\"><span style=\"font-family: verdana; font-size: small;\">2 ml\/semaine<\/span><\/td>\n<td bgcolor=\"#FFFFCC\"><span style=\"font-family: verdana; font-size: small;\">3 comprim\u00e9s\/jour<\/span><\/td>\n<td bgcolor=\"#99FFCC\"><span style=\"font-family: verdana; font-size: small;\">0.5 onglet\/jour<\/span><\/td>\n<\/tr>\n<tr>\n<td align=\"center\" width=\"60\"><span style=\"font-family: verdana; font-size: small;\"><b>5<\/b><\/span><\/td>\n<td bgcolor=\"#FF9999\"><span style=\"font-family: verdana; font-size: small;\">2 ml\/semaine<\/span><\/td>\n<td bgcolor=\"#99CCFF\"><span style=\"font-family: verdana; font-size: small;\">2 ml\/semaine<\/span><\/td>\n<td bgcolor=\"#FFFFCC\"><span style=\"font-family: verdana; font-size: small;\">2 comprim\u00e9s\/jour<\/span><\/td>\n<td><\/td>\n<\/tr>\n<tr>\n<td align=\"center\" width=\"60\"><span style=\"font-family: verdana; font-size: small;\"><b>6<\/b><\/span><\/td>\n<td bgcolor=\"#FF9999\"><span style=\"font-family: verdana; font-size: small;\">2 ml\/semaine<\/span><\/td>\n<td bgcolor=\"#99CCFF\"><span style=\"font-family: verdana; font-size: small;\">2 ml\/semaine<\/span><\/td>\n<td bgcolor=\"#FFFFCC\"><span style=\"font-family: verdana; font-size: small;\">2 comprim\u00e9s\/jour<\/span><\/td>\n<td bgcolor=\"#99FFCC\"><span style=\"font-family: verdana; font-size: small;\">0.5 onglet\/jour<\/span><\/td>\n<\/tr>\n<tr>\n<td align=\"center\" width=\"60\"><span style=\"font-family: verdana; font-size: small;\"><b>7<\/b><\/span><\/td>\n<td bgcolor=\"#FF9999\"><span style=\"font-family: verdana; font-size: small;\">2 ml\/semaine<\/span><\/td>\n<td bgcolor=\"#99CCFF\"><span style=\"font-family: verdana; font-size: small;\">2 ml\/semaine<\/span><\/td>\n<td><\/td>\n<td bgcolor=\"#99FFCC\"><span style=\"font-family: verdana; font-size: small;\">0.5 onglet\/jour<\/span><\/td>\n<\/tr>\n<tr>\n<td align=\"center\" width=\"60\"><span style=\"font-family: verdana; font-size: small;\"><b>8<\/b><\/span><\/td>\n<td bgcolor=\"#FF9999\"><span style=\"font-family: verdana; font-size: small;\">2 ml\/semaine<\/span><\/td>\n<td bgcolor=\"#99CCFF\"><span style=\"font-family: verdana; font-size: small;\">2 ml\/semaine<\/span><\/td>\n<td><\/td>\n<td bgcolor=\"#99FFCC\"><span style=\"font-family: verdana; font-size: small;\">0.5 onglet\/jour<\/span><\/td>\n<\/tr>\n<tr>\n<td align=\"center\" width=\"60\"><span style=\"font-family: verdana; font-size: small;\"><b>9<\/b><\/span><\/td>\n<td><\/td>\n<td><\/td>\n<td><\/td>\n<td><\/td>\n<\/tr>\n<tr>\n<td align=\"center\" width=\"60\"><span style=\"font-family: verdana; font-size: small;\"><b>10<\/b><\/span><\/td>\n<td><\/td>\n<td><\/td>\n<td><\/td>\n<td><\/td>\n<\/tr>\n<tr>\n<td align=\"center\" width=\"60\"><span style=\"font-family: verdana; font-size: small;\"><b>11<\/b><\/span><\/td>\n<td><\/td>\n<td><\/td>\n<td><\/td>\n<td bgcolor=\"#99FFCC\"><span style=\"font-family: verdana; font-size: small;\">0.5 onglet\/jour<\/span><\/td>\n<\/tr>\n<tr>\n<td align=\"center\" width=\"60\"><span style=\"font-family: verdana; font-size: small;\"><b>12<\/b><\/span><\/td>\n<td><\/td>\n<td><\/td>\n<td><\/td>\n<td bgcolor=\"#99FFCC\"><span style=\"font-family: verdana; font-size: small;\">0.5 onglet\/jour<\/span><\/td>\n<\/tr>\n<\/tbody>\n<\/table>\n<p>&nbsp;<\/p>\n<p><b>Total:<\/b><br \/>\n20 ml <a href=\"http:\/\/getanabolics.biz\/fr\/produit\/testosterone-enant-250-10-ml-vial-each-1-ml-contains-250-mg-testosterone-enanthate\/\">de Testost\u00e9rone Enant. 250 &#8211; Alpha Pharma<\/a><br \/>\n20 ml <a href=\"http:\/\/getanabolics.biz\/fr\/produit\/nandrobolin-boite-de-10-ampoules-de-1-ml-250-mg-ml-total-2500mg-de-nandrolone-decaonate\/\">Deca 250 &#8211; Alpha Pharma<\/a><br \/>\n100 onglets <a href=\"http:\/\/getanabolics.biz\/fr\/produit\/dianabol-100-tabs-each-contains-10-mg-methandienone\/\">Dianabol &#8211; Maxtreme<\/a><br \/>\n30 onglets <a href=\"http:\/\/getanabolics.biz\/fr\/produit\/aromex-30-onglets-a-chaque-25mg-exemestane\/\">Aromasin &#8211; Alpha Pharma<\/a><\/p>\n<p>&nbsp;<\/p>\n<\/div>\n<p>Vous devez prendre les onglets apr\u00e8s les repas pour \u00e9viter tout d\u00e9rangement de l&rsquo;estomac. Et diviser la dose deux fois par jour. Un le matin et un le soir.l<br \/>\n<b>le Chardon de Lait suppl\u00e9ments sont recommand\u00e9s par le cycle \u00e0 soutenir le foie et boire beaucoup d&rsquo;eau et prendre l&rsquo;Huile de Foie de Morue pour soutenir les reins.<br \/>\nCeci est un exemple de cycle max. les doses. Toujours commencer un cycle avec des doses plus faibles et l\u00e9g\u00e8rement port\u00e9e max. niveaux. Si vous vous sentez mal diminution de la dose ou cesser de fumer.<br \/>\nApr\u00e8s le cycle si n\u00e9cessaire ZMA ou le Tribulus peut \u00eatre utilis\u00e9 pour augmenter les niveaux de testost\u00e9rone naturelle de retour \u00e0 la normale.<\/b><br \/>\nUne fois de plus, il faut rappeler au lecteur que les deux points suivants: d\u00e9finir une avanc\u00e9e de st\u00e9ro\u00efde anabolisant de l&rsquo;utilisateur:<\/p>\n<p>\u2013 Le cumul de la collecte du cycle de l&rsquo;exp\u00e9rience, la formation, l&rsquo;exp\u00e9rience, les connaissances et la compr\u00e9hension qui sont tous \u00e0 seulement possible tout au long des ann\u00e9es de l&rsquo;utilisation de st\u00e9ro\u00efdes anabolisants.<br \/>\n\u2013 La compr\u00e9hension compl\u00e8te de son propre corps, de ses r\u00e9ponses et les r\u00e9actions de diff\u00e9rents compos\u00e9s, les substances et les stimuli fournis par les ann\u00e9es d&rsquo;exp\u00e9rience de st\u00e9ro\u00efdes anabolisants cycles.<\/p>\n<p>La d\u00e9finition d&rsquo;un utilisateur avanc\u00e9 n&rsquo;est PAS: une personne qui utilise de plus en plus \u00e9lev\u00e9 et de plus fortes doses de st\u00e9ro\u00efdes anabolisants dans chaque cycle ult\u00e9rieur.<\/p>\n<p>&nbsp;<\/p>\n<p>Le terme de <strong>St\u00e9ro\u00efdes Cycles<\/strong> fait r\u00e9f\u00e9rence \u00e0 l&rsquo;utilisation p\u00e9riodique de st\u00e9ro\u00efdes anabolisants\/androg\u00e8nes (SAA), g\u00e9n\u00e9ralement pour la construction musculaire fins. AAS ne sont pas m\u00e9dicalement approuv\u00e9 pour promouvoir excessive des gains de masse musculaire (culturisme) ou d&rsquo;am\u00e9liorer la performance athl\u00e9tique. Hormis le d\u00e9but de l&rsquo;exp\u00e9rimentation sur les athl\u00e8tes, par une poign\u00e9e de m\u00e9decins du sport, un vaste effort visant \u00e0 \u00e9tudier la physique et les performances am\u00e9liorer les propri\u00e9t\u00e9s de ces m\u00e9dicaments, en particulier avec un \u0153il sur le d\u00e9veloppement de strat\u00e9gies pour les utiliser afin de maximiser les avantages et minimiser les effets ind\u00e9sirables, n&rsquo;a pas \u00e9t\u00e9 entrepris par la communaut\u00e9 m\u00e9dicale. De ce fait, illicite utilisateurs ont \u00e9t\u00e9 laiss\u00e9s \u00e0 d\u00e9velopper leurs propres protocoles de l&rsquo;administration de ces m\u00e9dicaments. Le r\u00e9sultat a \u00e9t\u00e9 une grande vari\u00e9t\u00e9 de diff\u00e9rentes approches pour l&rsquo;utilisation de ces agents, certains plus s\u00fbre et plus efficace que d&rsquo;autres. Bien qu&rsquo;il ne serait pas possible d&rsquo;\u00e9valuer globalement toutes les approches connues, cet article va discuter de certaines des plus fondamentaux de temps et de m\u00e9thodes \u00e9prouv\u00e9es pour l&rsquo;utilisation de l&rsquo;AAS.<\/p>\n<p><span id=\"result_box\" class=\"short_text\" lang=\"fr\"><span class=\"\">Ce cycle, vous pouvez acheter sur <a href=\"http:\/\/getanabolics.biz\">getanabolics.biz<\/a><\/span><\/span><\/p>\n<h3>Lire la suite<\/h3>\n<p><a href=\"http:\/\/getanabolics.biz\/fr\/deca-durabolin-effets-secondaires\/\">EFFETS SECONDAIRES DECA DURABOLIN<\/a><\/p>\n<p><a href=\"http:\/\/getanabolics.biz\/fr\/tout-sur-proviron-mesterolone\/\">TOUT SUR PROVIRON (MESTEROLONE)<\/a><\/p>\n<p><a href=\"http:\/\/getanabolics.biz\/fr\/quelle-devrait-etre-la-duree-du-cours-des-steroides\/\">Quelle devrait \u00eatre la dur\u00e9e de l&rsquo;\u00e9volution des st\u00e9ro\u00efdes?<\/a><\/p>\n<p><a href=\"http:\/\/getanabolics.biz\/fr\/creatine-sur-un-cours-de-steroides\/\">CREATINE SUR UN COURS DE STEROIDES<\/a><\/p>\n<p><a href=\"http:\/\/getanabolics.biz\/fr\/crossfit-et-steroides\/\">CROSSFIT ET ST\u00c9RO\u00cfDES<\/a><\/p>\n","protected":false},"excerpt":{"rendered":"<p>20 ml <a href=\"http:\/\/getanabolics.biz\/fr\/produit\/testosterone-enant-250-10-ml-vial-each-1-ml-contains-250-mg-testosterone-enanthate\/\">Testosterone Enant. 250 &#8211; Alpha Pharma<\/a><br \/>\n20 ml <a href=\"http:\/\/getanabolics.biz\/fr\/produit\/nandrobolin-boite-de-10-ampoules-de-1-ml-250-mg-ml-total-2500mg-de-nandrolone-decaonate\/\">Deca\u00a0250 &#8211; Alpha Pharma<\/a><br \/>\n100 tabs <a href=\"http:\/\/getanabolics.biz\/fr\/produit\/dianabol-100-tabs-each-contains-10-mg-methandienone\/\">Dianabol &#8211; Maxtreme<\/a><br \/>\n30 tabs <a href=\"http:\/\/getanabolics.biz\/fr\/produit\/aromex-30-onglets-a-chaque-25mg-exemestane\/\">Aromasin &#8211;\u00a0Alpha Pharma<\/a><\/p>\n","protected":false},"featured_media":32350554,"comment_status":"closed","ping_status":"closed","template":"","meta":[],"product_cat":[456],"product_tag":[459,485,540],"_links":{"self":[{"href":"https:\/\/getanabolics.biz\/fr\/wp-json\/wp\/v2\/product\/32350629"}],"collection":[{"href":"https:\/\/getanabolics.biz\/fr\/wp-json\/wp\/v2\/product"}],"about":[{"href":"https:\/\/getanabolics.biz\/fr\/wp-json\/wp\/v2\/types\/product"}],"replies":[{"embeddable":true,"href":"https:\/\/getanabolics.biz\/fr\/wp-json\/wp\/v2\/comments?post=32350629"}],"wp:featuredmedia":[{"embeddable":true,"href":"https:\/\/getanabolics.biz\/fr\/wp-json\/wp\/v2\/media\/32350554"}],"wp:attachment":[{"href":"https:\/\/getanabolics.biz\/fr\/wp-json\/wp\/v2\/media?parent=32350629"}],"wp:term":[{"taxonomy":"product_cat","embeddable":true,"href":"https:\/\/getanabolics.biz\/fr\/wp-json\/wp\/v2\/product_cat?post=32350629"},{"taxonomy":"product_tag","embeddable":true,"href":"https:\/\/getanabolics.biz\/fr\/wp-json\/wp\/v2\/product_tag?post=32350629"}],"curies":[{"name":"wp","href":"https:\/\/api.w.org\/{rel}","templated":true}]}}