{"id":32350609,"date":"2017-06-06T21:00:42","date_gmt":"2017-06-06T21:00:42","guid":{"rendered":"http:\/\/getanabolics.biz\/product\/forte-de-cycle-de-coupe\/"},"modified":"2018-01-21T19:56:49","modified_gmt":"2018-01-21T19:56:49","slug":"forte-de-cycle-de-coupe","status":"publish","type":"product","link":"https:\/\/getanabolics.biz\/fr\/produit\/forte-de-cycle-de-coupe\/","title":{"rendered":"FORTE DE CYCLE DE COUPE"},"content":{"rendered":"<p>St\u00e9ro\u00efdes cycles se r\u00e9f\u00e8re \u00e0 la p\u00e9riode de temps st\u00e9ro\u00efdes anabolisants sont utilis\u00e9s. Ce d\u00e9lai est souvent d\u00e9sign\u00e9 comme \u201cSur-Cycle.\u201d Lorsque les st\u00e9ro\u00efdes ne sont pas utilis\u00e9s, c&rsquo;est d\u00e9nomm\u00e9 \u201cHors Cycle.\u201d Pour la phase du cycle, il existe d&rsquo;innombrables options et de meules. Les \u201cStacks\u201d reportez-vous \u00e0 la combinaison de st\u00e9ro\u00efdes anabolisants ainsi que les non-st\u00e9ro\u00efdiens articles utilis\u00e9s lors de la phase du cycle. Avec des centaines de st\u00e9ro\u00efdes anabolisants, en variant les hormones peptidiques, SERM, de l&rsquo;IA, des hormones thyro\u00efdiennes et de plus, il y a vraiment possible d&rsquo;innombrables piles. Les options sont si vastes, chaque pile et le cycle, vous vous engagez pourrait \u00eatre compl\u00e8tement diff\u00e9rent. Cependant, la plupart des utilisateurs de st\u00e9ro\u00efdes va devenir \u00e0 l&rsquo;aise avec certaines de chemin\u00e9es; ils d\u00e9couvriront des combinaisons sp\u00e9cifiques qui donnent les meilleurs r\u00e9sultats, et ils resteront avec ces plans.<\/p>\n<p>Avanc\u00e9e des st\u00e9ro\u00efdes anabolisants les utilisateurs sont le plus haut niveau des utilisateurs exp\u00e9riment\u00e9s, et il est clairement assum\u00e9e qu&rsquo;\u00e0 ce stade, les st\u00e9ro\u00efdes anabolisants, l&rsquo;utilisateur a obtenu suffisamment d&rsquo;exp\u00e9rience et a recueilli suffisamment de connaissances pour assumer le statut d&rsquo;un utilisateur avanc\u00e9. Avanc\u00e9e des st\u00e9ro\u00efdes piles impliquent un grand nombre des niveaux plus avanc\u00e9s, les compos\u00e9s (comme Anadrol et de Trenbolone), mais ce n&rsquo;est pas \u00e0 dire que l&rsquo;avanc\u00e9e des st\u00e9ro\u00efdes anabolisants cycles ne peut pas aussi \u00eatre de la base de Testost\u00e9rone dans le seul cycle de protocole. Cela a \u00e9t\u00e9 pr\u00e9c\u00e9demment \u00e9voqu\u00e9, \u00e0 laquelle il a \u00e9t\u00e9 clair que l&rsquo;interm\u00e9diaire et avanc\u00e9 de st\u00e9ro\u00efdes anabolisants, les utilisateurs ne sont pas limit\u00e9s \u00e0 l&rsquo;utilisation de tr\u00e8s dures, des compos\u00e9s, des doses extr\u00eamement \u00e9lev\u00e9es, ou cycle complexe de meules. Le plus souvent la majorit\u00e9 des les utilisateurs avanc\u00e9s la possibilit\u00e9 d&rsquo;ex\u00e9cuter la base essay\u00e9, de confiance, et de vrais m\u00e9thodes de Testost\u00e9rone-seuls les cycles, ou tr\u00e8s de base de st\u00e9ro\u00efdes anabolisants cycles. C&rsquo;est habituellement une grande surprise pour les d\u00e9butants, car tr\u00e8s souvent les d\u00e9butants (et les \u00e9ventuels utilisateurs de st\u00e9ro\u00efdes anabolisants) poss\u00e8dent une compr\u00e9hension erron\u00e9e de ce qu&rsquo;est \u00eatre un st\u00e9ro\u00efde anabolisant de l&rsquo;utilisateur.<\/p>\n<p>Ind\u00e9pendamment de la chemin\u00e9e ou du cycle de l&rsquo;ex\u00e9cution, il y a des r\u00e8gles g\u00e9n\u00e9rales et des consid\u00e9rations qui aidera \u00e0 vous maintenir s\u00fbr. Par exemple, la r\u00e8gle de base de chaque cycle est qu&rsquo;il comprend une certaine forme de testost\u00e9rone. La forme de la testost\u00e9rone utilis\u00e9 est sans cons\u00e9quence. La seule chose qui compte, c&rsquo;est que le corps en a assez de cette hormone essentielle pour fonctionner correctement.<\/p>\n<p class=\"texte\">Grand oral cycle de coupe ayant le mieux orale coupe les st\u00e9ro\u00efdes comme la <a href=\"http:\/\/getanabolics.biz\/product\/anavar-50-tabs-x-10mg-total-500mg-oxandrolone-3\/\">Anavar <\/a>et <a href=\"http:\/\/getanabolics.biz\/product\/winstrol-tabs-10-buy-winstrol-pills-50-tabs-each-contains-10-mg-stanozolol\/\">Winstrol<\/a>. <a href=\"http:\/\/getanabolics.biz\/product\/clenbuterol-40-100-tabs-each-40-mcg-clenbuterol-hydrochloride\/\">Clenbuterol <\/a>et <a href=\"http:\/\/getanabolics.biz\/product\/cytomel-t3-100-50-tabs-each-100-mcg-liothyronine-sodium\/\">Cytomel T3<\/a> pour le puissant de perte de graisse.<\/p>\n<p>Vous devez suivre un r\u00e9gime alimentaire riche en prot\u00e9ines \u00e0 faible glucides, faire des exercices cardiovasculaires 30. min le matin avant le petit d\u00e9jeuner et l&rsquo;halt\u00e9rophilie dans la soir\u00e9e . Ensuite, vous pouvez facilement br\u00fbler la graisse pas le poids du corps, y compris les muscles.<\/p>\n<div id=\"printablediv\">\n<p>&nbsp;<\/p>\n<table border=\"1\" width=\"60%\" cellpadding=\"2\" bgcolor=\"#F7F7F7\">\n<tbody>\n<tr>\n<td align=\"center\" width=\"60\">semaine de<br \/>\ncycle<\/td>\n<td align=\"center\" bgcolor=\"#FF9999\"><span style=\"font-family: verdana; font-size: small;\">CLENBUTEROL<br \/>\n40mcg onglet<\/span><\/td>\n<td align=\"center\" bgcolor=\"#99CCFF\"><span style=\"font-family: verdana; font-size: small;\">WINSTROL TABS.<br \/>\n10mg tab<\/span><\/td>\n<td align=\"center\" bgcolor=\"#FFFFCC\"><span style=\"font-family: verdana; font-size: small;\">ANAVAR<br \/>\n10mg tab<\/span><\/td>\n<td align=\"center\" bgcolor=\"#99FFCC\"><span style=\"font-family: verdana; font-size: small;\">CYTOMEL<br \/>\n100 mcg tab<\/span><\/td>\n<td align=\"center\" bgcolor=\"#FFDA84\"><span style=\"font-family: verdana; font-size: small;\">PROVIRON<br \/>\n25mg tab<\/span><\/td>\n<\/tr>\n<tr>\n<td align=\"center\" width=\"60\"><span style=\"font-family: verdana; font-size: small;\"><b>1<\/b><\/span><\/td>\n<td bgcolor=\"#FF9999\"><span style=\"font-family: verdana; font-size: small;\">1 comprim\u00e9s\/jour<\/span><\/td>\n<td bgcolor=\"#99CCFF\"><span style=\"font-family: verdana; font-size: small;\">2 comprim\u00e9s\/jour<\/span><\/td>\n<td bgcolor=\"#FFFFCC\"><span style=\"font-family: verdana; font-size: small;\">2 comprim\u00e9s\/jour<\/span><\/td>\n<td><\/td>\n<td><\/td>\n<\/tr>\n<tr>\n<td align=\"center\" width=\"60\"><span style=\"font-family: verdana; font-size: small;\"><b>2<\/b><\/span><\/td>\n<td bgcolor=\"#FF9999\"><span style=\"font-family: verdana; font-size: small;\">2 comprim\u00e9s\/jour<\/span><\/td>\n<td bgcolor=\"#99CCFF\"><span style=\"font-family: verdana; font-size: small;\">2 comprim\u00e9s\/jour<\/span><\/td>\n<td bgcolor=\"#FFFFCC\"><span style=\"font-family: verdana; font-size: small;\">2 comprim\u00e9s\/jour<\/span><\/td>\n<td bgcolor=\"#99FFCC\"><span style=\"font-family: verdana; font-size: small;\">0.5 onglet\/jour<\/span><\/td>\n<td><\/td>\n<\/tr>\n<tr>\n<td align=\"center\" width=\"60\"><span style=\"font-family: verdana; font-size: small;\"><b>3<\/b><\/span><\/td>\n<td bgcolor=\"#FF9999\"><span style=\"font-family: verdana; font-size: small;\">2 comprim\u00e9s\/jour<\/span><\/td>\n<td bgcolor=\"#99CCFF\"><span style=\"font-family: verdana; font-size: small;\">3 comprim\u00e9s\/jour<\/span><\/td>\n<td bgcolor=\"#FFFFCC\"><span style=\"font-family: verdana; font-size: small;\">3 comprim\u00e9s\/jour<\/span><\/td>\n<td bgcolor=\"#99FFCC\"><span style=\"font-family: verdana; font-size: small;\">0.5 onglet\/jour<\/span><\/td>\n<td bgcolor=\"#FFDA84\"><span style=\"font-family: verdana; font-size: small;\">1 cp\/jour<\/span><\/td>\n<\/tr>\n<tr>\n<td align=\"center\" width=\"60\"><span style=\"font-family: verdana; font-size: small;\"><b>4<\/b><\/span><\/td>\n<td bgcolor=\"#FF9999\"><span style=\"font-family: verdana; font-size: small;\">2 comprim\u00e9s\/jour<\/span><\/td>\n<td bgcolor=\"#99CCFF\"><span style=\"font-family: verdana; font-size: small;\">3 comprim\u00e9s\/jour<\/span><\/td>\n<td bgcolor=\"#FFFFCC\"><span style=\"font-family: verdana; font-size: small;\">3 comprim\u00e9s\/jour<\/span><\/td>\n<td bgcolor=\"#99FFCC\"><span style=\"font-family: verdana; font-size: small;\">0.75 onglet\/jour<\/span><\/td>\n<td bgcolor=\"#FFDA84\"><span style=\"font-family: verdana; font-size: small;\">1 cp\/jour<\/span><\/td>\n<\/tr>\n<tr>\n<td align=\"center\" width=\"60\"><span style=\"font-family: verdana; font-size: small;\"><b>5<\/b><\/span><\/td>\n<td><\/td>\n<td bgcolor=\"#99CCFF\"><span style=\"font-family: verdana; font-size: small;\">2 comprim\u00e9s\/jour<\/span><\/td>\n<td bgcolor=\"#FFFFCC\"><span style=\"font-family: verdana; font-size: small;\">2 comprim\u00e9s\/jour<\/span><\/td>\n<td bgcolor=\"#99FFCC\"><span style=\"font-family: verdana; font-size: small;\">0.75 onglet\/jour<\/span><\/td>\n<td bgcolor=\"#FFDA84\"><span style=\"font-family: verdana; font-size: small;\">1 cp\/jour<\/span><\/td>\n<\/tr>\n<tr>\n<td align=\"center\" width=\"60\"><span style=\"font-family: verdana; font-size: small;\"><b>6<\/b><\/span><\/td>\n<td><\/td>\n<td bgcolor=\"#99CCFF\"><span style=\"font-family: verdana; font-size: small;\">2 comprim\u00e9s\/jour<\/span><\/td>\n<td bgcolor=\"#FFFFCC\"><span style=\"font-family: verdana; font-size: small;\">2 comprim\u00e9s\/jour<\/span><\/td>\n<td bgcolor=\"#99FFCC\"><span style=\"font-family: verdana; font-size: small;\">0.5 onglet\/jour<\/span><\/td>\n<td bgcolor=\"#FFDA84\"><span style=\"font-family: verdana; font-size: small;\">1 cp\/jour<\/span><\/td>\n<\/tr>\n<tr>\n<td align=\"center\" width=\"60\"><span style=\"font-family: verdana; font-size: small;\"><b>7<\/b><\/span><\/td>\n<td><\/td>\n<td><\/td>\n<td><\/td>\n<td><\/td>\n<td bgcolor=\"#FFDA84\"><span style=\"font-family: verdana; font-size: small;\">1 cp\/jour<\/span><\/td>\n<\/tr>\n<\/tbody>\n<\/table>\n<p>&nbsp;<\/p>\n<p><b>Total:<\/b><br \/>\n100 tabs <a href=\"http:\/\/getanabolics.biz\/fr\/produit\/clenbuterol-40-100-tabs-each-40-mcg-clenbuterol-hydrochloride\/\">Clenbuterol 40 &#8211; Maxtreme<\/a><br \/>\n100 tabs <a href=\"http:\/\/getanabolics.biz\/fr\/produit\/rexobol-10-acheter-winstrol-pilules-50-onglets-chacun-contient-10-mg-de-stanozolol\/\">Winstrol tabs 10 &#8211; Alpha Pharma<\/a><br \/>\n100 tabs <a href=\"http:\/\/getanabolics.biz\/fr\/produit\/anavar-50-tabs-x-10mg-total-500mg-oxandrolone-3\/\">Anavar &#8211;\u00a0Maxtreme<\/a><br \/>\n1 pack <a href=\"http:\/\/getanabolics.biz\/fr\/produit\/cytomel-t3-100-50-tabs-each-100-mcg-liothyronine-sodium\/\">Cytomel (T3) &#8211; 100 &#8211;\u00a0Maxtreme<\/a><br \/>\n50 tabs<a href=\"http:\/\/getanabolics.biz\/fr\/produit\/proviron-buy-proviron-50-tabs-each-tab-25mg-mesterolone\/\"> Proviron &#8211; Bayer\/Schering<\/a><\/p>\n<p>&nbsp;<\/p>\n<\/div>\n<p>Prendre Clenbuterol et Cytomel moins 30 min. avant les repas et diviser la dose deux fois par jour. Un le matin et un le soir.<\/p>\n<p>Prendre Anavar, Winstrol et Proviron apr\u00e8s les repas et diviser la dose deux fois par jour. Un le matin et un le soir.<\/p>\n<p>Lorsque vous avez termin\u00e9 le cycle de donner une pause d&rsquo;au moins 8 semaines. Vous ne pouvez pas disposer, en permanence, la perte de graisse si vous n&rsquo;avez pas de fixer votre r\u00e9gime alimentaire et mettre un peu de muscle.<\/p>\n<p>&nbsp;<\/p>\n<p>Afin de cr\u00e9er un nouveau jeu normal, la plupart des hommes vont trouver 8 semaines au minimum 12 semaines de loin plus efficace. Plus vous obtiendrez de meilleurs r\u00e9sultats (\u00e0 un degr\u00e9), mais permettra \u00e9galement d&rsquo;augmenter le risque pour les effets secondaires potentiels. Pour ceux qui recherchent des gains solides, tout en restant aussi s\u00fbr que possible, de 12 \u00e0 16 semaines de r\u00e9els suppl\u00e9mentation suivie par une quantit\u00e9 \u00e9gale de temps hors cycle est le meilleur pari. C&rsquo;est un plan efficace, et alors que la s\u00e9curit\u00e9 absolue ne peut \u00eatre garantie, il sera le plan qui comporte le plus de potentiel pour une exp\u00e9rience en toute s\u00e9curit\u00e9. Pour certains hommes, en fonction de leurs objectifs, ce plan ne fonctionnera pas. Pour le hardcore elite, la v\u00e9ritable avanc\u00e9e utilisateur de st\u00e9ro\u00efdes, vous trouverez qu&rsquo;ils sont souvent sur le cycle de beaucoup plus que ce qu&rsquo;ils sont \u00e9teints. C&rsquo;est le seul moyen pour ces personnes de soutien de la force massive et la taille qu&rsquo;ils ont obtenus. Il n&rsquo;est pas rare de voir ces hommes explosion de 16 \u00e0 20 semaines, les cycles et seulement interrompre pendant 4-8 semaines. Dans certains cas, ils ne peuvent pas \u00eatre enti\u00e8rement d&rsquo;interrompre \u00e0 tout. Dans certains cas, de tels hommes abandonnent tout simplement \u00e0 une faible dose de testost\u00e9rone pendant 4-8 semaines avant le d\u00e9but d&rsquo;un autre 16-20 semaine de souffle. \u00c0 un certain point dans le temps, ils vont probablement se d\u00e9tacher de tout, mais alors qu&rsquo;une telle utilisation peut \u00eatre efficace, elle suppose aussi un \u00e9norme potentiel pour les effets ind\u00e9sirables.<\/p>\n<p>&nbsp;<\/p>\n<p><b>le Chardon de Lait de Foie de Protection des suppl\u00e9ments est un must \u00e0 travers ce cycle se compose de plusieurs \u00e9preuves orales. Buvez beaucoup d&rsquo;eau et prendre l&rsquo;Huile de Foie de Morue pour soutenir les reins. Prenez aussi de l&rsquo;Om\u00e9ga 3 et CLA plus efficace pour br\u00fbler la graisse. Pour \u00e9viter le clenbut\u00e9rol crampes compl\u00e9ter avec de l&rsquo;acide amin\u00e9 Taurine.<br \/>\nCeci est un exemple de cycle max. les doses. Toujours commencer un cycle avec des doses plus faibles et l\u00e9g\u00e8rement port\u00e9e max. niveaux. Si vous vous sentez mal diminution de la dose ou cesser de fumer.<br \/>\nNe doivent pas \u00eatre prises quand l&rsquo;hypertension art\u00e9rielle, une grave hyperfonctionnement de la glande thyro\u00efde, rythme cardiaque irr\u00e9gulier ou une r\u00e9cente myocardiac du myocarde sont pr\u00e9sents.<br \/>\n<\/b><\/p>\n<p>&nbsp;<\/p>\n<p>Le terme de <strong>St\u00e9ro\u00efdes Cycles<\/strong> fait r\u00e9f\u00e9rence \u00e0 l&rsquo;utilisation p\u00e9riodique de st\u00e9ro\u00efdes anabolisants\/androg\u00e8nes (SAA), g\u00e9n\u00e9ralement pour la construction musculaire fins. AAS ne sont pas m\u00e9dicalement approuv\u00e9 pour promouvoir excessive des gains de masse musculaire (culturisme) ou d&rsquo;am\u00e9liorer la performance athl\u00e9tique. Hormis le d\u00e9but de l&rsquo;exp\u00e9rimentation sur les athl\u00e8tes, par une poign\u00e9e de m\u00e9decins du sport, un vaste effort visant \u00e0 \u00e9tudier la physique et les performances am\u00e9liorer les propri\u00e9t\u00e9s de ces m\u00e9dicaments, en particulier avec un \u0153il sur le d\u00e9veloppement de strat\u00e9gies pour les utiliser afin de maximiser les avantages et minimiser les effets ind\u00e9sirables, n&rsquo;a pas \u00e9t\u00e9 entrepris par la communaut\u00e9 m\u00e9dicale. De ce fait, illicite utilisateurs ont \u00e9t\u00e9 laiss\u00e9s \u00e0 d\u00e9velopper leurs propres protocoles de l&rsquo;administration de ces m\u00e9dicaments. Le r\u00e9sultat a \u00e9t\u00e9 une grande vari\u00e9t\u00e9 de diff\u00e9rentes approches pour l&rsquo;utilisation de ces agents, certains plus s\u00fbre et plus efficace que d&rsquo;autres. Bien qu&rsquo;il ne serait pas possible d&rsquo;\u00e9valuer globalement toutes les approches connues, cet article va discuter de certaines des plus fondamentaux de temps et de m\u00e9thodes \u00e9prouv\u00e9es pour l&rsquo;utilisation de l&rsquo;AAS.<\/p>\n<h3>Lire la suite<\/h3>\n<p><a href=\"http:\/\/getanabolics.biz\/fr\/achetez-dianabol-en-ligne-sur-getanabolics-biz\/\">ACHETER DIANABOL EN LIGNE SUR GETANABOLICS.BIZ<\/a><\/p>\n<p><a href=\"http:\/\/getanabolics.biz\/fr\/winstrol-cest-quoi-et-pour-quoi-il-sagit\/\">WINSTROL, QU&rsquo;EST-CE QUE C&rsquo;EST?<\/a><\/p>\n<p><a href=\"http:\/\/getanabolics.biz\/fr\/cytomel-t3-avis-sur-getanabolics-biz\/\">CYTOMEL T3 REVIEWS SUR GETANABOLICS.BIZ<\/a><\/p>\n<p><a href=\"http:\/\/getanabolics.biz\/fr\/pause-entre-les-cours-de-steroides-et-pct\/\">PAUSE ENTRE STEROID COURS ET PCT<\/a><\/p>\n<p><a href=\"http:\/\/getanabolics.biz\/fr\/quelle-est-lefficacite-du-pont-steroide\/\">\u00c0 quel point le pont st\u00e9roidien est-il efficace?<\/a><\/p>\n","protected":false},"excerpt":{"rendered":"<p>100 tabs <a href=\"http:\/\/getanabolics.biz\/fr\/produit\/clenbuterol-40-100-tabs-each-40-mcg-clenbuterol-hydrochloride\/\">Clenbuterol 40 &#8211; Maxtreme<\/a><br \/>\n100 tabs <a href=\"http:\/\/getanabolics.biz\/fr\/produit\/rexobol-10-acheter-winstrol-pilules-50-onglets-chacun-contient-10-mg-de-stanozolol\/\">Winstrol tabs 10 &#8211; Alpha Pharma<\/a><br \/>\n100 tabs <a href=\"http:\/\/getanabolics.biz\/fr\/produit\/anavar-50-tabs-x-10mg-total-500mg-oxandrolone-3\/\">Anavar &#8211;\u00a0Maxtreme<\/a><br \/>\n1 pack <a href=\"http:\/\/getanabolics.biz\/fr\/produit\/cytomel-t3-100-50-tabs-each-100-mcg-liothyronine-sodium\/\">Cytomel (T3) &#8211; 100 &#8211;\u00a0Maxtreme<\/a><br \/>\n50 tabs<a href=\"http:\/\/getanabolics.biz\/fr\/produit\/proviron-buy-proviron-50-tabs-each-tab-25mg-mesterolone\/\"> Proviron &#8211; Bayer\/Schering<\/a><\/p>\n","protected":false},"featured_media":32350566,"comment_status":"closed","ping_status":"closed","template":"","meta":[],"product_cat":[456],"product_tag":[485,505,526,507,474],"_links":{"self":[{"href":"https:\/\/getanabolics.biz\/fr\/wp-json\/wp\/v2\/product\/32350609"}],"collection":[{"href":"https:\/\/getanabolics.biz\/fr\/wp-json\/wp\/v2\/product"}],"about":[{"href":"https:\/\/getanabolics.biz\/fr\/wp-json\/wp\/v2\/types\/product"}],"replies":[{"embeddable":true,"href":"https:\/\/getanabolics.biz\/fr\/wp-json\/wp\/v2\/comments?post=32350609"}],"wp:featuredmedia":[{"embeddable":true,"href":"https:\/\/getanabolics.biz\/fr\/wp-json\/wp\/v2\/media\/32350566"}],"wp:attachment":[{"href":"https:\/\/getanabolics.biz\/fr\/wp-json\/wp\/v2\/media?parent=32350609"}],"wp:term":[{"taxonomy":"product_cat","embeddable":true,"href":"https:\/\/getanabolics.biz\/fr\/wp-json\/wp\/v2\/product_cat?post=32350609"},{"taxonomy":"product_tag","embeddable":true,"href":"https:\/\/getanabolics.biz\/fr\/wp-json\/wp\/v2\/product_tag?post=32350609"}],"curies":[{"name":"wp","href":"https:\/\/api.w.org\/{rel}","templated":true}]}}