{"id":32350401,"date":"2017-05-10T13:38:02","date_gmt":"2017-05-10T13:38:02","guid":{"rendered":"http:\/\/getanabolics.biz\/?page_id=32350401\/"},"modified":"2022-06-15T07:28:43","modified_gmt":"2022-06-15T07:28:43","slug":"contactez-nous","status":"publish","type":"page","link":"https:\/\/getanabolics.biz\/fr\/contactez-nous\/","title":{"rendered":"Contactez nous"},"content":{"rendered":"<p>DES INFORMATIONS IMPORTANTES CONCERNANT L&rsquo;\u00c9TAT DE VOTRE COMMANDE.<br \/>\nMERCI DE LIRE AVANT DE VOUS SOUMETTRE UN TICKET DE CAUSE IL VA VOUS PERMETTRE D&rsquo;OBTENIR DE L&rsquo;AIDE PLUS RAPIDEMENT<\/p>\n<p>Bonjour et merci \u00e0 vous de nous contacter! Nos Sp\u00e9cialistes de Produits et de Service \u00e0 la Client\u00e8le Gestionnaires sont impatients de vous aider avec vos questions ou pr\u00e9occupations. Veuillez s\u00e9lectionner le d\u00e9partement \u00e0 partir de notre menu d\u00e9roulant ci-dessous et nous allons vous aider sur un premier arriv\u00e9, premier servi, pendant nos heures normales de travail. Toutes les questions re\u00e7ues apr\u00e8s les heures de bureau ou le week-end sera r\u00e9pondu le jour ouvrable suivant.<\/p>\n<p>Les billets sont g\u00e9n\u00e9ralement r\u00e9pondu dans un d\u00e9lai de 48 heures.<br \/>\nDans le cas o\u00f9 un probl\u00e8me est signal\u00e9 vendredi, vous obtiendrez la r\u00e9ponse lundi.<\/p>\n<p>Votre \u00e9tat actuel de la commande peut \u00eatre v\u00e9rifi\u00e9 sur <a href=\"https:\/\/orderstatus.live\/\" target=\"_blank\" rel=\"nofollow noopener noreferrer\">https:\/\/orderstatus.live\/<\/a> de la page<br \/>\nIl a des infos concernant:<\/p>\n<p>1) le Statut de votre paiement (approuv\u00e9e, refus\u00e9e ou en attente de v\u00e9rification)<br \/>\n2) le Statut de votre commande (pass\u00e9e pour l&rsquo;exp\u00e9dition, exp\u00e9dition, r\u00e9exp\u00e9di\u00e9 si saisi).<br \/>\n3) une Fois que la commande est exp\u00e9di\u00e9e le code de suivi sera \u00e9galement y figurer. Il peut \u00eatre trac\u00e9 sur le site suivant: <a href=\"http:\/\/aftership.com\/\" target=\"_blank\" rel=\"nofollow noopener noreferrer\">AfterShip.com<\/a><\/p>\n<p>Si vous souhaitez signaler tout probl\u00e8me s&rsquo;il vous pla\u00eet soumettre un nouveau ticket de support ici:<br \/>\n<a href=\"https:\/\/bodybuilding.freshdesk.com\/support\/home\" target=\"_blank\" rel=\"nofollow noopener noreferrer\">https:\/\/bodybuilding.freshdesk.com\/<\/a><\/p>\n","protected":false},"excerpt":{"rendered":"<p>DES INFORMATIONS IMPORTANTES CONCERNANT L&rsquo;\u00c9TAT DE VOTRE COMMANDE. MERCI DE LIRE AVANT DE VOUS SOUMETTRE UN TICKET DE CAUSE IL VA VOUS PERMETTRE D&rsquo;OBTENIR DE L&rsquo;AIDE PLUS RAPIDEMENT Bonjour et merci \u00e0 vous de nous contacter! Nos Sp\u00e9cialistes de Produits et de Service \u00e0 la Client\u00e8le Gestionnaires sont impatients de<a class=\"jstore-read-more\" href=\"https:\/\/getanabolics.biz\/fr\/contactez-nous\/\" rel=\"nofollow\">Read More &hellip;<\/a><\/p>\n","protected":false},"author":1,"featured_media":0,"parent":0,"menu_order":0,"comment_status":"closed","ping_status":"closed","template":"","meta":[],"_links":{"self":[{"href":"https:\/\/getanabolics.biz\/fr\/wp-json\/wp\/v2\/pages\/32350401"}],"collection":[{"href":"https:\/\/getanabolics.biz\/fr\/wp-json\/wp\/v2\/pages"}],"about":[{"href":"https:\/\/getanabolics.biz\/fr\/wp-json\/wp\/v2\/types\/page"}],"author":[{"embeddable":true,"href":"https:\/\/getanabolics.biz\/fr\/wp-json\/wp\/v2\/users\/1"}],"replies":[{"embeddable":true,"href":"https:\/\/getanabolics.biz\/fr\/wp-json\/wp\/v2\/comments?post=32350401"}],"version-history":[{"count":2,"href":"https:\/\/getanabolics.biz\/fr\/wp-json\/wp\/v2\/pages\/32350401\/revisions"}],"predecessor-version":[{"id":32352340,"href":"https:\/\/getanabolics.biz\/fr\/wp-json\/wp\/v2\/pages\/32350401\/revisions\/32352340"}],"wp:attachment":[{"href":"https:\/\/getanabolics.biz\/fr\/wp-json\/wp\/v2\/media?parent=32350401"}],"curies":[{"name":"wp","href":"https:\/\/api.w.org\/{rel}","templated":true}]}}