{"id":32350386,"date":"2017-05-10T12:02:06","date_gmt":"2017-05-10T12:02:06","guid":{"rendered":"http:\/\/getanabolics.biz\/?page_id=32350386\/"},"modified":"2017-05-10T12:02:06","modified_gmt":"2017-05-10T12:02:06","slug":"faq","status":"publish","type":"page","link":"https:\/\/getanabolics.biz\/fr\/faq\/","title":{"rendered":"FAQ"},"content":{"rendered":"<p><strong>qu&rsquo;est-Ce que la qualit\u00e9 de vos produits?<\/strong><\/p>\n<p>Tous nos produits sont 100% originaux provenant directement de la c\u00e9l\u00e8bre m\u00e9dicament distributeurs, et vous vous sentez ce, d\u00e8s le premier coup d&rsquo;injection ou de le premier onglet. Les marques que nous avons \u00e0 faire sont des Alpha Pharma, Vermodje, Maxtreme, Dragon Pharma, Eminence Laboratoires, du Corps, de la Recherche et de beaucoup d&rsquo;autres.<\/p>\n<p><strong>vous \u00cates une entreprise l\u00e9gitime?<\/strong><\/p>\n<p>Nous sommes un professionnel de messagerie de service de commande de licence pour vendre et distribuer des produits pharmaceutiques. Nous avons \u00e9tabli depuis plus de 5 ans, fournissant de l&rsquo;original, de haute qualit\u00e9 de st\u00e9ro\u00efdes anabolisants et de bodybuilding produits connexes, ordonnance gratuit sur Internet.<\/p>\n<p><strong>Dois-je besoin d&rsquo;une prescription \u00e0 l&rsquo;ordre?<\/strong><\/p>\n<p>Une ordonnance n&rsquo;est PAS n\u00e9cessaire de commander nos produits<\/p>\n<p><strong>Est-il l\u00e9gal d&rsquo;acheter ces produits?<\/strong><\/p>\n<p>Depuis les lois diff\u00e8rent d&rsquo;un pays \u00e0 l&rsquo;autre, nous vous recommandons de vous adresser \u00e0 un avocat qualifi\u00e9, en ce qui concerne la r\u00e9glementation et les restrictions de votre pays.<\/p>\n<p><strong>Quelle est la dur\u00e9e de l&rsquo;ensemble du processus de commande et de livraison?<\/strong><\/p>\n<p>La confirmation de la commande avec la liste des produits achet\u00e9s est envoy\u00e9 \u00e0 votre contact e-mail une fois la commande est plac\u00e9e.<br \/>\nUne fois le paiement re\u00e7u, nous traitons et exp\u00e9dions votre commande dans les 2-5 jours ouvrables. D\u00e9lai de livraison d\u00e9pend de divers facteurs tels que la m\u00e9thode de notre exp\u00e9dition, l&rsquo;efficacit\u00e9 des services postaux, de d\u00e9douanement, de transit international, etc., c&rsquo;est pourquoi nous ne pouvons que vous donner une approximation bas\u00e9e sur des statistiques et notre exp\u00e9rience.<\/p>\n<p>Habituellement exp\u00e9dition aux etats-unis (o\u00f9 la plupart de nos clients sont \u00e0 venir \u00e0 partir de) prend de 7 \u00e0 15 jours ouvrables une fois que le code de suivi est fourni.<\/p>\n<p><strong>modes de paiement<\/strong><\/p>\n<p>Nous sommes l&rsquo;un des rares en ligne de st\u00e9ro\u00efdes magasins qui acceptent les paiements avec les cartes de cr\u00e9dit majeures: c&rsquo;est arrang\u00e9 avec l&rsquo;aide de sites comme Western Union, MoneyGram. Nous vous proposons \u00e9galement de nous payer avec l&rsquo;aide de Bitcoins (ils peuvent \u00e9galement \u00eatre financ\u00e9s par carte de cr\u00e9dit avec une aide de coinbase, d&rsquo;un cercle ou localbitcoins.com<\/p>\n<p>Mais nous pr\u00e9f\u00e9rons que nos clients de premi\u00e8re fois de ne pas placer les commandes de plus de $750 \u00e0 l&rsquo;aide de leur carte de cr\u00e9dit. Les clients de premi\u00e8re fois avec les commandes de plus de $750 sont invit\u00e9s \u00e0 payer par virement bancaire ou par transfert d&rsquo;argent (comme Moneygram), ou bitcoins. Ces modes de paiement ne n\u00e9cessite pas de v\u00e9rification et les clients qui les utilisent d&rsquo;obtenir <strong>10% de r\u00e9duction <\/strong>sur cher les commandes \u00e0 chaque fois qu&rsquo;ils payez pas par carte de cr\u00e9dit.<\/p>\n<p>Notre deuxi\u00e8me temps les clients de profiter de rabais sur chaque nouvelle commande et sont les bienvenus \u00e0 payer par carte de cr\u00e9dit pour tout montant.<\/p>\n<p><strong>Comment mon paiement est-il trait\u00e9?<\/strong><\/p>\n<p>Une fois que vous soumettez votre paiement par carte de cr\u00e9dit, nous pourrions avoir besoin pour v\u00e9rifier votre commande. C&rsquo;est pourquoi il est important pour nous d&rsquo;avoir votre <strong>num\u00e9ro de t\u00e9l\u00e9phone<\/strong>. Si la commande ne passe pas notre v\u00e9rification, ou si nous ne sommes pas en mesure de communiquer avec votre alors votre paiement par carte de cr\u00e9dit ne sera pas accept\u00e9 et nous allons vous offrir de payer via la m\u00e9thode de paiement alternative d\u00e9crite ci-dessus.<\/p>\n<p>Une fois que votre paiement est v\u00e9rifi\u00e9 et \u00e0 passer notre lutte antifraude de contr\u00f4le de votre carte sera d\u00e9bit\u00e9e. G\u00e9n\u00e9ralement approuv\u00e9 les paiements sont trait\u00e9s et r\u00e9gl\u00e9s dans les 1-2 jours ouvrables et que votre commande est pass\u00e9e pour l&rsquo;exp\u00e9dition par la suite.<\/p>\n<p><strong>Quel est le montant maximum que je peux commander en une seule fois?<\/strong><\/p>\n<p>Nous n&rsquo;avons pas de limite \u00e0 combien vous pouvez commander. Cependant, vous devriez consulter une personne qualifi\u00e9e au sujet de la quantit\u00e9 que vous souhaitez commander, car il peut y avoir des r\u00e8glements d&rsquo;importation sur ces produits sp\u00e9cifiques en quantit\u00e9.<\/p>\n<p>Nous vous recommandons notre premi\u00e8re fois que client de le faire un test d&rsquo;achat et apr\u00e8s vous voyez que vous heureux avec nos services, nous nous ferons un plaisir de vous servir plus.<\/p>\n<p><strong>j&rsquo;ai plac\u00e9 l&rsquo;ordre, mais ma carte n&rsquo;est pas d\u00e9bit\u00e9e?<\/strong><\/p>\n<p>Votre carte n&rsquo;est pas d\u00e9bit\u00e9e imm\u00e9diatement apr\u00e8s votre achat. Processus de v\u00e9rification prend de 2 heures \u00e0 2 jours ouvrables. Si votre carte n&rsquo;est pas d\u00e9bit\u00e9e dans un d\u00e9lai de 2 jours ouvrables apr\u00e8s votre achat, veuillez nous contacter et nous allons enqu\u00eater sur ce point.<\/p>\n<p><strong>Mon adresse de livraison est diff\u00e9rente de l&rsquo;adresse de facturation.<\/strong><\/p>\n<p>Ce n&rsquo;est pas un probl\u00e8me, tant que les noms sur la carte de cr\u00e9dit et sur la destination de livraison sont les m\u00eames. Mais dans le cas o\u00f9 nous sommes conseils par la passerelle de paiement pour v\u00e9rifier cette commande s&rsquo;il vous pla\u00eet \u00eatre pr\u00e9par\u00e9s \u00e0 ce que nous aurons besoin de v\u00e9rification suppl\u00e9mentaire.<\/p>\n<p>Si le pays de facturation est diff\u00e9rente de l&rsquo;exp\u00e9dition de pays, nous avons besoin de payer par le biais de toute autre m\u00e9thode de paiement.<\/p>\n<p><strong>je Peux payer par virement bancaire et quels sont les avantages si je choisis ce mode de paiement?<\/strong><\/p>\n<p>Nous proposons des <strong>5% de r\u00e9duction<\/strong> sur toute commande pay\u00e9e par virement bancaire. Plus <strong>nous couvrons les frais de transfert bancaire<\/strong>. Par exemple, si votre commande est de 400 $et vous \u00eates pr\u00eat \u00e0 payer de l&rsquo;argent via la banque le montant total que vous devrez envoyer est de $400 \u2013 $20 (5% de remise) \u2013 $40 (banque les frais de transfert) = $340<\/p>\n<p>Si le total de votre commande est de plus de 750$, nous vous proposons de <strong>10% de r\u00e9duction<\/strong> ainsi que tout autre l&rsquo;escompte que vous get (retour client, code promo ou toute particuli\u00e8re \u00e0 la promotion des r\u00e9ductions) de plus, nous avons compenser les frais de transfert bancaire.<\/p>\n<p>Les clients europ\u00e9ens peuvent payer via Uberweisung (Allemagne) et IBAN virement \u00e0 notre compte bancaire de l&rsquo;UE. SEPA virements sont gratuits et vous obtenez <strong>10% de r\u00e9duction<\/strong> sur n&rsquo;importe quel ordre.<\/p>\n<p>Les paiements via la banque ne n\u00e9cessite pas de v\u00e9rification et sont normalement trait\u00e9es et effac\u00e9es dans un d\u00e9lai de 1-2 jours ouvrables. Ainsi, vous obtenez votre commande plus rapidement.<\/p>\n<p><strong>Ce que des r\u00e9ductions proposez-vous?<\/strong><\/p>\n<p>Nous avons la liste suivante de r\u00e9ductions disponibles d\u00e8s maintenant:<\/p>\n<ul>\n<li>5% de r\u00e9duction sur les commandes de moins de 750 $si la m\u00e9thode de paiement est le virement bancaire, transfert d&rsquo;argent ou de bitcoins.<\/li>\n<li>10% de rabais sur les commandes avec un total de plus de 750$, si la m\u00e9thode de paiement est le virement bancaire, transfert d&rsquo;argent ou de bitcoins.<\/li>\n<li>5% sur tout le retour d&rsquo;une commande client.<\/li>\n<li>10% sur tout retour de commande d&rsquo;un client avec la valeur de plus de 750 $(peu importe la m\u00e9thode de paiement choisi).<\/li>\n<\/ul>\n<p>&nbsp;<\/p>\n<p>De Plus, nous offrons diff\u00e9rents types de ventes saisonni\u00e8res et des promotions, comme des r\u00e9ductions sur notre st\u00e9ro\u00efdes cycles.<\/p>\n<p><strong>Comment les produits sont exp\u00e9di\u00e9s?<\/strong><\/p>\n<p>Lors du paiement, votre commande est pass\u00e9e pour l&rsquo;exp\u00e9dition et le suivi de code est fourni dans les 2-5 jours ouvrables.<\/p>\n<p>Nous utilisons EMS (USPS) tra\u00e7abilit\u00e9 de l&rsquo;exp\u00e9dition qui n\u00e9cessite une signature \u00e0 l&rsquo;arriv\u00e9e du produit. Tous les paquets peuvent \u00eatre trac\u00e9es par l&rsquo;interm\u00e9diaire de ces sites:<\/p>\n<p>https:\/\/www.usps.com (etats-unis les commandes lorsque l&rsquo;article est d\u00e9j\u00e0 dans les etats-unis)<\/p>\n<p>http:\/\/www.track-trace.com\/post (les paquets envoy\u00e9s \u00e0 n&rsquo;importe quel pays \u00e0 n&rsquo;importe quel stade de la livraison)<\/p>\n<p><strong>Comment sont en vrac\/commandes grande quantit\u00e9 exp\u00e9di\u00e9e?<\/strong><\/p>\n<p>Si la commande est trop assez grand pour ne pas rentrer dans le m\u00eame envoi enveloppe comme un ordre de petite taille, nous garantissons la commande sera divis\u00e9 en quantit\u00e9 n\u00e9cessaire de paquets. Peu importe la taille de votre commande, nous vous rassurer le m\u00eame niveau de discr\u00e9tion et de reconditionnement est utilis\u00e9 comme avec un ordre de petite taille. Plus aucune question sur votre commande la taille, vous devrez payer de frais de port qu&rsquo;une seule fois.<\/p>\n<p><strong>Combien de temps dure le processus d&rsquo;exp\u00e9dition?<\/strong><\/p>\n<p>D\u00e9lai de livraison estim\u00e9 est de 5 \u00e0 17 jours ouvrables, selon la destination.<br \/>\n5-12 jours ouvrables aux etats-unis, au Canada, en Europe et en Asie<br \/>\nDe 8 \u00e0 17 jours ouvrables pour l&rsquo;Afrique du Sud<\/p>\n<p><strong>Est-il possible pour un d\u00e9lai de livraison?<\/strong><\/p>\n<p>D\u00e9lai de livraison d\u00e9pend de divers facteurs tels que l&rsquo;efficacit\u00e9 des services postaux, de d\u00e9douanement, de transit international, etc., c&rsquo;est pourquoi nous vous donnons une approximation bas\u00e9e sur des statistiques et notre exp\u00e9rience.<\/p>\n<p>G\u00e9n\u00e9ralement de 80 \u00e0 85% de l&rsquo;avion de paquets arrivent dans les 10 jours, et de 15 \u00e0 20% arrivent dans un d\u00e9lai de 10 \u00e0 15 jours ouvrables. C&rsquo;est une r\u00e9flexion d&rsquo;incoh\u00e9rences avec les diff\u00e9rents postal repr\u00e9sentants, et non sur les services fournis par nous. Le principal retard se produit en raison de d\u00e9douanement dans le pays o\u00f9 les produits sont envoy\u00e9s \u00e0 partir et la coutume dans les pays de destination. Dans le cas o\u00f9 vous voyez que votre code de suivi ne bouge pas pendant 5 jours c&rsquo;est la principale raison pourquoi cela se produit.<\/p>\n<p>Chaque envoi \u00e0 l&rsquo;international passe normalement dans le local et national du service postal dans le pays d&rsquo;origine, puis \u00e0 l&rsquo;exportation, ainsi que l&rsquo;exp\u00e9dition de transfert \u00e0 travers les ports de sortie, de transit dans le pays de destination avec le service postal international, de l&rsquo;importation dans le pays de destination (d\u00e9douanement), et enfin le local et national du service postal dans le pays de destination. Chaque \u00e9tape a un impact sur le d\u00e9lai de livraison. M\u00eame si la majorit\u00e9 de ces mesures sont correctement ex\u00e9cut\u00e9es en temps opportun, de l&rsquo;inefficacit\u00e9 ou temporaire inactivit\u00e9 durant toute seule \u00e9tape suffit d&rsquo;\u00e9tendre le d\u00e9lai de livraison de plus de l&rsquo;habitude et le temps imparti<\/p>\n<p><strong>livrez-vous \u00e0 P. O. Box?<\/strong><\/p>\n<p>Oui, nous exp\u00e9dions \u00e0 P. O. Bo\u00eetes<\/p>\n<p><strong>une signature Est requise pour la livraison et pourquoi?<\/strong><\/p>\n<p>Oui, notre m\u00e9thode d&rsquo;exp\u00e9dition requiert la signature de votre part lors de la livraison. Cela nous permet de lutter contre toute fraude rejet de d\u00e9bit lorsque le client re\u00e7oit sa commande et les revendications qu&rsquo;il n&rsquo;a jamais re\u00e7u quoi que ce soit. Nous avons 99% de taux de r\u00e9ussite de l&rsquo;obtention de tels diff\u00e9rends de carte de cr\u00e9dit, car nous fournir de la correspondance avec nos clients, leurs d\u00e9tails de la commande, \u00e0 l&rsquo;image de notre parcelle et de la confirmation de service postal que l&rsquo;article est livr\u00e9. Au contraire, chaque frauduleuse des diff\u00e9rends m\u00e9faits rapport de cr\u00e9dit de frauder et les influences de son historique de cr\u00e9dit, en plus de lui payer \u00e0 partir de 25 $\u00e0 200 $pour illicite des diff\u00e9rends.<\/p>\n<p><strong>O\u00f9 livrez-vous?<\/strong><\/p>\n<p>L&rsquo;exp\u00e9dition est organis\u00e9e \u00e0 partir de l&rsquo;Inde, de Singapour, de la Tha\u00eflande, de l&rsquo;Union Europ\u00e9enne. Le nom de notre organisation n&rsquo;est pas indiqu\u00e9 sur les colis et les envois sont faits \u00e0 partir de divers points de livraison pour assurer un maximum de discr\u00e9tion et de plus forte probabilit\u00e9 de r\u00e9ussite de la prestation.<\/p>\n<p>&nbsp;<\/p>\n<p><strong>Ce produit si l&#8217;emballage est saisi par la coutume?<\/strong><\/p>\n<p>Nous avons \u00e0 99,9% de r\u00e9ussite, taux de livraison aux \u00e9tats-unis, le Canada, l&rsquo;Europe et l&rsquo;Afrique du Sud. M\u00eame si les produits se saisit (possibilit\u00e9 de 1% d&rsquo;apr\u00e8s nos statistiques au fil des ann\u00e9es), nous vous proposons de re-livraison ou de cr\u00e9dit pour l&rsquo;achat de nouvelles sur notre site. Nous allons juste besoin de vous pour nous envoyer un email de notification officielle de bureau de poste ou de la coutume que le paquet a \u00e9t\u00e9 arr\u00eat\u00e9 et nous allons organiser une nouvelle livraison dans un d\u00e9lai de 3 jours ouvrables.<\/p>\n<p><strong>quels pays livrez-vous?<\/strong><\/p>\n<p>Nous exp\u00e9dions dans le monde entier.<\/p>\n<p><strong>Livraison site me dit que le suivi n&rsquo;existe pas.<\/strong><\/p>\n<p>Le suivi peut \u00eatre effectu\u00e9 apr\u00e8s 72 heures, car \u00e0 partir de notre centre de livraison de paquet est consacr\u00e9e \u00e0 la logistique d&rsquo;entrep\u00f4t et attend personnalis\u00e9. Si le code de suivi n&rsquo;appara\u00eet pas dans le syst\u00e8me au bout de 3 jours ouvrables, veuillez nous contacter et nous allons enqu\u00eater sur ce point.<\/p>\n<p>Nous recommandons \u00e0 nos clients am\u00e9ricains \u00e0 utiliser track-trace.com le site jusqu&rsquo;au point atteint \u00e9tats-unis. Apr\u00e8s cela, vous pouvez utiliser USPS site pour suivre votre colis. Nous vous recommandons d&rsquo;entrer votre e-mail sur USPS site pour obtenir toutes les mise \u00e0 jour sur l&rsquo;\u00e9tat de la livraison.<\/p>\n<p><strong>Ordre d&rsquo;arriv\u00e9e, mais il n&rsquo;est pas complet.<\/strong><\/p>\n<p>Veuillez nous contacter si vous avez un tel probl\u00e8me. Nous aurons besoin de vous pour nous envoyer la photo de ce que vous avez, y compris les \u00e9tiquettes de l&#8217;emballage. Cela va nous aider \u00e0 enqu\u00eater sur la fa\u00e7on dont cela s&rsquo;est pass\u00e9 pour \u00e9viter de tels probl\u00e8mes \u00e0 l&rsquo;avenir. D&rsquo;habitude nous sommes de retour avec la suite de l&rsquo;enqu\u00eate dans un d\u00e9lai de 2 jours ouvrables. Ainsi, nous pouvons vous proposer de livrer des \u00e9l\u00e9ments manquants, remboursement partiel, le cr\u00e9dit vers votre nouvel achat et bon de r\u00e9duction pour compenser ce probl\u00e8me.<\/p>\n<p><strong>Mon code de suivi ne bouge pas.<\/strong><\/p>\n<p>Habituellement, cela se produit lorsque les \u00e9l\u00e9ments sont en cours sur la coutume et sont en attente de d\u00e9douanement. Cela ne signifie pas aucun probl\u00e8me. Mais si votre code de suivi ne montre pas de progr\u00e8s dans un d\u00e9lai de 10 jours s&rsquo;il vous pla\u00eet contactez-nous et nous allons enqu\u00eater sur ce point. Nous pouvons \u00e9galement vous conseiller de contacter votre bureau local de l&rsquo;EMS (USPS) office avec le code de suivi pour obtenir des informations d\u00e9taill\u00e9es lorsque le point est \u00e0 droite maintenant.<\/p>\n<p><strong>Comment puis-je vous contacter?<\/strong><\/p>\n<p>Depuis nos services sont optimis\u00e9s pour \u00eatre r\u00e9alis\u00e9e en ligne et dans le monde, Vous \u00eates plus que bienvenus \u00e0 contacter notre service commercial par le biais de notre site web \u00e0 la page <strong>Contactez-nous<\/strong><strong>.<\/strong><\/p>\n<p>Habituellement e-mail les demandes re\u00e7oivent une r\u00e9ponse dans les 24 heures, mais parfois cela peut prendre de 2 jours ouvrables pour nous de r\u00e9pondre. Demandes par e-mail envoy\u00e9 vendredi sont parfois r\u00e9pondu, lundi, en raison de la diff\u00e9rence de temps dans les heures de travail de notre \u00e9quipe de support et de votre emplacement.<\/p>\n","protected":false},"excerpt":{"rendered":"<p>qu&rsquo;est-Ce que la qualit\u00e9 de vos produits? Tous nos produits sont 100% originaux provenant directement de la c\u00e9l\u00e8bre m\u00e9dicament distributeurs, et vous vous sentez ce, d\u00e8s le premier coup d&rsquo;injection ou de le premier onglet. Les marques que nous avons \u00e0 faire sont des Alpha Pharma, Vermodje, Maxtreme, Dragon Pharma,<a class=\"jstore-read-more\" href=\"https:\/\/getanabolics.biz\/fr\/faq\/\" rel=\"nofollow\">Read More &hellip;<\/a><\/p>\n","protected":false},"author":1,"featured_media":0,"parent":0,"menu_order":0,"comment_status":"closed","ping_status":"closed","template":"","meta":[],"_links":{"self":[{"href":"https:\/\/getanabolics.biz\/fr\/wp-json\/wp\/v2\/pages\/32350386"}],"collection":[{"href":"https:\/\/getanabolics.biz\/fr\/wp-json\/wp\/v2\/pages"}],"about":[{"href":"https:\/\/getanabolics.biz\/fr\/wp-json\/wp\/v2\/types\/page"}],"author":[{"embeddable":true,"href":"https:\/\/getanabolics.biz\/fr\/wp-json\/wp\/v2\/users\/1"}],"replies":[{"embeddable":true,"href":"https:\/\/getanabolics.biz\/fr\/wp-json\/wp\/v2\/comments?post=32350386"}],"version-history":[{"count":1,"href":"https:\/\/getanabolics.biz\/fr\/wp-json\/wp\/v2\/pages\/32350386\/revisions"}],"predecessor-version":[{"id":32350387,"href":"https:\/\/getanabolics.biz\/fr\/wp-json\/wp\/v2\/pages\/32350386\/revisions\/32350387"}],"wp:attachment":[{"href":"https:\/\/getanabolics.biz\/fr\/wp-json\/wp\/v2\/media?parent=32350386"}],"curies":[{"name":"wp","href":"https:\/\/api.w.org\/{rel}","templated":true}]}}