{"id":32350373,"date":"2017-05-10T10:21:53","date_gmt":"2017-05-10T10:21:53","guid":{"rendered":"http:\/\/getanabolics.biz\/?page_id=32350373\/"},"modified":"2017-05-10T10:21:53","modified_gmt":"2017-05-10T10:21:53","slug":"termes-et-conditions","status":"publish","type":"page","link":"https:\/\/getanabolics.biz\/fr\/termes-et-conditions\/","title":{"rendered":"Termes et conditions"},"content":{"rendered":"<p>Veuillez lire attentivement ce qui suit. Vous devez accepter les termes et conditions d\u00e9crits dans cette demande de participation avant de soumettre ce formulaire d&rsquo;inscription.<\/p>\n<p><strong>PRODUITS de GARANTIE<\/strong><\/p>\n<p><strong>1.<\/strong> Tous les produits ont imprim\u00e9 expriation dates. Si vous recevez des produits avec la date d&rsquo;expiration, ne l&rsquo;utilisez pas et contactez-nous. Sauf indication contraire, et sous r\u00e9serve de vos droits l\u00e9gaux en mati\u00e8re de qualit\u00e9 et d&rsquo;aptitude \u00e0 l&rsquo;usage, nous ne faisons aucune repr\u00e9sentation ou garantie, expresse ou implicite, d&rsquo;aucune sorte \u00e0 l&rsquo;\u00e9gard des produits vendus.<\/p>\n<p><strong>LIVRAISON de PRODUITS<\/strong><\/p>\n<p><strong>2.<\/strong> Nous envelopper les objets en carbone du papier photo. Xray ne pourront pas p\u00e9n\u00e9trer. \u00c0 votre demande, nous ne pouvons cacher vos biens pour les jouets, cassettes vid\u00e9o, des jouets, etc.<\/p>\n<p><strong>3.<\/strong> Nous allons livrer les marchandises command\u00e9es \u00e0 l&rsquo;-je donn\u00e9 par vous au moment o\u00f9 vous avez effectu\u00e9 votre commande.<\/p>\n<p>de <strong>4.<\/strong> d\u00e9lai de livraison Estim\u00e9 pour nos r\u00e9guli\u00e8re par avion d&rsquo;exp\u00e9dition est: un maximum de 10 \u00e0 13 jours dans les etats-unis, et de 9 \u00e0 12 jours pour l&rsquo;Europe, pour l&rsquo;Express \u2013 1-3 jours ouvrables. Nous ne pouvons pas \u00eatre responsables des retards de livraison caus\u00e9s par les jours f\u00e9ri\u00e9s, ou par le service de messagerie en charge de la livraison. Toutes les dates que nous vous donnons pour la livraison sont approximatives et nous ne serons pas responsables pour toutes pertes, co\u00fbts, dommages, frais, par le Service Postal ou frais occasionn\u00e9s par un retard dans la livraison de la marchandise, sauf caus\u00e9s par notre n\u00e9gligence. L&rsquo;allemagne, le Canada, l&rsquo;Australie accouchements ont lieu avec pli recommand\u00e9 \u00e0 la poste (pas de livraison express), qui dure de 12 \u00e0 15 jours ouvrables. De cette fa\u00e7on, les chances pour les articles \u00e0 \u00eatre saisi sur la coutume sont plusieurs fois plus faible. Si le paquet n&rsquo;est pas livr\u00e9 en raison des probl\u00e8mes de nos clients (n&rsquo;\u00e9tait pas \u00e0 la maison, a \u00e9chou\u00e9 \u00e0 obtenir l&rsquo;\u00e9l\u00e9ment de post dans le temps) nous ne sommes pas en mesure de le r\u00e9exp\u00e9dier vos articles. Seuls les \u00e9l\u00e9ments saisis par la coutume ou endommag\u00e9 \u00e0 l&rsquo;int\u00e9rieur de livraison sont r\u00e9exp\u00e9di\u00e9s.<\/p>\n<p><strong>5.<\/strong> Vous deviendrez propri\u00e9taire des produits que vous avez command\u00e9 une fois qu&rsquo;ils ont \u00e9t\u00e9 livr\u00e9s \u00e0 votre adresse de livraison indiqu\u00e9e. Une fois que les marchandises ont \u00e9t\u00e9 livr\u00e9es, nous n&rsquo;avons plus aucune responsabilit\u00e9 pour toute perte ou avarie de la marchandise.<\/p>\n<p><strong>6.<\/strong> Avec les douanes, nous avons \u00e0 99,9% de r\u00e9ussite aux etats-unis, le succ\u00e8s de 99,5% pour le Canada et l&rsquo;Europe et de 97% pour l&rsquo;Afrique du Sud. M\u00eame si les produits se saisit ( possibilit\u00e9 de 1% d&rsquo;apr\u00e8s nos statistiques au fil des ann\u00e9es), nous avons une couverture de 100% de la perte.<\/p>\n<p><strong>ACHAT<\/strong><\/p>\n<p><strong>7.<\/strong> Pour commander des produits ou des services, vous devez avoir au moins 18 ans.<br \/>\nn&rsquo;assume aucune responsabilit\u00e9 pour la confirmation des exigences et r\u00e8glements de l&rsquo;achat et le pays de l&rsquo;acheteur d&rsquo;origine. Tous les produits sont exp\u00e9di\u00e9s<br \/>\n\u2022 au risque de l&rsquo;acheteur.<br \/>\n\u2022 en accord de la tenue r\u00e9serv\u00e9e \u00e0 l&rsquo;\u00e9gard de toute action judiciaire qui pourrait \u00eatre intent\u00e9e \u00e0 l&rsquo;encontre de l&rsquo;acheteur s&rsquo;il n&rsquo;agit pas en conformit\u00e9 avec les r\u00e8glements et les lois d&rsquo;importation du pays de destination.<\/p>\n<p><strong>8.<\/strong> les Prix sont sujets \u00e0 changement selon l&rsquo;International taux de change et les changements dans les prix de revient, sans aucun autre avis.<\/p>\n<p><strong>9.<\/strong> la Disponibilit\u00e9 des produits est sujette \u00e0 changement sans pr\u00e9avis.<\/p>\n<p><strong>10.<\/strong> annulation de Commande apr\u00e8s le paiement a \u00e9t\u00e9 trait\u00e9 ne sont pas accept\u00e9s.<\/p>\n<p><strong>11.<\/strong> Apr\u00e8s que vous ach\u00e8terez, vous recevrez ellectronic projet de loi qui comprendra, votre num\u00e9ro de commande, les sp\u00e9cifications de votre commande, le nom d&rsquo;utilisateur et le mot de passe (que vous\/choisir\/n), ce qui vous permettra de v\u00e9rifier le statut de votre commande.<\/p>\n<p>de <strong>la RESPONSABILIT\u00c9<\/strong><\/p>\n<p><strong>12.<\/strong> Si les informations de livraison incorrecte est fourni par l&rsquo;acheteur, la commande peut \u00eatre misdelivered et\/ou retourn\u00e9s \u00e0 l&rsquo;exp\u00e9diteur. n&rsquo;assume aucune responsabilit\u00e9 pour les pertes de commandes caus\u00e9 par cette erreur de livraison ou des pertes qui se produisent. La raison principale est que les envois ne peuvent \u00eatre renvoy\u00e9s en raison d&rsquo;exp\u00e9dition discr\u00e8te.<\/p>\n<p><strong>AVERTISSEMENT<\/strong><\/p>\n<p><strong>13.<\/strong> n&rsquo;Assume aucune responsabilit\u00e9 pour l&rsquo;utilisation de tous les produits fournis. Le mat\u00e9riel contenu sur ce site web (et sur tous les sites li\u00e9s \u00e0 partir et \u00e0 ce site) \u00e0 titre d&rsquo;information g\u00e9n\u00e9rale seulement et ne vise pas \u00e0 promouvoir ou soutenir la prise de st\u00e9ro\u00efdes anabolisants\/androg\u00e8nes ou d&rsquo;autres drogues. Par la consultation de ces informations et l&rsquo;achat de st\u00e9ro\u00efdes, vous vous engagez \u00e0 sauver pour toujours inoffensifs acheter anabolisants, de ses dirigeants, administrateurs ou ayants droit respectifs de quelque dommage est survenu, quelle qu&rsquo;en soit d\u00e9coulant, connus ou inconnus, pr\u00e9vues ou impr\u00e9vues.<\/p>\n<p><strong>14.<\/strong> N&rsquo;a pas de d\u00e9fenseur, d&rsquo;encourager, de poss\u00e9der, ou de tenter d&rsquo;obtenir les st\u00e9ro\u00efdes anabolisants ou d&rsquo;autres substances contr\u00f4l\u00e9es et ne peut \u00eatre tenu responsable pour les actions prises par nos visiteurs et clients.<\/p>\n<p><strong>15.<\/strong> Les descriptions et les opinions pr\u00e9sent\u00e9es dans ce site ne sont pas des suggestions ou des conseils m\u00e9dicaux, mais sont g\u00e9n\u00e9ralement bas\u00e9s sur des valeurs sp\u00e9culatives et subjectives. Chaque athl\u00e8te qui envisage de prendre ces m\u00e9dicaments devraient toujours consulter d&rsquo;abord un m\u00e9decin agr\u00e9\u00e9 comme leur usage abusif et incontr\u00f4l\u00e9 peut provoquer des effets secondaires n\u00e9fastes et permanents. Nous d\u00e9sapprouvons acharnement de l&rsquo;administration de produits pharmaceutiques \u00e0 des mineurs pour une meilleure performance athl\u00e9tique.<\/p>\n<p><strong>!<\/strong> votre ACHAT INDIQUE VOTRE ACCEPTATION DE CES TERMES ET CONDITIONS.<br \/>\n<strong>!<\/strong> NE PAS valider VOTRE COMMANDE SI VOUS NE les ACCEPTEZ PAS.<br \/>\n<strong>!<\/strong> RESERVS LE droit DE ne traiter ET EXP\u00c9DIER les COMMANDES, SI LES conditions SUIVANTES<br \/>\n<strong>!<\/strong> TERMES ET CONDITIONS SONT ACCEPT\u00c9ES AVEC UNE confirmation de l&rsquo;ACCORD DE L&rsquo;ACHETEUR.<br \/>\n<strong>!<\/strong> L&rsquo;ACHETEUR s&rsquo;engage \u00c0 RESPECTER TOUTES les r\u00e8gles de l&rsquo;ENTREPRISE LORS de la PASSATION ET de l&rsquo;ORDRE AVEC NOUS.<\/p>\n","protected":false},"excerpt":{"rendered":"<p>Veuillez lire attentivement ce qui suit. Vous devez accepter les termes et conditions d\u00e9crits dans cette demande de participation avant de soumettre ce formulaire d&rsquo;inscription. PRODUITS de GARANTIE 1. Tous les produits ont imprim\u00e9 expriation dates. Si vous recevez des produits avec la date d&rsquo;expiration, ne l&rsquo;utilisez pas et contactez-nous.<a class=\"jstore-read-more\" href=\"https:\/\/getanabolics.biz\/fr\/termes-et-conditions\/\" rel=\"nofollow\">Read More &hellip;<\/a><\/p>\n","protected":false},"author":1,"featured_media":0,"parent":0,"menu_order":0,"comment_status":"closed","ping_status":"closed","template":"","meta":[],"_links":{"self":[{"href":"https:\/\/getanabolics.biz\/fr\/wp-json\/wp\/v2\/pages\/32350373"}],"collection":[{"href":"https:\/\/getanabolics.biz\/fr\/wp-json\/wp\/v2\/pages"}],"about":[{"href":"https:\/\/getanabolics.biz\/fr\/wp-json\/wp\/v2\/types\/page"}],"author":[{"embeddable":true,"href":"https:\/\/getanabolics.biz\/fr\/wp-json\/wp\/v2\/users\/1"}],"replies":[{"embeddable":true,"href":"https:\/\/getanabolics.biz\/fr\/wp-json\/wp\/v2\/comments?post=32350373"}],"version-history":[{"count":1,"href":"https:\/\/getanabolics.biz\/fr\/wp-json\/wp\/v2\/pages\/32350373\/revisions"}],"predecessor-version":[{"id":32350374,"href":"https:\/\/getanabolics.biz\/fr\/wp-json\/wp\/v2\/pages\/32350373\/revisions\/32350374"}],"wp:attachment":[{"href":"https:\/\/getanabolics.biz\/fr\/wp-json\/wp\/v2\/media?parent=32350373"}],"curies":[{"name":"wp","href":"https:\/\/api.w.org\/{rel}","templated":true}]}}