{"id":32350360,"date":"2017-05-10T08:40:38","date_gmt":"2017-05-10T08:40:38","guid":{"rendered":"http:\/\/getanabolics.biz\/?page_id=32350360\/"},"modified":"2017-05-10T08:40:38","modified_gmt":"2017-05-10T08:40:38","slug":"avertissement","status":"publish","type":"page","link":"https:\/\/getanabolics.biz\/fr\/avertissement\/","title":{"rendered":"Avertissement"},"content":{"rendered":"<p>Ces produits ne doivent pas \u00eatre utilis\u00e9s par des personnes de moins de 18 ans, v\u00e9rifiez aupr\u00e8s d&rsquo;un m\u00e9decin autoris\u00e9 que vous \u00eates en bonne sant\u00e9 physique avant utilisation. Ne prenez pas si vous \u00eates enceinte ou si vous allaitez. Un r\u00e9gime de formation strict devrait \u00eatre respect\u00e9, et un r\u00e9gime nutritionnel sain devrait \u00eatre mis en place pour maximiser les r\u00e9sultats de l&rsquo;utilisation de la suppl\u00e9mentation. Notre site Web et notre domaine sont repr\u00e9sentatifs des suppl\u00e9ments nutritionnels et anabolisants alimentaires tr\u00e8s puissants. Il est conseill\u00e9 de consulter un m\u00e9decin pour obtenir des conseils avant d&rsquo;utiliser un produit, toutes les d\u00e9clarations n&rsquo;ont pas \u00e9t\u00e9 \u00e9valu\u00e9es par l&rsquo;agence des normes alimentaires, ces suppl\u00e9ments di\u00e9t\u00e9tiques et nutritionnels ne sont pas destin\u00e9s \u00e0 traiter, diagnostiquer, pr\u00e9venir ou gu\u00e9rir une maladie ou une maladie. Ces produits peuvent avoir une augmentation significative de la masse musculaire et de la force, et peuvent augmenter les concentrations hormonales dans le sang et une perte notable de graisse si elles sont utilis\u00e9es correctement, combin\u00e9es \u00e0 un programme de formation intense ou \u00e0 une routine d&rsquo;exercice et \u00e0 un r\u00e9gime nutritionnel sain lors de la prise de ces produits. Ces produits ne sont pas des stup\u00e9fiants ou des drogues.<\/p>\n","protected":false},"excerpt":{"rendered":"<p>Ces produits ne doivent pas \u00eatre utilis\u00e9s par des personnes de moins de 18 ans, v\u00e9rifiez aupr\u00e8s d&rsquo;un m\u00e9decin autoris\u00e9 que vous \u00eates en bonne sant\u00e9 physique avant utilisation. Ne prenez pas si vous \u00eates enceinte ou si vous allaitez. Un r\u00e9gime de formation strict devrait \u00eatre respect\u00e9, et un<a class=\"jstore-read-more\" href=\"https:\/\/getanabolics.biz\/fr\/avertissement\/\" rel=\"nofollow\">Read More &hellip;<\/a><\/p>\n","protected":false},"author":1,"featured_media":0,"parent":0,"menu_order":0,"comment_status":"closed","ping_status":"closed","template":"","meta":[],"_links":{"self":[{"href":"https:\/\/getanabolics.biz\/fr\/wp-json\/wp\/v2\/pages\/32350360"}],"collection":[{"href":"https:\/\/getanabolics.biz\/fr\/wp-json\/wp\/v2\/pages"}],"about":[{"href":"https:\/\/getanabolics.biz\/fr\/wp-json\/wp\/v2\/types\/page"}],"author":[{"embeddable":true,"href":"https:\/\/getanabolics.biz\/fr\/wp-json\/wp\/v2\/users\/1"}],"replies":[{"embeddable":true,"href":"https:\/\/getanabolics.biz\/fr\/wp-json\/wp\/v2\/comments?post=32350360"}],"version-history":[{"count":1,"href":"https:\/\/getanabolics.biz\/fr\/wp-json\/wp\/v2\/pages\/32350360\/revisions"}],"predecessor-version":[{"id":32350361,"href":"https:\/\/getanabolics.biz\/fr\/wp-json\/wp\/v2\/pages\/32350360\/revisions\/32350361"}],"wp:attachment":[{"href":"https:\/\/getanabolics.biz\/fr\/wp-json\/wp\/v2\/media?parent=32350360"}],"curies":[{"name":"wp","href":"https:\/\/api.w.org\/{rel}","templated":true}]}}