{"id":920,"date":"2017-04-27T10:32:35","date_gmt":"2017-04-27T11:47:33","guid":{"rendered":"http:\/\/getanabolics.biz\/product\/trenbolone-enanthate-10-ml-frasco-cada-1-ml-contiene-200-mg-de-enantato-de-trembolona-british-dragon\/"},"modified":"2018-01-19T07:21:18","modified_gmt":"2018-01-19T07:21:18","slug":"trenbolone-enanthate-10-ml-vial-each-1-ml-contains-200-mg-trenbolone-enanthate","status":"publish","type":"product","link":"https:\/\/getanabolics.biz\/es\/producto\/trenbolone-enanthate-10-ml-vial-each-1-ml-contains-200-mg-trenbolone-enanthate\/","title":{"rendered":"Trenbolone Enanthate &#8211; British Dragon"},"content":{"rendered":"<h2>Comprar Trenbolone Enanthate &#8211; British Dragon (Trenabol- E)<\/h2>\n<p><a title=\"Comprar Trenbolone Enanthate en GetAnabolics\"><img src=\"http:\/\/getanabolics.biz\/images\/tren-e-200-10-lapharma.jpg\" width=\"30%\" align=\"right\" \/><\/a><br \/>\nPara aquellos que buscan Trenbolone Enanthate y preguntando d\u00f3nde comprar Trenbolone Enanthate de British Dragon legalmente ofrecemos Trenabol- E como la mejor opci\u00f3n real para los culturistas.<br \/>\n<em>A partir de ahora en una gran variedad de esteroides inyectables, as\u00ed como de los esteroides orales y terapia post ciclo de British Dragon puede ser comprado en <b>GetAnabolics<\/b>. Estamos encantados de presentar la nueva Trenbolone Enanthate de <span style=\"font-weight: bold;\">British Dragon<\/span>.<\/em><br \/>\nTodos los productos que tiene para ofrecer son aut\u00e9nticos, de alta calidad de compuestos y tienen un \u00fanico objetivo: ayudar a la gente a la ganancia de masa muscular, la fuerza general, a quemar grasas y a ayudarlos en el camino de la perfecci\u00f3n f\u00edsica. Con el fin de crear una constructivo y civilizado relaci\u00f3n con nuestros clientes, vamos a hacer el m\u00e1ximo esfuerzo para asegurar un servicio de alta calidad y enfoque de cada persona que la direcci\u00f3n de nuestra tienda con cortes\u00eda y respeto.<br \/>\nConstruir y mantener un cuerpo perfecto, se requiere una combinaci\u00f3n de m\u00e9todos. Una dieta adecuada es la primera en la lista de los componentes esenciales que el cuerpo necesita. En segundo lugar, aseg\u00farese de que usted siempre compra y uso legal de los esteroides en l\u00ednea no s\u00f3lo para evitar conflictos con la ley, pero lo que es m\u00e1s importante, para evitar complicaciones de salud.<br \/>\n<span style=\"font-weight: bold;\">GetAnabolics.Biz<\/span> es la l\u00ednea de esteroides proveedor especialmente creado y dedicado a proporcionar a cada atleta y culturista con los mejores esteroides anab\u00f3licos en los precios de descuento. Hemos elegido la mayor\u00eda de marcas confiables para colaborar con el fin de garantizar la seguridad, original y de alto nivel de esteroides para nuestros clientes.<br \/>\nEnv\u00edo de esteroides muy segura es la principal preocupaci\u00f3n para la entrega de esteroides a nivel mundial. Nuestro discreto garantiza que nadie m\u00e1s sabe que usted comprar esteroides en l\u00ednea.<\/p>\n<h2>M\u00e1s Trenbolone Enanthate British Dragon Informaci\u00f3n<\/h2>\n<p><b>10 ml frasco cada 1 ml contiene 200 mg de Enantato de Trembolona<\/b><\/p>\n<p><strong>Clase de medicamento: Inyectable androg\u00e9nicos y anab\u00f3licos esteroides.<\/strong><br \/>\n<strong> La dosis media recomendada: Entre 400 y 600mg por semana para los hombres<\/strong><br \/>\n<strong> Active la vida: Alrededor de una semana<\/strong><br \/>\n<strong> Retenci\u00f3n de agua: No<\/strong><br \/>\n<strong> T\u00f3xicos para el h\u00edgado: S\u00ed.<\/strong><br \/>\n<strong> Disminuye la funci\u00f3n ATAR: S\u00ed<\/strong><br \/>\n<strong> DHT de Conversi\u00f3n: No<\/strong><br \/>\n<strong> Aromatizaci\u00f3n: No<\/strong><\/p>\n<p><a href=\"http:\/\/getanabolics.biz\/es\/producto\/trenbolone-enanthate-10-ml-vial-each-1-ml-contains-200-mg-trenbolone-enanthate\/\">Enantato de trembolona<\/a> es una forma inyectable de la hormona de Trembolona, que fue creado en la d\u00e9cada de 1960. Aunque el Acetato de Trembolona es mucho m\u00e1s popular que el Enantato de contraparte, Enantato de Trembolona poco a poco est\u00e1 ganando popularidad entre los atletas y los constructores del cuerpo. Sin embargo, Enantato de Trembolona no est\u00e1 disponible en el mercado compuesto producido por la importante compa\u00f1\u00eda farmac\u00e9utica y un metro de drogas todav\u00eda se utiliza principalmente para el veterinario fines.<\/p>\n<p><a href=\"http:\/\/getanabolics.biz\/es\/grandes-resultados-del-mejor-acetato-de-trenbolona\/\">Aunque el acetato de versi\u00f3n de esta hormona<\/a> es muy potente y eficaz, que tiene una corta vida activa. Mediante la adici\u00f3n de un \u00e9ster de enantato, la mitad de la vida de los esteroides puede ser mayor a una semana, lo que significa que los usuarios no tienen que tomar tantas inyecciones. Al comparar miligramo a miligramo, el Acetato de Trembolona es m\u00e1s fuerte que el Enantato de Trembolona como el Enantato de componentes es mucho mayor, pero los efectos de la Trembolona Enantato de durar m\u00e1s tiempo. La dosis recomendada de Enantato de Trembolona es mayor que el acetato de versi\u00f3n. Los atletas y culturistas usan alrededor de 400 a 600 mg por semana. Sin embargo, las mujeres no deben usar este esteroide debido a sus altas propiedades androg\u00e9nicas.<\/p>\n<p>Como el acetato de versi\u00f3n, Enantato de Trembolona mejora la retenci\u00f3n de nitr\u00f3geno en los m\u00fasculos y la s\u00edntesis de prote\u00ednas. Los usuarios pueden aumentar su masa muscular y la calidad del tejido muscular de forma bastante dram\u00e1tica. En la medida que promueve la producci\u00f3n de IGF-1 en el cuerpo, sino que tambi\u00e9n permite a los usuarios mejorar la fuerza, la resistencia y la densidad \u00f3sea y la fuerza y tambi\u00e9n aumentar el cart\u00edlago, el tejido conectivo y las c\u00e9lulas nerviosas. Esto tambi\u00e9n significa que los usuarios la mejor experiencia de sanaci\u00f3n de m\u00fasculo, hueso y tejido conectivo, con el uso de este esteroide. Como que no aromatiza, no tiene estr\u00f3genos relacionados con efectos secundarios como la Ginecomastia y retenci\u00f3n de agua.<\/p>\n<blockquote><p>Trenlobone tambi\u00e9n enlaces con los receptores de andr\u00f3genos muy fuertemente, causando mejorar el crecimiento muscular, que a su vez mejora la tasa de metabolismo y la quema de grasa. Tambi\u00e9n evita que el m\u00fasculo desperdicio y preserva la masa muscular cuando los usuarios est\u00e1n en las dietas de restricci\u00f3n cal\u00f3rica.<\/p><\/blockquote>\n<p>Sin embargo, hay muy pocos <a href=\"http:\/\/getanabolics.biz\/es\/efectos-secundarios-de-deca-durabolin\/\">efectos secundarios para el Enantato de Trembolona.<\/a> Atrofia Testicular est\u00e1 garantizado en los usuarios. Tambi\u00e9n hace que la piel grasa, acn\u00e9, comportamiento agresivo y otros efectos secundarios androg\u00e9nicos. Puede afectar a la funci\u00f3n hep\u00e1tica y renal. Tanto el acetato y el enantato de versiones de Trembolona puede causar p\u00e9rdida de cabello severa en comparaci\u00f3n con otros esteroides anab\u00f3licos y no debe ser utilizado por aquellos que sufren de calvicie de patr\u00f3n masculino.<\/p>\n<h3>Lee mas<\/h3>\n<p><a href=\"http:\/\/getanabolics.biz\/es\/grandes-resultados-del-mejor-acetato-de-trenbolona\/\">GRANDES RESULTADOS DEL MEJOR ACETATO DE TRENBOLONE<\/a><\/p>\n<p><a href=\"http:\/\/getanabolics.biz\/es\/todo-lo-que-usted-necesita-saber-sobre-anadrol\/\">TODO LO QUE NECESITA SABER SOBRE ANADROL<\/a><\/p>\n<p><a href=\"http:\/\/getanabolics.biz\/es\/el-efecto-de-los-esteroides-en-la-piel-humana\/\">EL EFECTO DE LOS ESTEROIDES EN LA PIEL HUMANA<\/a><\/p>\n<p><a href=\"http:\/\/getanabolics.biz\/es\/reuna-una-masa-seca-sin-efectos-secundarios\/\">RE\u00daNA UNA MISA SECA SIN EFECTOS SECUNDARIOS<\/a><\/p>\n<p>\u00bf<a href=\"http:\/\/getanabolics.biz\/es\/cual-deberia-ser-la-duracion-del-ciclo-de-esteroides\/\">CU\u00c1L DEBE SER LA DURACI\u00d3N DEL CURSO DE ESTEROIDES?<\/a><\/p>\n","protected":false},"excerpt":{"rendered":"<p>Paquete: 10 ml frasco cada 1 ml contiene 200 mg de Enantato de Trembolona<br \/>Fabricante: British Dragon<br \/>Nombre de la marca: Trenbolone Enanthate<br \/>Conocido como: Trenabol- E<\/p>\n","protected":false},"featured_media":445,"comment_status":"open","ping_status":"closed","template":"","meta":[],"product_cat":[102,115],"product_tag":[79],"_links":{"self":[{"href":"https:\/\/getanabolics.biz\/es\/wp-json\/wp\/v2\/product\/920"}],"collection":[{"href":"https:\/\/getanabolics.biz\/es\/wp-json\/wp\/v2\/product"}],"about":[{"href":"https:\/\/getanabolics.biz\/es\/wp-json\/wp\/v2\/types\/product"}],"replies":[{"embeddable":true,"href":"https:\/\/getanabolics.biz\/es\/wp-json\/wp\/v2\/comments?post=920"}],"wp:featuredmedia":[{"embeddable":true,"href":"https:\/\/getanabolics.biz\/es\/wp-json\/wp\/v2\/media\/445"}],"wp:attachment":[{"href":"https:\/\/getanabolics.biz\/es\/wp-json\/wp\/v2\/media?parent=920"}],"wp:term":[{"taxonomy":"product_cat","embeddable":true,"href":"https:\/\/getanabolics.biz\/es\/wp-json\/wp\/v2\/product_cat?post=920"},{"taxonomy":"product_tag","embeddable":true,"href":"https:\/\/getanabolics.biz\/es\/wp-json\/wp\/v2\/product_tag?post=920"}],"curies":[{"name":"wp","href":"https:\/\/api.w.org\/{rel}","templated":true}]}}