{"id":918,"date":"2017-04-27T10:32:35","date_gmt":"2017-04-27T11:47:33","guid":{"rendered":"http:\/\/getanabolics.biz\/product\/deca-300-caja-de-10-ampollas-de-1-ml-300-mg-ml-total-de-3000-mg-de-nandrolona-decaonate-dragon-pharma\/"},"modified":"2018-01-19T10:44:19","modified_gmt":"2018-01-19T10:44:19","slug":"deca-300-box-of-10-ampoules-of-1ml-300mg-ml-total-3000mg-nandrolone-decaonate","status":"publish","type":"product","link":"https:\/\/getanabolics.biz\/es\/producto\/deca-300-box-of-10-ampoules-of-1ml-300mg-ml-total-3000mg-nandrolone-decaonate\/","title":{"rendered":"Deca 300 &#8211; Dragon Pharma"},"content":{"rendered":"<h2>Comprar Deca 300 &#8211; Dragon Pharma (Deca 300)<\/h2>\n<p><a title=\"Comprar Deca 300 en GetAnabolics\"><img src=\"http:\/\/getanabolics.biz\/images\/duradexx.jpg\" width=\"30%\" align=\"right\" \/><\/a><br \/>\nPara aquellos que buscan Deca 300 y preguntando d\u00f3nde comprar Deca 300 de Dragon Pharma legalmente ofrecemos Deca 300 como la mejor opci\u00f3n real para los culturistas.<br \/>\nA partir de ahora en una gran variedad de esteroides inyectables, as\u00ed como de los esteroides orales y terapia post ciclo de Dragon Pharma puede ser comprado en <b>GetAnabolics<\/b>. Estamos encantados de presentar la nueva Deca 300 de <span style=\"font-weight: bold;\">Dragon Pharma<\/span>.<br \/>\n<em>Todos los productos que tiene para ofrecer son aut\u00e9nticos, de alta calidad de compuestos y tienen un \u00fanico objetivo: ayudar a la gente a la ganancia de masa muscular, la fuerza general, a quemar grasas y a ayudarlos en el camino de la perfecci\u00f3n f\u00edsica. Con el fin de crear una constructivo y civilizado relaci\u00f3n con nuestros clientes, vamos a hacer el m\u00e1ximo esfuerzo para asegurar un servicio de alta calidad y enfoque de cada persona que la direcci\u00f3n de nuestra tienda con cortes\u00eda y respeto.<\/em><br \/>\nConstruir y mantener un cuerpo perfecto, se requiere una combinaci\u00f3n de m\u00e9todos. Una dieta adecuada es la primera en la lista de los componentes esenciales que el cuerpo necesita. En segundo lugar, aseg\u00farese de que usted siempre compra y uso legal de los esteroides en l\u00ednea no s\u00f3lo para evitar conflictos con la ley, pero lo que es m\u00e1s importante, para evitar complicaciones de salud.<br \/>\n<span style=\"font-weight: bold;\">GetAnabolics.Biz<\/span> es la l\u00ednea de esteroides proveedor especialmente creado y dedicado a proporcionar a cada atleta y culturista con los mejores esteroides anab\u00f3licos en los precios de descuento. Hemos elegido la mayor\u00eda de marcas confiables para colaborar con el fin de garantizar la seguridad, original y de alto nivel de esteroides para nuestros clientes.<br \/>\n<strong>Env\u00edo de esteroides muy segura es la principal preocupaci\u00f3n para la entrega de esteroides a nivel mundial. Nuestro discreto garantiza que nadie m\u00e1s sabe que usted comprar esteroides en l\u00ednea.<\/strong><\/p>\n<h2>M\u00e1s Deca 300 Dragon Pharma Informaci\u00f3n<\/h2>\n<p><b>Caja de 10 Ampollas de 1 ml, 300 mg \/ ml. Total de 3000 mg de Nandrolona Decaonate<br \/>\n<\/b><br \/>\n<strong>Clase de medicamento: Inyectable Androg\u00e9nico\/Anab\u00f3lico esteroide<\/strong><br \/>\n<strong> La dosis media recomendada: Entre 300 y 800 mg por semana para los hombres y entre 50 y 100 mg por semana para las mujeres.<\/strong><br \/>\n<strong> Active la vida: Entre los 14 y los 16 d\u00edas<\/strong><br \/>\n<strong> Retenci\u00f3n de agua: S\u00ed<\/strong><br \/>\n<strong> T\u00f3xicos para el h\u00edgado: No<\/strong><br \/>\n<strong> Disminuye la funci\u00f3n ATAR: Muy alta<\/strong><br \/>\n<strong> DHT de Conversi\u00f3n: No<\/strong><\/p>\n<p>Deca Deca Durabolin o como se le conoce popularmente, es la m\u00e1s popular de esteroides y ha sido as\u00ed por muchos a\u00f1os. El compuesto es el Decanoato de Nandrolona y es fabricado y comercializado bajo el nombre de marca Deca Durabolin por la compa\u00f1\u00eda farmac\u00e9utica Organon. Este producto ha estado disponible desde 1962 y es conocido y utilizado ampliamente por su fuerte anab\u00f3licos esteroides propiedades. Deca Durabolin es un 19-nor de los esteroides anab\u00f3licos, y que imita las propiedades de la Testosterona.<\/p>\n<h1>Comprar Deca Durabolin<\/h1>\n<p><em>En el cuerpo humano, la Nandrolona es la hormona que es responsable para el crecimiento. Mediante el uso de Deca Durabolin, los usuarios son, b\u00e1sicamente, aumentar los niveles de Nandrolona en el cuerpo, lo que conduce a un mayor crecimiento muscular, el recuento de gl\u00f3bulos rojos, la retenci\u00f3n de nitr\u00f3geno y los niveles de hemoglobina. Todos estos efectos son altamente valorado por los culturistas y atletas y Deca Durabolin tambi\u00e9n promueve la r\u00e1pida regeneraci\u00f3n de los tejidos da\u00f1ados. Es un esteroide muy fuerte y tiene la m\u00e1s larga vida activa entre los esteroides. Como resultado de ello, es tambi\u00e9n uno de los m\u00e1s lentos actuando esteroides, con efectos visibles despu\u00e9s de 4 semanas de la administraci\u00f3n de la droga, pero esto tambi\u00e9n significa que los efectos se ven mucho despu\u00e9s de que la droga se suspende.<\/em><\/p>\n<p>Deca Durabolin necesita ser inyectada por lo menos de 8 a 12 semanas y algunos incluso se extienden a 16 semanas. La dosis recomendada para los hombres es de 300 a 400 mg por semana, pero esto puede ser golpeado a cerca de 600 mg\/semana, bajo una estricta supervisi\u00f3n. La dosis recomendada para las mujeres es mucho menor a 50 a 100 mg\/semana como es moderadamente androg\u00e9nico.<\/p>\n<p><strong>Aparte de intenso crecimiento muscular, Deca Durabolin tambi\u00e9n ha conjunta de los efectos calmantes. Incluso en peque\u00f1as dosis, para el alivio de la articulaci\u00f3n, lo que puede conducir a un crecimiento extraordinario en el m\u00fasculo y la fuerza. A medida que aumenta la retenci\u00f3n de nitr\u00f3geno en los m\u00fasculos, aumento de tejido muscular se produce con un aumento en la s\u00edntesis de col\u00e1geno conduce a la enorme acumulaci\u00f3n de fuerza. <\/strong><\/p>\n<p>Como un potente esteroide anab\u00f3lico, tiene todos los efectos secundarios negativos de hormonas esteroides. La supresi\u00f3n de la testosterona es mucho mayor con Deca Durabolin uso de con otros esteroides anab\u00f3licos. Esta es la raz\u00f3n por la testosterona suplementos se deben tomar durante un ciclo de Deca Durabolin de lo contrario, el cuerpo puede llegar a ser completamente deficiencia de testosterona. La retenci\u00f3n de agua es otro efecto secundario, pero este es comparativamente menor que la de otros esteroides anab\u00f3licos. Como Deca Durabolin aromatiza con un grado moderado, los estr\u00f3genos relacionados con los efectos secundarios tambi\u00e9n son producidos.<\/p>\n<h3>Lee mas<\/h3>\n<p><a href=\"http:\/\/getanabolics.biz\/es\/efectos-secundarios-de-deca-durabolin\/\">EFECTOS SECUNDARIOS DE DECA DURABOLINA<\/a><\/p>\n<p><a href=\"http:\/\/getanabolics.biz\/es\/todo-acerca-de-proviron-mesterolone\/\">TODO SOBRE PROVIRON (MESTEROLONE)<\/a><\/p>\n<p><a href=\"http:\/\/getanabolics.biz\/es\/cual-deberia-ser-la-duracion-del-ciclo-de-esteroides\/\">\u00bfCU\u00c1L DEBE SER LA DURACI\u00d3N DEL CURSO DE ESTEROIDES?<\/a><\/p>\n<p><a href=\"http:\/\/getanabolics.biz\/es\/creatina-en-un-curso-de-esteroides\/\">CREATINA EN UN CURSO DE ESTEROIDES<\/a><\/p>\n<p><a href=\"http:\/\/getanabolics.biz\/es\/crossfit-y-esteroides\/\">CROSSFIT Y ESTEROIDES<\/a><\/p>\n","protected":false},"excerpt":{"rendered":"<p>Paquete: Caja de 10 Ampollas de 1 ml, 300 mg \/ ml. Total de 3000 mg de Nandrolona Decaonate<br \/>Fabricante: Dragon Pharma<br \/>Nombre de la marca: Deca 300<br \/>Conocido como: Deca 300<\/p>\n","protected":false},"featured_media":463,"comment_status":"open","ping_status":"closed","template":"","meta":[],"product_cat":[125,102,115],"product_tag":[74],"_links":{"self":[{"href":"https:\/\/getanabolics.biz\/es\/wp-json\/wp\/v2\/product\/918"}],"collection":[{"href":"https:\/\/getanabolics.biz\/es\/wp-json\/wp\/v2\/product"}],"about":[{"href":"https:\/\/getanabolics.biz\/es\/wp-json\/wp\/v2\/types\/product"}],"replies":[{"embeddable":true,"href":"https:\/\/getanabolics.biz\/es\/wp-json\/wp\/v2\/comments?post=918"}],"wp:featuredmedia":[{"embeddable":true,"href":"https:\/\/getanabolics.biz\/es\/wp-json\/wp\/v2\/media\/463"}],"wp:attachment":[{"href":"https:\/\/getanabolics.biz\/es\/wp-json\/wp\/v2\/media?parent=918"}],"wp:term":[{"taxonomy":"product_cat","embeddable":true,"href":"https:\/\/getanabolics.biz\/es\/wp-json\/wp\/v2\/product_cat?post=918"},{"taxonomy":"product_tag","embeddable":true,"href":"https:\/\/getanabolics.biz\/es\/wp-json\/wp\/v2\/product_tag?post=918"}],"curies":[{"name":"wp","href":"https:\/\/api.w.org\/{rel}","templated":true}]}}