{"id":917,"date":"2017-04-27T10:32:35","date_gmt":"2017-04-27T11:47:33","guid":{"rendered":"http:\/\/getanabolics.biz\/product\/masteron-100-10ml-vial-cada-1-ml-contiene-100-mg-de-propionato-de-drostanolona-dragon-pharma\/"},"modified":"2018-01-19T10:25:56","modified_gmt":"2018-01-19T10:25:56","slug":"masteron-100-10ml-vial-each-1ml-contains-100mg-drostanolone-propionate","status":"publish","type":"product","link":"https:\/\/getanabolics.biz\/es\/producto\/masteron-100-10ml-vial-each-1ml-contains-100mg-drostanolone-propionate\/","title":{"rendered":"Masteron 100 &#8211; Dragon Pharma"},"content":{"rendered":"<h2>Comprar Masteron 100 &#8211; Dragon Pharma (Masteron 100)<\/h2>\n<p><a title=\"Comprar Masteron 100 en GetAnabolics\"><img src=\"http:\/\/getanabolics.biz\/images\/masteron-100-10-la.jpg\" width=\"30%\" align=\"right\" \/><\/a><br \/>\nPara aquellos que buscan Masteron 100 y preguntando d\u00f3nde comprar Masteron 100 de Dragon Pharma legalmente ofrecemos Masteron 100 como la mejor opci\u00f3n real para los culturistas.<br \/>\nA partir de ahora en una gran variedad de esteroides inyectables, as\u00ed como de los esteroides orales y terapia post ciclo de Dragon Pharma puede ser comprado en <b>GetAnabolics<\/b>. Estamos encantados de presentar la nueva Masteron 100 de <span style=\"font-weight: bold;\">Dragon Pharma<\/span>.<br \/>\nTodos los productos que tiene para ofrecer son aut\u00e9nticos, de alta calidad de compuestos y tienen un \u00fanico objetivo: ayudar a la gente a la ganancia de masa muscular, la fuerza general, a quemar grasas y a ayudarlos en el camino de la perfecci\u00f3n f\u00edsica. Con el fin de crear una constructivo y civilizado relaci\u00f3n con nuestros clientes, vamos a hacer el m\u00e1ximo esfuerzo para asegurar un servicio de alta calidad y enfoque de cada persona que la direcci\u00f3n de nuestra tienda con cortes\u00eda y respeto.<br \/>\n<em>Construir y mantener un cuerpo perfecto, se requiere una combinaci\u00f3n de m\u00e9todos. Una dieta adecuada es la primera en la lista de los componentes esenciales que el cuerpo necesita. En segundo lugar, aseg\u00farese de que usted siempre compra y uso legal de los esteroides en l\u00ednea no s\u00f3lo para evitar conflictos con la ley, pero lo que es m\u00e1s importante, para evitar complicaciones de salud.<\/em><br \/>\n<span style=\"font-weight: bold;\">GetAnabolics.Biz<\/span> es la l\u00ednea de esteroides proveedor especialmente creado y dedicado a proporcionar a cada atleta y culturista con los mejores esteroides anab\u00f3licos en los precios de descuento. Hemos elegido la mayor\u00eda de marcas confiables para colaborar con el fin de garantizar la seguridad, original y de alto nivel de esteroides para nuestros clientes.<br \/>\nEnv\u00edo de esteroides muy segura es la principal preocupaci\u00f3n para la entrega de esteroides a nivel mundial. Nuestro discreto garantiza que nadie m\u00e1s sabe que usted comprar esteroides en l\u00ednea.<\/p>\n<h2>M\u00e1s Masteron 100 Dragon Pharma Informaci\u00f3n<\/h2>\n<p><b>10ml vial, cada 1 ml contiene 100 mg de Propionato de Drostanolona<\/b><\/p>\n<p><strong>Nombre farmac\u00e9utico: propionato de drostanolona<\/strong><br \/>\n<strong> Estructura qu\u00edmica: 2 alfa-metil-17 beta-hidroxi-5-alfa-androstan-3-ona<\/strong><br \/>\n<strong> Peso Molecular de la base de \u00e9ster y: 360.5356<\/strong><br \/>\n<strong> Anab\u00f3licos\/Androg\u00e9nicos Relaci\u00f3n: 62\/25<\/strong><br \/>\n<strong> Active Life: 2-3 d\u00edas<\/strong><\/p>\n<p><em>La mayor\u00eda de las personas que est\u00e1n interesadas en el uso de los compuestos de drostanolona son aquellos que est\u00e1n buscando para agregar la dureza del m\u00fasculo y la densidad de sus f\u00edsicos, casi siempre por el prop\u00f3sito de competiciones de culturismo. La droga es considerada ideal para esto, por numerosas razones.<\/em><\/p>\n<p>Drostanolona, siendo 5-alfa reducido, no puede formar parte de los estr\u00f3genos sobre la interacci\u00f3n con la enzima aromatasa sin embargo, todav\u00eda muestra una afinidad muy alta para \u00e9l. Porque se ocupa tanto de la enzima aromatasa, sin embargo, se abstuvo de utilizar realmente por su estructurales de maquillaje, se reduce la cantidad de estr\u00f3geno formado a partir de otros esteroides porque hay menos enzimas de aromatasa para ser utilizado por aquellos compuestos para formar estr\u00f3genos (1). Sin embargo, la mayor\u00eda se encuentra que drostanolona es demasiado caro para emplearla por esa sola raz\u00f3n, especialmente cuando los compuestos tales como Proviron est\u00e1n disponibles para el mismo prop\u00f3sito, a costos mucho m\u00e1s bajos.<\/p>\n<p>Drostanolona puede aumentar la dureza del m\u00fasculo y la densidad, dando un individuo m\u00e1s completos de la apariencia a la hora de competir en el escenario. Este es un efecto que una gran cantidad de puro andr\u00f3genos se presentan. Pero con todos ellos que usted necesita un lugar ya bajo de grasa corporal nivel para que surta efecto. Si esto se hace, drostanolona puede promover el aumento de la fuerza, mientras que mantener la grasa corporal de la misma o, incluso, bajarlo, algo que puede ayudar a prevenir la p\u00e9rdida de masa muscular durante la dieta. Esto tambi\u00e9n puede permitir que los atletas de fuerza o de los atletas en los deportes que tienen las clases de peso para aumentar el rendimiento sin el riesgo de ser criado en un mayor peso de la clase o a\u00f1adir masa que puede afectar al rendimiento.<\/p>\n<p><b>Uso\/Dosificaci\u00f3n<\/b><\/p>\n<p>Drostanolona se considera principalmente un pre-concurso de la droga para los culturistas. Para efectos de ser completamente di cuenta de un usuario debe ser en un muy bajo porcentaje de grasa corporal. Si un usuario no est\u00e1, el m\u00fasculo, el \u00abendurecimiento\u00bb efecto que muchos buscan cuando se utiliza el compuesto no se har\u00e1 realidad. Esto, junto con el hecho de que las ganancias de masa es raro que se ten\u00eda de la drostanolona, deber\u00eda ser una advertencia para las personas que pueden estar decepcionados con sus resultados, a menos que est\u00e9n bien acondicionado.<\/p>\n<p>Como se se\u00f1al\u00f3 anteriormente, se ha sugerido que los atletas de fuerza o competitivo de los atletas podr\u00edan beneficiarse de drostanolona como se puede mejorar la fuerza, mientras no a\u00f1adir mucho la masa o el peso para el usuario. Sin embargo, hay un sinn\u00famero de otros compuestos m\u00e1s eficaces y mejor adaptados para tales efectos, el uso de drostanolona parece ser innecesario para tales objetivos.<\/p>\n<p>Desde el \u00e9ster propionato es casi siempre usado con drostanolona es necesario que los usuarios administrar el compuesto de todos los d\u00edas o al menos cada dos d\u00edas para mantener relativamente estable el nivel de sangre de la droga. La mayor\u00eda de los usuarios va a hacer bien en el compuesto utilizando dosis que van de 50 a 100 mg cada d\u00eda o cada dos d\u00edas, con un total de 300 a 500 miligramos por semana. Los usuarios m\u00e1s experimentados de la droga puede ejecutar dosis m\u00e1s altas, pero dado que el compuesto debe ser apilado con otros para maximizar la eficacia, la dosis grandes son para la mayor parte no es necesario.<\/p>\n<p><b>Riesgos\/Efectos Secundarios<\/b><\/p>\n<p>La aromatizaci\u00f3n no es un problema con drostanolona, como se discuti\u00f3 anteriormente. Por lo tanto, la retenci\u00f3n de agua y la ginecomastia no son una preocupaci\u00f3n con este compuesto, y como se ha dicho, de hecho exposiciones anti-estrog\u00e9nicos capacidades de manera de ser capaz de competir con otros sustratos al intentar enlazar a la aromatasa(2). As\u00ed, se muestra muy poco en el camino de ser hepatot\u00f3xico y se puede ejecutar por los largos ciclos sin da\u00f1os en el h\u00edgado probable que ocurra.<\/p>\n<p>En t\u00e9rminos de efectos secundarios negativos, la \u00fanica preocupaci\u00f3n real ser\u00eda de las propiedades androg\u00e9nicas de la dihidrotestosterona. Cosas tales como la piel grasa, acn\u00e9, el cuerpo\/el crecimiento del vello facial, y la p\u00e9rdida de cabello si propensos a la calvicie de patr\u00f3n masculino. Drostanolona es una forma sint\u00e9tica de la DHT, por lo tanto Proscar no tendr\u00eda ning\u00fan impacto en el nivel de los efectos androg\u00e9nicos (1,3). Los individuos con una rayita del retroceso y\/o aquellos que est\u00e1n predispuestos a la calvicie de patr\u00f3n masculino puede encontrar que es necesario para evitar este compuesto, ya que es probable que simplemente va a agravar la condici\u00f3n m\u00e1s. Como se debe esperar as\u00ed, los usuarios a menudo como an\u00e9cdota inform\u00f3 que el compuesto puede exasperar cualquier condiciones m\u00e9dicas existentes relativas a la pr\u00f3stata, o la causa de la pr\u00f3stata complicaciones en las personas que han sufrido ninguno antes (3).<\/p>\n<p><em>Hay informes anecd\u00f3ticos de que algunas mujeres han experimentado con el compuesto. Sin embargo, debido a los efectos virilizantes, que sin duda se producen con un compuesto tal como drostanolona no es recomendable que este ser intentado. Los habituales efectos secundarios irreversibles, tales como el crecimiento del vello del cuerpo, la profundizaci\u00f3n de la voz y otros s\u00edntomas suelen aparecer con bastante rapidez si el uso de la droga contin\u00faa en incluso un corto de base por parte de las hembras.<\/em><\/p>\n<h3>Lee mas<\/h3>\n<p><a href=\"http:\/\/getanabolics.biz\/es\/comprar-dianabol-en-linea-en-getanabolics-biz\/\">COMPRAR DIANABOL ONLINE EN GETANABOLICS.BIZ<\/a><\/p>\n<p><a href=\"http:\/\/getanabolics.biz\/es\/winstrol-que-es-y-para-que-sirve\/\">WINSTROL, \u00bfQU\u00c9 ES Y PARA QU\u00c9 SIRVE?<\/a><\/p>\n<p><a href=\"http:\/\/getanabolics.biz\/es\/cytomel-t3-comentarios-sobre-getanabolics-biz\/\">REVISIONES CYTOMEL T3 EN GETANABOLICS.BIZ<\/a><\/p>\n<p><a href=\"http:\/\/getanabolics.biz\/es\/pausa-entre-cursos-de-esteroides-y-pct\/\">PAUSA ENTRE CURSOS DE ESTEROIDES Y PCT<\/a><\/p>\n<p><a href=\"http:\/\/getanabolics.biz\/es\/que-tan-efectivo-es-el-puente-de-esteroides\/\">\u00bfCU\u00c1N EFECTIVO ES EL PUENTE ESTEROIDE?<\/a><\/p>\n","protected":false},"excerpt":{"rendered":"<p>Paquete: 10ml vial, cada 1 ml contiene 100 mg de Propionato de Drostanolona<br \/>Fabricante: Dragon Pharma<br \/>Nombre de la marca: Masteron 100<br \/>Conocido como: Masteron 100<\/p>\n","protected":false},"featured_media":457,"comment_status":"open","ping_status":"closed","template":"","meta":[],"product_cat":[102],"product_tag":[74],"_links":{"self":[{"href":"https:\/\/getanabolics.biz\/es\/wp-json\/wp\/v2\/product\/917"}],"collection":[{"href":"https:\/\/getanabolics.biz\/es\/wp-json\/wp\/v2\/product"}],"about":[{"href":"https:\/\/getanabolics.biz\/es\/wp-json\/wp\/v2\/types\/product"}],"replies":[{"embeddable":true,"href":"https:\/\/getanabolics.biz\/es\/wp-json\/wp\/v2\/comments?post=917"}],"wp:featuredmedia":[{"embeddable":true,"href":"https:\/\/getanabolics.biz\/es\/wp-json\/wp\/v2\/media\/457"}],"wp:attachment":[{"href":"https:\/\/getanabolics.biz\/es\/wp-json\/wp\/v2\/media?parent=917"}],"wp:term":[{"taxonomy":"product_cat","embeddable":true,"href":"https:\/\/getanabolics.biz\/es\/wp-json\/wp\/v2\/product_cat?post=917"},{"taxonomy":"product_tag","embeddable":true,"href":"https:\/\/getanabolics.biz\/es\/wp-json\/wp\/v2\/product_tag?post=917"}],"curies":[{"name":"wp","href":"https:\/\/api.w.org\/{rel}","templated":true}]}}