{"id":916,"date":"2017-04-27T10:32:35","date_gmt":"2017-04-27T11:47:33","guid":{"rendered":"http:\/\/getanabolics.biz\/product\/varios-ingredientes-a-base-de-hierbas-100-comprimidos-de-varios-a-base-de-hierbas-ingredientes-himalaya\/"},"modified":"2018-01-19T11:16:06","modified_gmt":"2018-01-19T11:16:06","slug":"varios-ingredientes-a-base-de-hierbas-100-comprimidos-de-varios-a-base-de-hierbas-ingredientes-himalaya","status":"publish","type":"product","link":"https:\/\/getanabolics.biz\/es\/producto\/varios-ingredientes-a-base-de-hierbas-100-comprimidos-de-varios-a-base-de-hierbas-ingredientes-himalaya\/","title":{"rendered":"Varios Ingredientes A Base De Hierbas &#8211; Himalaya"},"content":{"rendered":"<h2>Comprar Varios Ingredientes A Base De Hierbas &#8211; Himalaya (Liv.52)<\/h2>\n<p><a title=\"Comprar Varios Ingredientes A Base De Hierbas en GetAnabolics\"><img src=\"http:\/\/getanabolics.biz\/images\/samarin-140.jpg\" width=\"30%\" align=\"right\" \/><\/a><br \/>\nPara aquellos que buscan Varios Ingredientes A Base De Hierbas y preguntando d\u00f3nde comprar Varios Ingredientes A Base De Hierbas de Himalaya legalmente ofrecemos Liv.52 como la mejor opci\u00f3n real para los culturistas.<br \/>\nA partir de ahora en una gran variedad de esteroides inyectables, as\u00ed como de los esteroides orales y terapia post ciclo de Himalaya puede ser comprado en <b>GetAnabolics<\/b>. Estamos encantados de presentar la nueva Varios Ingredientes A Base De Hierbas de <span style=\"font-weight: bold;\">Himalaya<\/span>.<br \/>\nTodos los productos que tiene para ofrecer son aut\u00e9nticos, de alta calidad de compuestos y tienen un \u00fanico objetivo: ayudar a la gente a la ganancia de masa muscular, la fuerza general, a quemar grasas y a ayudarlos en el camino de la perfecci\u00f3n f\u00edsica. Con el fin de crear una constructivo y civilizado relaci\u00f3n con nuestros clientes, vamos a hacer el m\u00e1ximo esfuerzo para asegurar un servicio de alta calidad y enfoque de cada persona que la direcci\u00f3n de nuestra tienda con cortes\u00eda y respeto.<br \/>\n<em>Construir y mantener un cuerpo perfecto, se requiere una combinaci\u00f3n de m\u00e9todos. Una dieta adecuada es la primera en la lista de los componentes esenciales que el cuerpo necesita. En segundo lugar, aseg\u00farese de que usted siempre compra y uso legal de los esteroides en l\u00ednea no s\u00f3lo para evitar conflictos con la ley, pero lo que es m\u00e1s importante, para evitar complicaciones de salud.<\/em><br \/>\n<span style=\"font-weight: bold;\">GetAnabolics.Biz<\/span> es la l\u00ednea de esteroides proveedor especialmente creado y dedicado a proporcionar a cada atleta y culturista con los mejores esteroides anab\u00f3licos en los precios de descuento. Hemos elegido la mayor\u00eda de marcas confiables para colaborar con el fin de garantizar la seguridad, original y de alto nivel de esteroides para nuestros clientes.<br \/>\nEnv\u00edo de esteroides muy segura es la principal preocupaci\u00f3n para la entrega de esteroides a nivel mundial. Nuestro discreto garantiza que nadie m\u00e1s sabe que usted comprar esteroides en l\u00ednea.<\/p>\n<h2>M\u00e1s Varios Ingredientes A Base De Hierbas Himalaya Informaci\u00f3n<\/h2>\n<p><b>100 comprimidos de Varios a base de Hierbas Ingredientes<\/b><\/p>\n<ul>\n<li><strong>Presentaci\u00f3n<\/strong> : <em>la Caja de 100 tabletas <\/em><\/li>\n<\/ul>\n<p><strong>Un \u00f3rgano vital del cuerpo humano, el h\u00edgado desempe\u00f1a muchas funciones cr\u00edticas y desempe\u00f1a un papel destacado en el metabolismo y la digesti\u00f3n, junto con la asimilaci\u00f3n y procesamiento de los carbohidratos, las prote\u00ednas y los l\u00edpidos, y la desintoxicaci\u00f3n del cuerpo de las secreciones biliares y elementos insanos.<\/strong><\/p>\n<p><strong>iniciar el tratamiento con una razonable dosis diaria de Liv.52, es decir: 3 veces al d\u00eda, tomar 1 c\u00e1psula.<br \/>\nTomar Liv.52 no tiene efectos secundarios; sin embargo, en casos aislados, laxante suave se observaron efectos.<\/strong><\/p>\n<h3>Lee mas<\/h3>\n<p><a href=\"http:\/\/getanabolics.biz\/es\/hormona-del-crecimiento-hgh-los-hechos-mas-importantes\/\">HORMONA DE CRECIMIENTO HGH &#8211; LOS HECHOS M\u00c1S IMPORTANTES<\/a><\/p>\n<p><a href=\"http:\/\/getanabolics.biz\/es\/winstrol-que-es-y-para-que-sirve\/\">WINSTROL, \u00bfQU\u00c9 ES Y PARA QU\u00c9 SIRVE?<\/a><\/p>\n<p><a href=\"http:\/\/getanabolics.biz\/es\/puedo-ahorrar-peso-despues-de-un-curso-de-esteroides\/\">\u00bfPUEDO AHORRAR PESO DESPU\u00c9S DE UN CURSO DE ESTEROIDES?<\/a><\/p>\n<p><a href=\"http:\/\/getanabolics.biz\/es\/pausa-entre-cursos-de-esteroides-y-pct\/\">PAUSA ENTRE CURSOS DE ESTEROIDES Y PCT<\/a><\/p>\n<p><a href=\"http:\/\/getanabolics.biz\/es\/culturismo-y-esteroides\/\">BODYBUILDING Y ESTEROIDES<\/a><\/p>\n","protected":false},"excerpt":{"rendered":"<p>Paquete: 100 comprimidos de Varios a base de Hierbas Ingredientes<br \/>Fabricante: Himalaya<br \/>Nombre de la marca: Varios Ingredientes A Base De Hierbas<br \/>Conocido como: Liv.52<\/p>\n","protected":false},"featured_media":1185,"comment_status":"open","ping_status":"closed","template":"","meta":[],"product_cat":[87],"product_tag":[72],"_links":{"self":[{"href":"https:\/\/getanabolics.biz\/es\/wp-json\/wp\/v2\/product\/916"}],"collection":[{"href":"https:\/\/getanabolics.biz\/es\/wp-json\/wp\/v2\/product"}],"about":[{"href":"https:\/\/getanabolics.biz\/es\/wp-json\/wp\/v2\/types\/product"}],"replies":[{"embeddable":true,"href":"https:\/\/getanabolics.biz\/es\/wp-json\/wp\/v2\/comments?post=916"}],"wp:featuredmedia":[{"embeddable":true,"href":"https:\/\/getanabolics.biz\/es\/wp-json\/wp\/v2\/media\/1185"}],"wp:attachment":[{"href":"https:\/\/getanabolics.biz\/es\/wp-json\/wp\/v2\/media?parent=916"}],"wp:term":[{"taxonomy":"product_cat","embeddable":true,"href":"https:\/\/getanabolics.biz\/es\/wp-json\/wp\/v2\/product_cat?post=916"},{"taxonomy":"product_tag","embeddable":true,"href":"https:\/\/getanabolics.biz\/es\/wp-json\/wp\/v2\/product_tag?post=916"}],"curies":[{"name":"wp","href":"https:\/\/api.w.org\/{rel}","templated":true}]}}