{"id":913,"date":"2017-04-27T10:32:35","date_gmt":"2017-04-27T11:47:33","guid":{"rendered":"http:\/\/getanabolics.biz\/product\/hcg-5000-1-frasco-de-5000-ui-de-hcg-bharat-serums\/"},"modified":"2018-01-19T08:49:50","modified_gmt":"2018-01-19T08:49:50","slug":"hcg-5000-1-vial-of-5000-iu-hcg","status":"publish","type":"product","link":"https:\/\/getanabolics.biz\/es\/producto\/hcg-5000-1-vial-of-5000-iu-hcg\/","title":{"rendered":"HCG 5000 &#8211; Bharat serums"},"content":{"rendered":"<h2>Comprar HCG 5000 &#8211; Bharat serums (HCG 5000IU)<\/h2>\n<p><a title=\"Comprar HCG 5000 en GetAnabolics\"><img src=\"http:\/\/getanabolics.biz\/images\/vitagon.jpg\" width=\"30%\" align=\"right\" \/><\/a><br \/>\nPara aquellos que buscan HCG 5000 y preguntando d\u00f3nde comprar HCG 5000 de Bharat serums legalmente ofrecemos HCG 5000IU como la mejor opci\u00f3n real para los culturistas.<br \/>\nA partir de ahora en una gran variedad de esteroides inyectables, as\u00ed como de los esteroides orales y terapia post ciclo de Bharat serums puede ser comprado en <b>GetAnabolics<\/b>. Estamos encantados de presentar la nueva HCG 5000 de <span style=\"font-weight: bold;\">Bharat serums<\/span>.<br \/>\n<em>Todos los productos que tiene para ofrecer son aut\u00e9nticos, de alta calidad de compuestos y tienen un \u00fanico objetivo: ayudar a la gente a la ganancia de masa muscular, la fuerza general, a quemar grasas y a ayudarlos en el camino de la perfecci\u00f3n f\u00edsica. Con el fin de crear una constructivo y civilizado relaci\u00f3n con nuestros clientes, vamos a hacer el m\u00e1ximo esfuerzo para asegurar un servicio de alta calidad y enfoque de cada persona que la direcci\u00f3n de nuestra tienda con cortes\u00eda y respeto.<\/em><br \/>\nConstruir y mantener un cuerpo perfecto, se requiere una combinaci\u00f3n de m\u00e9todos. Una dieta adecuada es la primera en la lista de los componentes esenciales que el cuerpo necesita. En segundo lugar, aseg\u00farese de que usted siempre compra y uso legal de los esteroides en l\u00ednea no s\u00f3lo para evitar conflictos con la ley, pero lo que es m\u00e1s importante, para evitar complicaciones de salud.<br \/>\n<span style=\"font-weight: bold;\">GetAnabolics.Biz<\/span> es la l\u00ednea de esteroides proveedor especialmente creado y dedicado a proporcionar a cada atleta y culturista con los mejores esteroides anab\u00f3licos en los precios de descuento. Hemos elegido la mayor\u00eda de marcas confiables para colaborar con el fin de garantizar la seguridad, original y de alto nivel de esteroides para nuestros clientes.<br \/>\n<em>Env\u00edo de esteroides muy segura es la principal preocupaci\u00f3n para la entrega de esteroides a nivel mundial. Nuestro discreto garantiza que nadie m\u00e1s sabe que usted comprar esteroides en l\u00ednea.<\/em><\/p>\n<h2>M\u00e1s HCG 5000 Bharat serums Informaci\u00f3n<\/h2>\n<p><b>1 frasco de 5000 UI de HCG<\/b><\/p>\n<blockquote><p>HCG, no es un anab\u00f3lico\/un-drogenic esteroides, pero una prote\u00edna natural de la hormona, que se desarrolla en el la placenta de una mujer embarazada. La HCG se fabrica a partir de la orina de mujeres embarazadas, ya que es se excreta en la onu-se ha cambiado la forma de la sangre a trav\u00e9s de la orina de la mujer, pasando a trav\u00e9s de los ri\u00f1ones. El comercialmente disponible HCG se vende como una sustancia seca y puede ser utilizado tanto en hombres y mujeres. en las mujeres inyectable HCG permite la ovulaci\u00f3n, ya que influye en las \u00faltimas etapas del desarrollo de la el \u00f3vulo, por lo tanto, estimula la ovulaci\u00f3n. En un hombre de HCG estimula la producci\u00f3n de hormonas androg\u00e9nicas (testosterona). Por esta raz\u00f3n los atletas el uso de inyectables de HCG para aumentar la producci\u00f3n de testosterona. La HCG se utiliza a menudo en combinaci\u00f3n con esteroides anab\u00f3licos\/androg\u00e9nicos durante o despu\u00e9s del tratamiento.<\/p><\/blockquote>\n<h1>Comprar HCG Pregnyl<\/h1>\n<p>a partir de la cuerpo por lo general se necesita una cierta cantidad de tiempo para obtener su producci\u00f3n de testosterona va de nuevo, el atleta, despu\u00e9s de dejar de compuestos esteroides, las experiencias de una dif\u00edcil etapa de transici\u00f3n, que a menudo va de la mano de en la mano con una considerable p\u00e9rdida de la fuerza y la masa muscular. La administraci\u00f3n de HCG directamente despu\u00e9s de el tratamiento de los esteroides ayudan a reducir esta condici\u00f3n debido a la HCG aumenta la producci\u00f3n de testosterona en los test\u00edculos muy r\u00e1pidamente y de forma fiable. En el caso de la atrofia testicular causada por mega dosis y muy largos per\u00edodos de uso, la HCG tambi\u00e9n ayuda a llevar r\u00e1pidamente los test\u00edculos de vuelta a su estado original (tama\u00f1o). Desde ocasionales inyecciones de HCG durante la ingesta de esteroides puede evitar la atrofia testicular, muchos atletas el uso de HCG durante dos a tres semanas en medio de su tratamiento con esteroides. Se observa a menudo que durante esta vez el atleta hace su mejor progreso con respecto a las ganancias en fuerza y masa muscular. Aquellos que est\u00e1n en el jugo durante todo el a\u00f1o, que podr\u00eda sufrir consecuencias psicol\u00f3gicas o que les tal vez el riesgo de la ruptura de una relaci\u00f3n, ya que de esto debe considerar este inconveniente cuando se toma La HCG en intervalos regulares. Una reducci\u00f3n de la libido y de la espermatog\u00e9nesis debido a los esteroides, en la mayor\u00eda de los casos, puede ser curado con \u00e9xito por el tratamiento con HCG.<\/p>\n<p><em>la Mayor\u00eda de los atletas, sin embargo, el uso de HCG en la final de un tratamiento con el fin de evitar un \u00abcrash\u00bb, es decir, a lograr la mejor transici\u00f3n posible en \u00abformaci\u00f3n natural.\u00bb Una condici\u00f3n previa, sin embargo, es que los esteroides la ingesta de la dosis se reduce lentamente y de manera uniforme antes de tomar HCG. Aunque la HCG causa una r\u00e1pida y aumento significativo de la androg\u00e9nica plasma el nivel de testosterona, por desgracia no es un remedio perfecto para evitar la p\u00e9rdida de masa muscular y fuerza al final de un tratamiento con esteroides. Aunque hace HCG estimular la producci\u00f3n de testosterona end\u00f3gena, que no ayuda en el restablecimiento de la normal hipot\u00e1lamo\/hip\u00f3fisis testicular axis. El hipot\u00e1lamo y la hip\u00f3fisis est\u00e1n todav\u00eda en un estado refractario despu\u00e9s de prolongado de esteroides de uso, y siendo de esta manera, mientras que la HCG se utiliza, debido a que la end\u00f3gena la testosterona se produce como un resultado de la HCG ex\u00f3gena reprime la LH end\u00f3gena de producci\u00f3n. Una vez que la HCG es suspendido, el atleta debe ir a trav\u00e9s de una re-per\u00edodo de ajuste. Esto es simplemente retrasado por el uso de HCG.\u00bb Por esta raz\u00f3n atletas experimentados a menudo tomar <a href=\"http:\/\/getanabolics.biz\/es\/producto\/clomid-10-fichas-contiene-50-mg-de-citrato-de-clomifeno-alpha-pharma\/\">Clomid <\/a>y <a href=\"http:\/\/getanabolics.biz\/es\/producto\/clenbuterol-40-100-tabs-each-40-mcg-clenbuterol-hydrochloride\/\">Clenbuterol <\/a>tras la ingesta de HCG o inmediatamente comenzar otro tratamiento con esteroides. Algunos tomar HCG simplemente salir de la \u00abesteroides\u00bb por lo menos dos a tres semanas.<\/em><\/p>\n<p>HCG prospecto dice claramente que la HCG \u00abno tiene ning\u00fan efecto conocido de la movilizaci\u00f3n de la grasa, el apetito o el sentido de hambre, o de distribuci\u00f3n de la grasa corporal.\u00bb Adem\u00e1s, se\u00f1ala, \u00abla HCG no ha sido demostrado ser eficaz terapia adyuvante en el tratamiento de la obesidad, no aumentar la grasa m\u00e1s all\u00e1 de las p\u00e9rdidas que resulten de la restricci\u00f3n cal\u00f3rica. 6000 I. U. de HCG en una sola inyecci\u00f3n se tradujo en elevados niveles de testosterona durante seis d\u00edas despu\u00e9s de la inyecci\u00f3n. A una dosis de 1500 I. U. el pharmatestosterone que aumenta el nivel de 250-300% (2.5-3fold) en comparaci\u00f3n con el valor inicial. El atleta debe inyectar una HCG ampolla cada 5 d\u00edas. Desde el nivel de la testosterona sigue siendo muy elevada por varios d\u00edas, es necesario inyectar HCG m\u00e1s de una vez cada 5 d\u00edas. La dosis efectiva para los atletas es generalmente de 2000-5000 I. U. por inyecci\u00f3n y debe-como ya se mencion\u00f3-se inyecta cada 5 d\u00edas. La HCG s\u00f3lo deber\u00eda ser tomado por un pocas semanas. Si la HCG es tomada por los atletas de sexo masculino durante muchas semanas y en altas dosis, es posible que los test\u00edculos se responden mal a la ingesta de HCG y una liberaci\u00f3n del cuerpo de la propia LH.<a href=\"http:\/\/getanabolics.biz\/es\/winstrol-que-es-y-para-que-sirve\/\"> Esto podr\u00eda resultado en un permanente inadecuado de la funci\u00f3n gonadal.<\/a><\/p>\n<p>la HCG puede causar efectos secundarios similares a los de la testosterona inyectable. Una m\u00e1s altos de testosterona la producci\u00f3n tambi\u00e9n va de la mano con un nivel elevado de estr\u00f3geno que podr\u00eda causar ginecomastia. Esto podr\u00eda manifestarse en un temporal crecimiento de los senos o reforzar los ya existentes, el crecimiento de los senos en los hombres. Visi\u00f3n de futuro de los atletas as\u00ed combinar HCG con un antiestr\u00f3geno. Los atletas de sexo masculino tambi\u00e9n se reportan m\u00e1s frecuentes erecciones y un aumento del deseo sexual. En altas dosis puede causar acn\u00e9 vulgaris y la el almacenamiento de los minerales y el agua. El \u00faltimo punto debe ser observado especialmente desde la retenci\u00f3n de agua lo cual es posible mediante el uso de HCG podr\u00eda dar el sistema muscular de un hinchados y llorosos apariencia. Los atletas que ya han aumentado su nivel de testosterona end\u00f3gena por tomar Clomid y la intenci\u00f3n posteriormente tomar Pregnyl puede experimentar una considerable retenci\u00f3n de agua y distintos s\u00edntomas de feminizaci\u00f3n (ginecomastia, la tendencia hacia los dep\u00f3sitos de grasa en las caderas). Esto es debido a la hecho de que la testosterona alta conduce a una alta tasa de conversi\u00f3n a estr\u00f3genos. En los ni\u00f1os muy peque\u00f1os atletas HCG, como los esteroides anab\u00f3licos, puede causar un temprano retraso del crecimiento, ya que cierra prematuramente la epiphysial las placas de crecimiento. Los cambios de humor y la presi\u00f3n arterial alta tambi\u00e9n puede ser atribuido a la ingesta de HCG.<\/p>\n<p>HCG de la forma de administraci\u00f3n es tambi\u00e9n inusual. La sustancia coriongonadotropina es un polvo blanco liofilizado de la sustancia que se utiliza generalmente como una compresa. Cada paquete, para cada HCG ampolla, incluye otra ampolla con una inyecci\u00f3n de soluci\u00f3n que contiene isot\u00f3nica de cloruro de sodio. Este l\u00edquido, despu\u00e9s de tanto las ampollas se han abierto en una est\u00e9ril manera, se inyecta en el HCG ampolla y se mezcla con el secado de la sustancia. La soluci\u00f3n est\u00e1 entonces listo para su uso y debe ser inyectado por v\u00eda intramuscular. Si s\u00f3lo parte de la sustancia se inyecta la soluci\u00f3n residual debe ser almacenado en el refrigerador. No es necesario para almacenar la HCG sin mezclar en el refrigerador; sin embargo, debe mantenerse fuera de la luz y por debajo de una temperatura de 25* C.<br \/>\n<strong>Comprar HCG<\/strong> para aumentar los niveles de testosterona.<\/p>\n<h3>Lee mas<\/h3>\n<p><a href=\"http:\/\/getanabolics.biz\/es\/hormona-del-crecimiento-hgh-los-hechos-mas-importantes\/\">HORMONA DE CRECIMIENTO HGH &#8211; LOS HECHOS M\u00c1S IMPORTANTES<\/a><\/p>\n<p><a href=\"http:\/\/getanabolics.biz\/es\/winstrol-que-es-y-para-que-sirve\/\">WINSTROL, \u00bfQU\u00c9 ES Y PARA QU\u00c9 SIRVE?<\/a><\/p>\n<p><a href=\"http:\/\/getanabolics.biz\/es\/puedo-ahorrar-peso-despues-de-un-curso-de-esteroides\/\">\u00bfPUEDO AHORRAR PESO DESPU\u00c9S DE UN CURSO DE ESTEROIDES?<\/a><\/p>\n<p><a href=\"http:\/\/getanabolics.biz\/es\/pausa-entre-cursos-de-esteroides-y-pct\/\">PAUSA ENTRE CURSOS DE ESTEROIDES Y PCT<\/a><\/p>\n<p><a href=\"http:\/\/getanabolics.biz\/es\/culturismo-y-esteroides\/\">BODYBUILDING Y ESTEROIDES<\/a><\/p>\n","protected":false},"excerpt":{"rendered":"<p>Paquete: 1 frasco de 5000 UI de HCG<br \/>Fabricante: Bharat serums<br \/>Nombre de la marca: HCG 5000<br \/>Conocido como: HCG 5000IU<\/p>\n","protected":false},"featured_media":421,"comment_status":"open","ping_status":"closed","template":"","meta":[],"product_cat":[87,93],"product_tag":[77],"_links":{"self":[{"href":"https:\/\/getanabolics.biz\/es\/wp-json\/wp\/v2\/product\/913"}],"collection":[{"href":"https:\/\/getanabolics.biz\/es\/wp-json\/wp\/v2\/product"}],"about":[{"href":"https:\/\/getanabolics.biz\/es\/wp-json\/wp\/v2\/types\/product"}],"replies":[{"embeddable":true,"href":"https:\/\/getanabolics.biz\/es\/wp-json\/wp\/v2\/comments?post=913"}],"wp:featuredmedia":[{"embeddable":true,"href":"https:\/\/getanabolics.biz\/es\/wp-json\/wp\/v2\/media\/421"}],"wp:attachment":[{"href":"https:\/\/getanabolics.biz\/es\/wp-json\/wp\/v2\/media?parent=913"}],"wp:term":[{"taxonomy":"product_cat","embeddable":true,"href":"https:\/\/getanabolics.biz\/es\/wp-json\/wp\/v2\/product_cat?post=913"},{"taxonomy":"product_tag","embeddable":true,"href":"https:\/\/getanabolics.biz\/es\/wp-json\/wp\/v2\/product_tag?post=913"}],"curies":[{"name":"wp","href":"https:\/\/api.w.org\/{rel}","templated":true}]}}