{"id":912,"date":"2017-04-27T10:32:35","date_gmt":"2017-04-27T11:47:33","guid":{"rendered":"http:\/\/getanabolics.biz\/product\/anadrol-100-fichas-cada-ficha-contiene-50-mg-de-oximetolona-body-research\/"},"modified":"2018-01-19T07:59:20","modified_gmt":"2018-01-19T07:59:20","slug":"anadrol-100-tabs-each-tab-contains-50-mg-oxymetholone","status":"publish","type":"product","link":"https:\/\/getanabolics.biz\/es\/producto\/anadrol-100-tabs-each-tab-contains-50-mg-oxymetholone\/","title":{"rendered":"Anadrol &#8211; Body Research"},"content":{"rendered":"<h2>Comprar Anadrol &#8211; Body Research (Androlic)<\/h2>\n<p><a title=\"Comprar Anadrol en GetAnabolics\"><img src=\"http:\/\/getanabolics.biz\/images\/androlic.jpg\" width=\"30%\" align=\"right\" \/><\/a><br \/>\nPara aquellos que buscan Anadrol y preguntando d\u00f3nde comprar Anadrol de Body Research legalmente ofrecemos Androlic como la mejor opci\u00f3n real para los culturistas.<br \/>\nA partir de ahora en una gran variedad de esteroides inyectables, as\u00ed como de los esteroides orales y terapia post ciclo de Body Research puede ser comprado en <b>GetAnabolics<\/b>. Estamos encantados de presentar la nueva Anadrol de <span style=\"font-weight: bold;\">Body Research<\/span>.<br \/>\n<em>Todos los productos que tiene para ofrecer son aut\u00e9nticos, de alta calidad de compuestos y tienen un \u00fanico objetivo: ayudar a la gente a la ganancia de masa muscular, la fuerza general, a quemar grasas y a ayudarlos en el camino de la perfecci\u00f3n f\u00edsica. Con el fin de crear una constructivo y civilizado relaci\u00f3n con nuestros clientes, vamos a hacer el m\u00e1ximo esfuerzo para asegurar un servicio de alta calidad y enfoque de cada persona que la direcci\u00f3n de nuestra tienda con cortes\u00eda y respeto.<\/em><br \/>\nConstruir y mantener un cuerpo perfecto, se requiere una combinaci\u00f3n de m\u00e9todos. Una dieta adecuada es la primera en la lista de los componentes esenciales que el cuerpo necesita. En segundo lugar, aseg\u00farese de que usted siempre compra y uso legal de los esteroides en l\u00ednea no s\u00f3lo para evitar conflictos con la ley, pero lo que es m\u00e1s importante, para evitar complicaciones de salud.<br \/>\n<span style=\"font-weight: bold;\">GetAnabolics.Biz<\/span> es la l\u00ednea de esteroides proveedor especialmente creado y dedicado a proporcionar a cada atleta y culturista con los mejores esteroides anab\u00f3licos en los precios de descuento. Hemos elegido la mayor\u00eda de marcas confiables para colaborar con el fin de garantizar la seguridad, original y de alto nivel de esteroides para nuestros clientes.<br \/>\nEnv\u00edo de esteroides muy segura es la principal preocupaci\u00f3n para la entrega de esteroides a nivel mundial. Nuestro discreto garantiza que nadie m\u00e1s sabe que usted comprar esteroides en l\u00ednea.<\/p>\n<h2>M\u00e1s Anadrol Body Research Informaci\u00f3n<\/h2>\n<p><b>100 fichas cada ficha contiene 50 mg de Oximetolona<\/b><\/p>\n<blockquote><p><b>Mayores<\/b><br \/>\nOximetolona, conocido por su nombre de marca, Anadrol 50, en los estados UNIDOS los mercados de drogas se ha convertido en uno de los deportivos m\u00e1s populares de los esteroides del levantamiento de pesas y el culturismo comunidades, puesto a disposici\u00f3n en 1960 por la compa\u00f1\u00eda farmac\u00e9utica, Syntex. Inicialmente, Anadrol 50 se utiliza para aumentar el conteo de gl\u00f3bulos rojos en pacientes con casos graves de Anemia. Sin embargo, como la investigaci\u00f3n en esta \u00e1rea avanzaba, m\u00e1s avanzada de la no-medicamentos esteroideos, se han desarrollado para tratar este mismo tema sin provocar todos los efectos secundarios de <a href=\"http:\/\/getanabolics.biz\/es\/producto\/anadrol-50-tabs-each-tab-contains-50-mg-oxymetholone\/\">Anadrol <\/a>50. Desde estos otros f\u00e1rmacos ha demostrado ser igual de eficaz en el aumento de la producci\u00f3n de gl\u00f3bulos rojos, Syntex ces\u00f3 la producci\u00f3n y distribuci\u00f3n en estados UNIDOS de Anadrol 50, en 1993, y ha reducido dr\u00e1sticamente las exportaciones extranjeras de la droga as\u00ed. Aunque, la empresa hizo seguir a vender la droga en un n\u00famero selecto de los mercados internacionales, en virtud de un par de diferentes nombres de marca.<\/p><\/blockquote>\n<h1>Comprar Anbadrol<\/h1>\n<p>Oximetolona hizo un resurgimiento en la d\u00e9cada de 1990, despu\u00e9s de los estudios sobre el tratamiento del VIH y el SIDA mostr\u00f3 que la oximetolona y su anti-perder propiedades podr\u00edan ser utilizados de forma segura en el VIH y el SIDA de los enfoques de tratamiento. En 1998, Anadrol 50, hizo su regreso a los EE.UU. mercado de la droga y sigue disponible hoy en d\u00eda.<\/p>\n<p><b>Funci\u00f3n y Uso<\/b><br \/>\n<a href=\"http:\/\/getanabolics.biz\/es\/producto\/anadrol-500-tabs-each-tab-contains-50-mg-oxymetholone\/\">Anadrol <\/a>es reconocido en la comunidad del culturismo como uno de los m\u00e1s eficaces esteroides en el mercado. Por desgracia, junto con ser muy eficaz, tambi\u00e9n puede ser muy peligroso. Oximetolona, cuando se utiliza como un esteroide, se puede esperar que a\u00f1adir 20-30 libras de masa muscular en un corto per\u00edodo de seis semanas. Esto es suponiendo que el usuario sigue a la ingesta diaria recomendada de 50 mg a 100 mg por d\u00eda.<\/p>\n<p>La funci\u00f3n principal de Anadrol, y como se relaciona con el culturismo, es el arrugado de los niveles de c\u00e9lulas rojas de la sangre producida por la droga. Un mayor de gl\u00f3bulos rojos concentraci\u00f3n significa que el es m\u00e1s de la sangre de llevar ox\u00edgeno a correr a trav\u00e9s de sus venas, que a su vez aumenta su resistencia general y el rendimiento durante los entrenamientos. Anadrol es conocido por causar una gran cantidad de retenci\u00f3n de agua, que normalmente aparece como un efecto secundario, pero puede tener sus ventajas tambi\u00e9n. Llevar m\u00e1s agua proporciona un poco m\u00e1s de amortiguaci\u00f3n y elasticidad en los m\u00fasculos de las articulaciones, y puede aliviar algo de la tensi\u00f3n de un entrenamiento intenso o ayudar a evitar lesiones.<\/p>\n<p><b>como Ciclo de Anadrol 50<\/b><br \/>\nDesde <a href=\"http:\/\/getanabolics.biz\/es\/producto\/anadrol-50-fichas-de-cada-uno-de-ellos-contiene-50-mg-de-oximetolona-alpha-pharma\/\">Anadrol <\/a>es tan potente, que los usuarios de primera vez debe ser muy cauteloso al momento de a\u00f1adir este medicamento a su rutina diaria. La dosis desglose se parece a esto: 0,5 a 0,8 mg por libra de peso corporal, que se traduce en alrededor de 50 mg a 200 mg por d\u00eda. Se recomienda que los usuarios de primera vez de comenzar moderadamente por el consumo de una dosis de 50 mg tableta por d\u00eda al principio, mientras el cuerpo se ajusta a los efectos de los esteroides. Al tomar m\u00e1s de un comprimido al d\u00eda, es inteligente para el espacio de sus dosis a cabo en lugar de tomar dos dosis a la vez. <u>Recuerde, los ciclos de Anadrol no debe exceder de seis semanas<\/u>.<\/p>\n<p>Puede apilar Anadrol en la parte superior de otros esteroides que usted podr\u00eda estar tomando, como <a href=\"http:\/\/getanabolics.biz\/es\/efectos-secundarios-de-deca-durabolin\/\">Deca-Durabolin<\/a> o Testosterona. Este m\u00e9todo aumenta a granel y de masa, incluso m\u00e1s que el uso de Oximetolona solo. El apilamiento es para usuarios con experiencia y debe hacerse con mucho cuidado. El imprudente uso de varios esteroides puede tener extrema efectos adversos en el cuerpo.<\/p>\n<p><b>los Efectos Secundarios y Riesgos<\/b><br \/>\n<em>Anadrol es tan eficaz, que los usuarios pueden estar tentados a aumentar su dosis o prolongar el ciclo, pero se debe se\u00f1alar que el exceso de una de esteroides como Anadrol en realidad puede causar serios da\u00f1os a los m\u00fasculos. Esto es menos de un efecto secundario y m\u00e1s de un usuario de advertencia, pero debe ser tomado en cuenta por cualquier persona que utilice Oximetolona para a\u00f1adir masa muscular. Aunque la idea es ganar r\u00e1pidamente, demasiado r\u00e1pido puede crear una inmanejable cantidad de tensi\u00f3n en sus m\u00fasculos, a veces resultando en un desgarro del b\u00edceps o los pectorales de los tejidos. Este tipo de lesi\u00f3n es m\u00e1s com\u00fanmente observado entre las personas el uso de altas dosis de andr\u00f3genos, como Anadrol.<\/em><\/p>\n<p>adem\u00e1s De aumentar la posibilidad de lesiones graves, Oximetolona tambi\u00e9n puede causar efectos secundarios relacionados con el aumento de estr\u00f3geno en su sistema. Estos efectos secundarios incluyen, principalmente, la presencia de tejido mamario y puede ser un problema serio para las personas que son sensibles a los estr\u00f3genos. Otros efectos secundarios incluyen da\u00f1os graves en el h\u00edgado debido a la constituci\u00f3n de Anadrol, cambios de humor, y la presi\u00f3n arterial alta. La decisi\u00f3n de comprar Anadrol no debe ser tomado a la ligera. Usted tiene que entender que junto con el aumento de la masa muscular viene de una larga lista de posibles (y muy graves) efectos secundarios. H\u00edgado protectores tales como la Leche de Cardo, ALA y Liv52 se debe al uso de Anadrol.<\/p>\n<p>El problema de la retenci\u00f3n de agua ya ha sido discutido, pero es hora de hablar de los aspectos negativos de aumentar demasiado el peso del agua. La retenci\u00f3n de agua crea un redondeado, aspecto hinchado que es muy notable y a veces poco atractivo. No hay manera de evitar la retenci\u00f3n de agua al tomar un esteroide como Anadrol. Es un efecto secundario que usted tendr\u00e1 que venir a los t\u00e9rminos con el fin de alcanzar la masa que desea. Este peso no es permanente y va a desaparecer tan pronto como usted deje de tomar.<\/p>\n<p><b>Resumen<\/b><br \/>\n<span style=\"text-decoration: underline;\">Anadrol es a menudo elogiado por los culturistas por su capacidad para a\u00f1adir masa muscular r\u00e1pidamente, y el hecho de que es un esteroide oral hace que sea muy popular entre los veteranos y los reci\u00e9n llegados por igual. Mientras que estos son considerados como los factores positivos asociados con Anadrol, tenga en cuenta que hay algunos factores negativos as\u00ed. Si usted desea comprar Anadrol en l\u00ednea como una forma de pliegue masiva y llevar a su cuerpo la construcci\u00f3n de juego al siguiente nivel, debe hacerlo en la forma m\u00e1s segura posible, de lo contrario va a terminar haciendo m\u00e1s da\u00f1o que bien.<\/span><\/p>\n<p><strong>Comprar Anadrol 50<\/strong> si usted quiere poner en el tama\u00f1o del m\u00fasculo r\u00e1pido.<\/p>\n<h3>Lee mas<\/h3>\n<p><a href=\"http:\/\/getanabolics.biz\/es\/grandes-resultados-del-mejor-acetato-de-trenbolona\/\">GRANDES RESULTADOS DEL MEJOR ACETATO DE TRENBOLONE<\/a><\/p>\n<p><a href=\"http:\/\/getanabolics.biz\/es\/todo-lo-que-usted-necesita-saber-sobre-anadrol\/\">TODO LO QUE NECESITA SABER SOBRE ANADROL<\/a><\/p>\n<p><a href=\"http:\/\/getanabolics.biz\/es\/el-efecto-de-los-esteroides-en-la-piel-humana\/\">EL EFECTO DE LOS ESTEROIDES EN LA PIEL HUMANA<\/a><\/p>\n<p><a href=\"http:\/\/getanabolics.biz\/es\/reuna-una-masa-seca-sin-efectos-secundarios\/\">RE\u00daNA UNA MISA SECA SIN EFECTOS SECUNDARIOS<\/a><\/p>\n<p>\u00bf<a href=\"http:\/\/getanabolics.biz\/es\/cual-deberia-ser-la-duracion-del-ciclo-de-esteroides\/\">CU\u00c1L DEBE SER LA DURACI\u00d3N DEL CURSO DE ESTEROIDES?<\/a><\/p>\n","protected":false},"excerpt":{"rendered":"<p>Paquete: 100 fichas cada ficha contiene 50 mg de Oximetolona<br \/>Fabricante: Body Research<br \/>Nombre de la marca: Anadrol<br \/>Conocido como: Androlic<\/p>\n","protected":false},"featured_media":433,"comment_status":"open","ping_status":"closed","template":"","meta":[],"product_cat":[108,115],"product_tag":[78],"_links":{"self":[{"href":"https:\/\/getanabolics.biz\/es\/wp-json\/wp\/v2\/product\/912"}],"collection":[{"href":"https:\/\/getanabolics.biz\/es\/wp-json\/wp\/v2\/product"}],"about":[{"href":"https:\/\/getanabolics.biz\/es\/wp-json\/wp\/v2\/types\/product"}],"replies":[{"embeddable":true,"href":"https:\/\/getanabolics.biz\/es\/wp-json\/wp\/v2\/comments?post=912"}],"wp:featuredmedia":[{"embeddable":true,"href":"https:\/\/getanabolics.biz\/es\/wp-json\/wp\/v2\/media\/433"}],"wp:attachment":[{"href":"https:\/\/getanabolics.biz\/es\/wp-json\/wp\/v2\/media?parent=912"}],"wp:term":[{"taxonomy":"product_cat","embeddable":true,"href":"https:\/\/getanabolics.biz\/es\/wp-json\/wp\/v2\/product_cat?post=912"},{"taxonomy":"product_tag","embeddable":true,"href":"https:\/\/getanabolics.biz\/es\/wp-json\/wp\/v2\/product_tag?post=912"}],"curies":[{"name":"wp","href":"https:\/\/api.w.org\/{rel}","templated":true}]}}