{"id":911,"date":"2017-04-27T10:32:35","date_gmt":"2017-04-27T11:47:33","guid":{"rendered":"http:\/\/getanabolics.biz\/product\/trenbolone-acetate-10ml-ampolla-contiene-1000-mg-100-mgml-acetato-de-trembolona-alpha-pharma\/"},"modified":"2018-01-19T09:26:39","modified_gmt":"2018-01-19T09:26:39","slug":"trenbolone-acetate-10ml-ampolla-contiene-1000-mg-100-mgml-acetato-de-trembolona-alpha-pharma","status":"publish","type":"product","link":"https:\/\/getanabolics.biz\/es\/producto\/trenbolone-acetate-10ml-ampolla-contiene-1000-mg-100-mgml-acetato-de-trembolona-alpha-pharma\/","title":{"rendered":"Trenbolone Acetate &#8211; Alpha-Pharma"},"content":{"rendered":"<h2>Comprar Trenbolone Acetate &#8211; Alpha-Pharma (Trenarapid)<\/h2>\n<p><a title=\"Comprar Trenbolone Acetate en GetAnabolics\"><img src=\"http:\/\/getanabolics.biz\/images\/trena-rapid.jpg\" width=\"30%\" align=\"right\" \/><\/a><br \/>\nPara aquellos que buscan Trenbolone Acetate y preguntando d\u00f3nde comprar Trenbolone Acetate de Alpha-Pharma legalmente ofrecemos Trenarapid como la mejor opci\u00f3n real para los culturistas.<br \/>\nA partir de ahora en una gran variedad de esteroides inyectables, as\u00ed como de los esteroides orales y terapia post ciclo de Alpha-Pharma puede ser comprado en <b>GetAnabolics<\/b>. Estamos encantados de presentar la nueva Trenbolone Acetate de <span style=\"font-weight: bold;\">Alpha-Pharma<\/span>.<br \/>\n<em>Todos los productos que tiene para ofrecer son aut\u00e9nticos, de alta calidad de compuestos y tienen un \u00fanico objetivo: ayudar a la gente a la ganancia de masa muscular, la fuerza general, a quemar grasas y a ayudarlos en el camino de la perfecci\u00f3n f\u00edsica. Con el fin de crear una constructivo y civilizado relaci\u00f3n con nuestros clientes, vamos a hacer el m\u00e1ximo esfuerzo para asegurar un servicio de alta calidad y enfoque de cada persona que la direcci\u00f3n de nuestra tienda con cortes\u00eda y respeto.<\/em><br \/>\nConstruir y mantener un cuerpo perfecto, se requiere una combinaci\u00f3n de m\u00e9todos. Una dieta adecuada es la primera en la lista de los componentes esenciales que el cuerpo necesita. En segundo lugar, aseg\u00farese de que usted siempre compra y uso legal de los esteroides en l\u00ednea no s\u00f3lo para evitar conflictos con la ley, pero lo que es m\u00e1s importante, para evitar complicaciones de salud.<br \/>\n<em><span style=\"font-weight: bold;\">GetAnabolics.Biz<\/span> es la l\u00ednea de esteroides proveedor especialmente creado y dedicado a proporcionar a cada atleta y culturista con los mejores esteroides anab\u00f3licos en los precios de descuento. Hemos elegido la mayor\u00eda de marcas confiables para colaborar con el fin de garantizar la seguridad, original y de alto nivel de esteroides para nuestros clientes.<\/em><br \/>\nEnv\u00edo de esteroides muy segura es la principal preocupaci\u00f3n para la entrega de esteroides a nivel mundial. Nuestro discreto garantiza que nadie m\u00e1s sabe que usted comprar esteroides en l\u00ednea.<\/p>\n<h2>M\u00e1s Trenbolone Acetate Alpha-Pharma Informaci\u00f3n<\/h2>\n<p><b>10ml ampolla contiene 1000 mg (100 mg\/ml) Acetato de Trembolona<\/b><\/p>\n<p><strong><u>Inform\u00f3 Caracter\u00edsticas<\/u><\/strong><br \/>\n<strong> Vida activa: Alrededor de 2 d\u00edas<\/strong><br \/>\n<strong> Clase de medicamento: Anab\u00f3licos\/Androg\u00e9nicos Esteroides (por inyecci\u00f3n)<\/strong><br \/>\n<strong> Promedio Reportado Dosis: Hombres 75 mg cada d\u00eda o dos d\u00edas<\/strong><br \/>\n<strong> Acn\u00e9: S\u00ed, especialmente en dosis m\u00e1s altas.<\/strong><br \/>\n<strong> Retenci\u00f3n de agua: No<\/strong><br \/>\n<strong> Presi\u00f3n Arterial alta: S\u00ed<\/strong><br \/>\n<strong> Aromatizaci\u00f3n: No<\/strong><br \/>\n<strong> T\u00f3xicos para el h\u00edgado: S\u00ed,discutible<\/strong><br \/>\n<strong> La conversi\u00f3n de DHT: No<\/strong><br \/>\n<strong> Disminuci\u00f3n de la funci\u00f3n ATAR: S\u00ed, de moderada a extrema<\/strong><\/p>\n<p><strong>Trembolona<\/strong> es un andr\u00f3geno muy potente con actividad anab\u00f3lica fuerte. Es muy adecuado para la r\u00e1pida acumulaci\u00f3n de fuerza y masa muscular, por lo general proporcionando al usuario resultados excepcionales en un per\u00edodo de tiempo relativamente corto. El efecto anab\u00f3lico de esta droga es a menudo comparado con el popular agentes de carga, tales como la testosterona o Dianabol, con una diferencia muy importante. Trembolona no convierte al estr\u00f3geno. Este es, de hecho, un compuesto muy singular puesto que la masa de las drogas, casi como una regla, se aromatiza (o causar otros problemas relacionados con el estr\u00f3geno) en exceso. Cuando pensamos en tomar m\u00e1s leves (con respecto al estr\u00f3geno) esteroides por lo general esperan mucho m\u00e1s d\u00e9bil crecimiento muscular, pero no as\u00ed con Trembolona. Aqu\u00ed no tiene que preocuparse acerca de los efectos secundarios relacionados con el estr\u00f3geno, y a\u00fan as\u00ed tener una muy potente masa\/fuerza de drogas. No hay ninguna retenci\u00f3n de agua notable, por lo que la masa obtenida durante un ciclo de Trembolona va a ser muy duro y definido (siempre que los niveles de grasa son lo suficientemente bajos). Ginecomastia no es tambi\u00e9n un motivo de preocupaci\u00f3n, por lo que no deber\u00eda haber ninguna necesidad de a\u00f1adir un anti-estr\u00f3geno si trembolona es el \u00fanico esteroide administrado.<\/p>\n<p><em>El alto nivel de andr\u00f3genos resultantes de este esteroide, en la ausencia de exceso de estr\u00f3genos, tambi\u00e9n puede acelerar la quema de grasa corporal. El resultado debe ser un f\u00edsico mucho m\u00e1s apretado, espero que sin la necesidad de hacer dietas extremas. <strong>Trembolona<\/strong> por lo tanto puede ayudar a lograr un f\u00edsico arranc\u00f3 incre\u00edblemente duro, y es un producto ideal para los culturistas competitivos.<\/em><\/p>\n<p>Trembolona es notablemente m\u00e1s potente que la testosterona, y tiene un efecto que es tanto como tres veces m\u00e1s fuerte en un miligramo por miligramo. Del mismo modo que podemos esperar ver alg\u00fan nivel de efectos secundarios androg\u00e9nicos con el uso de este compuesto. La piel grasa, comportamiento agresivo, acn\u00e9 y ca\u00edda del cabello tanto, no son infrecuentes durante un ciclo con este esteroide. La naturaleza androg\u00e9nica de esta droga, por supuesto, hace que sea un producto muy arriesgado para las mujeres, la probabilidad de que los s\u00edntomas de virilizaci\u00f3n muy alto con un potente andr\u00f3geno.<\/p>\n<blockquote><p><strong>Trembolona<\/strong> es tambi\u00e9n mucho m\u00e1s potente que la testosterona en la supresi\u00f3n de la producci\u00f3n end\u00f3gena de andr\u00f3genos. Esto pone de manifiesto el hecho de que el estr\u00f3geno no es el \u00fanico culpable de la inhibici\u00f3n de retroalimentaci\u00f3n negativa, ya que aqu\u00ed no hay acumulaci\u00f3n de esta hormona para el informe aqu\u00ed. Sin embargo, existe cierta actividad como una progestina inherente en este compuesto, como trembolona es un 19-nortestosterona (nandrolona) derivados (un rasgo caracter\u00edstico de estos compuestos). Sin embargo, parece probable que la mayor parte de su naturaleza supresora todav\u00eda se deriva de su potente acci\u00f3n de los andr\u00f3genos. Con el fuerte impacto de trembolona tiene sobre la testosterona end\u00f3gena, por supuesto, el uso de una droga estimulante como <strong>HCG<\/strong> y\/o <strong>Clomid<\/strong>\/<strong>Nolvadex<\/strong> se recomienda al finalizar la terapia con esteroides (una combinaci\u00f3n se prefiere). Sin su uso puede tomar un per\u00edodo prolongado de tiempo para el equilibrio hormonal para reanudar la reproducci\u00f3n, como los test\u00edculos al principio puede no ser capaz de responder normalmente a la reanudaci\u00f3n de la producci\u00f3n de gonadotropinas end\u00f3genas debido a un estado atrofiado. Aquellos que han utilizado regularmente Trembolona a menudo afirman que es indispensable. Una dosis diaria de 37.5-75 mg es de la gama m\u00e1s popular cuando se ejecuta un ciclo. Mientras Trembolona es muy potente cuando se utiliza solo, fue por lo general se combina con otros esteroides para un efecto a\u00fan mayor. Durante una fase de corte se podr\u00eda a\u00f1adir un no-aromatizaci\u00f3n anab\u00f3licos como <a href=\"http:\/\/getanabolics.biz\/es\/producto\/winstrol-tabs-10-comprar-winstrol-pildoras-de-50-fichas-de-cada-uno-de-ellos-contiene-10-mg-de-estanozolol-alpha-pharma\/\">Winstrol <\/a>o Primobolan. Tales combinaciones provocar\u00e1 un mayor nivel de densidad y la dureza de los m\u00fasculos. Uno podr\u00eda tambi\u00e9n granel con esta droga, con la adici\u00f3n de compuestos fuertes como Dianabol o Testosterona. Mientras que la ganancia de masa ser\u00eda bastante formidable con una pila, un cierto nivel de retenci\u00f3n de agua ser\u00eda probablemente tambi\u00e9n lo acompa\u00f1an. Anab\u00f3licos moderadamente eficaces, <a href=\"http:\/\/getanabolics.biz\/es\/producto\/deca-100-10x1ml-ampoules-each-has-100-mg-total-1000-mg-nandrolone-decaonate\/\">Deca-Durabolin<\/a> o <a href=\"http:\/\/getanabolics.biz\/es\/producto\/boldenone-250-1-frasco-de-10-ml-cada-1-ml-contiene-250-mg-de-boldenona-alpha-pharma\/\">Equipoise <\/a>ser\u00eda algo de un punto a mitad de camino, proporcionando una mayor resistencia y masa, pero sin el mismo nivel de agua se hincha que ver con los esteroides m\u00e1s f\u00e1cil aromatizados.<\/p><\/blockquote>\n<h3>Lee mas<\/h3>\n<p><a href=\"http:\/\/getanabolics.biz\/es\/grandes-resultados-del-mejor-acetato-de-trenbolona\/\">GRANDES RESULTADOS DEL MEJOR ACETATO DE TRENBOLONE<\/a><\/p>\n<p><a href=\"http:\/\/getanabolics.biz\/es\/todo-lo-que-usted-necesita-saber-sobre-anadrol\/\">TODO LO QUE NECESITA SABER SOBRE ANADROL<\/a><\/p>\n<p><a href=\"http:\/\/getanabolics.biz\/es\/el-efecto-de-los-esteroides-en-la-piel-humana\/\">EL EFECTO DE LOS ESTEROIDES EN LA PIEL HUMANA<\/a><\/p>\n<p><a href=\"http:\/\/getanabolics.biz\/es\/reuna-una-masa-seca-sin-efectos-secundarios\/\">RE\u00daNA UNA MISA SECA SIN EFECTOS SECUNDARIOS<\/a><\/p>\n<p>\u00bf<a href=\"http:\/\/getanabolics.biz\/es\/cual-deberia-ser-la-duracion-del-ciclo-de-esteroides\/\">CU\u00c1L DEBE SER LA DURACI\u00d3N DEL CURSO DE ESTEROIDES?<\/a><\/p>\n","protected":false},"excerpt":{"rendered":"<p>Paquete: 10ml ampolla contiene 1000 mg (100 mg\/ml) Acetato de Trembolona<br \/>Fabricante: Alpha-Pharma<br \/>Nombre de la marca: Trenbolone Acetate<br \/>Conocido como: Trenarapid<\/p>\n","protected":false},"featured_media":409,"comment_status":"open","ping_status":"closed","template":"","meta":[],"product_cat":[102,115],"product_tag":[75],"_links":{"self":[{"href":"https:\/\/getanabolics.biz\/es\/wp-json\/wp\/v2\/product\/911"}],"collection":[{"href":"https:\/\/getanabolics.biz\/es\/wp-json\/wp\/v2\/product"}],"about":[{"href":"https:\/\/getanabolics.biz\/es\/wp-json\/wp\/v2\/types\/product"}],"replies":[{"embeddable":true,"href":"https:\/\/getanabolics.biz\/es\/wp-json\/wp\/v2\/comments?post=911"}],"wp:featuredmedia":[{"embeddable":true,"href":"https:\/\/getanabolics.biz\/es\/wp-json\/wp\/v2\/media\/409"}],"wp:attachment":[{"href":"https:\/\/getanabolics.biz\/es\/wp-json\/wp\/v2\/media?parent=911"}],"wp:term":[{"taxonomy":"product_cat","embeddable":true,"href":"https:\/\/getanabolics.biz\/es\/wp-json\/wp\/v2\/product_cat?post=911"},{"taxonomy":"product_tag","embeddable":true,"href":"https:\/\/getanabolics.biz\/es\/wp-json\/wp\/v2\/product_tag?post=911"}],"curies":[{"name":"wp","href":"https:\/\/api.w.org\/{rel}","templated":true}]}}