{"id":910,"date":"2017-04-27T10:31:41","date_gmt":"2017-04-27T11:47:33","guid":{"rendered":"http:\/\/getanabolics.biz\/product\/parabolin-parabolan-parabolin-trembolona-75mg-caja-de-5-ampollas-de-15-ml-alpha-pharma\/"},"modified":"2018-01-19T14:01:33","modified_gmt":"2018-01-19T14:01:33","slug":"parabolin-parabolan-parabolin-trenbolone-75mg-box-of-5-ampoules-1-5ml","status":"publish","type":"product","link":"https:\/\/getanabolics.biz\/es\/producto\/parabolin-parabolan-parabolin-trenbolone-75mg-box-of-5-ampoules-1-5ml\/","title":{"rendered":"Parabolin (Parabolan) &#8211; Alpha Pharma"},"content":{"rendered":"<h2>Comprar Parabolin (Parabolan) &#8211; Alpha Pharma (Parabolin)<\/h2>\n<p><a title=\"Comprar Parabolin (Parabolan) en GetAnabolics\"><img src=\"http:\/\/getanabolics.biz\/images\/parabolin.jpg\" width=\"30%\" align=\"right\" \/><\/a><br \/>\nPara aquellos que buscan Parabolin (Parabolan) y preguntando d\u00f3nde comprar Parabolin (Parabolan) de Alpha Pharma legalmente ofrecemos Parabolin como la mejor opci\u00f3n real para los culturistas.<br \/>\nA partir de ahora en una gran variedad de esteroides inyectables, as\u00ed como de los esteroides orales y terapia post ciclo de Alpha Pharma puede ser comprado en <b>GetAnabolics<\/b>. Estamos encantados de presentar la nueva Parabolin (Parabolan) de <span style=\"font-weight: bold;\">Alpha Pharma<\/span>.<br \/>\n<em>Todos los productos que tiene para ofrecer son aut\u00e9nticos, de alta calidad de compuestos y tienen un \u00fanico objetivo: ayudar a la gente a la ganancia de masa muscular, la fuerza general, a quemar grasas y a ayudarlos en el camino de la perfecci\u00f3n f\u00edsica. Con el fin de crear una constructivo y civilizado relaci\u00f3n con nuestros clientes, vamos a hacer el m\u00e1ximo esfuerzo para asegurar un servicio de alta calidad y enfoque de cada persona que la direcci\u00f3n de nuestra tienda con cortes\u00eda y respeto.<\/em><br \/>\nConstruir y mantener un cuerpo perfecto, se requiere una combinaci\u00f3n de m\u00e9todos. Una dieta adecuada es la primera en la lista de los componentes esenciales que el cuerpo necesita. En segundo lugar, aseg\u00farese de que usted siempre compra y uso legal de los esteroides en l\u00ednea no s\u00f3lo para evitar conflictos con la ley, pero lo que es m\u00e1s importante, para evitar complicaciones de salud.<br \/>\n<span style=\"font-weight: bold;\">GetAnabolics.Biz<\/span> es la l\u00ednea de esteroides proveedor especialmente creado y dedicado a proporcionar a cada atleta y culturista con los mejores esteroides anab\u00f3licos en los precios de descuento. Hemos elegido la mayor\u00eda de marcas confiables para colaborar con el fin de garantizar la seguridad, original y de alto nivel de esteroides para nuestros clientes.<br \/>\nEnv\u00edo de esteroides muy segura es la principal preocupaci\u00f3n para la entrega de esteroides a nivel mundial. Nuestro discreto garantiza que nadie m\u00e1s sabe que usted comprar esteroides en l\u00ednea.<\/p>\n<h2>M\u00e1s Parabolin (Parabolan) Alpha Pharma Informaci\u00f3n<\/h2>\n<h2>Parabolin (Trembolona 75mg) Caja de 5 Ampollas de 1,5 ml<\/h2>\n<ul>\n<li><strong>(Trembolona Base HexaHydroBencyl Carbonato de \u00c9ster)<\/strong><\/li>\n<li><strong>[17 beta-Hydroxyestra-4,9,11-trien-3-ona]<\/strong><\/li>\n<li><strong>F\u00f3rmula: C20 H24 O3<\/strong><\/li>\n<li><strong>Peso Molecular (base): 270,3706<\/strong><\/li>\n<li><strong>Peso Molecular (\u00e9ster):130.1864<\/strong><\/li>\n<li><strong>la F\u00f3rmula (base): C18 H22 O2<\/strong><\/li>\n<li><strong>Punto de Fusi\u00f3n (base): 183-186C<\/strong><\/li>\n<li><strong>Fabricante: (originalmente) Negma, Varios Laboratorios Subterr\u00e1neos<\/strong><\/li>\n<li><strong>Dosis Efectiva (Hombres): 300-500mgs\/semana<\/strong><\/li>\n<li><strong>Dosis Efectiva (Mujeres): No se recomienda<\/strong><\/li>\n<li><strong>Active la vida: de 10 a 14 d\u00edas<\/strong><\/li>\n<li><strong>la Mitad de la Vida: 5-7 d\u00edas<\/strong><\/li>\n<li><strong>Tiempo de Detecci\u00f3n: de 4 a 5 semanas<\/strong><\/li>\n<li><strong>Anab\u00f3licos\/Androg\u00e9nicos relaci\u00f3n: 500\/500<\/strong><\/li>\n<\/ul>\n<p>Parabolan es utilizado s\u00f3lo por usuarios experimentados porque es muy potente y dif\u00edcil de producto. Su efecto principal es producir m\u00e1s dif\u00edcil, m\u00e1s denso, y m\u00fasculos m\u00e1s fuertes, lo que es un producto muy popular para los atletas.<\/p>\n<p>Parabolan, tampoco se ve afectado por la aromatasa o la 5-alfa-reductasa. Esto significa que se convierte en ni d\u00e9bil ni fuerte en la andr\u00f3genos sensible tejidos diana y es un rasgo generalmente compartida por la DHT (DyhydroTestosterone) que se derivan de los esteroides. Desde Parabolan es, por supuesto, una de Trembolona, no es en realidad derivada DHT, sino m\u00e1s bien, es un derivado de la 19-Nor-Testosterona. Parabolan no tiene actividad estrog\u00e9nica (realmente puede reducir los niveles s\u00e9ricos de estradiol en el cuerpo), es muy fuerte anab\u00f3licos y androg\u00e9nicos compuesto (5 veces m\u00e1s fuerte que la testosterona en ambas categor\u00edas!), y se une tambi\u00e9n a los receptores de andr\u00f3genos. En realidad, la uni\u00f3n \u00abbien\u00bb para el receptor de andr\u00f3genos es un eufemismo. No hay inyectable AAS en nuestro arsenal que se une al receptor de andr\u00f3genos (AR), as\u00ed como la Trembolona. Esta es probablemente una raz\u00f3n importante por la que Parabolan fue tan buscado para su uso como un precontest agente. Los Receptores de andr\u00f3genos se encuentran en las c\u00e9lulas de grasa, as\u00ed como las c\u00e9lulas del m\u00fasculo, (8) y todos sabemos que los andr\u00f3genos act\u00faan sobre la AR en las c\u00e9lulas musculares para promover el crecimiento. Los andr\u00f3genos tambi\u00e9n actuar directamente sobre la AR en las c\u00e9lulas de grasa que afectan a la quema de grasa.(9)(6) El m\u00e1s fuerte de los andr\u00f3genos se une a la A. R, mayor ser\u00e1 el lipol\u00edtico (quema de grasa) efecto sobre el tejido adiposo (grasa) tejido (9)(5). Como si eso&#8217;s no lo suficiente buena noticia, algunos esteroides, incluso, aumentar el n\u00famero de A. R. en el m\u00fasculo y la grasa (9)(10), que me lleva a especular que esta para perder grasa efecto ser\u00eda amplificado con el uso concomitante de otros compuestos, tales como testosterona inyectable.<\/p>\n<p><em>Otro mecanismo por el cual Parabolan provoca la acumulaci\u00f3n de m\u00fasculo y la p\u00e9rdida de grasa es su capacidad como la partici\u00f3n de nutrientes agente.(7) que, B\u00e1sicamente, lo que esto significa es que mientras que el uso de Tren, m\u00e1s de los alimentos que comemos se convierten en M\u00fasculo y menos (si cualquiera) se convierten en Grasa. De verdad! Como puede ver, la mayor\u00eda de Parabolan&#8217;s de culto reputaci\u00f3n es bien merecida. Y como si eso&#8217;s no lo suficiente, Parabolan aumente el nivel de IGF-1 en el tejido muscular (2), que en s\u00ed mismo es un muy anab\u00f3licos de la hormona. Y, lo&#8217;s vale la pena se\u00f1alar que no s\u00f3lo aumenta los niveles de IGF-1 en el m\u00fasculo m\u00e1s de dos veces (2), que tambi\u00e9n hace las c\u00e9lulas sat\u00e9lite del m\u00fasculo (c\u00e9lulas que reparar el m\u00fasculo da\u00f1ado) a ser m\u00e1s sensible a la IGF-1 y otros factores de crecimiento(3). Esto me lleva a especular que Parabolan (o cualquier otra versi\u00f3n de Tren) ser\u00eda sin\u00e9rgica dentro de un ciclo que contiene cualquier forma de inyectable de IGF-1.<\/em><\/p>\n<p>Parabolan tambi\u00e9n sucede que se unen m\u00e1s fuertemente a los receptores de glucocorticoides, y esto, a su vez, le da un buen efecto anti-catab\u00f3lico. Esto, en parte, puede ayudar a explicar por qu\u00e9 baja(ish) dosis parece funcionar muy bien, as\u00ed como por qu\u00e9 se ayuda a perder grasa. Usted ve, las hormonas glucocorticoides enviar un mensaje a las c\u00e9lulas musculares para la liberaci\u00f3n de la prote\u00edna almacenada (esto se llama catabolismo), que es exactamente lo contrario de lo que queremos.<\/p>\n<p>Este medicamento pilas bien con la mayor\u00eda de todo, especialmente de la Testosterona (en realidad, si quieres evitar la disfunci\u00f3n sexual, apilamiento con la testosterona es necesaria). Tambi\u00e9n he encontrado que es una gran adici\u00f3n a una pila que contiene Equipoise as\u00ed. Por desgracia, el insomnio que Parabolan da a muchos usuarios, sumado a que el apetito aumente el Equipoise puede causar que hace de la medianoche merendar casi inevitable para aquellos que reciben estos efectos. Parabolan es m\u00e1s a menudo se utiliza en el corte de las pilas cuando \u00abde m\u00fasculo de calidad\u00bb la ganancia es favorecido por encima de la hinchaz\u00f3n y la retenci\u00f3n de agua. Realmente, creo que Parabolan (o cualquier Tren) es un gran \u00abcorte\u00bb anab\u00f3licos, aunque ha sido utilizado con \u00e9xito por muchos, tanto de Corte y los ciclos de Bulking.<\/p>\n<p><b>Parabolan Efectos Secundarios<\/b><\/p>\n<p>Algunos usuarios de P\u00e1rr informe de la Disfunci\u00f3n sexual (Tren-Dick) y los s\u00edntomas de la Ginecomastia (probablemente relacionada con la progesterona, como Trembolona act\u00faa sobre el receptor de la progesterona, pero no el receptor de estr\u00f3geno). Como ustedes saben, la Trembolona es, desafortunadamente, una progestina. Tren se une al receptor de la hormona femenina progesterona (con aproximadamente el 60% de la fuerza real de la progesterona) (4). En hiper-sensibles muscle-research.com los miembros, esto puede conducir a la hinchaz\u00f3n y el crecimiento de los senos cuando se combina con una estrog\u00e9nica o aromatizable producto, pero probablemente no cuando se utiliza sin que uno de ellos (12). Peor a\u00fan, la Trembolona&#8217;s metabolito activo (17beta-trembolona) tiene una afinidad de uni\u00f3n al receptor de la progesterona que es en realidad mayor que la progesterona en s\u00ed (5). No hay necesidad de p\u00e1nico, sin embargo, el inhibidor de la aromatasa Letrozol tambi\u00e9n puede disminuir los niveles de progesterona, y combatir cualquier progestog\u00e9nicos lados (13)(14). Creo firmemente que considerar su inclusi\u00f3n en .25-.5mgs\/d\u00eda en un ciclo que contiene Parabolan o cualquier 19-ni compuesto.<\/p>\n<p>Ir\u00f3nicamente, aunque Para es un excelente corte de la droga, va a bajar su nivel de la tiroides (11). Haciendo esto, por medio del cuerpo&#8217;s de retroalimentaci\u00f3n negativa de bucle, tambi\u00e9n plantea la prolactina. Ergo, yo recomiendo tomar T3 (25 mcg\/d\u00eda) o T4 (100 mcg\/d\u00eda) junto con su Tren para evitar el sufrimiento de un aumento de los niveles de prolactina y el ej\u00e9rcito de los efectos secundarios no deseados que esto podr\u00eda causar. Por estas razones, muchas personas a evitar el apilamiento de Tren con Deca (Decanoato de Nandrolona), que tambi\u00e9n es una progestina (4).<\/p>\n<p>Los cambios mentales son un efecto secundario notable de cualquier tipo de la utilizaci\u00f3n de trembolona, y P\u00e1rr no es la excepci\u00f3n a esta regla. Los andr\u00f3genos aumentan los productos qu\u00edmicos en el cerebro que promueven el comportamiento agresivo(12). Esto puede ser beneficioso para algunos deportistas que desean mejorar la velocidad y la potencia, pero tal vez en detrimento de aquellos que tratan de mantener un puesto de trabajo como trabajador social. Creo que esta puede ser controlada. Parece que si usted est\u00e1 relajado, afable hombre, usted todav\u00eda va a ser generalmente de la misma manera. Si ya eres un idiota, usted probablemente va a ser un gran culo.<\/p>\n<p>Para algunos, el peor efecto de cualquier tipo de Trembolona es \u00abla tos Tren\u00bb. Tren Enantato no tiene este efecto en la mayor\u00eda, pero Parabolan a veces no. Acetato Tren parece ser el peor delincuente cuando se trata de Tren-Tos. Muchos informan de que este efecto desaparece despu\u00e9s de que el primer par de semanas de uso. Tambi\u00e9n, cualquier tipo de Tren da a muchos usuarios un poco de insomnio. La mayor\u00eda de los efectos secundarios evidentes de Parabolan en general, es que se aumenta el sudor dram\u00e1ticamente, incluso dando a los usuarios vicioso \u00absudores nocturnos\u00bb que van muy bien con el insomnio. Subir un tramo de escaleras puede causar algunos Tren a los usuarios a salir de perlas de sudor y convertirse en sin aliento. Habiendo mencionado que, se debe se\u00f1alar que muchas personas experimentan una reducci\u00f3n de la capacidad cardiovascular cuando se utiliza P\u00e1rr. A\u00fan as\u00ed, sus incre\u00edbles efectos sobre la fuerza y la apariencia significa que va a caer en muchos de los miembros de la&#8217; ciclos por fuera de las estaciones y en el invierno (cuando el sudor gan\u00f3&#8217;t ser como mucho de un problema).<\/p>\n<p><b>Parabolan Referencias:<\/b><\/p>\n<ol>\n<li>Br J Nutr. 1978 Nov;40(3):563-72.<\/li>\n<li>J Cell Physiol. 2004 Nov;201(2):181-9.<\/li>\n<li>Endocrinolog\u00eda. De Mayo de 1989;124(5):2110-7.<\/li>\n<li>C\u00e1ncer de Res de Noviembre de 1978; 38(11 Pt 2):4186-98<\/li>\n<li>APMIS. 2000 Dec;108(12):838-46.<\/li>\n<li>(Xu X, et al. \u00ablos efectos de Los andr\u00f3genos sobre la regulaci\u00f3n de la lip\u00f3lisis en el tejido adiposo de las c\u00e9lulas precursoras.\u00bb Endocrinolog\u00eda de Febrero de 1990;126(2):1229 ).<\/li>\n<li>J Anim Sci. 1992 Nov;70(11):3381-90.<\/li>\n<li>Am J Physiol. 1998 Jun;274(6 Pt 1):C1645-52.<\/li>\n<li>Biochim Biophys Acta. De Mayo de 1995 11;1244(1):117-20.<\/li>\n<li>J Appl. Physiol.94 1153-61 2003<\/li>\n<li>Res Veterinario Sci 1981 Jan;30(1):7-13<\/li>\n<li>Med Sci Sports Exerc. 2003 enero; 35(1):32-8<\/li>\n<li>la Progesterona no es esencial para la diferenciadores potencial de epitelio mamario en el var\u00f3n rat\u00f3n. Freeman, Topper. Endocrinolog\u00eda. 1978 Jul;103(1):186-92<\/li>\n<li>Eur J Obstet Gynecol Reprod Biol. 2002 Nov 15;105(2):161-5.<\/li>\n<li>J Clin Endocrinol Metab. 1995 Sep;80(9):2658-60.<\/li>\n<\/ol>\n<h3>Lee mas<\/h3>\n<p><a href=\"http:\/\/getanabolics.biz\/es\/comprar-dianabol-en-linea-en-getanabolics-biz\/\">COMPRAR DIANABOL ONLINE EN GETANABOLICS.BIZ<\/a><\/p>\n<p><a href=\"http:\/\/getanabolics.biz\/es\/winstrol-que-es-y-para-que-sirve\/\">WINSTROL, \u00bfQU\u00c9 ES Y PARA QU\u00c9 SIRVE?<\/a><\/p>\n<p><a href=\"http:\/\/getanabolics.biz\/es\/cytomel-t3-comentarios-sobre-getanabolics-biz\/\">REVISIONES CYTOMEL T3 EN GETANABOLICS.BIZ<\/a><\/p>\n<p><a href=\"http:\/\/getanabolics.biz\/es\/pausa-entre-cursos-de-esteroides-y-pct\/\">PAUSA ENTRE CURSOS DE ESTEROIDES Y PCT<\/a><\/p>\n<p><a href=\"http:\/\/getanabolics.biz\/es\/que-tan-efectivo-es-el-puente-de-esteroides\/\">\u00bfCU\u00c1N EFECTIVO ES EL PUENTE ESTEROIDE?<\/a><\/p>\n<p>&nbsp;<\/p>\n","protected":false},"excerpt":{"rendered":"<p>Paquete: Parabolin (Trembolona 75mg) Caja de 5 Ampollas de 1,5 ml<br \/>Fabricante: Alpha Pharma<br \/>Nombre de la marca: Parabolin (Parabolan)<br \/>Conocido como: Parabolin<\/p>\n","protected":false},"featured_media":319,"comment_status":"open","ping_status":"closed","template":"","meta":[],"product_cat":[102],"product_tag":[75],"_links":{"self":[{"href":"https:\/\/getanabolics.biz\/es\/wp-json\/wp\/v2\/product\/910"}],"collection":[{"href":"https:\/\/getanabolics.biz\/es\/wp-json\/wp\/v2\/product"}],"about":[{"href":"https:\/\/getanabolics.biz\/es\/wp-json\/wp\/v2\/types\/product"}],"replies":[{"embeddable":true,"href":"https:\/\/getanabolics.biz\/es\/wp-json\/wp\/v2\/comments?post=910"}],"wp:featuredmedia":[{"embeddable":true,"href":"https:\/\/getanabolics.biz\/es\/wp-json\/wp\/v2\/media\/319"}],"wp:attachment":[{"href":"https:\/\/getanabolics.biz\/es\/wp-json\/wp\/v2\/media?parent=910"}],"wp:term":[{"taxonomy":"product_cat","embeddable":true,"href":"https:\/\/getanabolics.biz\/es\/wp-json\/wp\/v2\/product_cat?post=910"},{"taxonomy":"product_tag","embeddable":true,"href":"https:\/\/getanabolics.biz\/es\/wp-json\/wp\/v2\/product_tag?post=910"}],"curies":[{"name":"wp","href":"https:\/\/api.w.org\/{rel}","templated":true}]}}