{"id":909,"date":"2017-04-27T10:31:41","date_gmt":"2017-04-27T11:47:33","guid":{"rendered":"http:\/\/getanabolics.biz\/product\/nandrorapid-n-phenylpropionate-caja-de-10-ampollas-de-1-ml-100-mg-ml-la-nandrolona-phenylpropionate-alpha-pharma\/"},"modified":"2018-01-21T11:57:41","modified_gmt":"2018-01-21T11:57:41","slug":"nandrorapid-n-phenylpropionate-box-of-10-ampoules-of-1-ml-100mg-ml-nandrolone-phenylpropionate","status":"publish","type":"product","link":"https:\/\/getanabolics.biz\/es\/producto\/nandrorapid-n-phenylpropionate-box-of-10-ampoules-of-1-ml-100mg-ml-nandrolone-phenylpropionate\/","title":{"rendered":"NandroRapid (N. Phenylpropionate) &#8211; Alpha Pharma"},"content":{"rendered":"<h2>Comprar NandroRapid (N. Phenylpropionate) &#8211; Alpha Pharma (Nandrorapid)<\/h2>\n<p><a title=\"Comprar NandroRapid (N. Phenylpropionate) en GetAnabolics\"><img src=\"http:\/\/getanabolics.biz\/images\/nandro-rapid-alphapharm.jpg\" width=\"30%\" align=\"right\" \/><\/a><br \/>\nPara aquellos que buscan NandroRapid (N. Phenylpropionate) y preguntando d\u00f3nde comprar NandroRapid (N. Phenylpropionate) de Alpha Pharma legalmente ofrecemos Nandrorapid como la mejor opci\u00f3n real para los culturistas.<br \/>\n<em>A partir de ahora en una gran variedad de esteroides inyectables, as\u00ed como de los esteroides orales y terapia post ciclo de Alpha Pharma puede ser comprado en <b>GetAnabolics<\/b>. Estamos encantados de presentar la nueva NandroRapid (N. Phenylpropionate) de <span style=\"font-weight: bold;\">Alpha Pharma<\/span>.<\/em><br \/>\nTodos los productos que tiene para ofrecer son aut\u00e9nticos, de alta calidad de compuestos y tienen un \u00fanico objetivo: ayudar a la gente a la ganancia de masa muscular, la fuerza general, a quemar grasas y a ayudarlos en el camino de la perfecci\u00f3n f\u00edsica. Con el fin de crear una constructivo y civilizado relaci\u00f3n con nuestros clientes, vamos a hacer el m\u00e1ximo esfuerzo para asegurar un servicio de alta calidad y enfoque de cada persona que la direcci\u00f3n de nuestra tienda con cortes\u00eda y respeto.<br \/>\nConstruir y mantener un cuerpo perfecto, se requiere una combinaci\u00f3n de m\u00e9todos. Una dieta adecuada es la primera en la lista de los componentes esenciales que el cuerpo necesita. En segundo lugar, aseg\u00farese de que usted siempre compra y uso legal de los esteroides en l\u00ednea no s\u00f3lo para evitar conflictos con la ley, pero lo que es m\u00e1s importante, para evitar complicaciones de salud.<br \/>\n<em><span style=\"font-weight: bold;\">GetAnabolics.Biz<\/span> es la l\u00ednea de esteroides proveedor especialmente creado y dedicado a proporcionar a cada atleta y culturista con los mejores esteroides anab\u00f3licos en los precios de descuento. Hemos elegido la mayor\u00eda de marcas confiables para colaborar con el fin de garantizar la seguridad, original y de alto nivel de esteroides para nuestros clientes.<\/em><br \/>\nEnv\u00edo de esteroides muy segura es la principal preocupaci\u00f3n para la entrega de esteroides a nivel mundial. Nuestro discreto garantiza que nadie m\u00e1s sabe que usted comprar esteroides en l\u00ednea.<\/p>\n<h2>M\u00e1s NandroRapid (N. Phenylpropionate) Alpha Pharma Informaci\u00f3n<\/h2>\n<p><b>Caja de 10 Ampollas de 1 ml, 100 mg \/ ml. La nandrolona Phenylpropionate<\/b><\/p>\n<blockquote><p>la Nandrolona Phenylpropionate, tambi\u00e9n conocido como el PNP es muy similar a la de la muy popular de esteroides de Deca que es la Nandrolona con un largo \u00e9ster (Decanoato). La nandrolona Phenylpropionate es, por lo tanto, una de acci\u00f3n corta Deca para todos los intentos y prop\u00f3sitos. Como an\u00e9cdota, parece producir menos retenci\u00f3n de agua de su acci\u00f3n prolongada primo, y esto ser\u00eda muy coherente con la testosterona inyectable, donde encontramos que el m\u00e1s corto de los \u00e9steres de proporcionar mucho menos la retenci\u00f3n de agua.<\/p><\/blockquote>\n<p>Es una progestina, como cualquier Nandrolona derivados, y se hace quitando el \u00e1tomo de carbono en la posici\u00f3n 19 de la Steran N\u00facleo de la testosterona. Sin embargo, a pesar de ser un progest\u00e1geno, la Nandrolona (independientemente de \u00e9ster) que no produce mucho de lo que podr\u00edamos llamar correctamente a los efectos secundarios estrog\u00e9nicos. Efectos secundarios de la Nandrolona Phenylpropionate por lo tanto m\u00e1s bien ser llamado progestenic en la naturaleza, ya que s\u00f3lo se convierte en estr\u00f3geno en aproximadamente 20% de la tasa de testosterona.<\/p>\n<p>Independientemente de ester, y la retenci\u00f3n de agua, no obstante, nos encontramos con que todas las caracter\u00edsticas que se encuentran en un tipo de Nandrolona se encuentran en ning\u00fan otro. La nandrolona, probablemente debido a su progestenic la naturaleza tiene la capacidad de mejorar la s\u00edntesis de col\u00e1geno, as\u00ed como el contenido mineral \u00f3seo. Es evidente que esto ser\u00eda un gran beneficio para los atletas con el tejido conectivo de los problemas u otros temas comunes, aunque de drogas probado que los atletas necesitan para evitar Nandrolones debido a su posibilidad de detectar en la orina de un a\u00f1o a dieciocho meses despu\u00e9s de la administraci\u00f3n. Tambi\u00e9n, ya que es de progestina (con ligeras capacidad estrog\u00e9nica), es probable que tenga algunos efectos muy beneficiosos sobre el sistema inmune mediada por anticuerpos anti-inflamatorias, lo calmante de las articulaciones, as\u00ed como ayudar a sanar a los mismos.<\/p>\n<p><em>La nandrolona es uno de los pocos esteroides que ha sido utilizado con \u00e9xito en pacientes con SIDA para estimular el aumento de peso, y aunque los atletas que utilizan PNP en lugar de Deca encontrar a producir un poco menos de ganancia de peso, esto es probablemente un resultado de ganar menos peso en agua. La nandrolona Phenylpropionate, es una de las m\u00e1s populares de la droga que Deca para su uso en la reducci\u00f3n de los ciclos recientemente, debido a este hecho.<\/em><\/p>\n<p>Esto trae a colaci\u00f3n el hecho de que a pesar de Deca tiene una muy larga vida activa, PNP tiene mucho m\u00e1s corto, y esto significa que la gente est\u00e1 obligada a inyectar al menos dos veces por semana, con el m\u00e1s com\u00fan de protocolo cada tercer d\u00eda. Los resultados se ven mucho m\u00e1s r\u00e1pidamente con el PNP, en comparaci\u00f3n con Deca, y sus convirtiendo r\u00e1pidamente en una forma mucho m\u00e1s popular alternativa.<\/p>\n<p><b>los Posibles efectos Secundarios<\/b>: Debido a que la nandrolona no se descompone en DHT, los efectos delet\u00e9reos para la mayor\u00eda de los esteroides anab\u00f3licos en el cuero cabelludo, la piel, de pr\u00f3stata y se reducen a un grado; sino que se descompone en la mucho m\u00e1s d\u00e9bil de andr\u00f3genos dihydronandrolone. La falta de alquilaci\u00f3n en la 17a-carbono reduce dr\u00e1sticamente la droga de la toxicidad en el h\u00edgado. Los efectos estrog\u00e9nicos resultante de la reacci\u00f3n con la aromatasa tambi\u00e9n son mitigados como resultado de la droga que es un progest\u00e1geno, pero los efectos tales como la ginecomastia y la reducci\u00f3n de la libido, todav\u00eda se producen en grandes dosis. Otros efectos secundarios pueden incluir la disfunci\u00f3n er\u00e9ctil y da\u00f1os cardiovasculares, as\u00ed como varias dolencias resultantes de la droga del efecto de la reducci\u00f3n de los niveles de la hormona luteinizante a trav\u00e9s de la retroalimentaci\u00f3n negativa.<\/p>\n<p><b>dosis Efectiva<\/b>: 50 &#8211; 150 mg en d\u00edas alternos.<\/p>\n<h3>Lee mas<\/h3>\n<p><a href=\"http:\/\/getanabolics.biz\/es\/comprar-clomid-en-linea-en-getanabolics-biz\/\">COMPRAR CLOMID ONLINE EN GETANABOLICS.BIZ<\/a><\/p>\n<p><a href=\"http:\/\/getanabolics.biz\/es\/hormona-del-crecimiento-hgh-los-hechos-mas-importantes\/\">HORMONA DE CRECIMIENTO HGH &#8211; LOS HECHOS M\u00c1S IMPORTANTES<\/a><\/p>\n<p><a href=\"http:\/\/getanabolics.biz\/es\/caracteristicas-de-los-cursos-cortos-de-esteroides\/\">CARACTER\u00cdSTICAS DE LOS CURSOS CORTOS DE ESTEROIDES<\/a><\/p>\n<p><a href=\"http:\/\/getanabolics.biz\/es\/pausa-entre-cursos-de-esteroides-y-pct\/\">PAUSA ENTRE CURSOS DE ESTEROIDES Y PCT<\/a><\/p>\n<p><a href=\"http:\/\/getanabolics.biz\/es\/que-tan-efectivo-es-el-puente-de-esteroides\/\">\u00bfCU\u00c1N EFECTIVO ES EL PUENTE ESTEROIDE?<\/a><\/p>\n","protected":false},"excerpt":{"rendered":"<p>Paquete: Caja de 10 Ampollas de 1 ml, 100 mg \/ ml. La Nandrolona Phenylpropionate<br \/>\nFabricante: Alpha Pharma<br \/>\nNombre de la marca: NandroRapid (N. Phenylpropionate)<br \/>\nConocido como: Nandrorapid<\/p>\n","protected":false},"featured_media":313,"comment_status":"open","ping_status":"closed","template":"","meta":[],"product_cat":[102],"product_tag":[75],"_links":{"self":[{"href":"https:\/\/getanabolics.biz\/es\/wp-json\/wp\/v2\/product\/909"}],"collection":[{"href":"https:\/\/getanabolics.biz\/es\/wp-json\/wp\/v2\/product"}],"about":[{"href":"https:\/\/getanabolics.biz\/es\/wp-json\/wp\/v2\/types\/product"}],"replies":[{"embeddable":true,"href":"https:\/\/getanabolics.biz\/es\/wp-json\/wp\/v2\/comments?post=909"}],"wp:featuredmedia":[{"embeddable":true,"href":"https:\/\/getanabolics.biz\/es\/wp-json\/wp\/v2\/media\/313"}],"wp:attachment":[{"href":"https:\/\/getanabolics.biz\/es\/wp-json\/wp\/v2\/media?parent=909"}],"wp:term":[{"taxonomy":"product_cat","embeddable":true,"href":"https:\/\/getanabolics.biz\/es\/wp-json\/wp\/v2\/product_cat?post=909"},{"taxonomy":"product_tag","embeddable":true,"href":"https:\/\/getanabolics.biz\/es\/wp-json\/wp\/v2\/product_tag?post=909"}],"curies":[{"name":"wp","href":"https:\/\/api.w.org\/{rel}","templated":true}]}}