{"id":904,"date":"2017-04-27T10:31:41","date_gmt":"2017-04-27T11:44:52","guid":{"rendered":"http:\/\/getanabolics.biz\/product\/testosterone-cyp-250-1-caja-de-10-ampollas-cada-uno-de-1-ampolla-contiene-250-mg-de-cipionato-de-testosterona-alpha-pharma\/"},"modified":"2018-01-21T12:21:49","modified_gmt":"2018-01-21T12:21:49","slug":"testosterone-cyp-250-1-box-of-10-ampoules-each-1-ampoule-contains-250-mg-testosterone-cypionate","status":"publish","type":"product","link":"https:\/\/getanabolics.biz\/es\/producto\/testosterone-cyp-250-1-box-of-10-ampoules-each-1-ampoule-contains-250-mg-testosterone-cypionate\/","title":{"rendered":"Testosterone Cyp. 250 &#8211; Alpha Pharma"},"content":{"rendered":"<h2>Comprar Testosterone Cyp. 250 &#8211; Alpha Pharma (Testocyp)<\/h2>\n<p><a title=\"Comprar Testosterone Cyp. 250 en GetAnabolics\"><img src=\"http:\/\/getanabolics.biz\/images\/c-ject-300.jpg\" width=\"30%\" align=\"right\" \/><\/a><br \/>\nPara aquellos que buscan Testosterone Cyp. 250 y preguntando d\u00f3nde comprar Testosterone Cyp. 250 de Alpha Pharma legalmente ofrecemos Testocyp como la mejor opci\u00f3n real para los culturistas.<br \/>\n<em>A partir de ahora en una gran variedad de esteroides inyectables, as\u00ed como de los esteroides orales y terapia post ciclo de Alpha Pharma puede ser comprado en <b>GetAnabolics<\/b>. Estamos encantados de presentar la nueva Testosterone Cyp. 250 de <span style=\"font-weight: bold;\">Alpha Pharma<\/span>.<\/em><br \/>\nTodos los productos que tiene para ofrecer son aut\u00e9nticos, de alta calidad de compuestos y tienen un \u00fanico objetivo: ayudar a la gente a la ganancia de masa muscular, la fuerza general, a quemar grasas y a ayudarlos en el camino de la perfecci\u00f3n f\u00edsica. Con el fin de crear una constructivo y civilizado relaci\u00f3n con nuestros clientes, vamos a hacer el m\u00e1ximo esfuerzo para asegurar un servicio de alta calidad y enfoque de cada persona que la direcci\u00f3n de nuestra tienda con cortes\u00eda y respeto.<br \/>\nConstruir y mantener un cuerpo perfecto, se requiere una combinaci\u00f3n de m\u00e9todos. Una dieta adecuada es la primera en la lista de los componentes esenciales que el cuerpo necesita. En segundo lugar, aseg\u00farese de que usted siempre compra y uso legal de los esteroides en l\u00ednea no s\u00f3lo para evitar conflictos con la ley, pero lo que es m\u00e1s importante, para evitar complicaciones de salud.<br \/>\n<span style=\"font-weight: bold;\">GetAnabolics.Biz<\/span> es la l\u00ednea de esteroides proveedor especialmente creado y dedicado a proporcionar a cada atleta y culturista con los mejores esteroides anab\u00f3licos en los precios de descuento. Hemos elegido la mayor\u00eda de marcas confiables para colaborar con el fin de garantizar la seguridad, original y de alto nivel de esteroides para nuestros clientes.<br \/>\nEnv\u00edo de esteroides muy segura es la principal preocupaci\u00f3n para la entrega de esteroides a nivel mundial. Nuestro discreto garantiza que nadie m\u00e1s sabe que usted comprar esteroides en l\u00ednea.<\/p>\n<h2>M\u00e1s Testosterone Cyp. 250 Alpha Pharma Informaci\u00f3n<\/h2>\n<p><strong>1 caja de 10 ampollas, cada uno de 1 ampolla contiene 250 mg de Testosterona Cipionato<\/strong><\/p>\n<p><u>Inform\u00f3 Caracter\u00edsticas<\/u><br \/>\n<strong>Vida Activa: 15-16 d\u00edas<\/strong><br \/>\n<strong> Clase de Medicamento: Androg\u00e9nicos y Anab\u00f3licos Esteroides (Por inyecci\u00f3n)<\/strong><br \/>\n<strong> Promedio Reportado Dosis: Hombres 200-1000mg por semana.<\/strong><br \/>\n<strong> el Acn\u00e9: S\u00ed, com\u00fan<\/strong><br \/>\n<strong> Retenci\u00f3n de Agua: S\u00ed, de alta<\/strong><br \/>\n<strong> la Presi\u00f3n Arterial Alta: S\u00ed, normalmente debido a la altura del agua \/electrolito de retenci\u00f3n<\/strong><br \/>\n<strong> T\u00f3xicos para el H\u00edgado: Baja, excepto en el absurdo dosis<\/strong><br \/>\n<strong> la Aromatizaci\u00f3n: S\u00ed, de alta<\/strong><br \/>\n<strong> DHT de Conversi\u00f3n: S\u00ed, de alta<\/strong><br \/>\n<strong> Disminuye la Funci\u00f3n ATAR: S\u00ed, gravemente<\/strong><\/p>\n<p><em>la Testosterona Cipionato es una sola-\u00e9ster, de larga duraci\u00f3n de la testosterona. Debido a la longitud de su \u00e9ster (8 carbonos) se almacena principalmente en el tejido adiposo sobre el comercio intra-musuclar de la inyecci\u00f3n, y luego, lentamente, pero muy constante en libertad durante un cierto per\u00edodo de tiempo. Un pico que se observa despu\u00e9s de 24 a 48 horas de la inyecci\u00f3n y luego un lento declive, llegando a un punto estable despu\u00e9s de 12 d\u00edas y permanecer all\u00ed durante m\u00e1s de 3 semanas. Por supuesto, la mayor\u00eda de los usuarios de los anab\u00f3licos no encontrar un adecuado beneficio en el uso de la constante de punto de la dosis, por lo que este producto normalmente se inyecta una vez a la semana, por lo que la dosis m\u00e1s baja muy superiores a la mitad de la dosis m\u00e1xima en cualquier momento dado. Esto es aproximadamente el de partida el nivel de la sangre tambi\u00e9n. Una larga acci\u00f3n de \u00e9ster de testosterona es un must-have en cualquier masa-ciclo de la construcci\u00f3n. Como tal, este es un producto decente. Personalmente creo que tiene m\u00e1s afinidad por el enantato de testosterona, pero pocos usuarios se nota ninguna diferencia real entre los dos productos, y ambos mantienen una mejor compra de su popular contraparte sustanon 250, que es una mala elecci\u00f3n de la testosterona en mi opini\u00f3n. Tiene sentido que un usuario simplemente opta por que uno es m\u00e1s f\u00e1cilmente disponible en el momento. Se venden por aproximadamente el mismo precio, y son casi igual de buena. As\u00ed que la mayor\u00eda del Norte y Am\u00e9rica del Sur los usuarios suelen optar por el uso de cipionato, ya que es m\u00e1s disponibles en esas regiones, mientras que los Europeos y los Asi\u00e1ticos probablemente prefieran la versi\u00f3n enantato. Un largo \u00e9ster de testosterona de acci\u00f3n puede ser la mejor para todos los de su masa-necesidades de creaci\u00f3n, pero no es un producto f\u00e1cil de usar. Debido a la extrema duraci\u00f3n de la acci\u00f3n (3-4 semanas), uno no puede resolver los problemas que ocurren simplemente descontinuar el producto, como sigan actuando y agravar los efectos secundarios durante largos per\u00edodos de tiempo. En lo que respecta a control de da\u00f1os y la terapia post-ciclo, una cierta familiaridad con el uso de drogas auxiliares se requiere antes de usar una testosterona de acci\u00f3n prolongada del producto. Nolvadex y Proviron le ser\u00e1 muy \u00fatil en estos casos y post-ciclo de HCG y clomid o Nolvadex va a ser necesario para ayudar a restaurar la testosterona de forma natural. La frecuencia de efectos secundarios es probablemente m\u00e1s alto con este tipo de producto.<\/em><\/p>\n<p>Mientras que la mayor\u00eda te dir\u00e1 que es un desperdicio no utilizar la testosterona, ya que se llevar\u00e1 a edades m\u00e1s para generar correcta de la masa, estos son todos los puntos a tener en cuenta. La testosterona es un producto que es muy utilizado por los principiantes y veteranos por igual y con justicia. Aquellos que temen que nunca se puede entender el uso adecuado de las drogas auxiliares, puede que quiera chupar y hasta invertir en algunos de propionato o suspensi\u00f3n de testosterona en su lugar. Estos son mucho m\u00e1s cortos que act\u00faan y m\u00e1s f\u00e1ciles de controlar, pero s\u00ed es necesario que se inyecta una vez cada dos d\u00edas, mientras que este tipo de \u00e9ster de dar grandes ganancias con una \u00fanica inyecci\u00f3n semanal. Algo a tener en cuenta.<\/p>\n<p><strong> Apilamiento y Uso:<\/strong><\/p>\n<blockquote><p>la Testosterona es el m\u00e1s potente compuesto es, por lo que, obviamente, su perfectamente bien para usarla por s\u00ed mismo. Con una acci\u00f3n prolongada como \u00e9ster Cipionato de la dosis de 500 a 1000 mg por semana son utilizados con resultados muy claros durante 10 semanas. Si alguna vez has visto a un hombre que se hinchan con el tama\u00f1o, la testosterona fue la causa de la misma. Pero la testosterona es, no obstante, a menudo se apilan. Debido a la alta incidencia de efectos secundarios, la gente se suele dividir una pila de testosterona y un leve componente con el fin de obtener una forma menos arriesgada de ciclo, pero sin tener que dar la mayor cantidad de ganancias. Primobolan, el Equilibrio y el <a href=\"http:\/\/getanabolics.biz\/es\/producto\/deca-100-10x1ml-ampoules-each-has-100-mg-total-1000-mg-nandrolone-decaonate\/\">Deca-Durabolin<\/a> son las armas de elecci\u00f3n en este asunto. Deca parece ser el m\u00e1s popular, probablemente debido a su extremadamente leve naturaleza androg\u00e9nica. Pero Deca ser uno de los mayores riesgos para casi todos los otros efectos secundarios, probablemente yo no se lo aconsejo. Si Deca se utiliza, generalmente una dosis de 200-400 mg se agrega a 500-750 mg de testosterona por semana.<\/p><\/blockquote>\n<p>Primobolan es a veces optado por, y puede ser \u00fatil ya que no aromatiza, lo que har\u00e1 que el nivel total de la retenci\u00f3n de agua y la ganancia de grasa, mucho menos que con m\u00e1s de prueba o con Deca, por ejemplo. Por desgracia, su naturaleza suave, combinado con una falta de estr\u00f3geno hacer Primobolan una muy baja constructor de masa. De nuevo, las dosis de 300-400 mg se utilizan. Yo en realidad iba a sugerir una dosis m\u00e1s alta, pero con los precios actuales del Primo no creo que ser\u00eda muy popular. Mi preferencia personal se va a Equipoise. Androgenically no es que mucho m\u00e1s fuerte que Deca porque tiene al lado no tiene afinidad por la 5-alfa-reductasa y es s\u00f3lo la mitad de los andr\u00f3genos como la testosterona. Sus dos veces tan fuerte como Deca, mg mg, y tiene una menor incidencia de efectos secundarios. Tiene algo de estr\u00f3geno, pero no mucho por lo que en realidad tiende a inclinarse a una persona en lugar de inflar \u00e9l como Deca voluntad. Tambi\u00e9n aumenta el apetito, que promueve las ganancias, y mejora el rendimiento aer\u00f3bico, que puede ser ilusorio como la testosterona normalmente tiene un efecto contrario.<\/p>\n<p>curso de cypionate de la testosterona puede apilarse con cualquier n\u00famero de compuestos aparte de estos, pero estos hacen de la mejor coincidencia. Cuando se apilan con la testosterona, uno debe mirar lo que el otro compuesto puede traer. Cualquiera tiene una caracter\u00edstica que la testosterona no tiene, o su nominalmente m\u00e1s seguro. La testosterona traer\u00e1 toda la masa, as\u00ed que la adici\u00f3n de otro esteroide para mejorar la masa, es in\u00fatil. M\u00e1s testosterona es el mejor remedio para eso.<\/p>\n<p>se necesita estar familiarizado con una serie de otros compuestos cuando el uso de testosterona de acci\u00f3n prolongada \u00e9steres sin embargo. Primero de todo, anti-estr\u00f3genos. La tasa de aromatizaci\u00f3n de la testosterona es bastante grande, por lo que la retenci\u00f3n de agua y la ganancia de grasa, son un hecho y la ginecomastia nunca est\u00e1 lejos. Si se producen problemas uno es mejor empezar en 20 mg de Nolvadex por d\u00eda y la estancia en que hasta que los problemas desaparecen. Yo no permanecer en \u00e9l durante todo el ciclo, ya que puede reducir las ganancias. En t\u00e9rminos de la aromatasa bloqueador de testosterona es uno de los pocos compuestos donde Proviron puede en realidad ser preferido sobre arimidex. El proviron no s\u00f3lo reducir el estr\u00f3geno y puede ser usada por un largo tiempo en un ciclo de testosterona, tambi\u00e9n se unen con gran afinidad a los de la hormona sexual de uni\u00f3n a prote\u00ednas en la sangre y permitir\u00e1 un mayor nivel de testosterona libre en el cuerpo, lo que mejora las ganancias.<\/p>\n<p>Generalmente de 50 a 100 mg ser\u00e1 suficiente, el extremo inferior es el preferido para el m\u00e1ximo de resultados puesto que el estr\u00f3geno juega un papel clave en las ganancias, pero los m\u00e1s preocupados acerca de estr\u00f3geno debe optar por una dosis m\u00e1s alta. Para aquellos preocupados por androg\u00e9nicos efectos secundarios (p\u00e9rdida de cabello, hipertrofia de la pr\u00f3stata, engrosamiento de la voz), uno puede utilizar el tratamiento de p\u00e9rdida de cabello finasteride. Este cuadras de la 5-alfa-reductasa, la enzima y se detiene la conversi\u00f3n de la testosterona a la m\u00e1s androg\u00e9nicos compuesto DHT. Yo no soy un gran fan de este, debido a que reduce la DHT estrog\u00e9nicos en exceso, aumenta libre de los niveles de testosterona es un andr\u00f3geno muy potente que es 3-4 veces m\u00e1s fuerte que la testosterona. Aquellos preocupados por la p\u00e9rdida de cabello sin embargo, puede que desee optar por arimidex como su anti-aromatasa, ya que <a href=\"http:\/\/getanabolics.biz\/es\/producto\/proviron-buy-proviron-50-tabs-each-tab-25mg-mesterolone\/\">Proviron <\/a>es una forma de DHT, despu\u00e9s de todo.<\/p>\n<p>Despu\u00e9s de un ciclo, debido principalmente a la alta aromatizaci\u00f3n y el aumento de los niveles de estradiol en la sangre despu\u00e9s de suspender, los niveles de testosterona natural ser\u00e1 severamente reprimidos. Esto significa que se deben tomar medidas para asegurar el r\u00e1pido retorno de la testosterona natural, o vamos a perder una gran cantidad de los logros que hemos alcanzado, mientras que el uso de testosterona. Ya que es un no-t\u00f3xico, potente masa constructor de su utiliza sobre todo en la larga 10-12 ciclos de semana. Por lo que algunos encogimiento testicular se han producido tambi\u00e9n. Es muy importante que la gente vea que la HCG y Nolvadex\/clomid son esenciales como una terapia post-ciclo, y que ambos son igualmente importantes en la consecuci\u00f3n de nuestro objetivo. Las inyecciones de HCG debe ser iniciado en la \u00faltima semana del ciclo y continu\u00f3 durante 3-4 semanas, utilizando 1500-3000 UI cada 5-6 d\u00edas. HCG actuar\u00e1 como una alternativa a la LH y el inicio de la testosterona end\u00f3gena ciclo, con lo que el aumento de tama\u00f1o de los test\u00edculos, una vez m\u00e1s. A continuaci\u00f3n, alrededor de 2 semanas despu\u00e9s de la \u00faltima inyecci\u00f3n de testosterona es dado, Nolvadex\/Clomid ciclo debe ser iniciado. 40 mg de Nolva o 150 mg de Clomid por d\u00eda durante dos semanas, seguido por dos semanas m\u00e1s, ya sea con 20 mg de Nolva o 100 mg de Clomid por d\u00eda deber\u00eda ser suficiente. Recuerde siempre que la HCG es de supresi\u00f3n de la testosterona de forma natural en s\u00ed mismo y debe interrumpirse al menos 2 semanas antes de acabar Nolvadex\/Clomid.<\/p>\n<h3>Lee mas<\/h3>\n<p><a href=\"http:\/\/getanabolics.biz\/es\/efectos-secundarios-de-deca-durabolin\/\">EFECTOS SECUNDARIOS DE DECA DURABOLINA<\/a><\/p>\n<p><a href=\"http:\/\/getanabolics.biz\/es\/todo-acerca-de-proviron-mesterolone\/\">TODO SOBRE PROVIRON (MESTEROLONE)<\/a><\/p>\n<p><a href=\"http:\/\/getanabolics.biz\/es\/cual-deberia-ser-la-duracion-del-ciclo-de-esteroides\/\">\u00bfCU\u00c1L DEBE SER LA DURACI\u00d3N DEL CURSO DE ESTEROIDES?<\/a><\/p>\n<p><a href=\"http:\/\/getanabolics.biz\/es\/creatina-en-un-curso-de-esteroides\/\">CREATINA EN UN CURSO DE ESTEROIDES<\/a><\/p>\n<p><a href=\"http:\/\/getanabolics.biz\/es\/crossfit-y-esteroides\/\">CROSSFIT Y ESTEROIDES<\/a><\/p>\n","protected":false},"excerpt":{"rendered":"<p>Paquete: 1 caja de 10 ampollas, cada uno de 1 ampolla contiene 250 mg de Cipionato de Testosterona<br \/>Fabricante: Alpha Pharma<br \/>Nombre de la marca: Testosterone Cyp. 250<br \/>Conocido como: Testocyp<\/p>\n","protected":false},"featured_media":307,"comment_status":"open","ping_status":"closed","template":"","meta":[],"product_cat":[102,115],"product_tag":[75],"_links":{"self":[{"href":"https:\/\/getanabolics.biz\/es\/wp-json\/wp\/v2\/product\/904"}],"collection":[{"href":"https:\/\/getanabolics.biz\/es\/wp-json\/wp\/v2\/product"}],"about":[{"href":"https:\/\/getanabolics.biz\/es\/wp-json\/wp\/v2\/types\/product"}],"replies":[{"embeddable":true,"href":"https:\/\/getanabolics.biz\/es\/wp-json\/wp\/v2\/comments?post=904"}],"wp:featuredmedia":[{"embeddable":true,"href":"https:\/\/getanabolics.biz\/es\/wp-json\/wp\/v2\/media\/307"}],"wp:attachment":[{"href":"https:\/\/getanabolics.biz\/es\/wp-json\/wp\/v2\/media?parent=904"}],"wp:term":[{"taxonomy":"product_cat","embeddable":true,"href":"https:\/\/getanabolics.biz\/es\/wp-json\/wp\/v2\/product_cat?post=904"},{"taxonomy":"product_tag","embeddable":true,"href":"https:\/\/getanabolics.biz\/es\/wp-json\/wp\/v2\/product_tag?post=904"}],"curies":[{"name":"wp","href":"https:\/\/api.w.org\/{rel}","templated":true}]}}