{"id":903,"date":"2017-04-27T10:31:41","date_gmt":"2017-04-27T11:44:52","guid":{"rendered":"http:\/\/getanabolics.biz\/product\/testosterone-cyp-250-10-ml-frasco-cada-1-ml-contiene-250-mg-de-cipionato-de-testosterona-alpha-pharma\/"},"modified":"2018-01-21T12:38:06","modified_gmt":"2018-01-21T12:38:06","slug":"testosterone-cyp-250-10-ml-vial-each-1ml-contains-250-mg-testosterone-cypionate","status":"publish","type":"product","link":"https:\/\/getanabolics.biz\/es\/producto\/testosterone-cyp-250-10-ml-vial-each-1ml-contains-250-mg-testosterone-cypionate\/","title":{"rendered":"Testosterone Cyp. 250 &#8211; Alpha Pharma"},"content":{"rendered":"<h2>Comprar Testosterone Cyp. 250 &#8211; Alpha Pharma (Testocyp)<\/h2>\n<p><a title=\"Comprar Testosterone Cyp. 250 en GetAnabolics\"><img src=\"http:\/\/getanabolics.biz\/images\/cypionate-250-10-la.jpg\" width=\"30%\" align=\"right\" \/><\/a><br \/>\n<img loading=\"lazy\" class=\"size-medium wp-image-32351148 alignright\" src=\"http:\/\/getanabolics.biz\/wp-content\/uploads\/2017\/04\/Testosterone-Cyp.-250-1-242x300.jpg\" alt=\"\" width=\"242\" height=\"300\" srcset=\"https:\/\/getanabolics.biz\/wp-content\/uploads\/2017\/04\/Testosterone-Cyp.-250-1-242x300.jpg 242w, https:\/\/getanabolics.biz\/wp-content\/uploads\/2017\/04\/Testosterone-Cyp.-250-1.jpg 290w\" sizes=\"(max-width: 242px) 100vw, 242px\" \/>Para aquellos que buscan Testosterone Cyp. 250 y preguntando d\u00f3nde comprar Testosterone Cyp. 250 de Alpha Pharma legalmente ofrecemos Testocyp como la mejor opci\u00f3n real para los culturistas.<br \/>\nA partir de ahora en una gran variedad de esteroides inyectables, as\u00ed como de los esteroides orales y terapia post ciclo de Alpha Pharma puede ser comprado en <b>GetAnabolics<\/b>. Estamos encantados de presentar la nueva Testosterone Cyp. 250 de <span style=\"font-weight: bold;\">Alpha Pharma<\/span>.<br \/>\n<em>Todos los productos que tiene para ofrecer son aut\u00e9nticos, de alta calidad de compuestos y tienen un \u00fanico objetivo: ayudar a la gente a la ganancia de masa muscular, la fuerza general, a quemar grasas y a ayudarlos en el camino de la perfecci\u00f3n f\u00edsica. Con el fin de crear una constructivo y civilizado relaci\u00f3n con nuestros clientes, vamos a hacer el m\u00e1ximo esfuerzo para asegurar un servicio de alta calidad y enfoque de cada persona que la direcci\u00f3n de nuestra tienda con cortes\u00eda y respeto.<\/em><br \/>\n<em>Construir y mantener un cuerpo perfecto, se requiere una combinaci\u00f3n de m\u00e9todos. Una dieta adecuada es la primera en la lista de los componentes esenciales que el cuerpo necesita. En segundo lugar, aseg\u00farese de que usted siempre compra y uso legal de los esteroides en l\u00ednea no s\u00f3lo para evitar conflictos con la ley, pero lo que es m\u00e1s importante, para evitar complicaciones de salud.<\/em><br \/>\n<span style=\"font-weight: bold;\">GetAnabolics.Biz<\/span> es la l\u00ednea de esteroides proveedor especialmente creado y dedicado a proporcionar a cada atleta y culturista con los mejores esteroides anab\u00f3licos en los precios de descuento. Hemos elegido la mayor\u00eda de marcas confiables para colaborar con el fin de garantizar la seguridad, original y de alto nivel de esteroides para nuestros clientes.<br \/>\nEnv\u00edo de esteroides muy segura es la principal preocupaci\u00f3n para la entrega de esteroides a nivel mundial. Nuestro discreto garantiza que nadie m\u00e1s sabe que usted comprar esteroides en l\u00ednea.<\/p>\n<h2>M\u00e1s Testosterone Cyp. 250 Alpha Pharma Informaci\u00f3n<\/h2>\n<p><b>10 ml frasco, cada 1 ml contiene 250 mg de Testosterona Cipionato<\/b><\/p>\n<p><strong>Clase de medicamento: Inyectable androg\u00e9nicos y anab\u00f3licos esteroides.<\/strong><br \/>\n<strong> La dosis media recomendada: Entre 250 y 1000 mg por semana para los hombres <\/strong><br \/>\n<strong> Active la vida: Entre los 15 y los 16 d\u00edas<\/strong><br \/>\n<strong> Retenci\u00f3n de agua: Alta<\/strong><br \/>\n<strong> T\u00f3xicos para el h\u00edgado: Baja, pero puede aumentar con grandes dosis<\/strong><br \/>\n<strong> Disminuye la funci\u00f3n ATAR: S\u00ed, muy alta<\/strong><br \/>\n<strong> DHT de Conversi\u00f3n: Alta<\/strong><br \/>\n<strong> Aromatizaci\u00f3n: Alta<\/strong><\/p>\n<p>La principal hormona sexual masculina es la Testosterona y es producido de forma natural en hombres y mujeres ? pero los machos producen alrededor de 40 veces m\u00e1s de la hormona testosterona que las mujeres. La testosterona Cipionato es una forma pura de la testosterona y ha sido utilizado durante a\u00f1os para tratar los niveles bajos de testosterona en los hombres. Es un muy fuerte de los esteroides anab\u00f3licos, con potentes propiedades androg\u00e9nicas y es considerado uno de los m\u00e1s eficaces y eficientes hormonas para cualquier prop\u00f3sito que se utiliza para. La testosterona Cipionato es tan potente como la Testosterona Enantato y estos dos compuestos son casi id\u00e9nticos. Este esteroide produce el mismo efecto que la hormona de la testosterona y de los atletas y los constructores del cuerpo el uso de este esteroide a exagerar los efectos de la testosterona.<\/p>\n<h1>Cypionate de la Testosterona Para la Venta<\/h1>\n<p><em>Este compuesto es quiz\u00e1s el mejor esteroide para el reemplazo de la hormona, la mejora del rendimiento y aumento de volumen. La dosis recomendada para los principiantes es de aproximadamente 400 a 500 mg por semana preferiblemente dividir entre dos inyecciones. De lo contrario, la dosis recomendada es de 200 mg cada 7 a 10 d\u00edas para aquellos que buscan mejorar su rendimiento. Algunos usuarios avanzados incluso utilizar hasta 1000mg por semana, pero los efectos secundarios pueden ser bastante altos en dichos niveles. La duraci\u00f3n recomendada para el Cypionate de la Testosterona de los ciclos de entre 8 y 16 semanas.<\/em><\/p>\n<p>Este esteroide aumenta la retenci\u00f3n de nitr\u00f3geno en los m\u00fasculos y mejora la s\u00edntesis de prote\u00ednas. Tambi\u00e9n aumenta el recuento de gl\u00f3bulos rojos y bloquea el efecto de las hormonas, como el cortisol que promueven la p\u00e9rdida de masa muscular. Este esteroide proporciona todos los beneficios esperados de los esteroides anab\u00f3licos y como tiene una larga vida activa de alrededor de 15 d\u00edas, sus efectos duran por un largo tiempo. Tambi\u00e9n aumenta la producci\u00f3n de IGF-1. Mediante el uso de Cypionate de la Testosterona, los atletas y los constructores del cuerpo puede aumentar la fuerza, la masa muscular y una mejor utilizaci\u00f3n de la prote\u00edna.<\/p>\n<p>Tambi\u00e9n promueve la quema de grasa y aumenta la tasa metab\u00f3lica, ya que evita la p\u00e9rdida de masa muscular y el crecimiento del m\u00fasculo. Tambi\u00e9n ayuda a los atletas a ganar masa muscular y ayuda a mantener la masa muscular, incluso con las dietas de restricci\u00f3n cal\u00f3rica.<\/p>\n<p><em>Como la Testosterona Cipionato es un potente esteroide anab\u00f3lico, sus efectos secundarios son muy pronunciadas y este esteroide no debe ser utilizado por mujeres. Como se aromatiza a un alto grado, los usuarios pueden esperar relacionados con el estr\u00f3geno efectos secundarios como la Ginecomastia, la elevaci\u00f3n de la presi\u00f3n arterial, retenci\u00f3n de agua y la reducci\u00f3n en los niveles de colesterol bueno. La atrofia Testicular es un seguro de efecto secundario, que es por qu\u00e9 este esteroide no debe abusarse de ella.<\/em><\/p>\n<h3>Lee mas<\/h3>\n<p><a href=\"http:\/\/getanabolics.biz\/es\/efectos-secundarios-de-deca-durabolin\/\">EFECTOS SECUNDARIOS DE DECA DURABOLINA<\/a><\/p>\n<p><a href=\"http:\/\/getanabolics.biz\/es\/todo-acerca-de-proviron-mesterolone\/\">TODO SOBRE PROVIRON (MESTEROLONE)<\/a><\/p>\n<p><a href=\"http:\/\/getanabolics.biz\/es\/cual-deberia-ser-la-duracion-del-ciclo-de-esteroides\/\">\u00bfCU\u00c1L DEBE SER LA DURACI\u00d3N DEL CURSO DE ESTEROIDES?<\/a><\/p>\n<p><a href=\"http:\/\/getanabolics.biz\/es\/creatina-en-un-curso-de-esteroides\/\">CREATINA EN UN CURSO DE ESTEROIDES<\/a><\/p>\n<p><a href=\"http:\/\/getanabolics.biz\/es\/crossfit-y-esteroides\/\">CROSSFIT Y ESTEROIDES<\/a><\/p>\n","protected":false},"excerpt":{"rendered":"<p>Paquete: 10 ml frasco, cada 1 ml contiene 250 mg de Cipionato de Testosterona<br \/>Fabricante: Alpha Pharma<br \/>Nombre de la marca: Testosterone Cyp. 250<br \/>Conocido como: Testocyp<\/p>\n","protected":false},"featured_media":32351147,"comment_status":"open","ping_status":"closed","template":"","meta":[],"product_cat":[102,115],"product_tag":[75],"_links":{"self":[{"href":"https:\/\/getanabolics.biz\/es\/wp-json\/wp\/v2\/product\/903"}],"collection":[{"href":"https:\/\/getanabolics.biz\/es\/wp-json\/wp\/v2\/product"}],"about":[{"href":"https:\/\/getanabolics.biz\/es\/wp-json\/wp\/v2\/types\/product"}],"replies":[{"embeddable":true,"href":"https:\/\/getanabolics.biz\/es\/wp-json\/wp\/v2\/comments?post=903"}],"wp:featuredmedia":[{"embeddable":true,"href":"https:\/\/getanabolics.biz\/es\/wp-json\/wp\/v2\/media\/32351147"}],"wp:attachment":[{"href":"https:\/\/getanabolics.biz\/es\/wp-json\/wp\/v2\/media?parent=903"}],"wp:term":[{"taxonomy":"product_cat","embeddable":true,"href":"https:\/\/getanabolics.biz\/es\/wp-json\/wp\/v2\/product_cat?post=903"},{"taxonomy":"product_tag","embeddable":true,"href":"https:\/\/getanabolics.biz\/es\/wp-json\/wp\/v2\/product_tag?post=903"}],"curies":[{"name":"wp","href":"https:\/\/api.w.org\/{rel}","templated":true}]}}