{"id":902,"date":"2017-04-27T10:31:41","date_gmt":"2017-04-27T11:44:52","guid":{"rendered":"http:\/\/getanabolics.biz\/product\/testosterone-enant-250-10-ml-frasco-cada-1-ml-contiene-250-mg-de-enantato-de-testosterona-alpha-pharma\/"},"modified":"2018-01-21T12:47:53","modified_gmt":"2018-01-21T12:47:53","slug":"testosterone-enant-250-10-ml-vial-each-1-ml-contains-250-mg-testosterone-enanthate","status":"publish","type":"product","link":"https:\/\/getanabolics.biz\/es\/producto\/testosterone-enant-250-10-ml-vial-each-1-ml-contains-250-mg-testosterone-enanthate\/","title":{"rendered":"Testosterone Enant. 250 &#8211; Alpha Pharma"},"content":{"rendered":"<h2>Comprar Testosterone Enant. 250 &#8211; Alpha Pharma (Testobolin)<\/h2>\n<p><a title=\"Comprar Testosterone Enant. 250 en GetAnabolics\"><img src=\"http:\/\/getanabolics.biz\/images\/testo-depot.jpg\" width=\"30%\" align=\"right\" \/><\/a><br \/>\nPara aquellos que buscan Testosterone Enant. 250 y preguntando d\u00f3nde comprar Testosterone Enant. 250 de Alpha Pharma legalmente ofrecemos Testobolin como la mejor opci\u00f3n real para los culturistas.<br \/>\nA partir de ahora en una gran variedad de esteroides inyectables, as\u00ed como de los esteroides orales y terapia post ciclo de Alpha Pharma puede ser comprado en <b>GetAnabolics<\/b>. Estamos encantados de presentar la nueva Testosterone Enant. 250 de <span style=\"font-weight: bold;\">Alpha Pharma<\/span>.<br \/>\n<em>Todos los productos que tiene para ofrecer son aut\u00e9nticos, de alta calidad de compuestos y tienen un \u00fanico objetivo: ayudar a la gente a la ganancia de masa muscular, la fuerza general, a quemar grasas y a ayudarlos en el camino de la perfecci\u00f3n f\u00edsica. Con el fin de crear una constructivo y civilizado relaci\u00f3n con nuestros clientes, vamos a hacer el m\u00e1ximo esfuerzo para asegurar un servicio de alta calidad y enfoque de cada persona que la direcci\u00f3n de nuestra tienda con cortes\u00eda y respeto.<\/em><br \/>\nConstruir y mantener un cuerpo perfecto, se requiere una combinaci\u00f3n de m\u00e9todos. Una dieta adecuada es la primera en la lista de los componentes esenciales que el cuerpo necesita. En segundo lugar, aseg\u00farese de que usted siempre compra y uso legal de los esteroides en l\u00ednea no s\u00f3lo para evitar conflictos con la ley, pero lo que es m\u00e1s importante, para evitar complicaciones de salud.<br \/>\n<span style=\"font-weight: bold;\">GetAnabolics.Biz<\/span> es la l\u00ednea de esteroides proveedor especialmente creado y dedicado a proporcionar a cada atleta y culturista con los mejores esteroides anab\u00f3licos en los precios de descuento. Hemos elegido la mayor\u00eda de marcas confiables para colaborar con el fin de garantizar la seguridad, original y de alto nivel de esteroides para nuestros clientes.<br \/>\nEnv\u00edo de esteroides muy segura es la principal preocupaci\u00f3n para la entrega de esteroides a nivel mundial. Nuestro discreto garantiza que nadie m\u00e1s sabe que usted comprar esteroides en l\u00ednea.<\/p>\n<h2>M\u00e1s Testosterone Enant. 250 Alpha Pharma Informaci\u00f3n<\/h2>\n<p><b>10 ml frasco, cada 1 ml contiene 250 mg de Enantato de Testosterona<\/b><\/p>\n<p>el enantato de Testosterona es un \u00e9ster de la forma natural de andr\u00f3genos, testosterona. Es responsable para el normal desarrollo de las caracter\u00edsticas sexuales masculinas. En el caso de la insuficiencia de la producci\u00f3n de testosterona casi un balance completo de la funcional, anat\u00f3mica, y ps\u00edquica de los s\u00edntomas de la deficiencia se puede lograr mediante la sustituci\u00f3n de la testosterona.\u00bb<\/p>\n<p><em>Estas l\u00edneas, describa claramente lo que es una importante y eficaz de la hormona testosterona. Uno de los muchos testosterona sustancias es el enantato de testosterona. En un hombre es normalmente utilizado para tratar el hipogonadismo resultantes de la deficiencia de andr\u00f3genos (1) y la anemia (2). Sorprendentemente, en las escuelas de medicina de enantato de testosterona tambi\u00e9n se utiliza en las mujeres y los ni\u00f1os. Los ni\u00f1os y varones j\u00f3venes lo toman como el crecimiento de la terapia y las mujeres lo toman como un \u00abaditivo para el tratamiento de ciertas formas de crecimiento de los pezones durante la post-menopausia\u00bb. En la construcci\u00f3n del cuerpo, sin embargo, es LA \u00abconstrucci\u00f3n de masa de esteroides.\u00bb No importa lo que usted piensa de Dianabol, Parabolan, Anadrol 50, Finaject, y otros, cuando se trata de fuerza, masa muscular, y el r\u00e1pido aumento de peso, la testosterona sigue siendo el \u00abRey de la Carretera\u00bb. Enantato de testosterona es el equivalente Europeo a la Testosterona Cipionato de la cual es predominantemente disponible en los estados UNIDOS (v\u00e9ase tambi\u00e9n el Cypionate de la Testosterona). Enantato de testosterona, como la mayor\u00eda de los nombres comerciales ya sugerimos, es de larga duraci\u00f3n dep\u00f3sito de esteroides. Dependiendo del metabolismo y la inicial del cuerpo de la hormona de nivel tiene una duraci\u00f3n de efecto de dos a tres semanas, por lo que te\u00f3ricamente muy largos intervalos entre las inyecciones son posibles. Aunque el enantato de Testosterona es eficaz para varias semanas, que se inyecta al menos una vez a la semana en el edificio del cuerpo, potencia de elevaci\u00f3n, y el levantamiento de pesas. Esto, por todos los medios, tiene sentido ya que el enantato de Testosterona tiene una vida media plasm\u00e1tica de tiempo en la sangre de s\u00f3lo una semana.<\/em><\/p>\n<blockquote><p>La ventaja decisiva de enantato de Testosterona, sin embargo, es que esta sustancia tiene un muy fuerte efecto androg\u00e9nico y es junto con un intenso componente anab\u00f3lico. Esto permite que casi todo el mundo, dentro de un corto per\u00edodo de tiempo, para construir una gran cantidad de masa muscular y fuerza. La r\u00e1pida y fuerte ganancia de peso se combina con la retenci\u00f3n de agua distinta, ya que una retenci\u00f3n de electrolitos y agua se produce. Un agradable efecto es que el enorme aumento de la fuerza va de la mano con la retenci\u00f3n de agua. Los levantadores de pesas y levantadores de potencia, especialmente en las clases de mayor peso, apreciar esta caracter\u00edstica. En este grupo, enantato de Testosterona, la Testosterona Cipionato, y<a href=\"http:\/\/getanabolics.biz\/es\/producto\/sustanon-250-1-box-of-10-ampoules-each-1-amp-contains-250-mg-testosterone-esters\/\"> Sustanon 250<\/a> son el n\u00famero uno de los esteroides; esto tambi\u00e9n se refleja claramente en las dosificaciones. Dosis de 500 mg, 1000 mg o incluso de 2000 mg por d\u00eda son ninguna rareza en los que la mente, por d\u00eda, no por semana. Las disciplinas deportivas que requieren un alto grado de potencia, agresividad, y la resistencia que ofrecen una excelente aplicaci\u00f3n para el Dep\u00f3sito de la Testosterona. La retenci\u00f3n de agua distinta tiene tambi\u00e9n otras ventajas. Aquellos que tienen problemas con sus articulaciones de hombro cart\u00edlagos o cuyos discos intervertebrales, debido a los a\u00f1os de entrenamiento pesado, mostrar los primeros signos de desgaste, puede conseguir un alivio temporal por tomar testosterona.<\/p><\/blockquote>\n<p>Para el culturista, la retenci\u00f3n de agua que va de la mano con el enantato de Testosterona corta en ambos sentidos. Ciertamente, uno se pone r\u00e1pidamente masiva y fuerte; sin embargo, la imagen reflejada despu\u00e9s de un par de semanas, a menudo se muestra completamente plana, llorosos, y la hinchada de los m\u00fasculos. Los m\u00fasculos aparecen como si hubieran sido bombea con aire&#8217; a nuevas dimensiones, sin embargo, durante la flexi\u00f3n, no pasa nada. Aquellos que no creen que esto deber\u00eda molestarse en ir a visitar a la llamada \u00abconstrucci\u00f3n del cuerpo de los campeones\u00bb durante la temporada baja cuando estas exageradas cantidades de \u00abTesto\u00bb vienen en. Un vistazo a la ya desaparecida revista de culturismo FMB se hace a\u00fan m\u00e1s clara. Un problema adicional cuando se toma el enantato de Testosterona es que la tasa de conversi\u00f3n a estr\u00f3geno es muy alta. Esto, por un lado, lleva al cuerpo a almacenar m\u00e1s grasa; por otro lado, los s\u00edntomas de feminizaci\u00f3n (ginecomastia) no son inusuales. Sin embargo, debe decirse claramente que esto depende de la atleta de la predisposici\u00f3n. Por todos los medios, hay atletas que incluso con 1000 mg \/semana no muestran s\u00edntomas de feminizaci\u00f3n o dep\u00f3sitos de grasa y los que sufren de retenci\u00f3n de agua muy baja. Otros, sin embargo, desarrollar dolor en sus pezones simplemente mirando un Testoviron-Depot ampolla. Sin embargo, la ingesta adicional de Nolvadex y Proviron debe ser considerado en un nivel de dosis de 500 mg \/semana. Como ya se mencion\u00f3, el Testo es eficaz para todo el mundo, ya sea un principiante o mr Olympia. Enantato de testosterona tambi\u00e9n promueve fuertemente el proceso de regeneraci\u00f3n. Esto lleva a que claramente menor compensaci\u00f3n fases, una mayor sensaci\u00f3n de bienestar, y una clara de aumento de energ\u00eda. Esta es tambi\u00e9n la raz\u00f3n por la que varios atletas son capaces de trabajar fuera dos veces al d\u00eda durante varias horas, seis veces a la semana y seguir edificando la masa y la fuerza. Para aquellos que pueden trabajar de nuevo dos horas despu\u00e9s de un duro entrenamiento de pierna saber que Testo obras. <a href=\"http:\/\/getanabolics.biz\/es\/todo-acerca-de-proviron-mesterolone\/\">Los atletas que toman Testosterona enantato<\/a> de un informe excesivamente fuerte efecto de la bomba durante el entrenamiento. Este \u00abesteroide de la bomba\u00bb se atribuye a un aumento del volumen de sangre con un mayor suministro de ox\u00edgeno y una mayor cantidad de c\u00e9lulas rojas de la sangre. Aquellos que toman megadoses de enantato de Testosterona, ya siento una enorme bomba en la parte superior de los muslos y las pantorrillas al subir las escaleras. A pesar de esto, te recomendamos que los novatos en esteroides mant\u00e9ngase alejado de todos los compuestos de testosterona. Que quede muy claro: Aquellos que nunca han tomado esteroides, a\u00fan no se necesita ninguna de testosterona y se debe esperar hasta m\u00e1s tarde, cuando el \u00abm\u00e1s d\u00e9bil\u00bb esteroides comienzan a tener poco efecto. Para los m\u00e1s avanzados, enantato de Testosterona puede ser tomado solo o en combinaci\u00f3n con otros compuestos.<\/p>\n<p><em>Los efectos secundarios de enantato de Testosterona son en su mayor\u00eda las distintas efecto androg\u00e9nico y el aumento de la retenci\u00f3n de agua. Esta es generalmente la raz\u00f3n por la frecuente aparici\u00f3n de hypertony (3). Aquellos que tienen una predisposici\u00f3n para la presi\u00f3n arterial alta o cuya presi\u00f3n arterial est\u00e1 elevada cuando empezar a tomar el enantato de Testosterona deber\u00eda haber chequeado peri\u00f3dicamente por un m\u00e9dico. Si es necesario la ingesta de un f\u00e1rmaco antihipertensivo (4), tales como Catapresan es aconsejable. Muchos atletas experimentan un fuerte acn\u00e9 vulgar con el enantato de Testosterona, que se manifiesta en la espalda, el pecho, los hombros y los brazos m\u00e1s que en la cara. Los atletas que toman grandes cantidades de Testo a menudo puede ser f\u00e1cil de reconocer porque de estas caracter\u00edsticas. Es interesante notar que en algunos de los atletas de estas caracter\u00edsticas s\u00f3lo se producen despu\u00e9s de la utilizaci\u00f3n del compuesto ha sido descontinuado, lo que implica un efecto rebote. En casos graves, la medicina Accutane puede ayudar. La ya comentada s\u00edntomas de feminizaci\u00f3n, especialmente la ginecomastia, requieren la ingesta de un anti-estr\u00f3geno. Sobreestimulaci\u00f3n Sexual con frecuentes erecciones que en el inicio de consumo es normal. En atletas j\u00f3venes\u00bb, adem\u00e1s de virilizaci\u00f3n,la testosterona tambi\u00e9n puede conducir a un acelerado crecimiento y la maduraci\u00f3n \u00f3sea, a un prematuro epiphysial de cierre de las placas de crecimiento y por lo tanto una menor altura\u00bb (Jenapharm GmbH, en el prospecto de Testosteron-Depot).&#8217; Ya que en su mayor\u00eda atletas m\u00e1s altas tienen \u00e9xito en la construcci\u00f3n del cuerpo, los adultos j\u00f3venes deben reflexionar cuidadosamente antes de tomar cualquier anab\u00f3licos\/androg\u00e9nicos esteroides, en particular, la testosterona.<\/em><\/p>\n<p>Otro interesante efecto secundario de enantato de Testosterona se menciona en el bodybuilding magazine M\u00fasculo Medios de comunicaci\u00f3n 2000, junio, julio de 1993, en la p\u00e1gina 45. A juzgar si esto es positivo o negativo, se deja al lector. &#8216;Hace un par de a\u00f1os, la Revista M\u00e9dica Lancet de Inglaterra inform\u00f3 que se encuentra la testosterona (el proto-tipo de esteroides anab\u00f3licos) a ser una muy eficaz forma de macho de control de la natalidad. Los investigadores llevaron a cabo 12 meses de estudio en el que se incluyeron 270 hombres y determin\u00f3 que, semanalmente, las inyecciones de la hormona de la testosterona eran &#8216;segura, estable y eficaz.&#8217; Descubrieron que semanalmente inyecciones de testosterona ten\u00edan una tasa de \u00e9xito del 99.2% como un m\u00e9todo de control de natalidad. Que hace que sea m\u00e1s eficaz que el control de la natalidad la p\u00edldora (97%) y mucho m\u00e1s eficaz que el uso de condones (88%). El estudio tambi\u00e9n revel\u00f3 que los efectos de la aplicaci\u00f3n de inyecciones anticonceptivas eran totalmente reversibles al suspender la administraci\u00f3n del f\u00e1rmaco y las inyecciones de testosterona produce m\u00ednimos efectos secundarios.\u00bb<\/p>\n<p>estudios Similares con id\u00e9nticos datos tambi\u00e9n se encuentran en curso en una universidad alemana cl\u00ednica. Aunque esto no es parte del tema de este libro, estos resultados subrayan, al menos, la necesidad de estimular la testosterona compuestos durante y despu\u00e9s de la ingesta de enantato de Testosterona. Ya que es eficaz para un per\u00edodo tan largo de tiempo, enantato de Testosterona es siempre tomado con m\u00e1s frecuencia por los atletas durante su \u00abesteroides intervalos.\u00bb Una inyecci\u00f3n de 250 mg cada 2-3 semanas ayuda a mantener la fuerza y la masa. Si esta aplicaci\u00f3n tiene sentido a\u00fan est\u00e1 por verse; el hecho es que funciona.<\/p>\n<h3>Lee mas<\/h3>\n<p><a href=\"http:\/\/getanabolics.biz\/es\/grandes-resultados-del-mejor-acetato-de-trenbolona\/\">GRANDES RESULTADOS DEL MEJOR ACETATO DE TRENBOLONE<\/a><\/p>\n<p><a href=\"http:\/\/getanabolics.biz\/es\/todo-lo-que-usted-necesita-saber-sobre-anadrol\/\">TODO LO QUE NECESITA SABER SOBRE ANADROL<\/a><\/p>\n<p><a href=\"http:\/\/getanabolics.biz\/es\/el-efecto-de-los-esteroides-en-la-piel-humana\/\">EL EFECTO DE LOS ESTEROIDES EN LA PIEL HUMANA<\/a><\/p>\n<p><a href=\"http:\/\/getanabolics.biz\/es\/reuna-una-masa-seca-sin-efectos-secundarios\/\">RE\u00daNA UNA MISA SECA SIN EFECTOS SECUNDARIOS<\/a><\/p>\n<p>\u00bf<a href=\"http:\/\/getanabolics.biz\/es\/cual-deberia-ser-la-duracion-del-ciclo-de-esteroides\/\">CU\u00c1L DEBE SER LA DURACI\u00d3N DEL CURSO DE ESTEROIDES?<\/a><\/p>\n","protected":false},"excerpt":{"rendered":"<p>Paquete: 10 ml frasco, cada 1 ml contiene 250 mg de Enantato de Testosterona<br \/>Fabricante: Alpha Pharma<br \/>Nombre de la marca: Testosterone Enant. 250<br \/>Conocido como: Testobolin<\/p>\n","protected":false},"featured_media":301,"comment_status":"open","ping_status":"closed","template":"","meta":[],"product_cat":[102,115],"product_tag":[75],"_links":{"self":[{"href":"https:\/\/getanabolics.biz\/es\/wp-json\/wp\/v2\/product\/902"}],"collection":[{"href":"https:\/\/getanabolics.biz\/es\/wp-json\/wp\/v2\/product"}],"about":[{"href":"https:\/\/getanabolics.biz\/es\/wp-json\/wp\/v2\/types\/product"}],"replies":[{"embeddable":true,"href":"https:\/\/getanabolics.biz\/es\/wp-json\/wp\/v2\/comments?post=902"}],"wp:featuredmedia":[{"embeddable":true,"href":"https:\/\/getanabolics.biz\/es\/wp-json\/wp\/v2\/media\/301"}],"wp:attachment":[{"href":"https:\/\/getanabolics.biz\/es\/wp-json\/wp\/v2\/media?parent=902"}],"wp:term":[{"taxonomy":"product_cat","embeddable":true,"href":"https:\/\/getanabolics.biz\/es\/wp-json\/wp\/v2\/product_cat?post=902"},{"taxonomy":"product_tag","embeddable":true,"href":"https:\/\/getanabolics.biz\/es\/wp-json\/wp\/v2\/product_tag?post=902"}],"curies":[{"name":"wp","href":"https:\/\/api.w.org\/{rel}","templated":true}]}}