{"id":901,"date":"2017-04-27T10:31:41","date_gmt":"2017-04-27T11:44:52","guid":{"rendered":"http:\/\/getanabolics.biz\/product\/sustanon-250-10ml-vial-multidosis-contiene-2500mg-250-mgml-esteres-de-testosterona-alpha-pharma\/"},"modified":"2018-01-21T12:54:23","modified_gmt":"2018-01-21T12:54:23","slug":"sustanon-250-10ml-multidose-vial-contains-2500mg-250mgml-testosterone-esters","status":"publish","type":"product","link":"https:\/\/getanabolics.biz\/es\/producto\/sustanon-250-10ml-multidose-vial-contains-2500mg-250mgml-testosterone-esters\/","title":{"rendered":"Sustanon 250 &#8211; Alpha Pharma"},"content":{"rendered":"<h2>Comprar Sustanon 250 &#8211; Alpha Pharma (Induject-250)<\/h2>\n<p><a title=\"Comprar Sustanon 250 en GetAnabolics\"><img src=\"http:\/\/getanabolics.biz\/images\/androx-400.jpg\" width=\"30%\" align=\"right\" \/><\/a><br \/>\nPara aquellos que buscan Sustanon 250 y preguntando d\u00f3nde comprar Sustanon 250 de Alpha Pharma legalmente ofrecemos Induject-250 como la mejor opci\u00f3n real para los culturistas.<br \/>\nA partir de ahora en una gran variedad de esteroides inyectables, as\u00ed como de los esteroides orales y terapia post ciclo de Alpha Pharma puede ser comprado en <b>GetAnabolics<\/b>. Estamos encantados de presentar la nueva Sustanon 250 de <span style=\"font-weight: bold;\">Alpha Pharma<\/span>.<br \/>\n<em>Todos los productos que tiene para ofrecer son aut\u00e9nticos, de alta calidad de compuestos y tienen un \u00fanico objetivo: ayudar a la gente a la ganancia de masa muscular, la fuerza general, a quemar grasas y a ayudarlos en el camino de la perfecci\u00f3n f\u00edsica. Con el fin de crear una constructivo y civilizado relaci\u00f3n con nuestros clientes, vamos a hacer el m\u00e1ximo esfuerzo para asegurar un servicio de alta calidad y enfoque de cada persona que la direcci\u00f3n de nuestra tienda con cortes\u00eda y respeto.<\/em><br \/>\nConstruir y mantener un cuerpo perfecto, se requiere una combinaci\u00f3n de m\u00e9todos. Una dieta adecuada es la primera en la lista de los componentes esenciales que el cuerpo necesita. En segundo lugar, aseg\u00farese de que usted siempre compra y uso legal de los esteroides en l\u00ednea no s\u00f3lo para evitar conflictos con la ley, pero lo que es m\u00e1s importante, para evitar complicaciones de salud.<br \/>\n<span style=\"font-weight: bold;\">GetAnabolics.Biz<\/span> es la l\u00ednea de esteroides proveedor especialmente creado y dedicado a proporcionar a cada atleta y culturista con los mejores esteroides anab\u00f3licos en los precios de descuento. Hemos elegido la mayor\u00eda de marcas confiables para colaborar con el fin de garantizar la seguridad, original y de alto nivel de esteroides para nuestros clientes.<br \/>\nEnv\u00edo de esteroides muy segura es la principal preocupaci\u00f3n para la entrega de esteroides a nivel mundial. Nuestro discreto garantiza que nadie m\u00e1s sabe que usted comprar esteroides en l\u00ednea.<\/p>\n<h2>M\u00e1s Sustanon 250 Alpha Pharma Informaci\u00f3n<\/h2>\n<p><b>10ml vial multidosis contiene 2500mg (250 mg\/ml) \u00c9steres de Testosterona<\/b><\/p>\n<p><strong>Androx 400 por ml contiene:<\/strong><br \/>\n<strong> \u2022 100 mg de Testosterona Phenylpropionate<\/strong><br \/>\n<strong> \u2022 100 mg de Testosterona Cipionato<\/strong><br \/>\n<strong> \u2022 100 mg de Decanoato de Testosterona<\/strong><br \/>\n<strong> \u2022 100 mg de Testosterona Isocaproate<\/strong><\/p>\n<p>Sustanon es un esteroide muy popular, que es muy apreciado por sus usuarios, ya que ofrece varias ventajas en comparaci\u00f3n con otros compuestos de testosterona. Sustanon es una mezcla de cuatro testosteronas diferentes que, basada en el bien programada composici\u00f3n, tienen un efecto sin\u00e9rgico. Esta funci\u00f3n especial tiene dos caracter\u00edsticas positivas para el atleta. Primero, basado en el especial efecto de la combinaci\u00f3n de los compuestos, Sustanon, miligramo por miligramo, tiene un efecto mejor que el enantato de Testosterona, cipionato, propionato y solo. Segundo, el efecto de las cuatro testosteronas es liberado a tiempo para que Sustanon entra r\u00e1pidamente en el sistema y sigue siendo eficaz en el cuerpo durante varias semanas. Debido a que el propionato incluido en los esteroides, Sustanon es efectiva despu\u00e9s de un d\u00eda y, basado en la mezcla en decanoates, permanece activa durante 3-4 semanas.<\/p>\n<p><em>Sustanon tiene un notable efecto androg\u00e9nico que se acopla con un efecto anab\u00f3lico fuerte. Por lo tanto es muy adecuado para construir masa muscular y fuerza. Un r\u00e1pido aumento de la fuerza del cuerpo y un aumento en el peso corporal se producen. Los atletas que usan Sustanon informe de un s\u00f3lido crecimiento muscular ya que se traduce en una menor retenci\u00f3n de agua y tambi\u00e9n aromatiza menos que el enantato de testosterona o cipionato. De hecho, muchos culturistas que usan testosterona y la lucha contra la retenci\u00f3n de agua distinta y un nivel elevado de estr\u00f3geno prefieren Sustanon en acci\u00f3n larga dep\u00f3sito de testosterona.<\/em><\/p>\n<p>es m\u00e1s di cuenta de que Sustanon tambi\u00e9n es eficaz cuando las dosis relativamente bajas dado bien a los atletas avanzados. Es interesante notar que cuando Sustanon es dada a los atletas que ya han utilizado este compuesto en el mismo o en dosis m\u00e1s bajas, conduce a buenos resultados similares en la ingesta anterior. Sustanon por lo general se inyecta al menos una vez a la semana, que se puede extender hasta 10 d\u00edas. La dosis en el culturismo y levantamiento de potencia que va de los 250 mg cada 14 d\u00edas hasta 1000 mg o m\u00e1s por d\u00eda. Dado que tales dosis altas no son recomendables-y, afortunadamente, no son tomadas en la mayor\u00eda de los casos la regla es 250-1000 mg\/semana. Una dosis de 500 mg\/semana es completamente suficiente para la mayor\u00eda, y a menudo puede ser reducido a 250 mg\/ semana por la combinaci\u00f3n de Sustanon con un esteroide oral. Sustanon es bien tolerado como un esteroide b\u00e1sico durante el tratamiento que estimula la regeneraci\u00f3n, el atleta da suficiente \u00abpatada\u00bb para las unidades de entrenamiento intenso, y junto a la ya mencionada ventaja de un r\u00e1pido aumento de la fuerza y s\u00f3lida ganancia de m\u00fasculo se distingue tambi\u00e9n por su compatibilidad. Con el fin de ganar masa muscular r\u00e1pidamente Sustanon es a menudo combinado con el Deca-Durabolin, <a href=\"http:\/\/getanabolics.biz\/es\/comprar-dianabol-en-linea-en-getanabolics-biz\/\">Dianabol <\/a>o <a href=\"http:\/\/getanabolics.biz\/es\/producto\/anadrol-50-tabs-each-tab-contains-50-mg-oxymetholone\/\">Anadrol<\/a>, mientras que los atletas que est\u00e1n m\u00e1s en la calidad prefieren combinarlo con <a href=\"http:\/\/getanabolics.biz\/es\/producto\/parabolan-box-of-10-ampoules-of-1ml-75mg-ml-trenbolone-hexahydrobenzylcarbonate\/\">Parabolan<\/a>, <a href=\"http:\/\/getanabolics.biz\/es\/producto\/winstrol-tabs-10-comprar-winstrol-pildoras-de-50-fichas-de-cada-uno-de-ellos-contiene-10-mg-de-estanozolol-alpha-pharma\/\">Winstrol<\/a>, Oxandrolona o Primobolan.<\/p>\n<h3>Lee mas<\/h3>\n<p><a href=\"http:\/\/getanabolics.biz\/es\/todo-acerca-de-proviron-mesterolone\/\">TODO SOBRE PROVIRON (MESTEROLONE)<\/a><\/p>\n<p><a href=\"http:\/\/getanabolics.biz\/es\/comprar-clomid-en-linea-en-getanabolics-biz\/\">COMPRAR CLOMID ONLINE EN GETANABOLICS.BIZ<\/a><\/p>\n<p><a href=\"http:\/\/getanabolics.biz\/es\/creatina-en-un-curso-de-esteroides\/\">CREATINA EN UN CURSO DE ESTEROIDES<\/a><\/p>\n<p><a href=\"http:\/\/getanabolics.biz\/es\/reuna-una-masa-seca-sin-efectos-secundarios\/\">RE\u00daNA UNA MISA SECA SIN EFECTOS SECUNDARIOS<\/a><\/p>\n<p><a href=\"http:\/\/getanabolics.biz\/es\/cual-deberia-ser-la-duracion-del-ciclo-de-esteroides\/\">\u00bfCU\u00c1L DEBE SER LA DURACI\u00d3N DEL CURSO DE ESTEROIDES?<\/a><\/p>\n","protected":false},"excerpt":{"rendered":"<p>Paquete: 10ml vial multidosis contiene 2500mg (250 mg\/ml) \u00c9steres de Testosterona<br \/>Fabricante: Alpha Pharma<br \/>Nombre de la marca: Sustanon 250<br \/>Conocido como: Induject-250<\/p>\n","protected":false},"featured_media":295,"comment_status":"open","ping_status":"closed","template":"","meta":[],"product_cat":[102],"product_tag":[75],"_links":{"self":[{"href":"https:\/\/getanabolics.biz\/es\/wp-json\/wp\/v2\/product\/901"}],"collection":[{"href":"https:\/\/getanabolics.biz\/es\/wp-json\/wp\/v2\/product"}],"about":[{"href":"https:\/\/getanabolics.biz\/es\/wp-json\/wp\/v2\/types\/product"}],"replies":[{"embeddable":true,"href":"https:\/\/getanabolics.biz\/es\/wp-json\/wp\/v2\/comments?post=901"}],"wp:featuredmedia":[{"embeddable":true,"href":"https:\/\/getanabolics.biz\/es\/wp-json\/wp\/v2\/media\/295"}],"wp:attachment":[{"href":"https:\/\/getanabolics.biz\/es\/wp-json\/wp\/v2\/media?parent=901"}],"wp:term":[{"taxonomy":"product_cat","embeddable":true,"href":"https:\/\/getanabolics.biz\/es\/wp-json\/wp\/v2\/product_cat?post=901"},{"taxonomy":"product_tag","embeddable":true,"href":"https:\/\/getanabolics.biz\/es\/wp-json\/wp\/v2\/product_tag?post=901"}],"curies":[{"name":"wp","href":"https:\/\/api.w.org\/{rel}","templated":true}]}}