{"id":900,"date":"2017-04-27T10:31:41","date_gmt":"2017-04-27T11:44:52","guid":{"rendered":"http:\/\/getanabolics.biz\/product\/sustanon-250-1-caja-de-10-ampollas-cada-uno-de-1-amp-contiene-250-mg-de-esteres-de-testosterona-alpha-pharma\/"},"modified":"2018-01-21T17:22:29","modified_gmt":"2018-01-21T17:22:29","slug":"sustanon-250-1-box-of-10-ampoules-each-1-amp-contains-250-mg-testosterone-esters","status":"publish","type":"product","link":"https:\/\/getanabolics.biz\/es\/producto\/sustanon-250-1-box-of-10-ampoules-each-1-amp-contains-250-mg-testosterone-esters\/","title":{"rendered":"Sustanon 250 &#8211; Alpha Pharma"},"content":{"rendered":"<h2>Comprar Sustanon 250 &#8211; Alpha Pharma (Induject-250)<\/h2>\n<p><a title=\"Comprar Sustanon 250 en GetAnabolics\"><img src=\"http:\/\/getanabolics.biz\/images\/sustanon-250-organon.jpg\" width=\"30%\" align=\"right\" \/><\/a><br \/>\nPara aquellos que buscan Sustanon 250 y preguntando d\u00f3nde comprar Sustanon 250 de Alpha Pharma legalmente ofrecemos Induject-250 como la mejor opci\u00f3n real para los culturistas.<br \/>\nA partir de ahora en una gran variedad de esteroides inyectables, as\u00ed como de los esteroides orales y terapia post ciclo de Alpha Pharma puede ser comprado en <b>GetAnabolics<\/b>. Estamos encantados de presentar la nueva Sustanon 250 de <span style=\"font-weight: bold;\">Alpha Pharma<\/span>.<br \/>\n<em>Todos los productos que tiene para ofrecer son aut\u00e9nticos, de alta calidad de compuestos y tienen un \u00fanico objetivo: ayudar a la gente a la ganancia de masa muscular, la fuerza general, a quemar grasas y a ayudarlos en el camino de la perfecci\u00f3n f\u00edsica. Con el fin de crear una constructivo y civilizado relaci\u00f3n con nuestros clientes, vamos a hacer el m\u00e1ximo esfuerzo para asegurar un servicio de alta calidad y enfoque de cada persona que la direcci\u00f3n de nuestra tienda con cortes\u00eda y respeto.<\/em><br \/>\nConstruir y mantener un cuerpo perfecto, se requiere una combinaci\u00f3n de m\u00e9todos. Una dieta adecuada es la primera en la lista de los componentes esenciales que el cuerpo necesita. En segundo lugar, aseg\u00farese de que usted siempre compra y uso legal de los esteroides en l\u00ednea no s\u00f3lo para evitar conflictos con la ley, pero lo que es m\u00e1s importante, para evitar complicaciones de salud.<br \/>\n<span style=\"font-weight: bold;\">GetAnabolics.Biz<\/span> es la l\u00ednea de esteroides proveedor especialmente creado y dedicado a proporcionar a cada atleta y culturista con los mejores esteroides anab\u00f3licos en los precios de descuento. Hemos elegido la mayor\u00eda de marcas confiables para colaborar con el fin de garantizar la seguridad, original y de alto nivel de esteroides para nuestros clientes.<br \/>\n<em>Env\u00edo de esteroides muy segura es la principal preocupaci\u00f3n para la entrega de esteroides a nivel mundial. Nuestro discreto garantiza que nadie m\u00e1s sabe que usted comprar esteroides en l\u00ednea.<\/em><\/p>\n<h2>M\u00e1s Sustanon 250 Alpha Pharma Informaci\u00f3n<\/h2>\n<p><b>1 caja de 10 ampollas, cada uno de 1 amp contiene 250 mg de \u00c9steres de Testosterona<\/b><\/p>\n<p><strong>Clase de medicamento: Inyectable androg\u00e9nicos y anab\u00f3licos esteroides<\/strong><br \/>\n<strong> La dosis media recomendada: Entre 250 y 1000 mg por semana para los hombres<\/strong><br \/>\n<strong> Active la vida: Alrededor de 21 d\u00edas<\/strong><br \/>\n<strong> Retenci\u00f3n de agua: S\u00ed<\/strong><br \/>\n<strong> T\u00f3xicos para el h\u00edgado: S\u00ed, pero bajo<\/strong><br \/>\n<strong> Disminuye la funci\u00f3n ATAR: Extreme<\/strong><br \/>\n<strong> DHT de Conversi\u00f3n: Alta<\/strong><br \/>\n<strong> Aromatizaci\u00f3n: S\u00ed<\/strong><\/p>\n<p>Sustanon 250 es uno de los m\u00e1s populares e importantes formas de testosterona inyectable por ah\u00ed. Ha sido ampliamente utilizado por los atletas y el cuerpo del generador desde que fue lanzado por primera vez en los mercados en la d\u00e9cada de 1970. Este f\u00e1rmaco fue desarrollado y comercializado por Organon. Estaba dispuesto a ser m\u00e1s beneficioso que cualquier otro producto testosterona. Se trata de un medicamento que ofrece una r\u00e1pida liberaci\u00f3n de testosterona y, a continuaci\u00f3n, m\u00e1s gradual extendido libera de la hormona. Consta de cuatro \u00e9steres de testosterona \u2013 30milligrams de Propionato de Testosterona, 60 miligramos de Testosterona Isocaproate, 60 miligramos de Testosterona Phenylpropionate y 100 mg de Decanoato de Testosterona por ml.<\/p>\n<p>Como es un potente esteroide anab\u00f3lico con altas propiedades androg\u00e9nicas, las mujeres no deben usar este esteroide. El m\u00e1s bajo nivel de dosis para los hombres es de 250 mg por semana, como una terapia de reemplazo de testosterona. La dosis recomendada para un buen primer ciclo es de 500 por semana. La dosis puede ser aumentada a 750 mg por semana para obtener resultados apreciables. S\u00f3lo los usuarios avanzados pueden utilizar 1000mg por semana, y esto debe ser acompa\u00f1ado por los estr\u00f3genos de los medicamentos de control.<\/p>\n<p><em>Sustanon 250 es b\u00e1sicamente una mezcla de los cuatro diferentes tipos de preparados de testosterona para lograr diferentes tiempos de liberaci\u00f3n. Como resultado, los efectos de Sustanon 250 son las mismas que la de la testosterona. Aunque es una mezcla de cuatro \u00e9steres de testosterona, que es tan potente como un preparado de testosterona. Uso de Sustanon 250 a dosis de m\u00e1s de 250 mg por semana resulta en un r\u00e1pido y constante aumento de la masa muscular. <a href=\"http:\/\/getanabolics.biz\/es\/comprar-dianabol-en-linea-en-getanabolics-biz\/\">Tambi\u00e9n mejora la calidad de los m\u00fasculos y proporciona un aspecto voluminoso.<\/a> Tambi\u00e9n es ampliamente utilizado por los atletas y los constructores del cuerpo para aumentar la fuerza.<\/em><\/p>\n<blockquote><p>Sin embargo, Sustanon 250 aromatiza a un alto grado, y esto aumenta los niveles de estr\u00f3geno en el cuerpo humano. Esta es la raz\u00f3n por la Sustanon 250 debe ser utilizado en combinaci\u00f3n con estr\u00f3genos control de productos como <a href=\"http:\/\/getanabolics.biz\/es\/producto\/nolvadex-100-tabs-each-tab-contains-20mg-tamoxifen-citrate\/\">Nolvadex <\/a>y f\u00e1rmacos anti-aromatasa como Aromasin <a href=\"http:\/\/getanabolics.biz\/es\/producto\/arimidex-30-fichas-de-cada-uno-de-ellos-contiene-1-mg-de-anastrozol-alpha-pharma\/\">Arimidex <\/a>y. No es muy estresante en el h\u00edgado, pero las causas de la alta retenci\u00f3n de agua. Tambi\u00e9n aumenta el riesgo de Gyneconmastia y otros relacionados con el estr\u00f3geno problemas y problemas de colesterol. Los niveles de presi\u00f3n arterial tambi\u00e9n se increment\u00f3 como resultado de Sustanon 250 de uso. Tambi\u00e9n causa de atrofia testicular.<\/p><\/blockquote>\n<p><b>Comprar Sustanon online<\/b> es 100% original oficial para el vendedor.<\/p>\n<h3>Lee mas<\/h3>\n<p><a href=\"http:\/\/getanabolics.biz\/es\/todo-acerca-de-proviron-mesterolone\/\">TODO SOBRE PROVIRON (MESTEROLONE)<\/a><\/p>\n<p><a href=\"http:\/\/getanabolics.biz\/es\/comprar-clomid-en-linea-en-getanabolics-biz\/\">COMPRAR CLOMID ONLINE EN GETANABOLICS.BIZ<\/a><\/p>\n<p><a href=\"http:\/\/getanabolics.biz\/es\/creatina-en-un-curso-de-esteroides\/\">CREATINA EN UN CURSO DE ESTEROIDES<\/a><\/p>\n<p><a href=\"http:\/\/getanabolics.biz\/es\/reuna-una-masa-seca-sin-efectos-secundarios\/\">RE\u00daNA UNA MISA SECA SIN EFECTOS SECUNDARIOS<\/a><\/p>\n<p><a href=\"http:\/\/getanabolics.biz\/es\/cual-deberia-ser-la-duracion-del-ciclo-de-esteroides\/\">\u00bfCU\u00c1L DEBE SER LA DURACI\u00d3N DEL CURSO DE ESTEROIDES?<\/a><\/p>\n","protected":false},"excerpt":{"rendered":"<p>Paquete: 1 caja de 10 ampollas, cada uno de 1 amp contiene 250 mg de \u00c9steres de Testosterona<br \/>Fabricante: Alpha Pharma<br \/>Nombre de la marca: Sustanon 250<br \/>Conocido como: Induject-250<\/p>\n","protected":false},"featured_media":295,"comment_status":"open","ping_status":"closed","template":"","meta":[],"product_cat":[102],"product_tag":[75],"_links":{"self":[{"href":"https:\/\/getanabolics.biz\/es\/wp-json\/wp\/v2\/product\/900"}],"collection":[{"href":"https:\/\/getanabolics.biz\/es\/wp-json\/wp\/v2\/product"}],"about":[{"href":"https:\/\/getanabolics.biz\/es\/wp-json\/wp\/v2\/types\/product"}],"replies":[{"embeddable":true,"href":"https:\/\/getanabolics.biz\/es\/wp-json\/wp\/v2\/comments?post=900"}],"wp:featuredmedia":[{"embeddable":true,"href":"https:\/\/getanabolics.biz\/es\/wp-json\/wp\/v2\/media\/295"}],"wp:attachment":[{"href":"https:\/\/getanabolics.biz\/es\/wp-json\/wp\/v2\/media?parent=900"}],"wp:term":[{"taxonomy":"product_cat","embeddable":true,"href":"https:\/\/getanabolics.biz\/es\/wp-json\/wp\/v2\/product_cat?post=900"},{"taxonomy":"product_tag","embeddable":true,"href":"https:\/\/getanabolics.biz\/es\/wp-json\/wp\/v2\/product_tag?post=900"}],"curies":[{"name":"wp","href":"https:\/\/api.w.org\/{rel}","templated":true}]}}