{"id":898,"date":"2017-04-27T10:31:41","date_gmt":"2017-04-27T11:44:52","guid":{"rendered":"http:\/\/getanabolics.biz\/product\/clomid-10-fichas-contiene-50-mg-de-citrato-de-clomifeno-alpha-pharma\/"},"modified":"2018-01-21T17:01:19","modified_gmt":"2018-01-21T17:01:19","slug":"clomid-10-fichas-contiene-50-mg-de-citrato-de-clomifeno-alpha-pharma","status":"publish","type":"product","link":"https:\/\/getanabolics.biz\/es\/producto\/clomid-10-fichas-contiene-50-mg-de-citrato-de-clomifeno-alpha-pharma\/","title":{"rendered":"Clomid &#8211; Alpha-Pharma"},"content":{"rendered":"<h2>Comprar Clomid &#8211; Alpha-Pharma (Promifen)<\/h2>\n<p><a title=\"Comprar Clomid en GetAnabolics\"><img src=\"http:\/\/getanabolics.biz\/images\/ovinum.jpg\" width=\"30%\" align=\"right\" \/><\/a><br \/>\nPara aquellos que buscan Clomid y preguntando d\u00f3nde comprar Clomid de Alpha-Pharma legalmente ofrecemos Promifen como la mejor opci\u00f3n real para los culturistas.<br \/>\nA partir de ahora en una gran variedad de esteroides inyectables, as\u00ed como de los esteroides orales y terapia post ciclo de Alpha-Pharma puede ser comprado en <b>GetAnabolics<\/b>. Estamos encantados de presentar la nueva Clomid de <span style=\"font-weight: bold;\">Alpha-Pharma<\/span>.<br \/>\n<em>Todos los productos que tiene para ofrecer son aut\u00e9nticos, de alta calidad de compuestos y tienen un \u00fanico objetivo: ayudar a la gente a la ganancia de masa muscular, la fuerza general, a quemar grasas y a ayudarlos en el camino de la perfecci\u00f3n f\u00edsica. Con el fin de crear una constructivo y civilizado relaci\u00f3n con nuestros clientes, vamos a hacer el m\u00e1ximo esfuerzo para asegurar un servicio de alta calidad y enfoque de cada persona que la direcci\u00f3n de nuestra tienda con cortes\u00eda y respeto.<\/em><br \/>\nConstruir y mantener un cuerpo perfecto, se requiere una combinaci\u00f3n de m\u00e9todos. Una dieta adecuada es la primera en la lista de los componentes esenciales que el cuerpo necesita. En segundo lugar, aseg\u00farese de que usted siempre compra y uso legal de los esteroides en l\u00ednea no s\u00f3lo para evitar conflictos con la ley, pero lo que es m\u00e1s importante, para evitar complicaciones de salud.<br \/>\n<span style=\"font-weight: bold;\">GetAnabolics.Biz<\/span> es la l\u00ednea de esteroides proveedor especialmente creado y dedicado a proporcionar a cada atleta y culturista con los mejores esteroides anab\u00f3licos en los precios de descuento. Hemos elegido la mayor\u00eda de marcas confiables para colaborar con el fin de garantizar la seguridad, original y de alto nivel de esteroides para nuestros clientes.<br \/>\nEnv\u00edo de esteroides muy segura es la principal preocupaci\u00f3n para la entrega de esteroides a nivel mundial. Nuestro discreto garantiza que nadie m\u00e1s sabe que usted comprar esteroides en l\u00ednea.<\/p>\n<h2>M\u00e1s Clomid Alpha-Pharma Informaci\u00f3n<\/h2>\n<p><b>10 fichas contiene 50 mg de Citrato de Clomifeno<\/b><\/p>\n<blockquote><p><em><strong>Clomid<\/strong> <strong>no es un esteroide anab\u00f3lico\/androg\u00e9nico.<\/strong> Ya que es un estr\u00f3geno sint\u00e9tico que pertenece, sin embargo, para el grupo de las hormonas sexuales. En la escuela de medicina Clomid se utiliza normalmente para desencadenar la ovulaci\u00f3n. Clomid tambi\u00e9n tiene un fuerte influencia en la hypothalamohypophysial testicular axis. Estimula el juego de la physis a la liberaci\u00f3n de m\u00e1s gonadotropina as\u00ed que una m\u00e1s r\u00e1pida y m\u00e1s alta liberaci\u00f3n de la hormona FSH (hormona fol\u00edculo estimulante) y LH (luteinizante la hormona que se produce. Esto se traduce en una elevada end\u00f3geno (del propio cuerpo) nivel de testosterona.<\/em><\/p><\/blockquote>\n<p><strong>Clomid es especialmente eficaz cuando<\/strong> el cuerpo de la propia producci\u00f3n de testosterona, debido a la ingesta de esteroides anab\u00f3licos\/androg\u00e9nicos, es suprimida. En la mayor\u00eda de los casos Clomid puede normalizar el nivel de testosterona y la espermatog\u00e9nesis (esperma desarrollo) dentro de los 10 &#8211; 14 d\u00edas. Por esta raz\u00f3n Clomid es principalmente tomada despu\u00e9s de los esteroides se interrumpi\u00f3. En este tiempo es sumamente importante para que la producci\u00f3n de testosterona a un nivel normal tan pronto como sea posible de manera que la p\u00e9rdida de fuerza y masa muscular se reduce al m\u00ednimo. Incluso se pueden lograr mejores resultados si Clomid combinado con <strong>HCG o Clomid<\/strong> cuando se utiliza despu\u00e9s de la ingesta de HCG.<\/p>\n<h1>Comprar Clomid<\/h1>\n<p>Parad\u00f3jicamente, a pesar de Clomid es un estr\u00f3geno sint\u00e9tico que tambi\u00e9n funciona como un antiestr\u00f3geno. La raz\u00f3n es que Clomid s\u00f3lo tiene un muy bajo efecto estrog\u00e9nico y por lo tanto el m\u00e1s fuerte de los estr\u00f3genos que, por ejemplo, durante la aromatizaci\u00f3n de los esteroides, se bloquean a los receptores. Estos incluyen a aquellas que se desarrollan durante el aromatiz-ci\u00f3n de los esteroides. Esto no impide que los esteroides a partir del aromatizante, pero el aumento de estr\u00f3genos es la mayor\u00eda desactivada, ya que no se unen a los receptores. El aumento de la retenci\u00f3n de agua y la posible signos de feminizaci\u00f3n por lo tanto se puede reducir o incluso evitar por completo. Desde el antiestrog\u00e9nica efecto de Clomid es menor que los encontrados en <a href=\"http:\/\/getanabolics.biz\/es\/producto\/proviron-buy-proviron-50-tabs-each-tab-25mg-mesterolone\/\">Proviron<\/a>, <a href=\"http:\/\/getanabolics.biz\/es\/producto\/nolvadex-100-tabs-each-tab-contains-20mg-tamoxifen-citrate\/\">Nolvadex<\/a>, y <strong>Teslac<\/strong> es tomada principalmente como la testosterona estimulante.<\/p>\n<p>Clomid es un medicamento que promueve la producci\u00f3n del cuerpo de la propia hormona estimulante, gonadotropina, que a su vez aumenta el nivel de testosterona. Es, por ejemplo, se administra a la mujer como un los llamados antiestr\u00f3geno para desencadenar la ovulaci\u00f3n (\u00abla ovulaci\u00f3n estimulador\u00bb).<\/p>\n<p><em><strong>los efectos Secundarios de Clomid<\/strong> son muy raros, si una razonable dosis que se toman. Los posibles efectos secundarios son climaterio caliente destellos ocasionales y alteraciones visuales que pueden manifestarse en visi\u00f3n borrosa, dando parpadeo o a parpadear. Debe visual se producen disturbios, el fabricante recomienda suspender Clomid tratamiento. Inadecuado funcionamiento del h\u00edgado, no pueden ser excluidos; sin embargo, es muy poco probable. En las mujeres de la ampliaci\u00f3n de la ovarios y dolor abdominal puede ocurrir desde Clomid estimula a los ovarios. Cuando se toma Clomid m\u00faltiples los embarazos son posibles. En cuanto a la dosis, 50-100 mg\/d\u00eda (1-2 comprimidos) parece ser suficiente. El las tabletas suelen tomarse con l\u00edquidos despu\u00e9s de las comidas. <strong>Si se toman varias pastillas<\/strong>, se recomienda que sean se administra en dosis iguales distribuidas a lo largo del d\u00eda. La duraci\u00f3n de la ingesta ha sido rummored no ser tomada por m\u00e1s thatn de 10-14 d\u00edas. Esto es incorrecto. Los estudios cl\u00ednicos con pacientes de sexo masculino han demostrado clomid para ser utilizado por hasta un a\u00f1o o m\u00e1s. La mayor\u00eda de los atletas comienzan con 100 mg\/d\u00eda, tomando un comprimido de 50 mg cada por la ma\u00f1ana y por la noche despu\u00e9s de las comidas. Despu\u00e9s del quinto d\u00eda, la dosis se reduce a menudo a s\u00f3lo un comprimido de 50 mg por d\u00eda normalmente, no es necesario tomar el compuesto por m\u00e1s de diez d\u00edas con el fin de aumentar la la producci\u00f3n end\u00f3gena de testosterona.<\/em><\/p>\n<h3>Lee mas<\/h3>\n<p><a href=\"http:\/\/getanabolics.biz\/es\/comprar-clomid-en-linea-en-getanabolics-biz\/\">COMPRAR CLOMID ONLINE EN GETANABOLICS.BIZ<\/a><\/p>\n<p><a href=\"http:\/\/getanabolics.biz\/es\/hormona-del-crecimiento-hgh-los-hechos-mas-importantes\/\">HORMONA DE CRECIMIENTO HGH &#8211; LOS HECHOS M\u00c1S IMPORTANTES<\/a><\/p>\n<p><a href=\"http:\/\/getanabolics.biz\/es\/caracteristicas-de-los-cursos-cortos-de-esteroides\/\">CARACTER\u00cdSTICAS DE LOS CURSOS CORTOS DE ESTEROIDES<\/a><\/p>\n<p><a href=\"http:\/\/getanabolics.biz\/es\/pausa-entre-cursos-de-esteroides-y-pct\/\">PAUSA ENTRE CURSOS DE ESTEROIDES Y PCT<\/a><\/p>\n<p><a href=\"http:\/\/getanabolics.biz\/es\/que-tan-efectivo-es-el-puente-de-esteroides\/\">\u00bfCU\u00c1N EFECTIVO ES EL PUENTE ESTEROIDE?<\/a><\/p>\n","protected":false},"excerpt":{"rendered":"<p>Paquete: 10 fichas contiene 50 mg de Citrato de Clomifeno<br \/>Fabricante: Alpha-Pharma<br \/>Nombre de la marca: Clomid<br \/>Conocido como: Promifen<\/p>\n","protected":false},"featured_media":32350354,"comment_status":"open","ping_status":"closed","template":"","meta":[],"product_cat":[87],"product_tag":[75],"_links":{"self":[{"href":"https:\/\/getanabolics.biz\/es\/wp-json\/wp\/v2\/product\/898"}],"collection":[{"href":"https:\/\/getanabolics.biz\/es\/wp-json\/wp\/v2\/product"}],"about":[{"href":"https:\/\/getanabolics.biz\/es\/wp-json\/wp\/v2\/types\/product"}],"replies":[{"embeddable":true,"href":"https:\/\/getanabolics.biz\/es\/wp-json\/wp\/v2\/comments?post=898"}],"wp:featuredmedia":[{"embeddable":true,"href":"https:\/\/getanabolics.biz\/es\/wp-json\/wp\/v2\/media\/32350354"}],"wp:attachment":[{"href":"https:\/\/getanabolics.biz\/es\/wp-json\/wp\/v2\/media?parent=898"}],"wp:term":[{"taxonomy":"product_cat","embeddable":true,"href":"https:\/\/getanabolics.biz\/es\/wp-json\/wp\/v2\/product_cat?post=898"},{"taxonomy":"product_tag","embeddable":true,"href":"https:\/\/getanabolics.biz\/es\/wp-json\/wp\/v2\/product_tag?post=898"}],"curies":[{"name":"wp","href":"https:\/\/api.w.org\/{rel}","templated":true}]}}