{"id":897,"date":"2017-04-27T10:31:41","date_gmt":"2017-04-27T11:44:52","guid":{"rendered":"http:\/\/getanabolics.biz\/product\/letrozole-30-tabletas-cada-uno-tiene-25-mg-de-letrozol-alpha-pharma\/"},"modified":"2018-01-21T17:13:42","modified_gmt":"2018-01-21T17:13:42","slug":"letrozole-30-tabletas-cada-uno-tiene-25-mg-de-letrozol-alpha-pharma","status":"publish","type":"product","link":"https:\/\/getanabolics.biz\/es\/producto\/letrozole-30-tabletas-cada-uno-tiene-25-mg-de-letrozol-alpha-pharma\/","title":{"rendered":"Letrozole &#8211; Alpha-Pharma"},"content":{"rendered":"<h2>Comprar Letrozole &#8211; Alpha-Pharma (Letromina)<\/h2>\n<p><a title=\"Comprar Letrozole en GetAnabolics\"><img src=\"http:\/\/getanabolics.biz\/images\/letro-25-30-alphapharm.jpg\" width=\"30%\" align=\"right\" \/><\/a><br \/>\nPara aquellos que buscan Letrozole y preguntando d\u00f3nde comprar Letrozole de Alpha-Pharma legalmente ofrecemos Letromina como la mejor opci\u00f3n real para los culturistas.<br \/>\n<em>A partir de ahora en una gran variedad de esteroides inyectables, as\u00ed como de los esteroides orales y terapia post ciclo de Alpha-Pharma puede ser comprado en <b>GetAnabolics<\/b>. Estamos encantados de presentar la nueva Letrozole de <span style=\"font-weight: bold;\">Alpha-Pharma<\/span>.<\/em><br \/>\nTodos los productos que tiene para ofrecer son aut\u00e9nticos, de alta calidad de compuestos y tienen un \u00fanico objetivo: ayudar a la gente a la ganancia de masa muscular, la fuerza general, a quemar grasas y a ayudarlos en el camino de la perfecci\u00f3n f\u00edsica. Con el fin de crear una constructivo y civilizado relaci\u00f3n con nuestros clientes, vamos a hacer el m\u00e1ximo esfuerzo para asegurar un servicio de alta calidad y enfoque de cada persona que la direcci\u00f3n de nuestra tienda con cortes\u00eda y respeto.<br \/>\n<em>Construir y mantener un cuerpo perfecto, se requiere una combinaci\u00f3n de m\u00e9todos. Una dieta adecuada es la primera en la lista de los componentes esenciales que el cuerpo necesita. En segundo lugar, aseg\u00farese de que usted siempre compra y uso legal de los esteroides en l\u00ednea no s\u00f3lo para evitar conflictos con la ley, pero lo que es m\u00e1s importante, para evitar complicaciones de salud.<\/em><br \/>\n<span style=\"font-weight: bold;\">GetAnabolics.Biz<\/span> es la l\u00ednea de esteroides proveedor especialmente creado y dedicado a proporcionar a cada atleta y culturista con los mejores esteroides anab\u00f3licos en los precios de descuento. Hemos elegido la mayor\u00eda de marcas confiables para colaborar con el fin de garantizar la seguridad, original y de alto nivel de esteroides para nuestros clientes.<br \/>\nEnv\u00edo de esteroides muy segura es la principal preocupaci\u00f3n para la entrega de esteroides a nivel mundial. Nuestro discreto garantiza que nadie m\u00e1s sabe que usted comprar esteroides en l\u00ednea.<\/p>\n<h2>M\u00e1s Letrozole Alpha-Pharma Informaci\u00f3n<\/h2>\n<blockquote><p><strong>30 tabletas cada uno tiene 2,5 mg de Letrozol<\/strong><\/p>\n<p><strong>Nombre Farmac\u00e9utico: Letrozole<\/strong><br \/>\n<strong> Clase de Medicamento: Inhibidor de la Aromatasa<\/strong><br \/>\n<strong> Active la Vida: aproximadamente 48 horas<\/strong><\/p>\n<p>el Letrozol es un inhibidor de la aromatasa de tercera generaci\u00f3n. Como la mayor\u00eda de los inhibidores de la aromatasa fue desarrollado para combatir el c\u00e1ncer de mama mediante la inhibici\u00f3n de la aromatizaci\u00f3n a trav\u00e9s de la enzima aromatasa. Es similar a arimidex sin embargo, el letrozol es mucho m\u00e1s potente en su capacidad y se utiliza sobre todo cuando otros tratamientos tales como moduladores selectivos del receptor de estr\u00f3geno han fallado en producir resultados. Esta es la raz\u00f3n por la que la mayor\u00eda de la investigaci\u00f3n sobre el letrozol se ha llevado a cabo en mujeres post-menop\u00e1usicas, pero por supuesto, algunos de los hallazgos puede ser traducido m\u00e1s para el beneficio de los atletas.<\/p>\n<p><em>En t\u00e9rminos de c\u00f3mo estos efectos pueden ser usados para el beneficio de los culturistas y atletas de fuerza, el letrozol se utiliza principalmente para evitar cualquier efectos secundarios estrog\u00e9nicos causado por la administraci\u00f3n de esteroides anab\u00f3licos. Letrozol se ha demostrado que tiene la capacidad de reducir el nivel de estr\u00f3geno en los \u00f3rganos de hasta un 96-98%. Este parece ser suficiente en s\u00ed misma para formar el compuesto deseado, con lo que los usuarios de esteroides podr\u00edan estar interesados. Sin embargo letrozol tambi\u00e9n se ha demostrado para aumentar la cantidad de hormona luteinizante, la hormona fol\u00edculo estimulante y la hormona sexual globulina vinculante en los usuarios (1). Cuando se combinan estos atributos con el hecho de que va a ayudar a proteger contra gynocomastia, retenci\u00f3n de agua y otros efectos secundarios estrog\u00e9nicos letrozole, obviamente, pueden satisfacer muchas de las necesidades de los usuarios. <\/em><\/p>\n<p>Existen algunos estudios en animales que han sugerido que el letrozol puede ayudar a reducir o incluso eliminar la pre-existentes gynocomastia as\u00ed (2). Por supuesto que hay algunos l\u00edmites a esta investigaci\u00f3n, ya que nunca se ha realizado utilizando los sujetos humanos, sino que demuestra que puede ser un mecanismo por el cual esto podr\u00eda ocurrir. Como an\u00e9cdota algunos usuarios han informado de que han experimentado una reducci\u00f3n en sus propios pre-existente gynocomastia, pero, por supuesto, estos informes tienen sus l\u00edmites, ya que no se llev\u00f3 a cabo con el cient\u00edfico controles en el lugar.<\/p>\n<p><em>Curiosamente, se tarda aproximadamente 60 d\u00edas para obtener una constante de plasma de la sangre a nivel de letrozole una vez que la administraci\u00f3n de la droga comienza (3). Esto puede requerir que un usuario comience a usar el compuesto antes de comenzar su ciclo, si lo desean, para los efectos a ser, con toda su fuerza una vez que su ciclo comienza. Esto tambi\u00e9n puede dificultar la capacidad del compuesto para responder r\u00e1pidamente si un usuario inicia la administraci\u00f3n de la droga para contrarrestar algunos de los efectos secundarios que han aparecido r\u00e1pidamente. <\/em><\/p>\n<p><strong>Uso\/Dosificaci\u00f3n<\/strong><\/p>\n<p>como an\u00e9cdota usuarios han informado de ver buenos resultados con dosis que van desde aproximadamente .25mgs por d\u00eda .5mgs por d\u00eda. Sin embargo, estas dosis var\u00edan ampliamente de un usuario a otro, incluyendo horarios de dosificaci\u00f3n. Algunos han informado de usar el compuesto cada dos d\u00edas o cada tercer d\u00eda con buenos resultados. Tambi\u00e9n, las dosis reportadas han variado desde .25mgs tanto como de 2,5 mg por d\u00eda.<\/p>\n<p>a Pesar de esta evidencia anecd\u00f3tica cabe se\u00f1alar que dosis tan bajas como 100 microgramos puede causar la m\u00e1xima inhibici\u00f3n de la enzima aromatasa. Por tanto, es recomendable que los usuarios experimentar con sus dosis a encontrar lo que los niveles pueden ser mantenidos por el compuesto para ser plenamente eficaz, minimizando los efectos secundarios. Por supuesto, si un usuario est\u00e1 tratando de tratar los efectos secundarios que han aparecido ya uno lo desea, puede errar en el lado de usar demasiado letrozole y la cara de los efectos secundarios en lugar de lidiar con algo como gynocomastia. Sin embargo, la gravedad de la afecci\u00f3n es probable que determinar esto en la mayor\u00eda de los casos.<\/p>\n<p>La dosis m\u00e1xima que un usuario desea utilizar ser\u00eda de 2,5 mg por d\u00eda. Se ha demostrado en numerosos estudios que esta dosis se elimina casi todos los niveles de estr\u00f3geno en el cuerpo en casi todos los individuos. Cualquier dosis que es m\u00e1s alto que esto simplemente ser\u00eda innecesaria.<\/p>\n<p>a Pesar de la capacidad para aumentar la cantidad de hormona luteinizante, la hormona fol\u00edculo estimulante y la hormona sexual globulina vinculante en los usuarios de letrozol puede ser contraproducente si se utiliza durante la terapia post-ciclo. Esto es debido a la capacidad del compuesto para la unidad de los niveles de estr\u00f3geno demasiado baja durante el uso. Una vez que el compuesto es interrumpido esto puede provocar un \u00abefecto rebote\u00bb en los niveles de estr\u00f3geno con estas convirtiendo en muy alta, algo que debe ser evitado durante o despu\u00e9s de la terapia post-ciclo. El anastrozol puede ser visto como una alternativa a letrozol en esta capacidad, ya que aparentemente no tiene un potente efecto. El efecto perjudicial que el letrozol tiene sobre los niveles de l\u00edpidos en sangre es otra raz\u00f3n por la que muchos van a evitar su uso durante la terapia post-ciclo, y esto se discute a continuaci\u00f3n.<\/p>\n<p><strong>de los Riesgos y Efectos Secundarios<\/strong><\/p>\n<p>cabe se\u00f1alar que, en teor\u00eda, si uno era siempre suprimir su natural los niveles de estr\u00f3geno durante un largo periodo de tiempo, esto podr\u00eda afectar negativamente a su salud, incluyendo el colesterol. Debido a la capacidad de letrozole para inhibir el estr\u00f3geno tanto, este sin duda debe ser una preocupaci\u00f3n para la mayor\u00eda de los usuarios. Sin embargo, la investigaci\u00f3n que se ha centrado en la relaci\u00f3n entre el uso de letrozol y los niveles de colesterol es inconsistente en sus conclusiones. Muchos estudios han concluido que el compuesto es perjudicial tanto para un usuario de HDL y los niveles de colesterol LDL (4.5,6), mientras que otros estudios se ha encontrado ning\u00fan enlace. Obviamente, los individuos se sirve mejor para controlar sus niveles de colesterol, mientras que el uso de cualquier compuesto a trav\u00e9s de ex\u00e1menes de sangre, sin embargo la restricci\u00f3n de que, letrozol, simplemente no debe funcionar durante largos periodos de tiempo si es posible. Si lo hace, podr\u00eda causar graves complicaciones m\u00e9dicas.<\/p>\n<p>Junto con las cuestiones relacionadas con los l\u00edpidos de la sangre es el hecho de que muchos usuarios se quejan de que su libido se reduce dr\u00e1sticamente cuando se utiliza el compuesto. Esto est\u00e1 relacionado con el hecho de que el estr\u00f3geno es en parte responsable de la regulaci\u00f3n de un individuo del sexo de la unidad. Desde el letrozol es tan potente, que a menudo puede conducir niveles de estr\u00f3geno demasiado bajo y esto inhibe la de un usuario de la libido. Para evitar esto los usuarios pueden dosis m\u00e1s bajas, pero algunos como an\u00e9cdota informe que incluso dosis muy bajas de la droga puede causar los problemas. Si este es el caso de la una menos potente compuesto como exemestano o anastrozol puede ser una opci\u00f3n m\u00e1s apropiada.<\/p>\n<p><em>Referencias<\/em><\/p>\n<p>1. de Boer H, Verschoor L, Ruinemans-Koerts J, Jansen M. Letrozole normaliza s\u00e9rica de testosterona en los varones con obesidad severa con hipogonadismo hipogonadotr\u00f3pico. La Diabetes Obes Metab. 2005;7(3):211-5<\/p>\n<p>2. Mandava U, Kirma N, Tekmal RR. La sobreexpresi\u00f3n de la enzima aromatasa ratones transg\u00e9nicos modelo: tipo de c\u00e9lulas espec\u00edficas de la expresi\u00f3n y el uso de letrozol para derogar la hiperplasia mamaria sin afectar a la fisiolog\u00eda normal. J Esteroides Biochem Mol Biol. 2001 diciembre;79(1-5):27-34<\/p>\n<p>3. Buzdar AU. Farmacolog\u00eda y farmacocin\u00e9tica de la generaci\u00f3n m\u00e1s reciente de inhibidores de la aromatasa. Clin Cancer Res. 2003 enero;9(1 Pt 2):468S-72S<\/p>\n<p>4. Klein KO, Demers LM, Santner SJ, Bar\u00f3n J, Cutler GB Jr, Santen RJ. El uso de ultrasensible recombinante bioensayo de c\u00e9lulas para medir los niveles de estr\u00f3geno en las mujeres con c\u00e1ncer de mama que reciben el inhibidor de la aromatasa, el letrozol. J Clin Endocrinol Metab. 1995 Sep;80(9):2658-60<\/p>\n<p>5. Mauras N, O&#8217;Brien KO, Klein KO, Hayes V. \u00abla supresi\u00f3n de Estr\u00f3genos en los hombres: efectos metab\u00f3licos.\u00bb J Clin Endocrinol Metab. 2000 Jul;85(7):2370-7<\/p>\n<p>6. Leder BZ, et al. \u00abEfectos de la inhibici\u00f3n de la aromatasa en los hombres de edad avanzada con bajos o borderline-baja los niveles de Testosterona.\u00bb J Clin Endocrinol Metab. 2004 Mar;89(3):1174-80<\/p><\/blockquote>\n<h3>Lee mas<\/h3>\n<p><a href=\"http:\/\/getanabolics.biz\/es\/puedo-ahorrar-peso-despues-de-un-curso-de-esteroides\/\">\u00bfPUEDO AHORRAR PESO DESPU\u00c9S DE UN CURSO DE ESTEROIDES?<\/a><\/p>\n<p><a href=\"http:\/\/getanabolics.biz\/es\/creatina-en-un-curso-de-esteroides\/\">CREATINA EN UN CURSO DE ESTEROIDES<\/a><\/p>\n<p><a href=\"http:\/\/getanabolics.biz\/es\/cual-deberia-ser-la-duracion-del-ciclo-de-esteroides\/\">\u00bfCU\u00c1L DEBE SER LA DURACI\u00d3N DEL CURSO DE ESTEROIDES?<\/a><\/p>\n<p><a href=\"http:\/\/getanabolics.biz\/es\/comprar-clomid-en-linea-en-getanabolics-biz\/\">COMPRAR CLOMID ONLINE EN GETANABOLICS.BIZ<\/a><\/p>\n<p><a href=\"http:\/\/getanabolics.biz\/es\/caracteristicas-de-los-cursos-cortos-de-esteroides\/\">CARACTER\u00cdSTICAS DE LOS CURSOS CORTOS DE ESTEROIDES<\/a><\/p>\n","protected":false},"excerpt":{"rendered":"<p>Paquete: 30 tabletas cada uno tiene 2,5 mg de Letrozol<br \/>Fabricante: Alpha-Pharma<br \/>Nombre de la marca: Letrozole<br \/>Conocido como: Letromina<\/p>\n","protected":false},"featured_media":379,"comment_status":"open","ping_status":"closed","template":"","meta":[],"product_cat":[87,108],"product_tag":[75],"_links":{"self":[{"href":"https:\/\/getanabolics.biz\/es\/wp-json\/wp\/v2\/product\/897"}],"collection":[{"href":"https:\/\/getanabolics.biz\/es\/wp-json\/wp\/v2\/product"}],"about":[{"href":"https:\/\/getanabolics.biz\/es\/wp-json\/wp\/v2\/types\/product"}],"replies":[{"embeddable":true,"href":"https:\/\/getanabolics.biz\/es\/wp-json\/wp\/v2\/comments?post=897"}],"wp:featuredmedia":[{"embeddable":true,"href":"https:\/\/getanabolics.biz\/es\/wp-json\/wp\/v2\/media\/379"}],"wp:attachment":[{"href":"https:\/\/getanabolics.biz\/es\/wp-json\/wp\/v2\/media?parent=897"}],"wp:term":[{"taxonomy":"product_cat","embeddable":true,"href":"https:\/\/getanabolics.biz\/es\/wp-json\/wp\/v2\/product_cat?post=897"},{"taxonomy":"product_tag","embeddable":true,"href":"https:\/\/getanabolics.biz\/es\/wp-json\/wp\/v2\/product_tag?post=897"}],"curies":[{"name":"wp","href":"https:\/\/api.w.org\/{rel}","templated":true}]}}