{"id":895,"date":"2017-04-27T10:31:41","date_gmt":"2017-04-27T11:44:52","guid":{"rendered":"http:\/\/getanabolics.biz\/product\/aromasin-30-tabletas-cada-uno-tiene-exemestano-25-mg-alpha-pharma\/"},"modified":"2018-01-21T13:13:44","modified_gmt":"2018-01-21T13:13:44","slug":"aromasin-30-tabletas-cada-uno-tiene-exemestano-25-mg-alpha-pharma","status":"publish","type":"product","link":"https:\/\/getanabolics.biz\/es\/producto\/aromasin-30-tabletas-cada-uno-tiene-exemestano-25-mg-alpha-pharma\/","title":{"rendered":"Aromasin &#8211; Alpha-Pharma"},"content":{"rendered":"<h2>Comprar Aromasin &#8211; Alpha-Pharma (Aromex)<\/h2>\n<p><a title=\"Comprar Aromasin en GetAnabolics\"><img src=\"http:\/\/getanabolics.biz\/images\/aromasin-25-30-aphapharm.jpg\" width=\"30%\" align=\"right\" \/><\/a><br \/>\nPara aquellos que buscan Aromasin y preguntando d\u00f3nde comprar Aromasin de Alpha-Pharma legalmente ofrecemos Aromex como la mejor opci\u00f3n real para los culturistas.<br \/>\nA partir de ahora en una gran variedad de esteroides inyectables, as\u00ed como de los esteroides orales y terapia post ciclo de Alpha-Pharma puede ser comprado en <b>GetAnabolics<\/b>. Estamos encantados de presentar la nueva Aromasin de <span style=\"font-weight: bold;\">Alpha-Pharma<\/span>.<br \/>\n<em>Todos los productos que tiene para ofrecer son aut\u00e9nticos, de alta calidad de compuestos y tienen un \u00fanico objetivo: ayudar a la gente a la ganancia de masa muscular, la fuerza general, a quemar grasas y a ayudarlos en el camino de la perfecci\u00f3n f\u00edsica. Con el fin de crear una constructivo y civilizado relaci\u00f3n con nuestros clientes, vamos a hacer el m\u00e1ximo esfuerzo para asegurar un servicio de alta calidad y enfoque de cada persona que la direcci\u00f3n de nuestra tienda con cortes\u00eda y respeto.<\/em><br \/>\nConstruir y mantener un cuerpo perfecto, se requiere una combinaci\u00f3n de m\u00e9todos. Una dieta adecuada es la primera en la lista de los componentes esenciales que el cuerpo necesita. En segundo lugar, aseg\u00farese de que usted siempre compra y uso legal de los esteroides en l\u00ednea no s\u00f3lo para evitar conflictos con la ley, pero lo que es m\u00e1s importante, para evitar complicaciones de salud.<br \/>\n<em><span style=\"font-weight: bold;\">GetAnabolics.Biz<\/span> es la l\u00ednea de esteroides proveedor especialmente creado y dedicado a proporcionar a cada atleta y culturista con los mejores esteroides anab\u00f3licos en los precios de descuento. Hemos elegido la mayor\u00eda de marcas confiables para colaborar con el fin de garantizar la seguridad, original y de alto nivel de esteroides para nuestros clientes.<\/em><br \/>\nEnv\u00edo de esteroides muy segura es la principal preocupaci\u00f3n para la entrega de esteroides a nivel mundial. Nuestro discreto garantiza que nadie m\u00e1s sabe que usted comprar esteroides en l\u00ednea.<\/p>\n<h2>M\u00e1s Aromasin Alpha-Pharma Informaci\u00f3n<\/h2>\n<p><strong>30 tabletas cada uno tiene Exemestano 25 mg<\/strong><\/p>\n<blockquote><p>En el proceso de aromatizaci\u00f3n, la enzima aromatasa convierte a estos andr\u00f3genos a estr\u00f3genos. Si esta conversi\u00f3n es excesivo, hinchaz\u00f3n, depresi\u00f3n, p\u00e9rdida de la libido, alteraci\u00f3n de la p\u00e9rdida de grasa, o incluso la ginecomastia puede ocurrir. Un inhibidor de la aromatasa (IA) es una manera eficaz para resolver este problema.<\/p><\/blockquote>\n<h1>Aromasin para la venta<\/h1>\n<p>&nbsp;<\/p>\n<p>En contraste con Arimidex y el Letro que trabajan de forma reversible el bloqueo de acceso a la enzima aromatasa, Aromasin en realidad inactiva individuales mol\u00e9culas de la enzima cuando se une a ellos. No hay realmente ninguna ventaja ni desventaja de este diferente modo de acci\u00f3n. Como con todos los inhibidores de la aromatasa, Aromasin debe ser dosificado para lograr \u00f3ptimos niveles de estradiol, no al nivel m\u00e1s bajo posible. Cuando dosificadas correctamente y lograr los mismos niveles de estradiol, que doesn y rsquo;t hacer una diferencia en lo que la inhibici\u00f3n del mecanismo fue utilizado.<\/p>\n<p>entonces, \u00bfC\u00f3mo elegir entre los inhibidores de la aromatasa?<br \/>\n<em>Los factores relevantes son realmente s\u00f3lo la experiencia anterior, si cualquier, disponibilidad, costo, conveniencia, y el perfil de efectos secundarios.<\/em><br \/>\nNo mucho que distingue a los inhibidores de la aromatasa de cada uno de los otros en t\u00e9rminos de perfil de efectos secundarios. Estoy completamente de acuerdo Exemestano ligeramente en esta cuenta, como no\u2019s alguna evidencia de hepatotoxicidad, pero esto es bastante raro efecto secundario que, como una cuesti\u00f3n de elecci\u00f3n personal, factores tales como la experiencia personal puede sobrepasar.<\/p>\n<p>Aromasin es generalmente suministrada en tabletas de 25 mg. La dosificaci\u00f3n de Aromasin en ciclos de esteroides anab\u00f3licos es m\u00e1s com\u00fanmente 12.5 mg en d\u00edas alternos, el 12,5 mg al d\u00eda, o a m\u00e1s de 25 mg al d\u00eda.<\/p>\n<p><em>la dosificaci\u00f3n Excesiva ser\u00e1 reconocido por los niveles de estradiol caen por debajo de 20 pg\/mL, o por la depresi\u00f3n, reducci\u00f3n de la libido, el m\u00fasculo plano, y\/o dolor en las articulaciones. Los usuarios experimentados con frecuencia son capaces de identificar una necesidad para la reducci\u00f3n de la dosis \u00fanicamente a partir de los s\u00edntomas. Sin embargo, la prueba de la sangre es el est\u00e1ndar de oro para determinar la dosificaci\u00f3n correcta de nivel, y para verificar que los s\u00edntomas son en realidad causados por niveles bajos de estr\u00f3geno.<\/em><\/p>\n<p>Como con otros inhibidores de la aromatasa, no\u2019s una relaci\u00f3n entre la cantidad de aromatizable esteroides utilizados y de la dosis de inhibidor de la necesaria, pero de it\u2019s no puramente proporcional de la materia. Por ejemplo, vamos y rsquo;s dicen que un ciclo anterior, un levantador utilizado 250 mg\/semana de testosterona, junto con 750 mg\/semana de no aromatizable esteroides. Y vamos y rsquo;s dicen que se encuentra a 12,5 mg\/d\u00eda Aromasin para ser adecuados para ese ciclo. Si ahora desea utilizar 1000 mg\/semana de testosterona, que es cuatro veces m\u00e1s, lo m\u00e1s probable es que no debe multiplicar su Exemestano dosis por cuatro veces. Que ser\u00eda de 50 mg\/d\u00eda, la cual est\u00e1 fuera de la normal rango de dosis. Yo recomendar\u00eda 25 mg\/d\u00eda, como un estimado de dosis en esta instancia.<\/p>\n<blockquote><p>nunca he derivados de f\u00f3rmulas exactas para el ajuste de dosis de acuerdo a los cambios en la cantidad de aromatizable esteroides. M\u00e1s probable es que realmente no hay una f\u00f3rmula universal. Como consejo general, sin embargo, hacer una estimaci\u00f3n razonable que proporciona un cierto incremento a cuenta de mayor cantidad de aromatizable esteroides, pero sin exceder el rango recomendado a menos que la prueba de la sangre demuestra que es necesario.<\/p><\/blockquote>\n<p>Algunos utilizan Aromasin durante PCT, sino que I\u2019d hacer esto s\u00f3lo si el an\u00e1lisis de sangre de muestra elevados niveles de estradiol. Si que y rsquo;s el caso, entonces el Exemestano es un peque\u00f1o punto en realidad es el preferido de inhibidor de la aromatasa m\u00e1s de Anastrozol o letrozol en esta instancia, ya que los otros dos pueden tener alg\u00fan tipo de interacci\u00f3n con el metabolismo de los Serm, mientras Aromasin no.<\/p>\n<p>Si se utiliza en la PCT, la dosificaci\u00f3n debe ser marcadamente menos que durante un ciclo, como la cantidad de aromatizable de esteroides en la sangre ser\u00e1 mucho menor. En general no m\u00e1s de 12.5 mg en d\u00edas alternos ser\u00e1n necesarios, o incluso s\u00f3lo cada tercer o cuarto d\u00eda.<\/p>\n<p>a Pesar de que ya se ha mencionado anteriormente, como un punto de cierre de I\u2019d gustar\u00eda volver a repetir que no hay ning\u00fan problema de la fuerza relativa de los diferentes inhibidores de la aromatasa, y no hay raz\u00f3n para elegir uno sobre otro en la cuenta de la supuesta fuerza de diferencias. Vamos y rsquo;s dicen que una dosificaci\u00f3n de una aromatasa inibitor es m\u00e1s fuerte \u2013 reduce el estr\u00f3geno m\u00e1s \u2013 que una dosificaci\u00f3n de otro. Si la primera reducidos de estr\u00f3geno demasiado, entonces la dosis era demasiado cantidad de miligramos. It\u2019s no el producto fue \u201cdemasiado fuerte.\u201d O, si el segundo no\u2019t reducir estradiol suficiente, a continuaci\u00f3n, la dosis era demasiado pocos miligramos, m\u00e1s que el producto no ser lo suficientemente fuerte.<\/p>\n<p>Todos los inhibidores de la aromatasa se rebasen los estr\u00f3genos reducci\u00f3n de una sobredosis, o de no llegar si underdosed. No hay ninguna raz\u00f3n para elegir uno sobre el otro, porque de lo que cualquiera puede decir acerca de la fuerza.<\/p>\n<p>Anastrozol, Letrozol, y Aromasin todos son capaces de trabajar bien y de manera previsible para el estr\u00f3geno de control. Si ya tiene experiencia con un inhibidor de la aromatasa, que me recomienda continuar con ella, como personal de dosificaci\u00f3n es entendido ya. Si a\u00fan no has probado ninguna, cualquiera de ellos puede ser eficaz. Espero que la explicaci\u00f3n anterior le ayudar\u00e1 en su elecci\u00f3n. Aromasin (Exemestane) y los esteroides anab\u00f3licos.<\/p>\n<p><em>Referencias: Por Bill Roberts https:\/\/thinksteroids.com\/steroid-profiles\/aromasin\/ <\/em><\/p>\n<p>de Fiar Exemestano para la venta de estr\u00f3geno de control. Comprar Aromasin barato.<\/p>\n<h3>Lee mas<\/h3>\n<p><a href=\"http:\/\/getanabolics.biz\/es\/comprar-clomid-en-linea-en-getanabolics-biz\/\">COMPRAR CLOMID ONLINE EN GETANABOLICS.BIZ<\/a><\/p>\n<p><a href=\"http:\/\/getanabolics.biz\/es\/hormona-del-crecimiento-hgh-los-hechos-mas-importantes\/\">HORMONA DE CRECIMIENTO HGH &#8211; LOS HECHOS M\u00c1S IMPORTANTES<\/a><\/p>\n<p><a href=\"http:\/\/getanabolics.biz\/es\/caracteristicas-de-los-cursos-cortos-de-esteroides\/\">CARACTER\u00cdSTICAS DE LOS CURSOS CORTOS DE ESTEROIDES<\/a><\/p>\n<p><a href=\"http:\/\/getanabolics.biz\/es\/pausa-entre-cursos-de-esteroides-y-pct\/\">PAUSA ENTRE CURSOS DE ESTEROIDES Y PCT<\/a><\/p>\n<p><a href=\"http:\/\/getanabolics.biz\/es\/que-tan-efectivo-es-el-puente-de-esteroides\/\">\u00bfCU\u00c1N EFECTIVO ES EL PUENTE ESTEROIDE?<\/a><\/p>\n","protected":false},"excerpt":{"rendered":"<p>Paquete: 30 tabletas cada uno tiene Exemestano 25 mg<br \/>Fabricante: Alpha-Pharma<br \/>Nombre de la marca: Aromasin<br \/>Conocido como: Aromex<\/p>\n","protected":false},"featured_media":367,"comment_status":"open","ping_status":"closed","template":"","meta":[],"product_cat":[87,108],"product_tag":[75],"_links":{"self":[{"href":"https:\/\/getanabolics.biz\/es\/wp-json\/wp\/v2\/product\/895"}],"collection":[{"href":"https:\/\/getanabolics.biz\/es\/wp-json\/wp\/v2\/product"}],"about":[{"href":"https:\/\/getanabolics.biz\/es\/wp-json\/wp\/v2\/types\/product"}],"replies":[{"embeddable":true,"href":"https:\/\/getanabolics.biz\/es\/wp-json\/wp\/v2\/comments?post=895"}],"wp:featuredmedia":[{"embeddable":true,"href":"https:\/\/getanabolics.biz\/es\/wp-json\/wp\/v2\/media\/367"}],"wp:attachment":[{"href":"https:\/\/getanabolics.biz\/es\/wp-json\/wp\/v2\/media?parent=895"}],"wp:term":[{"taxonomy":"product_cat","embeddable":true,"href":"https:\/\/getanabolics.biz\/es\/wp-json\/wp\/v2\/product_cat?post=895"},{"taxonomy":"product_tag","embeddable":true,"href":"https:\/\/getanabolics.biz\/es\/wp-json\/wp\/v2\/product_tag?post=895"}],"curies":[{"name":"wp","href":"https:\/\/api.w.org\/{rel}","templated":true}]}}