{"id":894,"date":"2017-04-27T10:31:41","date_gmt":"2017-04-27T11:44:52","guid":{"rendered":"http:\/\/getanabolics.biz\/product\/arimidex-30-fichas-de-cada-uno-de-ellos-contiene-1-mg-de-anastrozol-alpha-pharma\/"},"modified":"2018-01-19T12:46:27","modified_gmt":"2018-01-19T12:46:27","slug":"arimidex-30-fichas-de-cada-uno-de-ellos-contiene-1-mg-de-anastrozol-alpha-pharma","status":"publish","type":"product","link":"https:\/\/getanabolics.biz\/es\/producto\/arimidex-30-fichas-de-cada-uno-de-ellos-contiene-1-mg-de-anastrozol-alpha-pharma\/","title":{"rendered":"Arimidex &#8211; Alpha-Pharma"},"content":{"rendered":"<h2>Comprar Arimidex &#8211; Alpha-Pharma (Anazole)<\/h2>\n<p><a title=\"Comprar Arimidex en GetAnabolics\"><img src=\"http:\/\/getanabolics.biz\/images\/anazole.jpg\" width=\"30%\" align=\"right\" \/><\/a><br \/>\nPara aquellos que buscan Arimidex y preguntando d\u00f3nde comprar Arimidex de Alpha-Pharma legalmente ofrecemos Anazole como la mejor opci\u00f3n real para los culturistas.<br \/>\nA partir de ahora en una gran variedad de esteroides inyectables, as\u00ed como de los esteroides orales y terapia post ciclo de Alpha-Pharma puede ser comprado en <b>GetAnabolics<\/b>. Estamos encantados de presentar la nueva Arimidex de <span style=\"font-weight: bold;\">Alpha-Pharma<\/span>.<br \/>\n<em>Todos los productos que tiene para ofrecer son aut\u00e9nticos, de alta calidad de compuestos y tienen un \u00fanico objetivo: ayudar a la gente a la ganancia de masa muscular, la fuerza general, a quemar grasas y a ayudarlos en el camino de la perfecci\u00f3n f\u00edsica. Con el fin de crear una constructivo y civilizado relaci\u00f3n con nuestros clientes, vamos a hacer el m\u00e1ximo esfuerzo para asegurar un servicio de alta calidad y enfoque de cada persona que la direcci\u00f3n de nuestra tienda con cortes\u00eda y respeto.<\/em><br \/>\nConstruir y mantener un cuerpo perfecto, se requiere una combinaci\u00f3n de m\u00e9todos. Una dieta adecuada es la primera en la lista de los componentes esenciales que el cuerpo necesita. En segundo lugar, aseg\u00farese de que usted siempre compra y uso legal de los esteroides en l\u00ednea no s\u00f3lo para evitar conflictos con la ley, pero lo que es m\u00e1s importante, para evitar complicaciones de salud.<br \/>\n<span style=\"font-weight: bold;\">GetAnabolics.Biz<\/span> es la l\u00ednea de esteroides proveedor especialmente creado y dedicado a proporcionar a cada atleta y culturista con los mejores esteroides anab\u00f3licos en los precios de descuento. Hemos elegido la mayor\u00eda de marcas confiables para colaborar con el fin de garantizar la seguridad, original y de alto nivel de esteroides para nuestros clientes.<br \/>\nEnv\u00edo de esteroides muy segura es la principal preocupaci\u00f3n para la entrega de esteroides a nivel mundial. Nuestro discreto garantiza que nadie m\u00e1s sabe que usted comprar esteroides en l\u00ednea.<\/p>\n<h2>M\u00e1s Arimidex Alpha-Pharma Informaci\u00f3n<\/h2>\n<p><strong>30 fichas de cada uno de ellos contiene 1 mg de Anastrozol<\/strong><\/p>\n<p><strong>clase de Medicamento: Oral inhibidor de la Aromatasa<\/strong><br \/>\n<strong> media Recomendada dosis: Entre 0,25 mg y 1 mg por d\u00eda<\/strong><br \/>\n<strong> la vida Activa: 48 horas<\/strong><br \/>\n<strong> retenci\u00f3n de Agua: No<\/strong><br \/>\n<strong> T\u00f3xicos para el h\u00edgado: S\u00ed<\/strong><br \/>\n<strong> Disminuye la funci\u00f3n ATAR: No<\/strong><br \/>\n<strong> el Acn\u00e9: S\u00ed<\/strong><\/p>\n<h1>Arimidex para la venta<\/h1>\n<p><span style=\"text-decoration: underline;\"><a href=\"http:\/\/getanabolics.biz\/es\/producto\/arimidex-25-tabs-each-contains-1-mg-anastrozole\/\">Arimidex<\/a>, cuyo nombre gen\u00e9rico es Anastrozol, se utiliza principalmente y se fabric\u00f3 por primera vez como un tratamiento para el c\u00e1ncer de mama entre las mujeres. La droga estaba disponible por primera vez en diciembre de 1995 y que es fabricado y comercializado<strong> por Zenica productos Farmac\u00e9uticos.<\/strong> Es uno de los \u00faltimos f\u00e1rmacos a ser producido para el tratamiento de c\u00e1ncer de mama avanzado. Arimidex es tambi\u00e9n el primer medicamento de su grupo de tercera generaci\u00f3n, las drogas o el selectivo oral inhibidores de la aromatasa, dise\u00f1ado para combatir el c\u00e1ncer de mama.<\/span><\/p>\n<p><strong>Arimidex<\/strong> funciona mediante el bloqueo de la enzima aromatasa, que bloquea la producci\u00f3n de estr\u00f3geno en el cuerpo. Muchos tipos de c\u00e9lulas de c\u00e1ncer de mama son agravadas por el estr\u00f3geno y la reducci\u00f3n de los niveles de estr\u00f3genos efectivamente se ralentiza e incluso se detiene el avance del c\u00e1ncer. Como resultado de su estr\u00f3geno propiedades inhibidoras, que es un esteroide para los atletas de sexo masculino. Este f\u00e1rmaco reduce el nivel de estr\u00f3geno en los atletas de sexo masculino y es mucho m\u00e1s eficaz que otros similares esteroides como <a href=\"http:\/\/getanabolics.biz\/es\/producto\/proviron-buy-proviron-50-tabs-each-tab-25mg-mesterolone\/\">Proviron<\/a>. Esta droga es excepcionalmente fuerte. Una dosis diaria de 1 mg o un comprimido puede suprimir la producci\u00f3n de estr\u00f3genos por encima del 80%. Ya que es un potente f\u00e1rmaco, la dosis m\u00e1xima para los hombres es de 1 mg al d\u00eda o una sola tableta.<\/p>\n<p>la Mayor\u00eda de los usuarios han visto grandes resultados con dosis tan bajas como de 0,25 mg por d\u00eda. Arimidex no deber\u00eda ser usado por mujeres j\u00f3venes y las mujeres atletas debido a su extrema estr\u00f3geno propiedades inhibidoras. Incluso como un tratamiento para el c\u00e1ncer de mama, c\u00e1ncer Arimidex s\u00f3lo debe ser utilizado por mujeres post-menop\u00e1usicas con estadios avanzados de c\u00e1ncer de mama que no pueden ser tratados con otras drogas como el Nolvadex.<\/p>\n<p><a href=\"http:\/\/getanabolics.biz\/es\/caracteristicas-de-los-cursos-cortos-de-esteroides\/\">Ya que bloquea la producci\u00f3n de estr\u00f3geno<\/a> en los atletas masculinos que el uso de la droga, que se traduce en un mayor crecimiento muscular y el aumento de la masa muscular. Arimidex se usa en combinaci\u00f3n con la aromatizaci\u00f3n de los andr\u00f3genos como la testosterona lleva a que el usuario edificio s\u00f3lido de masa muscular sin apreciable de retenci\u00f3n de agua. En combinaci\u00f3n con la aromatizaci\u00f3n de los andr\u00f3genos, los efectos secundarios como la ginecomastia y efectos secundarios relacionados con el estr\u00f3geno puede reducirse, mientras que la calidad de la masa muscular puede ser mejorado.<\/p>\n<p><strong>el uso Prolongado de la droga en un largo<\/strong> tratamiento con esteroides puede tener efectos secundarios da\u00f1inos. Lo que es m\u00e1s importante, puede conducir a la supresi\u00f3n de colesterol bueno o HDL colesterol en el cuerpo. Tambi\u00e9n, el uso de este medicamento niega los efectos beneficiosos que el estr\u00f3geno tiene un per\u00edodo prolongado de uso de esteroides.<\/p>\n<p>Comprar Arimidex comprimidos en l\u00ednea con <strong>100% de garant\u00eda de entrega.<\/strong><\/p>\n<h3>Lee mas<\/h3>\n<p><a href=\"http:\/\/getanabolics.biz\/es\/comprar-clomid-en-linea-en-getanabolics-biz\/\">COMPRAR CLOMID ONLINE EN GETANABOLICS.BIZ<\/a><\/p>\n<p><a href=\"http:\/\/getanabolics.biz\/es\/hormona-del-crecimiento-hgh-los-hechos-mas-importantes\/\">HORMONA DE CRECIMIENTO HGH &#8211; LOS HECHOS M\u00c1S IMPORTANTES<\/a><\/p>\n<p><a href=\"http:\/\/getanabolics.biz\/es\/caracteristicas-de-los-cursos-cortos-de-esteroides\/\">CARACTER\u00cdSTICAS DE LOS CURSOS CORTOS DE ESTEROIDES<\/a><\/p>\n<p><a href=\"http:\/\/getanabolics.biz\/es\/pausa-entre-cursos-de-esteroides-y-pct\/\">PAUSA ENTRE CURSOS DE ESTEROIDES Y PCT<\/a><\/p>\n<p><a href=\"http:\/\/getanabolics.biz\/es\/que-tan-efectivo-es-el-puente-de-esteroides\/\">\u00bfCU\u00c1N EFECTIVO ES EL PUENTE ESTEROIDE?<\/a><\/p>\n","protected":false},"excerpt":{"rendered":"<p>Paquete: 30 fichas de cada uno de ellos contiene 1 mg de Anastrozol<br \/>Fabricante: Alpha-Pharma<br \/>Nombre de la marca: Arimidex<br \/>Conocido como: Anazole<\/p>\n","protected":false},"featured_media":361,"comment_status":"open","ping_status":"closed","template":"","meta":[],"product_cat":[87,108],"product_tag":[75],"_links":{"self":[{"href":"https:\/\/getanabolics.biz\/es\/wp-json\/wp\/v2\/product\/894"}],"collection":[{"href":"https:\/\/getanabolics.biz\/es\/wp-json\/wp\/v2\/product"}],"about":[{"href":"https:\/\/getanabolics.biz\/es\/wp-json\/wp\/v2\/types\/product"}],"replies":[{"embeddable":true,"href":"https:\/\/getanabolics.biz\/es\/wp-json\/wp\/v2\/comments?post=894"}],"wp:featuredmedia":[{"embeddable":true,"href":"https:\/\/getanabolics.biz\/es\/wp-json\/wp\/v2\/media\/361"}],"wp:attachment":[{"href":"https:\/\/getanabolics.biz\/es\/wp-json\/wp\/v2\/media?parent=894"}],"wp:term":[{"taxonomy":"product_cat","embeddable":true,"href":"https:\/\/getanabolics.biz\/es\/wp-json\/wp\/v2\/product_cat?post=894"},{"taxonomy":"product_tag","embeddable":true,"href":"https:\/\/getanabolics.biz\/es\/wp-json\/wp\/v2\/product_tag?post=894"}],"curies":[{"name":"wp","href":"https:\/\/api.w.org\/{rel}","templated":true}]}}