{"id":892,"date":"2017-04-27T10:31:41","date_gmt":"2017-04-27T11:44:52","guid":{"rendered":"http:\/\/getanabolics.biz\/product\/turinabol-50-fichas-de-cada-uno-de-ellos-contiene-10-mg-chlordehydromethyltestosterone-alpha-pharma\/"},"modified":"2018-01-19T13:05:35","modified_gmt":"2018-01-19T13:05:35","slug":"turinabol-50-fichas-de-cada-uno-de-ellos-contiene-10-mg-chlordehydromethyltestosterone-alpha-pharma","status":"publish","type":"product","link":"https:\/\/getanabolics.biz\/es\/producto\/turinabol-50-fichas-de-cada-uno-de-ellos-contiene-10-mg-chlordehydromethyltestosterone-alpha-pharma\/","title":{"rendered":"Turinabol &#8211; Alpha-Pharma"},"content":{"rendered":"<h2>Comprar Turinabol &#8211; Alpha-Pharma (Turinabol 10)<\/h2>\n<p><a title=\"Comprar Turinabol en GetAnabolics\"><img src=\"http:\/\/getanabolics.biz\/images\/turinabol_10-atlasp.jpg\" width=\"30%\" align=\"right\" \/><\/a><br \/>\nPara aquellos que buscan Turinabol y preguntando d\u00f3nde comprar Turinabol de Alpha-Pharma legalmente ofrecemos Turinabol 10 como la mejor opci\u00f3n real para los culturistas.<br \/>\nA partir de ahora en una gran variedad de esteroides inyectables, as\u00ed como de los esteroides orales y terapia post ciclo de Alpha-Pharma puede ser comprado en <b>GetAnabolics<\/b>. Estamos encantados de presentar la nueva Turinabol de <span style=\"font-weight: bold;\">Alpha-Pharma<\/span>.<br \/>\n<em>Todos los productos que tiene para ofrecer son aut\u00e9nticos, de alta calidad de compuestos y tienen un \u00fanico objetivo: ayudar a la gente a la ganancia de masa muscular, la fuerza general, a quemar grasas y a ayudarlos en el camino de la perfecci\u00f3n f\u00edsica. Con el fin de crear una constructivo y civilizado relaci\u00f3n con nuestros clientes, vamos a hacer el m\u00e1ximo esfuerzo para asegurar un servicio de alta calidad y enfoque de cada persona que la direcci\u00f3n de nuestra tienda con cortes\u00eda y respeto.<\/em><br \/>\nConstruir y mantener un cuerpo perfecto, se requiere una combinaci\u00f3n de m\u00e9todos. Una dieta adecuada es la primera en la lista de los componentes esenciales que el cuerpo necesita. En segundo lugar, aseg\u00farese de que usted siempre compra y uso legal de los esteroides en l\u00ednea no s\u00f3lo para evitar conflictos con la ley, pero lo que es m\u00e1s importante, para evitar complicaciones de salud.<br \/>\n<span style=\"font-weight: bold;\">GetAnabolics.Biz<\/span> es la l\u00ednea de esteroides proveedor especialmente creado y dedicado a proporcionar a cada atleta y culturista con los mejores esteroides anab\u00f3licos en los precios de descuento. Hemos elegido la mayor\u00eda de marcas confiables para colaborar con el fin de garantizar la seguridad, original y de alto nivel de esteroides para nuestros clientes.<br \/>\n<em>Env\u00edo de esteroides muy segura es la principal preocupaci\u00f3n para la entrega de esteroides a nivel mundial. Nuestro discreto garantiza que nadie m\u00e1s sabe que usted comprar esteroides en l\u00ednea.<\/em><\/p>\n<h2>M\u00e1s Turinabol Alpha-Pharma Informaci\u00f3n<\/h2>\n<p><b>50 fichas de cada uno de ellos contiene 10 mg Chlordehydromethyltestosterone<\/b><\/p>\n<p>Oral-Turinabol es un esteroide oral que se desarroll\u00f3 durante la d\u00e9cada de 1960.<\/p>\n<blockquote><p>OT tiene predominantemente un efecto anab\u00f3lico que se combina con un relativamente bajo componente androg\u00e9nico. En una escala de 1 a 100 el efecto androg\u00e9nico es muy baja: s\u00f3lo un 6 &#8211; y el efecto anab\u00f3lico es de 53. (En comparaci\u00f3n: el efecto androg\u00e9nico de Dianabol es de 45 y su efecto anab\u00f3lico es de 90.) Oral-Turinabol, por tanto, tiene miligramo por el milli-gramo de un menor efecto de <a href=\"http:\/\/getanabolics.biz\/es\/producto\/dianabol-100-tabs-each-contains-10-mg-methandienone\/\">Dianabol<\/a>. Por ello no es un esteroide que provoca un r\u00e1pido aumento de la fuerza, peso y masa muscular. M\u00e1s bien, la posibilidad de obtener los resultados se manifiestan en una s\u00f3lida ganancia de m\u00fasculo y, si se toma durante varias semanas, tambi\u00e9n en una buena ganancia de fuerza. El atleta duda no va a obtener una imagen hinchada como es el caso de la Testosterona, Dianabol y <a href=\"http:\/\/getanabolics.biz\/es\/producto\/anadrol-100-tabs-each-tab-contains-50-mg-oxymetholone\/\">Anadrol <\/a>50. La m\u00e1xima concentraci\u00f3n en sangre de Oral-Turinabol cuando tomo 10, 20 o 40 mg\/d\u00eda es de 1.5 -3.5 o 4,5 veces la testosterona end\u00f3gena de concentraci\u00f3n (v\u00e9ase tambi\u00e9n el Dianabol). Esto muestra claramente que la eficacia de este compuesto depende fuertemente de la dosis.<\/p><\/blockquote>\n<p>0.4 x libra (peso corporal) x d\u00edas = n\u00famero de comprimidos a tomar en general durante el intervalo de ingesta<br \/>\nmg \/ tablet<\/p>\n<p>Un atleta que pesan 200 kilos en solamente 4 comprimidos de 5 mg (20 mg\/d\u00eda). En nuestra experiencia los culturistas tomar 8-10 comprimidos de 5 mg, que es de 40-50 mg\/d\u00eda. Muchos con entusiasmo reportan buenos resultados con esta dosis: se construye un s\u00f3lido masa muscular, el aumento de la fuerza es que vale la pena ver, la retenci\u00f3n de agua es muy baja, y el estr\u00f3geno causa efectos secundarios son raros. No sin una buena raz\u00f3n OT es tambi\u00e9n popular entre los levantadores de pesas y los levantadores de pesas que aprecian estas caracter\u00edsticas.<\/p>\n<p><em>Debido a sus caracter\u00edsticas OT es tambi\u00e9n un adecuado esteroides, tanto para hombres y mujeres en las competiciones. Por lo general un muy eficaz de la pila para los culturistas masculinos consta de 50 OT mg\/d\u00eda, 228 mg <a href=\"http:\/\/getanabolics.biz\/es\/producto\/parabolin-parabolan-parabolin-trenbolone-75mg-box-of-5-ampoules-1-5ml\/\">Parabolan<\/a>\/semana, y 150 mg de Winstrol Depot\/semana. Los que han llevado a su contenido de grasa corporal a un nivel bajo por la dieta y\/o mediante el uso de fatburning sustancias (por ejemplo, Clenbuterol, la Efedrina, el Salbutamol, el Cytomel, Triacana), se encuentra que la combinaci\u00f3n de esteroides se manifestar\u00e1 en duro, muy definidos, pero todav\u00eda denso y completo de los m\u00fasculos. No agrandamiento de las mamas, no estr\u00f3genos super\u00e1vit, y no acuosas, hinchada mirando sistema muscular. Si OT estaban disponibles en el mercado negro de EE.UU. para los esteroides, los culturistas, levantadores de pesas, y los levantadores de pesas se vuelva loco por este de alemania Oriental anab\u00f3licos.<\/em><\/p>\n<p>OT goza de una gran popularidad, ya que se descompone r\u00e1pidamente por el cuerpo y los metabolitos se excretan de forma relativamente r\u00e1pida a trav\u00e9s de la orina. A menudo plantea la pregunta acerca de c\u00f3mo muchos d\u00edas antes de una prueba de OT se pueden tomar con el fin de ser \u00ablimpio\u00bb es dif\u00edcil de responder en concreto o en general. Sabemos, a partir de una fuente confiable de que los atletas que s\u00f3lo toman OT como los esteroides y que, en parte, tomar las dosis de 10 &#8211; 15 tabletas\/d\u00eda, han continuado la com-libra exactamente cinco d\u00edas antes de una prueba de dopaje y dio negativo. Estas indicaciones son apoyados por el hecho de que incluso positivo en los an\u00e1lisis de orina rara vez se han mencionado los nombres de Oral-Turinabol o chlordehydromethyl-testosterona.<\/p>\n<p><em>Los efectos secundarios potenciales de OT generalmente dependen de la dosis y son espec\u00edficos de g\u00e9nero. en las mujeres, en funci\u00f3n de su predisposici\u00f3n, la costumbre, los s\u00edntomas de virilizaci\u00f3n ocurrir y aumentar en dos edades de m\u00e1s de 20 mg por d\u00eda se toman durante un per\u00edodo prolongado de tiempo. En los hombres la ya comentada reducci\u00f3n de la producci\u00f3n de testosterona en raras ocasiones puede ser evitado. La ginecomastia se produce rara vez con OT Ya que la respuesta de los de agua y electrolitos hogar no es demasiado distinto de los atletas s\u00f3lo raramente informe de retenci\u00f3n de agua y la presi\u00f3n arterial alta. El acn\u00e9, dolor gastrointestinal, y incontrolada comportamiento agresivo tambi\u00e9n son la excepci\u00f3n m\u00e1s que la regla con OT Un aumento de la libido se reporta en la mayor\u00eda de los casos por ambos sexos. Dado que la sustancia chlordehydromethyltestosterone es que 7-alfa alquilados el fabricante en su prospecto recomienda que la funci\u00f3n del h\u00edgado de ser revisadas con regularidad, ya que puede ser afectado negativamente por la alta dosis y el riesgo de posibles da\u00f1os en el h\u00edgado no puede ser excluida. As\u00ed OT es tambi\u00e9n un esteroide que se pueden tomar sin interrupci\u00f3n durante largos intervalos. Los estudios de los atletas de sexo masculino que a lo largo de un per\u00edodo de seis semanas se les dio 10 OT mg\/d\u00eda no mostraron ning\u00fan indicio de efectos perjudiciales para la salud.<\/em><\/p>\n<p>La disponibilidad de OT es extremadamente pobre. No hay ninguna posibilidad de encontrar un original Oral-Turinabol tablet en los estados UNIDOS<\/p>\n<h3>Lee mas<\/h3>\n<p><a href=\"http:\/\/getanabolics.biz\/es\/comprar-dianabol-en-linea-en-getanabolics-biz\/\">COMPRAR DIANABOL ONLINE EN GETANABOLICS.BIZ<\/a><\/p>\n<p><a href=\"http:\/\/getanabolics.biz\/es\/winstrol-que-es-y-para-que-sirve\/\">WINSTROL, \u00bfQU\u00c9 ES Y PARA QU\u00c9 SIRVE?<\/a><\/p>\n<p><a href=\"http:\/\/getanabolics.biz\/es\/cytomel-t3-comentarios-sobre-getanabolics-biz\/\">REVISIONES CYTOMEL T3 EN GETANABOLICS.BIZ<\/a><\/p>\n<p><a href=\"http:\/\/getanabolics.biz\/es\/pausa-entre-cursos-de-esteroides-y-pct\/\">PAUSA ENTRE CURSOS DE ESTEROIDES Y PCT<\/a><\/p>\n<p><a href=\"http:\/\/getanabolics.biz\/es\/que-tan-efectivo-es-el-puente-de-esteroides\/\">\u00bfCU\u00c1N EFECTIVO ES EL PUENTE ESTEROIDE?<\/a><\/p>\n","protected":false},"excerpt":{"rendered":"<p>Paquete: 50 fichas de cada uno de ellos contiene 10 mg Chlordehydromethyltestosterone<br \/>Fabricante: Alpha-Pharma<br \/>Nombre de la marca: Turinabol<br \/>Conocido como: Turinabol 10<\/p>\n","protected":false},"featured_media":349,"comment_status":"open","ping_status":"closed","template":"","meta":[],"product_cat":[108],"product_tag":[75],"_links":{"self":[{"href":"https:\/\/getanabolics.biz\/es\/wp-json\/wp\/v2\/product\/892"}],"collection":[{"href":"https:\/\/getanabolics.biz\/es\/wp-json\/wp\/v2\/product"}],"about":[{"href":"https:\/\/getanabolics.biz\/es\/wp-json\/wp\/v2\/types\/product"}],"replies":[{"embeddable":true,"href":"https:\/\/getanabolics.biz\/es\/wp-json\/wp\/v2\/comments?post=892"}],"wp:featuredmedia":[{"embeddable":true,"href":"https:\/\/getanabolics.biz\/es\/wp-json\/wp\/v2\/media\/349"}],"wp:attachment":[{"href":"https:\/\/getanabolics.biz\/es\/wp-json\/wp\/v2\/media?parent=892"}],"wp:term":[{"taxonomy":"product_cat","embeddable":true,"href":"https:\/\/getanabolics.biz\/es\/wp-json\/wp\/v2\/product_cat?post=892"},{"taxonomy":"product_tag","embeddable":true,"href":"https:\/\/getanabolics.biz\/es\/wp-json\/wp\/v2\/product_tag?post=892"}],"curies":[{"name":"wp","href":"https:\/\/api.w.org\/{rel}","templated":true}]}}