{"id":891,"date":"2017-04-27T10:31:41","date_gmt":"2017-04-27T11:44:52","guid":{"rendered":"http:\/\/getanabolics.biz\/product\/winstrol-tabs-10-comprar-winstrol-pildoras-de-50-fichas-de-cada-uno-de-ellos-contiene-10-mg-de-estanozolol-alpha-pharma\/"},"modified":"2018-01-19T13:12:27","modified_gmt":"2018-01-19T13:12:27","slug":"winstrol-tabs-10-comprar-winstrol-pildoras-de-50-fichas-de-cada-uno-de-ellos-contiene-10-mg-de-estanozolol-alpha-pharma","status":"publish","type":"product","link":"https:\/\/getanabolics.biz\/es\/producto\/winstrol-tabs-10-comprar-winstrol-pildoras-de-50-fichas-de-cada-uno-de-ellos-contiene-10-mg-de-estanozolol-alpha-pharma\/","title":{"rendered":"Winstrol tabs 10 &#8211; Alpha-Pharma"},"content":{"rendered":"<h2>Comprar Winstrol tabs 10 &#8211; Alpha-Pharma (Rexobol-10)<\/h2>\n<p><a title=\"Comprar Winstrol tabs 10 en GetAnabolics\"><img src=\"http:\/\/getanabolics.biz\/images\/rexobol.jpg\" width=\"30%\" align=\"right\" \/><\/a><br \/>\nPara aquellos que buscan Winstrol tabs 10 y preguntando d\u00f3nde comprar Winstrol tabs 10 de Alpha-Pharma legalmente ofrecemos Rexobol-10 como la mejor opci\u00f3n real para los culturistas.<br \/>\nA partir de ahora en una gran variedad de esteroides inyectables, as\u00ed como de los esteroides orales y terapia post ciclo de Alpha-Pharma puede ser comprado en <b>GetAnabolics<\/b>. Estamos encantados de presentar la nueva Winstrol tabs 10 de <span style=\"font-weight: bold;\">Alpha-Pharma<\/span>.<br \/>\n<em>Todos los productos que tiene para ofrecer son aut\u00e9nticos, de alta calidad de compuestos y tienen un \u00fanico objetivo: ayudar a la gente a la ganancia de masa muscular, la fuerza general, a quemar grasas y a ayudarlos en el camino de la perfecci\u00f3n f\u00edsica. Con el fin de crear una constructivo y civilizado relaci\u00f3n con nuestros clientes, vamos a hacer el m\u00e1ximo esfuerzo para asegurar un servicio de alta calidad y enfoque de cada persona que la direcci\u00f3n de nuestra tienda con cortes\u00eda y respeto.<\/em><br \/>\nConstruir y mantener un cuerpo perfecto, se requiere una combinaci\u00f3n de m\u00e9todos. Una dieta adecuada es la primera en la lista de los componentes esenciales que el cuerpo necesita. En segundo lugar, aseg\u00farese de que usted siempre compra y uso legal de los esteroides en l\u00ednea no s\u00f3lo para evitar conflictos con la ley, pero lo que es m\u00e1s importante, para evitar complicaciones de salud.<br \/>\n<em><span style=\"font-weight: bold;\">GetAnabolics.Biz<\/span> es la l\u00ednea de esteroides proveedor especialmente creado y dedicado a proporcionar a cada atleta y culturista con los mejores esteroides anab\u00f3licos en los precios de descuento. Hemos elegido la mayor\u00eda de marcas confiables para colaborar con el fin de garantizar la seguridad, original y de alto nivel de esteroides para nuestros clientes.<\/em><br \/>\nEnv\u00edo de esteroides muy segura es la principal preocupaci\u00f3n para la entrega de esteroides a nivel mundial. Nuestro discreto garantiza que nadie m\u00e1s sabe que usted comprar esteroides en l\u00ednea.<\/p>\n<h2>M\u00e1s Winstrol tabs 10 Alpha-Pharma Informaci\u00f3n<\/h2>\n<p><b>Comprar Winstrol p\u00edldoras de 50 fichas de cada uno de ellos contiene 10 mg de Estanozolol<\/b><\/p>\n<p>Winstrol es un muy popular por v\u00eda oral o inyectable anab\u00f3lico-androg\u00e9nicos esteroides. Es el rango del deca y dianabol como el m\u00e1s ampliamente usado y abusado de drogas por parte de los atletas de competici\u00f3n.<\/p>\n<blockquote><p><a href=\"http:\/\/getanabolics.biz\/es\/producto\/azolol-azolol-100-tabs-each-contains-10-mg-stanozolol\/\">El estanozolol<\/a> es com\u00fanmente referido como winny (winstrol). Winstrol se presenta en dos formas como se mencion\u00f3 anteriormente, tanto oral como inyectable. Las inyecciones son el mismo compuesto metilado como la forma oral de la droga. Sin embargo, debido a esta caracter\u00edstica, no puede ser esterificado por el tiempo de liberaci\u00f3n. Winstrol tiene una corta vida activa de alrededor de 8 horas.<\/p><\/blockquote>\n<p>Winstrol contrarresta los efectos secundarios estrog\u00e9nicos, tales como la ginecomastia y retenci\u00f3n de agua &#8211; otra cualidad que la hace atractiva para el atleta que buscan obtener ganancias de masa magra. Winstrol es un 5-alfa reducido sustrato. La 5-alfa reducci\u00f3n rompe el doble enlace entre las posiciones 4 y 5, que es lo que se requiere para la aromatasa para convertir a los estr\u00f3genos. La aromatasa es la principal enzima utilizada para la fabricaci\u00f3n de estr\u00f3geno en el cuerpo masculino. Para evitar la ginecomastia, winstrol es muy adecuado.<\/p>\n<p>Desde winstrol no es capaz de convertir en estr\u00f3geno, anti-estr\u00f3geno drogas auxiliares como nolvadex o clomid no es necesario cuando se utiliza este esteroide. Ginecomastia no ser\u00e1 un problema para incluso el m\u00e1s sensible de los individuos cuando se utiliza este esteroide. Winstrol es excelente para las ganancias magras ya que la retenci\u00f3n de agua se reduce cuando se utiliza este esteroide. Esto es debido al hecho de que el estr\u00f3geno es la causa de la retenci\u00f3n de agua. Es excelente para el uso entre los atletas que buscan una combinaci\u00f3n de fuerza y velocidad.<\/p>\n<p><em>Otro punto sobre el estanozolol es su supuesta efectos anti-progestag\u00e9nicas. Winstrol se dijo a unirse y competir por un puesto en el receptor de progesterona en mucho la misma manera que el clomid o nolvadex que hace en el receptor de estr\u00f3geno. Se dice que esta es la causa de winstrol para inhibir progestag\u00e9nicas efectos. La progesterona juega un papel en el desarrollo de la ginecomastia, ya que puede agravar los efectos secundarios estrog\u00e9nicos por el estr\u00f3geno agonizante y tambi\u00e9n juega un papel en la ginecomastia.<\/em><\/p>\n<p>Winstrol, como dianabol, no debe ser utilizada durante largos per\u00edodos de tiempo, ya que es un 17-alfa-alquilados sustancia. Usando por mucho m\u00e1s tiempo de 4 a 6 semanas no es aconsejable. Algunos atletas han sido conocidos por usar para ocho semanas o incluso m\u00e1s tiempo, pero los valores elevados del h\u00edgado son una posibilidad, si este es el caso. Por motivos de seguridad, una larga duraci\u00f3n de uso no es recomendado. 4-6 semanas dar\u00e1 al usuario los buenos resultados y que se agregue un impulso a su ciclo de esteroides, especialmente si se apilan con una acci\u00f3n prolongada inyectable \u00e9ster. La raz\u00f3n para resultados r\u00e1pidos con winstrol es debido a su corta vida activa y combinado con una mayor frecuencia de inyecci\u00f3n o consumo oral, los resultados son bastante r\u00e1pidos. <a href=\"http:\/\/getanabolics.biz\/es\/producto\/dianabol-100-tabs-each-contains-10-mg-methandienone\/\">Dianabol <\/a>tambi\u00e9n es utilizada para este prop\u00f3sito.<\/p>\n<p>Cuando el uso de winstrol, muchos de los habituales efectos secundarios son raros. Estos incluyen acn\u00e9, retenci\u00f3n de agua, la presi\u00f3n arterial alta, y la aromatizaci\u00f3n que conduce a la ginecomastia. Winstrol no convierte a DHT y el resultado es muy m\u00ednima la supresi\u00f3n de la HPTA. Sin embargo, ya que es un 17-alfa-alquilados sustrato, la toxicidad hep\u00e1tica es una preocupaci\u00f3n en las altas dosis de winstrol o cuando se utiliza durante largos per\u00edodos de tiempo. Sin embargo, es ligeramente menos hepatot\u00f3xico que la mayor\u00eda de los otros 17-AA esteroides. La elevaci\u00f3n es de los valores del h\u00edgado, sin embargo es com\u00fan con winstrol si se utiliza durante largos periodos de tiempo o en dosis altas.<\/p>\n<p>La dosis normal para los hombres es entre los 30 y los 70 mg por d\u00eda para los comprimidos y de 25-50 mg por d\u00eda para la versi\u00f3n inyectable de winstrol. Winstrol es a menudo combinado con otros esteroides dependiendo de lo que los objetivos personales del deportista. Para ganar masa muscular (volumen), winstrol es mejor combinado con un fuerte andr\u00f3genos como la testosterona. Esto le dar\u00e1 el ciclo de un buen efecto anab\u00f3lico, minimizando la actividad estrog\u00e9nica. Esto se traduce en una excelente aumentos en la masa muscular, como contraposici\u00f3n a la m\u00e1s com\u00fan de ciclo de acopio que aumenta la masa muscular mientras que tambi\u00e9n aumenta la retenci\u00f3n de agua y algunas mejoras en la grasa. Para perder grasa (cut), winstrol es mejor combinado con un andr\u00f3geno no aromatizante como la trembolona o halotestin. Esta combinaci\u00f3n puede crear una fuertemente definido, mirada dura. Este es un aspecto muy atractivo buscado por muchos culturistas.<br \/>\nLa mujer debe tomar alrededor de 5 a 10 mg al d\u00eda durante la duraci\u00f3n recomendada de tiempo de 4 a 6 semanas. .<\/p>\n<h3>Lee mas<\/h3>\n<p><a href=\"http:\/\/getanabolics.biz\/es\/comprar-dianabol-en-linea-en-getanabolics-biz\/\">COMPRAR DIANABOL ONLINE EN GETANABOLICS.BIZ<\/a><\/p>\n<p><a href=\"http:\/\/getanabolics.biz\/es\/winstrol-que-es-y-para-que-sirve\/\">WINSTROL, \u00bfQU\u00c9 ES Y PARA QU\u00c9 SIRVE?<\/a><\/p>\n<p><a href=\"http:\/\/getanabolics.biz\/es\/cytomel-t3-comentarios-sobre-getanabolics-biz\/\">REVISIONES CYTOMEL T3 EN GETANABOLICS.BIZ<\/a><\/p>\n<p><a href=\"http:\/\/getanabolics.biz\/es\/pausa-entre-cursos-de-esteroides-y-pct\/\">PAUSA ENTRE CURSOS DE ESTEROIDES Y PCT<\/a><\/p>\n<p><a href=\"http:\/\/getanabolics.biz\/es\/que-tan-efectivo-es-el-puente-de-esteroides\/\">\u00bfCU\u00c1N EFECTIVO ES EL PUENTE ESTEROIDE?<\/a><\/p>\n","protected":false},"excerpt":{"rendered":"<p>Paquete: Comprar Winstrol p\u00edldoras de 50 fichas de cada uno de ellos contiene 10 mg de Estanozolol<br \/>Fabricante: Alpha-Pharma<br \/>Nombre de la marca: Winstrol tabs 10<br \/>Conocido como: Rexobol-10<\/p>\n","protected":false},"featured_media":343,"comment_status":"open","ping_status":"closed","template":"","meta":[],"product_cat":[121,125,108],"product_tag":[75],"_links":{"self":[{"href":"https:\/\/getanabolics.biz\/es\/wp-json\/wp\/v2\/product\/891"}],"collection":[{"href":"https:\/\/getanabolics.biz\/es\/wp-json\/wp\/v2\/product"}],"about":[{"href":"https:\/\/getanabolics.biz\/es\/wp-json\/wp\/v2\/types\/product"}],"replies":[{"embeddable":true,"href":"https:\/\/getanabolics.biz\/es\/wp-json\/wp\/v2\/comments?post=891"}],"wp:featuredmedia":[{"embeddable":true,"href":"https:\/\/getanabolics.biz\/es\/wp-json\/wp\/v2\/media\/343"}],"wp:attachment":[{"href":"https:\/\/getanabolics.biz\/es\/wp-json\/wp\/v2\/media?parent=891"}],"wp:term":[{"taxonomy":"product_cat","embeddable":true,"href":"https:\/\/getanabolics.biz\/es\/wp-json\/wp\/v2\/product_cat?post=891"},{"taxonomy":"product_tag","embeddable":true,"href":"https:\/\/getanabolics.biz\/es\/wp-json\/wp\/v2\/product_tag?post=891"}],"curies":[{"name":"wp","href":"https:\/\/api.w.org\/{rel}","templated":true}]}}