{"id":890,"date":"2017-04-27T10:32:35","date_gmt":"2017-04-27T11:44:52","guid":{"rendered":"http:\/\/getanabolics.biz\/product\/proviron-comprar-proviron-50-fichas-de-cada-ficha-25mg-mesterolona-bayerschering\/"},"modified":"2018-01-19T09:10:04","modified_gmt":"2018-01-19T09:10:04","slug":"proviron-buy-proviron-50-tabs-each-tab-25mg-mesterolone","status":"publish","type":"product","link":"https:\/\/getanabolics.biz\/es\/producto\/proviron-buy-proviron-50-tabs-each-tab-25mg-mesterolone\/","title":{"rendered":"Proviron &#8211; Bayer\/Schering"},"content":{"rendered":"<h2>Comprar Proviron &#8211; Bayer\/Schering (Provibol)<\/h2>\n<p><a title=\"Comprar Proviron en GetAnabolics\"><img src=\"http:\/\/getanabolics.biz\/images\/proviron-bayer.jpg\" width=\"30%\" align=\"right\" \/><\/a><br \/>\nPara aquellos que buscan Proviron y preguntando d\u00f3nde comprar Proviron de Bayer\/Schering legalmente ofrecemos Provibol como la mejor opci\u00f3n real para los culturistas.<br \/>\nA partir de ahora en una gran variedad de esteroides inyectables, as\u00ed como de los esteroides orales y terapia post ciclo de Bayer\/Schering puede ser comprado en <b>GetAnabolics<\/b>. Estamos encantados de presentar la nueva Proviron de <span style=\"font-weight: bold;\">Bayer\/Schering<\/span>.<br \/>\nTodos los productos que tiene para ofrecer son aut\u00e9nticos, de alta calidad de compuestos y tienen un \u00fanico objetivo: ayudar a la gente a la ganancia de masa muscular, la fuerza general, a quemar grasas y a ayudarlos en el camino de la perfecci\u00f3n f\u00edsica. Con el fin de crear una constructivo y civilizado relaci\u00f3n con nuestros clientes, vamos a hacer el m\u00e1ximo esfuerzo para asegurar un servicio de alta calidad y enfoque de cada persona que la direcci\u00f3n de nuestra tienda con cortes\u00eda y respeto.<br \/>\nConstruir y mantener un cuerpo perfecto, se requiere una combinaci\u00f3n de m\u00e9todos. Una dieta adecuada es la primera en la lista de los componentes esenciales que el cuerpo necesita. En segundo lugar, aseg\u00farese de que usted siempre compra y uso legal de los esteroides en l\u00ednea no s\u00f3lo para evitar conflictos con la ley, pero lo que es m\u00e1s importante, para evitar complicaciones de salud.<br \/>\n<span style=\"font-weight: bold;\">GetAnabolics.Biz<\/span> es la l\u00ednea de esteroides proveedor especialmente creado y dedicado a proporcionar a cada atleta y culturista con los mejores esteroides anab\u00f3licos en los precios de descuento. Hemos elegido la mayor\u00eda de marcas confiables para colaborar con el fin de garantizar la seguridad, original y de alto nivel de esteroides para nuestros clientes.<br \/>\nEnv\u00edo de esteroides muy segura es la principal preocupaci\u00f3n para la entrega de esteroides a nivel mundial. Nuestro discreto garantiza que nadie m\u00e1s sabe que usted comprar esteroides en l\u00ednea.<\/p>\n<h2>M\u00e1s Proviron Bayer\/Schering Informaci\u00f3n<\/h2>\n<p><b>Comprar Proviron 50 fichas de cada ficha 25mg Mesterolona<\/b><\/p>\n<blockquote><p><em>Mesterolona es un activo por v\u00eda oral, 1-metilado de la DHT. Como Masteron, pero luego en realidad se entregan en un oral de la moda. La DHT es el producto de conversi\u00f3n de la testosterona en la 5-alfa-reductasa, con el resultado de una hormona que es de 3 a 4 veces como androg\u00e9nicos y es estructuralmente incapaz de formar estr\u00f3genos. Uno se podr\u00eda imaginar entonces que mesterolona ser\u00eda un medicamento perfecto para mejorar la fuerza y agregue una peque\u00f1a pero completamente ganancias magras a la estructura. Lamentablemente, no existe un mecanismo de control para la DHT en el cuerpo humano. Cuando los niveles son demasiado altos, el 3alpha hidroxiesteroide deshidrogenasa, enzima que convierte a una en su mayor\u00eda inactivos compuesto conocido como alfa-3 (5-alfa-androstan-3alpha,17beta-diol), una prohormona. Se puede igualmente volver a convertir a DHT por la forma de la misma enzima cuando los bajos niveles de DHT son detectados. Pero esto significa que a menos que uno utiliza rid\u00edculamente altas cantidades, la mayor\u00eda de lo que se administra es bastante in\u00fatil a la altura de los receptores de andr\u00f3genos en el tejido muscular y por lo tanto mesterolona no es especialmente adecuado, en todo caso, para promover la hipertrofia muscular.<\/em><\/p><\/blockquote>\n<h1>Comprar Proviron<\/h1>\n<p>Proviron tiene cuatro diferentes usos en el mundo del culturismo. El primero es el resultado de su estructura. Es la 5-alfa reducido y no es capaz de formar estr\u00f3genos, sin embargo, se tiene una mayor afinidad por la enzima aromatasa (que convierte la testosterona en estr\u00f3geno) que la testosterona hace. Eso significa que en la administraci\u00f3n con la testosterona o de otro aromatizable compuesto, se evita que el estr\u00f3geno acumulaci\u00f3n debido a que se une a la enzima aromatasa muy fuertemente, lo que impide que estos esteroides de interactuar con \u00e9l y formar estr\u00f3genos. As\u00ed <a href=\"http:\/\/getanabolics.biz\/es\/todo-acerca-de-proviron-mesterolone\/\">Mesterolona <\/a>uso tiene la extrema beneficio de la reducci\u00f3n de los efectos secundarios estrog\u00e9nicos y la retenci\u00f3n de agua se observ\u00f3 con otros esteroides, y, como tal, ayuda a proporcionar en su mayor\u00eda las ganancias magras. Tambi\u00e9n se ha sugerido que en realidad puede degradar el real del receptor del estr\u00f3geno lo que es doblemente eficaz en la reducci\u00f3n de los niveles de estr\u00f3genos circulantes.<\/p>\n<p>Bayer Schering hecho Proviron para la venta.<\/p>\n<h3>Lee mas<\/h3>\n<p><a href=\"http:\/\/getanabolics.biz\/es\/todo-acerca-de-proviron-mesterolone\/\">TODO SOBRE PROVIRON (MESTEROLONE)<\/a><\/p>\n<p><a href=\"http:\/\/getanabolics.biz\/es\/comprar-clomid-en-linea-en-getanabolics-biz\/\">COMPRAR CLOMID ONLINE EN GETANABOLICS.BIZ<\/a><\/p>\n<p><a href=\"http:\/\/getanabolics.biz\/es\/creatina-en-un-curso-de-esteroides\/\">CREATINA EN UN CURSO DE ESTEROIDES<\/a><\/p>\n<p><a href=\"http:\/\/getanabolics.biz\/es\/reuna-una-masa-seca-sin-efectos-secundarios\/\">RE\u00daNA UNA MISA SECA SIN EFECTOS SECUNDARIOS<\/a><\/p>\n<p><a href=\"http:\/\/getanabolics.biz\/es\/cual-deberia-ser-la-duracion-del-ciclo-de-esteroides\/\">\u00bfCU\u00c1L DEBE SER LA DURACI\u00d3N DEL CURSO DE ESTEROIDES?<\/a><\/p>\n","protected":false},"excerpt":{"rendered":"<p>Paquete: Comprar Proviron 50 fichas de cada ficha 25mg Mesterolona<br \/>Fabricante: Bayer\/Schering<br \/>Nombre de la marca: Proviron<br \/>Conocido como: Provibol<\/p>\n","protected":false},"featured_media":415,"comment_status":"open","ping_status":"closed","template":"","meta":[],"product_cat":[87,108],"product_tag":[76],"_links":{"self":[{"href":"https:\/\/getanabolics.biz\/es\/wp-json\/wp\/v2\/product\/890"}],"collection":[{"href":"https:\/\/getanabolics.biz\/es\/wp-json\/wp\/v2\/product"}],"about":[{"href":"https:\/\/getanabolics.biz\/es\/wp-json\/wp\/v2\/types\/product"}],"replies":[{"embeddable":true,"href":"https:\/\/getanabolics.biz\/es\/wp-json\/wp\/v2\/comments?post=890"}],"wp:featuredmedia":[{"embeddable":true,"href":"https:\/\/getanabolics.biz\/es\/wp-json\/wp\/v2\/media\/415"}],"wp:attachment":[{"href":"https:\/\/getanabolics.biz\/es\/wp-json\/wp\/v2\/media?parent=890"}],"wp:term":[{"taxonomy":"product_cat","embeddable":true,"href":"https:\/\/getanabolics.biz\/es\/wp-json\/wp\/v2\/product_cat?post=890"},{"taxonomy":"product_tag","embeddable":true,"href":"https:\/\/getanabolics.biz\/es\/wp-json\/wp\/v2\/product_tag?post=890"}],"curies":[{"name":"wp","href":"https:\/\/api.w.org\/{rel}","templated":true}]}}