{"id":889,"date":"2017-04-27T10:31:41","date_gmt":"2017-04-27T11:44:52","guid":{"rendered":"http:\/\/getanabolics.biz\/product\/anadrol-50-fichas-de-cada-uno-de-ellos-contiene-50-mg-de-oximetolona-alpha-pharma\/"},"modified":"2018-01-19T13:18:54","modified_gmt":"2018-01-19T13:18:54","slug":"anadrol-50-fichas-de-cada-uno-de-ellos-contiene-50-mg-de-oximetolona-alpha-pharma","status":"publish","type":"product","link":"https:\/\/getanabolics.biz\/es\/producto\/anadrol-50-fichas-de-cada-uno-de-ellos-contiene-50-mg-de-oximetolona-alpha-pharma\/","title":{"rendered":"Anadrol &#8211; Alpha-Pharma"},"content":{"rendered":"<h2>Comprar Anadrol &#8211; Alpha-Pharma (Oxydrolone)<\/h2>\n<p><a title=\"Comprar Anadrol en GetAnabolics\"><img src=\"http:\/\/getanabolics.biz\/images\/oxydrolone.jpg\" width=\"30%\" align=\"right\" \/><\/a><br \/>\nPara aquellos que buscan Anadrol y preguntando d\u00f3nde comprar Anadrol de Alpha-Pharma legalmente ofrecemos Oxydrolone como la mejor opci\u00f3n real para los culturistas.<br \/>\nA partir de ahora en una gran variedad de esteroides inyectables, as\u00ed como de los esteroides orales y terapia post ciclo de Alpha-Pharma puede ser comprado en <b>GetAnabolics<\/b>. Estamos encantados de presentar la nueva Anadrol de <span style=\"font-weight: bold;\">Alpha-Pharma<\/span>.<br \/>\n<em>Todos los productos que tiene para ofrecer son aut\u00e9nticos, de alta calidad de compuestos y tienen un \u00fanico objetivo: ayudar a la gente a la ganancia de masa muscular, la fuerza general, a quemar grasas y a ayudarlos en el camino de la perfecci\u00f3n f\u00edsica. Con el fin de crear una constructivo y civilizado relaci\u00f3n con nuestros clientes, vamos a hacer el m\u00e1ximo esfuerzo para asegurar un servicio de alta calidad y enfoque de cada persona que la direcci\u00f3n de nuestra tienda con cortes\u00eda y respeto.<\/em><br \/>\nConstruir y mantener un cuerpo perfecto, se requiere una combinaci\u00f3n de m\u00e9todos. Una dieta adecuada es la primera en la lista de los componentes esenciales que el cuerpo necesita. En segundo lugar, aseg\u00farese de que usted siempre compra y uso legal de los esteroides en l\u00ednea no s\u00f3lo para evitar conflictos con la ley, pero lo que es m\u00e1s importante, para evitar complicaciones de salud.<br \/>\n<span style=\"font-weight: bold;\">GetAnabolics.Biz<\/span> es la l\u00ednea de esteroides proveedor especialmente creado y dedicado a proporcionar a cada atleta y culturista con los mejores esteroides anab\u00f3licos en los precios de descuento. Hemos elegido la mayor\u00eda de marcas confiables para colaborar con el fin de garantizar la seguridad, original y de alto nivel de esteroides para nuestros clientes.<br \/>\nEnv\u00edo de esteroides muy segura es la principal preocupaci\u00f3n para la entrega de esteroides a nivel mundial. Nuestro discreto garantiza que nadie m\u00e1s sabe que usted comprar esteroides en l\u00ednea.<\/p>\n<h2>M\u00e1s Anadrol Alpha-Pharma Informaci\u00f3n<\/h2>\n<p><b>50 fichas de cada uno de ellos contiene 50 mg de Oximetolona<\/b><\/p>\n<p><em>Los principales usos m\u00e9dicos de los esteroides anab\u00f3lico-androg\u00e9nicos son para tratar la pubertad tard\u00eda, algunos tipos de impotencia y el desgaste del cuerpo causada por la infecci\u00f3n del VIH u otras enfermedades. Los esteroides anab\u00f3licos promover el crecimiento del m\u00fasculo esquel\u00e9tico y el desarrollo de caracter\u00edsticas sexuales masculinas, pero tambi\u00e9n tienen algunos otros efectos. Anadrol 50 es el m\u00e1s fuerte y, al mismo tiempo, tambi\u00e9n los m\u00e1s eficaces esteroides orales. Anadrol tiene un efecto androg\u00e9nico extremadamente alto, que va de la mano con un extremadamente intenso componente anab\u00f3lico &#8211; oximetolona. El efecto altamente androg\u00e9nico de Anadrol estimula la regeneraci\u00f3n del cuerpo de modo que a menudo el temido \u00abm\u00e1s de la formaci\u00f3n\u00bb es poco probable que ocurra. Una dosis suficiente para cualquier deportista ser\u00eda 0,5 &#8211; 0,8 mg. por cada libra de peso corporal\/d\u00eda. Esto corresponde a la de 1 a 4 comprimidos; es decir, 50-200 mg\/d\u00eda. Bajo ninguna circunstancia un atleta debe tomar m\u00e1s de cuatro comprimidos en un d\u00eda cualquiera, preferiblemente no m\u00e1s de tres.<\/em><\/p>\n<p>Cuando tomar Anadrol por primera vez el atleta debe comenzar con una toma de un solo comprimido de 50 mg. Despu\u00e9s de una semana, la dosis diaria puede aumentarse a dos tabletas, una tableta de cada una en la ma\u00f1ana y en la noche, con las comidas. Dosis m\u00e1s altas no deben tomarse durante per\u00edodos m\u00e1s largos de dos a tres semanas. Cualquier uso de Anadrol no debe exceder de seis semanas. Despu\u00e9s de suspender Anadrol, es importante continuar el tratamiento con esteroides con otro compuesto, ya que, de lo contrario, una reducci\u00f3n dr\u00e1stica de la masa muscular y la fuerza se lleva a cabo. Anadrol es el esteroide oral m\u00e1s perjudiciales y su consumo puede causar muchos efectos secundarios considerables. La mayor\u00eda de los usuarios pueden esperar ciertos cambios patol\u00f3gicos en sus valores del h\u00edgado despu\u00e9s de aproximadamente una semana. Aquellos que interrumpir el uso de oxymetholone generalmente presentan valores normales en el plazo de dos meses. Oximetolona es el \u00fanico esteroide anab\u00f3lico\/androg\u00e9nico, que est\u00e1 vinculado con el c\u00e1ncer de h\u00edgado.<\/p>\n<p><b>usos Comunes<\/b><\/p>\n<p><em>Los principales usos m\u00e9dicos de los esteroides anab\u00f3lico-androg\u00e9nicos son para tratar la pubertad tard\u00eda, algunos tipos de impotencia y el desgaste del cuerpo causada por la infecci\u00f3n del VIH u otras enfermedades. Los esteroides anab\u00f3licos promover el crecimiento del m\u00fasculo esquel\u00e9tico y el desarrollo de caracter\u00edsticas sexuales masculinas, pero tambi\u00e9n tienen algunos otros efectos. Anadrol 50 es el m\u00e1s fuerte y, al mismo tiempo, tambi\u00e9n los m\u00e1s eficaces esteroides orales. Anadrol tiene un efecto androg\u00e9nico extremadamente alto, que va de la mano con un extremadamente intenso componente anab\u00f3lico &#8211; oximetolona. El efecto altamente androg\u00e9nico de Anadrol estimula la regeneraci\u00f3n del cuerpo de modo que a menudo el temido \u00abm\u00e1s de la formaci\u00f3n\u00bb es poco probable que ocurra. Anadrol puede dar aumentos dram\u00e1ticos en fuerza y masa muscular en un tiempo muy corto. La retenci\u00f3n de agua es considerable, y desde la c\u00e9lula muscular atrae una gran cantidad de agua, el sistema m\u00fasculo entero de la mayor\u00eda de los atletas de aspecto liso. Anadrol no causa una ganancia muscular cualitativa sino cuantitativa. Anadrol \u00ablubrica\u00bb las articulaciones ya que el agua se almacena all\u00ed. Por un lado, este es un factor en el aumento enorme de la fuerza y, por otro lado, permite a los atletas con problemas en las articulaciones de un entrenamiento sin dolor. Una dieta estricta, junto con la ingesta simult\u00e1nea de Nolvadex y Proviron, puede reducir significativamente la retenci\u00f3n de agua. Anadrol aumenta el n\u00famero de c\u00e9lulas rojas de la sangre, permitiendo que el m\u00fasculo absorber m\u00e1s ox\u00edgeno. El m\u00fasculo lo tanto tiene una mayor resistencia y nivel de rendimiento. Aunque Anadrol no es un esteroide usado en la preparaci\u00f3n para una competici\u00f3n, ayuda m\u00e1s que cualquier otro esteroide durante la dieta para mantener la masa muscular y para permitir un entrenamiento intenso.<\/em><\/p>\n<p><b>c\u00f3mo llegar<\/b><\/p>\n<blockquote><p>Anadrol se presenta como un comprimido que contiene 50 mg. oximetolona, a tomar por la boca. Una dosis suficiente para cualquier deportista ser\u00eda 50-200 mg\/d\u00eda. dependiendo del peso y el usuario lo avanzado de los esteroides anab\u00f3licos, la atleta. Una ingesta de m\u00e1s de tres pastillas en un d\u00eda no es aconsejable. La primera vez que el usuario de Anadrol debe comenzar con una toma de un solo comprimido de 50 mg. Despu\u00e9s de una semana, la dosis diaria puede aumentarse a dos tabletas, una tableta de cada una en la ma\u00f1ana y en la noche, con las comidas. Los atletas que est\u00e1n m\u00e1s avanzados o pesan m\u00e1s de 220 libras de peso puede aumentar la dosis a 150 mg\/d\u00eda en la tercera semana. Esta dosis, sin embargo, no debe tomarse durante per\u00edodos de m\u00e1s de dos a tres semanas. El uso de Anadrol no debe exceder de seis semanas. Despu\u00e9s de suspender el uso de Anadrol, es importante continuar el tratamiento con esteroides con otro compuesto, ya que, de lo contrario, una reducci\u00f3n dr\u00e1stica de la masa muscular y la fuerza se lleva a cabo y el usuario. Los atletas contin\u00faan su tratamiento con testosterona inyectable como <a href=\"http:\/\/getanabolics.biz\/es\/producto\/sustanon-250-1-box-of-10-ampoules-each-1-amp-contains-250-mg-testosterone-esters\/\">Sustanon 250<\/a> o <a href=\"http:\/\/getanabolics.biz\/es\/producto\/testosterone-enant-250-10-ml-vial-each-1-ml-contains-250-mg-testosterone-enanthate\/\">Enantato de Testosterona<\/a> durante varias semanas.<\/p><\/blockquote>\n<p><b>Precauciones<\/b><\/p>\n<p>Anadrol es el esteroide oral m\u00e1s perjudiciales y su consumo puede causar muchos efectos secundarios considerables. La mayor\u00eda de los usuarios pueden esperar ciertos cambios patol\u00f3gicos en sus valores del h\u00edgado despu\u00e9s de aproximadamente una semana. Un aumento en los valores del h\u00edgado, de los enzimas GOT y GPT tambi\u00e9n llamado de las transaminasas, a menudo no se puede evitar, que son las indicaciones de la hepatitis, es decir, una infecci\u00f3n del h\u00edgado. Aquellos que interrumpir oxymetholone generalmente presentan valores normales en el plazo de dos meses. Ya la ingesta de Anadrol y\/o dosis m\u00e1s altas puede causar una decoloraci\u00f3n amarilla de las u\u00f1as, los ojos o la piel. El h\u00edgado de la enzima gamma-GT tambi\u00e9n reacciona sensiblemente a la oximetolona, provocando que se eleve. Si las dosis altas de Anadrol se toman durante un largo per\u00edodo, hay un mayor riesgo de que los cambios descritos h\u00edgado podr\u00eda da\u00f1ar el h\u00edgado. Durante la ingesta de Anadrol 50, los valores del h\u00edgado, as\u00ed como la LDH\/cociente HBDH, siempre debe ser examinado por un m\u00e9dico competente. Oximetolona es el \u00fanico esteroides anab\u00f3licos\/androg\u00e9nicos que ha sido relacionado con el c\u00e1ncer de h\u00edgado. Anadrol no es recomendado para las mujeres, ya que muchas causas y, en parte, irreversible virilizante s\u00edntomas como el acn\u00e9, hipertrofia del cl\u00edtoris, voz profunda, aumento del crecimiento del vello en las piernas, crecimiento de la barba, en los per\u00edodos menstruales, aumento de la libido, y la p\u00e9rdida de cabello.<\/p>\n<p><b>los Posibles efectos secundarios<\/b><\/p>\n<p>Oximetolona f\u00e1cilmente se convierte en estr\u00f3geno que causa s\u00edntomas de feminizaci\u00f3n y la ya mencionada retenci\u00f3n de agua, que a su vez requiere de la ingesta de antiestr\u00f3genos. El aumento de la retenci\u00f3n de agua, adem\u00e1s de los problemas est\u00e9ticos, puede ser m\u00e1s perjudicial ya que puede causar presi\u00f3n arterial alta. En casos extremos, la ingesta de un medicamento contra la hipertensi\u00f3n puede ser necesario. Oximetolona no se convierte en DHT. Sin embargo, es un potente andr\u00f3geno. Los usuarios que experimentan acn\u00e9 grave causada por esteroides Anadrol puede conseguir este problema bajo control mediante la prescripci\u00f3n de medicamentos Accutane. Otros posibles efectos secundarios pueden incluir dolores de cabeza, n\u00e1useas, v\u00f3mitos, dolores de est\u00f3mago, falta de apetito, insomnio y diarrea. El atleta puede esperar una sensaci\u00f3n de \u00abmalestar general\u00bb con el en la toma de Anadrol que est\u00e1 totalmente en contraste con Dianabol que transmite una \u00absensaci\u00f3n de bienestar\u00bb. El aumento de la agresividad es causada por el nivel elevado de andr\u00f3genos y se produce sobre todo cuando grandes cantidades de testosterona se inyecta simult\u00e1neamente con el uso de <a href=\"http:\/\/getanabolics.biz\/it\/prodotto\/anadrol-500-tabs-each-tab-contains-50-mg-oxymetholone\/\">Anadrol<\/a>. La propia producci\u00f3n del cuerpo de la testosterona se reduce considerablemente desde Anadrol tiene un efecto inhibidor sobre el hipot\u00e1lamo, que a su vez reduce o detiene completamente la liberaci\u00f3n de GnRH (hormona liberadora de gonadotropina). Por esta raz\u00f3n, la ingesta de testosterona compuestos estimulantes tales como HCG y Clomid que es absolutamente necesario para mantener la producci\u00f3n de hormonas en los test\u00edculos. Si usted nota otros efectos no mencionados anteriormente, p\u00f3ngase en contacto con su m\u00e9dico.<\/p>\n<p><b>informaci\u00f3n<\/b><\/p>\n<p>Mantenga Anadrol en un recipiente herm\u00e9ticamente cerrado y fuera del alcance de los ni\u00f1os. Anadrol conservar a temperatura ambiente y lejos del calor excesivo y la humedad (no en el ba\u00f1o).<\/p>\n<h3>Lee mas<\/h3>\n<p><a href=\"http:\/\/getanabolics.biz\/es\/grandes-resultados-del-mejor-acetato-de-trenbolona\/\">GRANDES RESULTADOS DEL MEJOR ACETATO DE TRENBOLONE<\/a><\/p>\n<p><a href=\"http:\/\/getanabolics.biz\/es\/todo-lo-que-usted-necesita-saber-sobre-anadrol\/\">TODO LO QUE NECESITA SABER SOBRE ANADROL<\/a><\/p>\n<p><a href=\"http:\/\/getanabolics.biz\/es\/el-efecto-de-los-esteroides-en-la-piel-humana\/\">EL EFECTO DE LOS ESTEROIDES EN LA PIEL HUMANA<\/a><\/p>\n<p><a href=\"http:\/\/getanabolics.biz\/es\/reuna-una-masa-seca-sin-efectos-secundarios\/\">RE\u00daNA UNA MISA SECA SIN EFECTOS SECUNDARIOS<\/a><\/p>\n<p>\u00bf<a href=\"http:\/\/getanabolics.biz\/es\/cual-deberia-ser-la-duracion-del-ciclo-de-esteroides\/\">CU\u00c1L DEBE SER LA DURACI\u00d3N DEL CURSO DE ESTEROIDES?<\/a><\/p>\n","protected":false},"excerpt":{"rendered":"<p>Paquete: 50 fichas de cada uno de ellos contiene 50 mg de Oximetolona<br \/>Fabricante: Alpha-Pharma<br \/>Nombre de la marca: Anadrol<br \/>Conocido como: Oxydrolone<\/p>\n","protected":false},"featured_media":337,"comment_status":"open","ping_status":"closed","template":"","meta":[],"product_cat":[108,115],"product_tag":[75],"_links":{"self":[{"href":"https:\/\/getanabolics.biz\/es\/wp-json\/wp\/v2\/product\/889"}],"collection":[{"href":"https:\/\/getanabolics.biz\/es\/wp-json\/wp\/v2\/product"}],"about":[{"href":"https:\/\/getanabolics.biz\/es\/wp-json\/wp\/v2\/types\/product"}],"replies":[{"embeddable":true,"href":"https:\/\/getanabolics.biz\/es\/wp-json\/wp\/v2\/comments?post=889"}],"wp:featuredmedia":[{"embeddable":true,"href":"https:\/\/getanabolics.biz\/es\/wp-json\/wp\/v2\/media\/337"}],"wp:attachment":[{"href":"https:\/\/getanabolics.biz\/es\/wp-json\/wp\/v2\/media?parent=889"}],"wp:term":[{"taxonomy":"product_cat","embeddable":true,"href":"https:\/\/getanabolics.biz\/es\/wp-json\/wp\/v2\/product_cat?post=889"},{"taxonomy":"product_tag","embeddable":true,"href":"https:\/\/getanabolics.biz\/es\/wp-json\/wp\/v2\/product_tag?post=889"}],"curies":[{"name":"wp","href":"https:\/\/api.w.org\/{rel}","templated":true}]}}