{"id":887,"date":"2017-04-27T10:31:41","date_gmt":"2017-04-27T11:44:52","guid":{"rendered":"http:\/\/getanabolics.biz\/product\/danabol-500-tabletas-cada-tableta-contiene-10-mg-de-methandienone-alpha-pharma\/"},"modified":"2018-06-25T07:09:39","modified_gmt":"2018-06-25T07:09:39","slug":"danabol-500-tabletas-cada-tableta-contiene-10-mg-de-methandienone-alpha-pharma","status":"publish","type":"product","link":"https:\/\/getanabolics.biz\/es\/producto\/danabol-500-tabletas-cada-tableta-contiene-10-mg-de-methandienone-alpha-pharma\/","title":{"rendered":"Danabol &#8211; Alpha-Pharma"},"content":{"rendered":"<h2>Comprar Danabol &#8211; Alpha-Pharma (Alphabol)<\/h2>\n<p><a title=\"Comprar Danabol en GetAnabolics\"><img src=\"http:\/\/getanabolics.biz\/images\/danabol-10-500-lap.jpg\" width=\"30%\" align=\"right\" \/><\/a><br \/>\nPara aquellos que buscan Danabol y preguntando d\u00f3nde comprar Danabol de Alpha-Pharma legalmente ofrecemos Alphabol como la mejor opci\u00f3n real para los culturistas.<br \/>\nA partir de ahora en una gran variedad de esteroides inyectables, as\u00ed como de los esteroides orales y terapia post ciclo de Alpha-Pharma puede ser comprado en <b>GetAnabolics<\/b>. Estamos encantados de presentar la nueva Danabol de <span style=\"font-weight: bold;\">Alpha-Pharma<\/span>.<br \/>\n<em>Todos los productos que tiene para ofrecer son aut\u00e9nticos, de alta calidad de compuestos y tienen un \u00fanico objetivo: ayudar a la gente a la ganancia de masa muscular, la fuerza general, a quemar grasas y a ayudarlos en el camino de la perfecci\u00f3n f\u00edsica. Con el fin de crear una constructivo y civilizado relaci\u00f3n con nuestros clientes, vamos a hacer el m\u00e1ximo esfuerzo para asegurar un servicio de alta calidad y enfoque de cada persona que la direcci\u00f3n de nuestra tienda con cortes\u00eda y respeto.<\/em><br \/>\nConstruir y mantener un cuerpo perfecto, se requiere una combinaci\u00f3n de m\u00e9todos. Una dieta adecuada es la primera en la lista de los componentes esenciales que el cuerpo necesita. En segundo lugar, aseg\u00farese de que usted siempre compra y uso legal de los esteroides en l\u00ednea no s\u00f3lo para evitar conflictos con la ley, pero lo que es m\u00e1s importante, para evitar complicaciones de salud.<br \/>\n<span style=\"font-weight: bold;\">GetAnabolics.Biz<\/span> es la l\u00ednea de esteroides proveedor especialmente creado y dedicado a proporcionar a cada atleta y culturista con los mejores esteroides anab\u00f3licos en los precios de descuento. Hemos elegido la mayor\u00eda de marcas confiables para colaborar con el fin de garantizar la seguridad, original y de alto nivel de esteroides para nuestros clientes.<br \/>\n<em>Env\u00edo de esteroides muy segura es la principal preocupaci\u00f3n para la entrega de esteroides a nivel mundial. Nuestro discreto garantiza que nadie m\u00e1s sabe que usted comprar esteroides en l\u00ednea.<\/em><\/p>\n<h2>M\u00e1s Danabol Alpha-Pharma Informaci\u00f3n<\/h2>\n<p><b>500 tabletas cada tableta contiene 10 mg de Methandienone<\/b><\/p>\n<p><strong>Clase de medicamento: Oral Androg\u00e9nico\/Anab\u00f3lico esteroide<\/strong><br \/>\n<strong> La dosis media recomendada: Entre 15 y 50 mg\/d\u00eda para los hombres y entre 5 y 10 mg\/d\u00eda para las mujeres.<\/strong><br \/>\n<strong> Vida activa: Entre 6 a 8 horas<\/strong><br \/>\n<strong> Retenci\u00f3n de agua: S\u00ed<\/strong><br \/>\n<strong> T\u00f3xicos para el h\u00edgado: S\u00ed<\/strong><br \/>\n<strong> Disminuye la funci\u00f3n ATAR: S\u00ed, depende de la dosis y el ciclo.<\/strong><br \/>\n<strong> DHT de Conversi\u00f3n: No<\/strong><\/p>\n<h1>Dianabol en venta<\/h1>\n<p><a href=\"http:\/\/getanabolics.biz\/es\/producto\/dianabol-100-tabs-each-contains-10-mg-methandienone\/\">Dianabol <\/a>primero fue creado por el Dr. John Ziegler y fue el primero fabricado y comercializado en la d\u00e9cada de 1960 por Ciba productos Farmac\u00e9uticos. Es uno de los esteroides anab\u00f3licos m\u00e1s populares y fue el primer oral de los esteroides anab\u00f3licos, para ser sintetizado. Es uno de los m\u00e1s poderosos de los esteroides anab\u00f3licos disponibles y es tan potente como la testosterona y es utilizado ampliamente por los atletas. Dbol es m\u00e1s que popularmente se conoce como Dbol y es de los esteroides anab\u00f3licos de la hormona Methandrostenolone. Este esteroides, hormona tiene efectos anab\u00f3licos y androg\u00e9nicos moderada rasgos. Esto permite Dbol a ser muy eficaz cuando se utiliza para aumentar la masa muscular y la fuerza.<\/p>\n<p><em>Dbol para la venta es el esteroide oral forma de Methandrostenolone, que est\u00e1 disponible por separado en forma inyectable. Dbol es una forma muy r\u00e1pida de acci\u00f3n prolongada de esteroides, como se indica por su activa vida y es el m\u00e1s utilizado para construir la masa y la fuerza en los ciclos de bulking. Tiene uno de los m\u00e1s corta vida media de todas oral de los esteroides anab\u00f3licos y, como resultado, es muy eficaz para impulsar el inicio de un ciclo al principio del ciclo. <a href=\"http:\/\/getanabolics.biz\/es\/producto\/dianabol-buy-d-bol-100-tabs-each-contains-10-mg-methandienone\/\">Dianabol <\/a>tambi\u00e9n puede ser utilizado en posteriores etapas de un ciclo donde los usuarios necesitan para eliminar las mesetas.<\/em><\/p>\n<p>La dosis recomendada para los hombres es de entre 15 y 50 mg por d\u00eda, pero los resultados pueden verse a 20 mg por d\u00eda. 100 mg por d\u00eda es la cantidad m\u00e1xima de Dbol que nadie utilice. Para las mujeres, la dosis es mucho menor a entre 5 y 10 mg\/d\u00eda. 30 mg al d\u00eda es la dosis recomendada para los principiantes y como Dbol es muy es muy fuerte, la dosis no es suficiente a veces.<\/p>\n<p><em>Dianabol aumenta la s\u00edntesis de prote\u00ednas, y como resultado es el m\u00e1s utilizado para construir la masa y la fuerza. Dbol tambi\u00e9n aumenta magra de masa muscular libre de grasa y la retenci\u00f3n de nitr\u00f3geno en los m\u00fasculos, que es mayor que la ofrecida por otros esteroides anab\u00f3licos. Tambi\u00e9n permite a los usuarios a conservar la masa muscular cuando se est\u00e1 en una restricci\u00f3n de calor\u00edas de la dieta. Sin embargo, como un esteroide oral, es un 17 AA esteroide que reduce la aromatizaci\u00f3n de este esteroide. Esto hace que sea muy t\u00f3xica para el h\u00edgado. Tambi\u00e9n puede causar presi\u00f3n arterial alta y las personas que sufren de presi\u00f3n arterial alta no deben comprar Dianabol. Como el f\u00e1rmaco se aromatiza, efectos secundarios relacionados con el estr\u00f3geno, tales como la Ginecomastia se puede esperar.<\/em><\/p>\n<p>Comprar Dianabol pastillas ahora que es el m\u00e1s popular de los esteroides anab\u00f3licos, jam\u00e1s se ha hecho. Tenga en cuenta que todas oral de los esteroides anab\u00f3licos no deben usarse m\u00e1s de 6 semanas.<\/p>\n<h3>Lee mas<\/h3>\n<p><a href=\"http:\/\/getanabolics.biz\/es\/comprar-dianabol-en-linea-en-getanabolics-biz\/\">COMPRAR DIANABOL ONLINE EN GETANABOLICS.BIZ<\/a><\/p>\n<p><a href=\"http:\/\/getanabolics.biz\/es\/winstrol-que-es-y-para-que-sirve\/\">WINSTROL, \u00bfQU\u00c9 ES Y PARA QU\u00c9 SIRVE?<\/a><\/p>\n<p><a href=\"http:\/\/getanabolics.biz\/es\/cytomel-t3-comentarios-sobre-getanabolics-biz\/\">REVISIONES CYTOMEL T3 EN GETANABOLICS.BIZ<\/a><\/p>\n<p><a href=\"http:\/\/getanabolics.biz\/es\/pausa-entre-cursos-de-esteroides-y-pct\/\">PAUSA ENTRE CURSOS DE ESTEROIDES Y PCT<\/a><\/p>\n<p><a href=\"http:\/\/getanabolics.biz\/es\/que-tan-efectivo-es-el-puente-de-esteroides\/\">\u00bfCU\u00c1N EFECTIVO ES EL PUENTE ESTEROIDE?<\/a><\/p>\n","protected":false},"excerpt":{"rendered":"<p>Paquete: 50 tabletas cada tableta contiene 10 mg de Methandienone<br \/>Fabricante: Alpha-Pharma<br \/>Nombre de la marca: Danabol<br \/>Conocido como: Alphabol<\/p>\n","protected":false},"featured_media":325,"comment_status":"open","ping_status":"closed","template":"","meta":[],"product_cat":[108,115],"product_tag":[75],"_links":{"self":[{"href":"https:\/\/getanabolics.biz\/es\/wp-json\/wp\/v2\/product\/887"}],"collection":[{"href":"https:\/\/getanabolics.biz\/es\/wp-json\/wp\/v2\/product"}],"about":[{"href":"https:\/\/getanabolics.biz\/es\/wp-json\/wp\/v2\/types\/product"}],"replies":[{"embeddable":true,"href":"https:\/\/getanabolics.biz\/es\/wp-json\/wp\/v2\/comments?post=887"}],"wp:featuredmedia":[{"embeddable":true,"href":"https:\/\/getanabolics.biz\/es\/wp-json\/wp\/v2\/media\/325"}],"wp:attachment":[{"href":"https:\/\/getanabolics.biz\/es\/wp-json\/wp\/v2\/media?parent=887"}],"wp:term":[{"taxonomy":"product_cat","embeddable":true,"href":"https:\/\/getanabolics.biz\/es\/wp-json\/wp\/v2\/product_cat?post=887"},{"taxonomy":"product_tag","embeddable":true,"href":"https:\/\/getanabolics.biz\/es\/wp-json\/wp\/v2\/product_tag?post=887"}],"curies":[{"name":"wp","href":"https:\/\/api.w.org\/{rel}","templated":true}]}}