{"id":886,"date":"2017-04-27T10:33:38","date_gmt":"2017-04-27T11:44:52","guid":{"rendered":"http:\/\/getanabolics.biz\/product\/hgh-1-frasco-de-10iu-somatropin-maxtreme\/"},"modified":"2018-01-18T12:49:12","modified_gmt":"2018-01-18T12:49:12","slug":"hgh-1-vial-of-10iu-somatropin","status":"publish","type":"product","link":"https:\/\/getanabolics.biz\/es\/producto\/hgh-1-vial-of-10iu-somatropin\/","title":{"rendered":"HGH &#8211; Maxtreme"},"content":{"rendered":"<h2>Comprar HGH &#8211; Maxtreme (Soma-Max)<\/h2>\n<p><a title=\"Comprar HGH en GetAnabolics\"><img src=\"http:\/\/getanabolics.biz\/images\/tropin-fitness-100IU-ifetech-1.jpg\" width=\"30%\" align=\"right\" \/><\/a><br \/>\nPara aquellos que buscan HGH y preguntando d\u00f3nde comprar HGH de Maxtreme legalmente ofrecemos Soma-Max como la mejor opci\u00f3n real para los culturistas.<br \/>\nA partir de ahora en una gran variedad de esteroides inyectables, as\u00ed como de los esteroides orales y terapia post ciclo de Maxtreme puede ser comprado en <b>GetAnabolics<\/b>. Estamos encantados de presentar la nueva HGH de <span style=\"font-weight: bold;\">Maxtreme<\/span>.<br \/>\n<em>Todos los productos que tiene para ofrecer son aut\u00e9nticos, de alta calidad de compuestos y tienen un \u00fanico objetivo: ayudar a la gente a la ganancia de masa muscular, la fuerza general, a quemar grasas y a ayudarlos en el camino de la perfecci\u00f3n f\u00edsica. Con el fin de crear una constructivo y civilizado relaci\u00f3n con nuestros clientes, vamos a hacer el m\u00e1ximo esfuerzo para asegurar un servicio de alta calidad y enfoque de cada persona que la direcci\u00f3n de nuestra tienda con cortes\u00eda y respeto.<\/em><br \/>\nConstruir y mantener un cuerpo perfecto, se requiere una combinaci\u00f3n de m\u00e9todos. Una dieta adecuada es la primera en la lista de los componentes esenciales que el cuerpo necesita. En segundo lugar, aseg\u00farese de que usted siempre compra y uso legal de los esteroides en l\u00ednea no s\u00f3lo para evitar conflictos con la ley, pero lo que es m\u00e1s importante, para evitar complicaciones de salud.<br \/>\n<em><span style=\"font-weight: bold;\">GetAnabolics.Biz<\/span> es la l\u00ednea de esteroides proveedor especialmente creado y dedicado a proporcionar a cada atleta y culturista con los mejores esteroides anab\u00f3licos en los precios de descuento. Hemos elegido la mayor\u00eda de marcas confiables para colaborar con el fin de garantizar la seguridad, original y de alto nivel de esteroides para nuestros clientes.<\/em><br \/>\nEnv\u00edo de esteroides muy segura es la principal preocupaci\u00f3n para la entrega de esteroides a nivel mundial. Nuestro discreto garantiza que nadie m\u00e1s sabe que usted comprar esteroides en l\u00ednea.<\/p>\n<h2>M\u00e1s HGH Maxtreme Informaci\u00f3n<\/h2>\n<p><b>1 frasco de 10IU Somatropin<\/b><\/p>\n<ul>\n<li><strong>Laboratorio: Lifetech Laboratorios<\/strong><\/li>\n<li><strong>Forma: Inyecci\u00f3n<\/strong><\/li>\n<li><strong>Mol\u00e9cula: Somatropin<\/strong><\/li>\n<li><strong>Concentraci\u00f3n: 10 UI \/ vial<\/strong><\/li>\n<li><strong>Presentaci\u00f3n: 10 viales de 10 UI<\/strong><\/li>\n<li><strong>dosis Recomendada: 3.33 UI \/ d\u00eda (antes del desayuno)<\/strong><\/li>\n<li><strong>Diluci\u00f3n: Utilizar 1 ml de agua esterilizada<\/strong><\/li>\n<li><strong>vial de Dosis: 3 * 3.33 IU (1 vial de 3 d\u00edas)<\/strong><\/li>\n<li><strong>la Dosis de la inyecci\u00f3n: 3.33 UI = 0,33 ml (33 unidades en jeringa de insulina)<\/strong><\/li>\n<\/ul>\n<div>\n<h3>Lo Biotropin HGH<\/h3>\n<blockquote><p>la hormona de Crecimiento (HGH o GH), tambi\u00e9n conocida como somatotropina, es una hormona pept\u00eddica que <strong>estimula el crecimiento, la reproducci\u00f3n celular y la regeneraci\u00f3n de la<\/strong> en los seres humanos.<\/p>\n<p>la hormona de Crecimiento es un <strong>191 amino\u00e1cidos<\/strong>, de una sola cadena polipept\u00eddica que es producida por las c\u00e9lulas somatotr\u00f3picas de la gl\u00e1ndula pituitaria anterior.<\/p>\n<p>la Somatotropina act\u00faa mediante la estimulaci\u00f3n de la liberaci\u00f3n de otra hormona llamada somatomedina por el h\u00edgado <strong>estimular el crecimiento de las c\u00e9lulas del cuerpo<\/strong>.<\/p>\n<p>la GH es una hormona del estr\u00e9s que incrementa la concentraci\u00f3n de glucosa y \u00e1cidos grasos libres. Tambi\u00e9n estimula la producci\u00f3n de IGF-1.<\/p><\/blockquote>\n<\/div>\n<div>\n<h3>Biotropin HGH Posolog\u00eda<\/h3>\n<p>Biotropin\u00ae por Lifetech Laboratorios se administra como una inyecci\u00f3n.<\/p>\n<p>Reconstituir con 1 ml de agua est\u00e9ril es lo mejor, pero agua bacteriost\u00e1tica (cloruro de sodio 0.9%) o soluci\u00f3n salina normal (0.9% de NaCI) tambi\u00e9n puede ser utilizado.<\/p>\n<p>no deje caer el agua directamente en el polvo, pero <strong>deja que el agua se deslice lentamente hacia abajo en el interior de la pared del frasco. Manejar con cuidado y no agite el frasco.<\/strong><\/p>\n<p>Ponga el frasco en el refrigerador. Despu\u00e9s de unos 30 minutos, el polvo debe ser disuelto en l\u00edquido claro, listo para la inyecci\u00f3n.<\/p>\n<p>Inyectar la dosis recomendada en la capa de grasa debajo de la piel.<\/p>\n<p>se recomienda tomar Biotropin\u00ae en el <strong>misma hora cada d\u00eda, una vez al d\u00eda<\/strong>.<\/p>\n<p>es mejor evitar tomar Biotropin\u00ae antes de acostarse, ya que el cuerpo libera su end\u00f3geno HGH durante el sue\u00f1o profundo ciclo. Si usted toma la dosis antes de acostarse podr\u00eda interferir con su end\u00f3gena de la liberaci\u00f3n de HGH.<\/p>\n<\/div>\n<div>\n<h3>Biotropin HGH Almacenamiento<\/h3>\n<p><strong>Antes de la reconstituci\u00f3n (liofilizado \/ liofilizado en polvo):<\/strong><\/p>\n<ul>\n<li><strong>se Pueden almacenar en la nevera (2\u00b0C a 8\u00b0C = 35\u00b0c a 47\u00b0F) durante 36 meses.<\/strong><\/li>\n<li><strong>Puede ser almacenado a Temperatura ambiente (hasta 37\u00b0C = 99\u00b0F) durante 90 d\u00edas.<\/strong><\/li>\n<\/ul>\n<p><strong>Despu\u00e9s de la reconstituci\u00f3n (l\u00edquido):<\/strong><\/p>\n<ul>\n<li><strong>se Pueden almacenar en la nevera (2\u00b0C a 8\u00b0C = 35\u00b0c a 47\u00b0F) durante 5 d\u00edas.<\/strong><\/li>\n<\/ul>\n<p><em>Lifetech Laboratorios y Lifetech Laboratorios certificados oficiales de socios siempre almacene los productos en laboratorio profesional refrigerador. El tiempo de transporte a temperatura ambiente, no tiene el efecto en la calidad del producto de la degradaci\u00f3n.<\/em><\/p>\n<p>Antes de dar una inyecci\u00f3n, compruebe la fecha de caducidad indicada en el vial. No lo use si ha caducado. No inyecte el medicamento si la soluci\u00f3n est\u00e1 turbia.<\/p>\n<p>una Vez reconstituido el producto, una Hormona de Crecimiento se vuelven fr\u00e1giles y deben ser manipulados con precauci\u00f3n y no debe ser sacudido.<\/p>\n<p>es la raz\u00f3n por la Lifetech Laboratorios ocurri\u00f3 con el concepto de <strong>\u00abUn vial = 3 d\u00edas.\u00bb<\/strong><\/p>\n<p>Nuestra dosis recomendada es calculado para una vida \u00fatil de 3 d\u00edas para garantizar la m\u00e1xima calidad de nuestro producto sin degradaci\u00f3n.<\/p>\n<p><strong>Facilidad de uso es uno de Lifetech Laboratorios concepto clave.<\/strong><\/p>\n<\/div>\n<div>\n<h3>Biotropin HGH Beneficios<\/h3>\n<p>en Funci\u00f3n de los usuarios y la dosis, Biotropin\u00ae por Lifetech Labs proporciona algunos de los principales siguiente la salud y la est\u00e9tica beneficios:<\/p>\n<ul>\n<li>una piel m\u00e1s Suave (primera nota sobre todo en el dorso de la mano y m\u00e1s tarde en el cuerpo)<\/li>\n<li>m\u00e1s R\u00e1pido el cabello y el crecimiento de las u\u00f1as<\/li>\n<li>Altos niveles de energ\u00eda<\/li>\n<li>energ\u00eda m\u00e1s R\u00e1pido de recuperaci\u00f3n despu\u00e9s de la actividad f\u00edsica<\/li>\n<li>la p\u00e9rdida de grasa Corporal<\/li>\n<li>el crecimiento Muscular<\/li>\n<\/ul>\n<p>La cantidad de m\u00fasculo ganado mediante el uso de Biotropin\u00ae depende de muchos factores, incluyendo la actividad f\u00edsica, la gen\u00e9tica, la dieta, la edad, la calidad y cantidad de sue\u00f1o, estilo de vida, y el uso previo de esteroides o de hGH.<\/p>\n<p><strong>Una sana primera vez Biotropin\u00ae usuario que est\u00e1 en buen estado (funciona 3-5 veces por semana, duerme al menos 7 horas por noche y come una dieta rica en prote\u00ednas) pueden esperar ganar alrededor de un 25% de masa muscular en un plazo de 4 a 5 meses. <\/strong><\/p>\n<p>Se puede tomar un par de semanas antes de ver los resultados de tu Biotropin\u00ae la terapia. Usted puede no notar los cambios en primera como <strong>resultados viene progresivamente<\/strong>. Si usted toma <strong>Biotropin\u00ae todos los d\u00edas, usted mejorar\u00e1 la probabilidad de resultados positivos<\/strong>. Los resultados, posiblemente, puede variar seg\u00fan los individuos.<\/p>\n<h3>Lee mas<\/h3>\n<p><a href=\"http:\/\/getanabolics.biz\/es\/comprar-clomid-en-linea-en-getanabolics-biz\/\">COMPRAR CLOMID ONLINE EN GETANABOLICS.BIZ<\/a><\/p>\n<p><a href=\"http:\/\/getanabolics.biz\/es\/hormona-del-crecimiento-hgh-los-hechos-mas-importantes\/\">HORMONA DE CRECIMIENTO HGH &#8211; LOS HECHOS M\u00c1S IMPORTANTES<\/a><\/p>\n<p><a href=\"http:\/\/getanabolics.biz\/es\/caracteristicas-de-los-cursos-cortos-de-esteroides\/\">CARACTER\u00cdSTICAS DE LOS CURSOS CORTOS DE ESTEROIDES<\/a><\/p>\n<p><a href=\"http:\/\/getanabolics.biz\/es\/pausa-entre-cursos-de-esteroides-y-pct\/\">PAUSA ENTRE CURSOS DE ESTEROIDES Y PCT<\/a><\/p>\n<p><a href=\"http:\/\/getanabolics.biz\/es\/que-tan-efectivo-es-el-puente-de-esteroides\/\">\u00bfCU\u00c1N EFECTIVO ES EL PUENTE ESTEROIDE?<\/a><\/p>\n<\/div>\n","protected":false},"excerpt":{"rendered":"<p>Paquete: 1 frasco de 10IU Somatropin<br \/>Fabricante: Maxtreme<br \/>Nombre de la marca: HGH<br \/>Conocido como: Soma-Max<\/p>\n","protected":false},"featured_media":589,"comment_status":"open","ping_status":"closed","template":"","meta":[],"product_cat":[97],"product_tag":[71],"_links":{"self":[{"href":"https:\/\/getanabolics.biz\/es\/wp-json\/wp\/v2\/product\/886"}],"collection":[{"href":"https:\/\/getanabolics.biz\/es\/wp-json\/wp\/v2\/product"}],"about":[{"href":"https:\/\/getanabolics.biz\/es\/wp-json\/wp\/v2\/types\/product"}],"replies":[{"embeddable":true,"href":"https:\/\/getanabolics.biz\/es\/wp-json\/wp\/v2\/comments?post=886"}],"wp:featuredmedia":[{"embeddable":true,"href":"https:\/\/getanabolics.biz\/es\/wp-json\/wp\/v2\/media\/589"}],"wp:attachment":[{"href":"https:\/\/getanabolics.biz\/es\/wp-json\/wp\/v2\/media?parent=886"}],"wp:term":[{"taxonomy":"product_cat","embeddable":true,"href":"https:\/\/getanabolics.biz\/es\/wp-json\/wp\/v2\/product_cat?post=886"},{"taxonomy":"product_tag","embeddable":true,"href":"https:\/\/getanabolics.biz\/es\/wp-json\/wp\/v2\/product_tag?post=886"}],"curies":[{"name":"wp","href":"https:\/\/api.w.org\/{rel}","templated":true}]}}