{"id":884,"date":"2017-04-27T10:33:38","date_gmt":"2017-04-27T11:42:09","guid":{"rendered":"http:\/\/getanabolics.biz\/product\/trenbolone-acetate-10-amperios-cada-uno-1-ampolla-tiene-100-mg-de-acetato-de-trembolona-maxtreme\/"},"modified":"2018-01-18T07:52:03","modified_gmt":"2018-01-18T07:52:03","slug":"trenbolone-acetate-10-amps-each-1-ampoule-has-100mg-trenbolone-acetate","status":"publish","type":"product","link":"https:\/\/getanabolics.biz\/es\/producto\/trenbolone-acetate-10-amps-each-1-ampoule-has-100mg-trenbolone-acetate\/","title":{"rendered":"Trenbolone Acetate &#8211; Maxtreme"},"content":{"rendered":"<h2>Comprar Trenbolone Acetate &#8211; Maxtreme (Tren-Ace-Max)<\/h2>\n<p><a title=\"Comprar Trenbolone Acetate en GetAnabolics\"><img src=\"http:\/\/getanabolics.biz\/images\/finexal.jpg\" width=\"30%\" align=\"right\" \/><\/a><br \/>\nPara aquellos que buscan Trenbolone Acetate y preguntando d\u00f3nde comprar Trenbolone Acetate de Maxtreme legalmente ofrecemos Tren-Ace-Max como la mejor opci\u00f3n real para los culturistas.<br \/>\nA partir de ahora en una gran variedad de esteroides inyectables, as\u00ed como de los esteroides orales y terapia post ciclo de Maxtreme puede ser comprado en <b>GetAnabolics<\/b>. Estamos encantados de presentar la nueva Trenbolone Acetate de <span style=\"font-weight: bold;\">Maxtreme<\/span>.<br \/>\nTodos los productos que tiene para ofrecer son aut\u00e9nticos, de alta calidad de compuestos y tienen un \u00fanico objetivo: ayudar a la gente a la ganancia de masa muscular, la fuerza general, a quemar grasas y a ayudarlos en el camino de la perfecci\u00f3n f\u00edsica. Con el fin de crear una constructivo y civilizado relaci\u00f3n con nuestros clientes, vamos a hacer el m\u00e1ximo esfuerzo para asegurar un servicio de alta calidad y enfoque de cada persona que la direcci\u00f3n de nuestra tienda con cortes\u00eda y respeto.<br \/>\nConstruir y mantener un cuerpo perfecto, se requiere una combinaci\u00f3n de m\u00e9todos. Una dieta adecuada es la primera en la lista de los componentes esenciales que el cuerpo necesita. En segundo lugar, aseg\u00farese de que usted siempre compra y uso legal de los esteroides en l\u00ednea no s\u00f3lo para evitar conflictos con la ley, pero lo que es m\u00e1s importante, para evitar complicaciones de salud.<br \/>\n<span style=\"font-weight: bold;\">GetAnabolics.Biz<\/span> es la l\u00ednea de esteroides proveedor especialmente creado y dedicado a proporcionar a cada atleta y culturista con los mejores esteroides anab\u00f3licos en los precios de descuento. Hemos elegido la mayor\u00eda de marcas confiables para colaborar con el fin de garantizar la seguridad, original y de alto nivel de esteroides para nuestros clientes.<br \/>\nEnv\u00edo de esteroides muy segura es la principal preocupaci\u00f3n para la entrega de esteroides a nivel mundial. Nuestro discreto garantiza que nadie m\u00e1s sabe que usted comprar esteroides en l\u00ednea.<\/p>\n<h2>M\u00e1s Trenbolone Acetate Maxtreme Informaci\u00f3n<\/h2>\n<p><b>10 amperios cada uno 1 ampolla tiene 100 mg de Acetato de Trembolona<\/b><\/p>\n<p><strong>Clase de medicamento: Inyectable androg\u00e9nicos y anab\u00f3licos esteroides.<\/strong><br \/>\n<strong> Media recomendada dosis: 75 mg por d\u00eda o cada 2 d\u00edas para los hombres<\/strong><br \/>\n<strong> Active la vida: Alrededor de 2 d\u00edas<\/strong><br \/>\n<strong> Retenci\u00f3n de agua: No<\/strong><br \/>\n<strong> T\u00f3xicos para el h\u00edgado: S\u00ed<\/strong><br \/>\n<strong> Disminuye la funci\u00f3n ATAR: S\u00ed<\/strong><br \/>\n<strong> DHT de Conversi\u00f3n: No<\/strong><br \/>\n<strong> Aromatizaci\u00f3n: No<\/strong><\/p>\n<blockquote><p>El Acetato de trembolona es uno de los m\u00e1s poderosos de los esteroides anab\u00f3licos por ah\u00ed y que muchos de los atletas y los constructores del cuerpo es la m\u00e1s poderosa y efectiva de esteroides. Este esteroide es un veterinario grado de esteroides anab\u00f3licos androg\u00e9nicos. La hormona de Trembolona fue sintetizado por primera vez en la d\u00e9cada de 1960 y desde entonces se ha convertido en uno de los m\u00e1s esteroide popular entre los atletas y los constructores del cuerpo. Este esteroide proporciona los beneficios del resto de los esteroides anab\u00f3licos en una mucho m\u00e1s limpio de la moda.<\/p><\/blockquote>\n<p>Esta hormona es un 19-nor de esteroides que hace que sea similar a la de Deca Durabolin. Debido a su estructura \u00fanica, que no aromatiza, lo que elimina los estr\u00f3genos relacionados con los efectos secundarios. Esto tambi\u00e9n hace que sea mucho m\u00e1s eficiente y m\u00e1s seguro que los productos de la testosterona. Trenlobone Acetato es muy potente como el \u00e9ster de acetato comprende una peque\u00f1a parte de la mol\u00e9cula. Como resultado de su potencia, su dosis recomendada es menor que la de los productos de la testosterona. La dosis recomendada es de entre 35 y 150 mg por d\u00eda. De 50 a 75 mg por d\u00eda es ideal para la carga y la fuerza de mejora. Debido a su fuerte naturaleza androg\u00e9nica, a las mujeres se les aconseja no utilizar este esteroide.<\/p>\n<p><em>Existen numerosos beneficios para el uso <a href=\"http:\/\/getanabolics.biz\/es\/producto\/trenbolone-acetate-10ml-ampolla-contiene-1000-mg-100-mgml-acetato-de-trembolona-alpha-pharma\/\">de Trenlobone Acetato.<\/a> Lo que es m\u00e1s importante, se promueve la retenci\u00f3n de nitr\u00f3geno y la s\u00edntesis de prote\u00ednas que permite aumentar de masa muscular de manera dr\u00e1stica. Como tiene una mayor afinidad a los receptores de andr\u00f3genos que la testosterona, la ganancia en masa muscular es a menudo mejor que con el uso de testosterona. Tiene propiedades anticatab\u00f3licas que bloquean el efecto de las hormonas glucocorticoides y previene la p\u00e9rdida de masa muscular. En la medida que promueve el crecimiento muscular y reduce la p\u00e9rdida de masa muscular, tambi\u00e9n aumenta la tasa metab\u00f3lica y la quema de grasa. Tambi\u00e9n mejora la calidad del tejido muscular.<\/em><\/p>\n<p><a href=\"http:\/\/getanabolics.biz\/es\/producto\/trenbolone-acetate-10ml-ampolla-contiene-1000-mg-100-mgml-acetato-de-trembolona-alpha-pharma\/\">Trenlobone Acetato<\/a> tambi\u00e9n aumenta la producci\u00f3n de IGF-1 en el cuerpo. IGF-1 es b\u00e1sicamente responsable por el crecimiento vital funciones relacionadas. Como resultado, el uso de Trenlobone Acetato tambi\u00e9n promueve la curaci\u00f3n, la reparaci\u00f3n, el aumento en la resistencia \u00f3sea y la densidad, la mejora en el cart\u00edlago y el tejido conectivo y el aumento en el tejido nervioso. Este esteroide se utiliza a menudo en grandes dosis para estimular el sistema nervioso y promueve la curaci\u00f3n.<\/p>\n<p><em>Aunque es muy potente, no tiene efectos secundarios estrog\u00e9nicos, ya que no aromatiza. Los efectos secundarios androg\u00e9nicos como el acn\u00e9, aumento del vello facial y corporal, comportamiento agresivo, agrandamiento de la pr\u00f3stata y piel grasa se puede esperar con el uso de este esteroide. Atrofia Testicular debe ser esperado por los usuarios y <a href=\"http:\/\/getanabolics.biz\/es\/producto\/trenbolone-acetate-10ml-ampolla-contiene-1000-mg-100-mgml-acetato-de-trembolona-alpha-pharma\/\">Trenlobone Acetato<\/a> de uso tambi\u00e9n puede afectar a la funci\u00f3n renal y hep\u00e1tica.<\/em><\/p>\n<h3>Lee mas<\/h3>\n<p><a href=\"http:\/\/getanabolics.biz\/es\/grandes-resultados-del-mejor-acetato-de-trenbolona\/\">GRANDES RESULTADOS DEL MEJOR ACETATO DE TRENBOLONE<\/a><\/p>\n<p><a href=\"http:\/\/getanabolics.biz\/es\/todo-lo-que-usted-necesita-saber-sobre-anadrol\/\">TODO LO QUE NECESITA SABER SOBRE ANADROL<\/a><\/p>\n<p><a href=\"http:\/\/getanabolics.biz\/es\/el-efecto-de-los-esteroides-en-la-piel-humana\/\">EL EFECTO DE LOS ESTEROIDES EN LA PIEL HUMANA<\/a><\/p>\n<p><a href=\"http:\/\/getanabolics.biz\/es\/reuna-una-masa-seca-sin-efectos-secundarios\/\">RE\u00daNA UNA MISA SECA SIN EFECTOS SECUNDARIOS<\/a><\/p>\n<p>\u00bf<a href=\"http:\/\/getanabolics.biz\/es\/cual-deberia-ser-la-duracion-del-ciclo-de-esteroides\/\">CU\u00c1L DEBE SER LA DURACI\u00d3N DEL CURSO DE ESTEROIDES?<\/a><\/p>\n","protected":false},"excerpt":{"rendered":"<p>Paquete: 10 amperios cada uno 1 ampolla tiene 100 mg de Acetato de Trembolona<br \/>Fabricante: Maxtreme<br \/>Nombre de la marca: Trenbolone Acetate<br \/>Conocido como: Tren-Ace-Max<\/p>\n","protected":false},"featured_media":577,"comment_status":"open","ping_status":"closed","template":"","meta":[],"product_cat":[102,115],"product_tag":[71],"_links":{"self":[{"href":"https:\/\/getanabolics.biz\/es\/wp-json\/wp\/v2\/product\/884"}],"collection":[{"href":"https:\/\/getanabolics.biz\/es\/wp-json\/wp\/v2\/product"}],"about":[{"href":"https:\/\/getanabolics.biz\/es\/wp-json\/wp\/v2\/types\/product"}],"replies":[{"embeddable":true,"href":"https:\/\/getanabolics.biz\/es\/wp-json\/wp\/v2\/comments?post=884"}],"wp:featuredmedia":[{"embeddable":true,"href":"https:\/\/getanabolics.biz\/es\/wp-json\/wp\/v2\/media\/577"}],"wp:attachment":[{"href":"https:\/\/getanabolics.biz\/es\/wp-json\/wp\/v2\/media?parent=884"}],"wp:term":[{"taxonomy":"product_cat","embeddable":true,"href":"https:\/\/getanabolics.biz\/es\/wp-json\/wp\/v2\/product_cat?post=884"},{"taxonomy":"product_tag","embeddable":true,"href":"https:\/\/getanabolics.biz\/es\/wp-json\/wp\/v2\/product_tag?post=884"}],"curies":[{"name":"wp","href":"https:\/\/api.w.org\/{rel}","templated":true}]}}