{"id":883,"date":"2017-04-27T10:33:38","date_gmt":"2017-04-27T11:42:09","guid":{"rendered":"http:\/\/getanabolics.biz\/product\/boldenone-100-1-caja-de-10-ampollas-cada-una-de-las-aplicaciones-que-contiene-100-mg-de-boldenona-undecilenato-maxtreme\/"},"modified":"2018-01-18T09:18:46","modified_gmt":"2018-01-18T09:18:46","slug":"boldenone-100-1-box-of-10-ampoules-each-amp-contains-100-mg-boldenone-undecylenate","status":"publish","type":"product","link":"https:\/\/getanabolics.biz\/es\/producto\/boldenone-100-1-box-of-10-ampoules-each-amp-contains-100-mg-boldenone-undecylenate\/","title":{"rendered":"Boldenone 100 &#8211; Maxtreme"},"content":{"rendered":"<h2>Comprar Boldenone 100 &#8211; Maxtreme (Bold-One)<\/h2>\n<p><a title=\"Comprar Boldenone 100 en GetAnabolics\"><img src=\"http:\/\/getanabolics.biz\/images\/boldmax-400-10-la.jpg\" width=\"30%\" align=\"right\" \/><\/a><br \/>\n<em>Para aquellos que buscan Boldenone 100 y preguntando d\u00f3nde comprar Boldenone 100 de Maxtreme legalmente ofrecemos Bold-One como la mejor opci\u00f3n real para los culturistas.<\/em><br \/>\n<em> A partir de ahora en una gran variedad de esteroides inyectables, as\u00ed como de los esteroides orales y terapia post ciclo de Maxtreme puede ser comprado en <b>GetAnabolics<\/b>. Estamos encantados de presentar la nueva Boldenone 100 de <span style=\"font-weight: bold;\">Maxtreme<\/span>.<\/em><br \/>\n<em> Todos los productos que tiene para ofrecer son aut\u00e9nticos, de alta calidad de compuestos y tienen un \u00fanico objetivo: ayudar a la gente a la ganancia de masa muscular, la fuerza general, a quemar grasas y a ayudarlos en el camino de la perfecci\u00f3n f\u00edsica. Con el fin de crear una constructivo y civilizado relaci\u00f3n con nuestros clientes, vamos a hacer el m\u00e1ximo esfuerzo para asegurar un servicio de alta calidad y enfoque de cada persona que la direcci\u00f3n de nuestra tienda con cortes\u00eda y respeto.<\/em><br \/>\n<em> Construir y mantener un cuerpo perfecto, se requiere una combinaci\u00f3n de m\u00e9todos. Una dieta adecuada es la primera en la lista de los componentes esenciales que el cuerpo necesita. En segundo lugar, aseg\u00farese de que usted siempre compra y uso legal de los esteroides en l\u00ednea no s\u00f3lo para evitar conflictos con la ley, pero lo que es m\u00e1s importante, para evitar complicaciones de salud.<\/em><br \/>\n<em> <span style=\"font-weight: bold;\">GetAnabolics.Biz<\/span> es la l\u00ednea de esteroides proveedor especialmente creado y dedicado a proporcionar a cada atleta y culturista con los mejores esteroides anab\u00f3licos en los precios de descuento. Hemos elegido la mayor\u00eda de marcas confiables para colaborar con el fin de garantizar la seguridad, original y de alto nivel de esteroides para nuestros clientes.<\/em><br \/>\n<em> Env\u00edo de esteroides muy segura es la principal preocupaci\u00f3n para la entrega de esteroides a nivel mundial. Nuestro discreto garantiza que nadie m\u00e1s sabe que usted comprar esteroides en l\u00ednea.<\/em><\/p>\n<h2>M\u00e1s Boldenone 100 Maxtreme Informaci\u00f3n<\/h2>\n<p><b>1 caja de 10 ampollas, cada una de las aplicaciones que contiene 100 mg de Boldenona Undecilenato<\/b><br \/>\n<strong>Nombre farmac\u00e9utico<\/strong>: Boldenona Undecilenato<br \/>\n<strong>Peso Molecular de la base<\/strong>: 286.4132<br \/>\n<strong>El peso Molecular de \u00e9ster:<\/strong> 186.2936 (undecylic \u00e1cido, 11 carbonos)<br \/>\n<strong>Estructura qu\u00edmica<\/strong>: 1,4-androstadiene-3-one,17b-ol<br \/>\n<strong>Active Life:<\/strong> 14-16 d\u00edas<br \/>\n<strong>Anab\u00f3licos\/Androg\u00e9nicos Relaci\u00f3n (Rango)<\/strong>: 100:50<br \/>\n<strong>Tiempo de detecci\u00f3n:<\/strong> 4-5 Meses<\/p>\n<p><em>Boldenona undecilenato es altamente anab\u00f3lico y androg\u00e9nico moderado de esteroides. Su principal uso es en la medicina veterinaria m\u00e1s com\u00fanmente con los caballos, pero se ha convertido en una de las favoritas de la fuerza de los atletas y culturistas. Hay muy poco aromatizaci\u00f3n relacionadas con el compuesto con una cantidad muy limitada de retenci\u00f3n de agua es experimentado por la mayor\u00eda de los usuarios. Otro de los atractivos de la calidad del compuesto es el consiguiente aumento en el apetito, a menudo reportados por los usuarios cuando se ejecuta este esteroide y a menudo se incluye en el \u00abvolumen\u00bb de los ciclos para este prop\u00f3sito. Boldenona undecilenato tambi\u00e9n aumenta hemaglobin y el hematocrito (el n\u00famero de c\u00e9lulas rojas de la sangre y el porcentaje de c\u00e9lulas rojas de la sangre)[1], lo que provoca una mayor \u00abbombas\u00bb mientras se trabaja. Aunque esto es cierto en casi todos los esteroides anab\u00f3licos, los efectos son, al parecer, m\u00e1s pronunciada con boldenona undecilenato. Una mejora de la vascularizaci\u00f3n tambi\u00e9n deben ser experimentados debido a estos aumentos, si la grasa corporal en un nivel lo suficientemente bajo.<\/em><\/p>\n<p>Los atletas de otros que los culturistas o los que se preocupan principalmente con fuerza tambi\u00e9n pueden beneficiarse de boldenona undecilenato. Esto es debido al hecho de que el compuesto estimula la liberaci\u00f3n de eritropoyetina, com\u00fanmente conocida como EPO, en los ri\u00f1ones. Erythropoeitin las se\u00f1ales del cuerpo para aumentar la producci\u00f3n de eritrocitos (gl\u00f3bulos rojos). Los eritrocitos son el portador de ox\u00edgeno en el cuerpo y por lo tanto, si su concentraci\u00f3n es mayor en el cuerpo, un mayor consumo de ox\u00edgeno m\u00e1ximo de capacidad se produce y se puede mejorar el rendimiento debido a un retraso en el conjunto de la fatiga, incluyendo la acumulaci\u00f3n de \u00e1cido l\u00e1ctico. Mientras que los resultados no ser\u00edan muy dram\u00e1tico, un usuario sin duda debe notar una mejora todas las cosas en igualdad de condiciones.<\/p>\n<p><b>Uso\/Dosificaci\u00f3n<\/b><\/p>\n<blockquote><p>Debido a los compuestos de la vida activa, inyecciones generalmente se llevan a cabo dos veces por semana para mantener los niveles estables de sangre a pesar de que algunos usuarios prefieren la inyecci\u00f3n de una sola vez por semana. La mayor\u00eda de los usuarios de forma anecd\u00f3tica informe que la dosis m\u00ednima para la mayor\u00eda de los hombres es de entre 300 mg a 400 mg para ver cualquier sustancial de los efectos de la droga. Las mujeres de curso va a ver resultados en dosis mucho m\u00e1s bajas, en el rango de 50-150 mg por semana para los usuarios menos experimentados.<\/p><\/blockquote>\n<p>Como la mayor\u00eda de los compuestos, la mayor\u00eda de los usuarios prefieren la pila de boldenona undecilenato con la testosterona. Esto debe negar cualquier libido usos que un usuario puede encontrar, as\u00ed como proporcionar una potente combinaci\u00f3n que debe resultar en un aumento dram\u00e1tico en la masa corporal magra. Debido a la falta de toxicidad hep\u00e1tica asociada con el compuesto, otros compuestos que pueden elevar los valores del h\u00edgado (como la 17 alfa alquilados esteroides) se puede ejecutar con boldenona undecilenato sin m\u00e1s complicaciones.<\/p>\n<p>Muchos usuarios creen que la boldenona undecilinato puede ser utilizado tanto en \u00abvolumen\u00bb ciclos \u00bb y \u00abcorte\u00bb de los ciclos, como la falta de retenci\u00f3n de agua asociados con el uso de la misma y la mejora de la vascularizaci\u00f3n, mientras que en el compuesto puede ayudar a demostrar la mejora en la definici\u00f3n, mientras que un usuario es reducir su grasa corporal. Al mismo tiempo, el compuesto tiene un profundo efecto en la masa corporal magra y los resultados pueden ser dram\u00e1ticos cuando se ejecuta con una dieta alta en prote\u00ednas y calor\u00edas, junto con un adecuado r\u00e9gimen de entrenamiento.<\/p>\n<p><strong>No se considera para ser un constructor de masa r\u00e1pida en comparaci\u00f3n con otros esteroides anab\u00f3licos, <a href=\"http:\/\/getanabolics.biz\/es\/producto\/boldenone-250-1-frasco-de-10-ml-cada-1-ml-contiene-250-mg-de-boldenona-alpha-pharma\/\">boldenona undecilenato<\/a> agregar\u00e1 la calidad de la masa muscular de forma consistente a lo largo de un ciclo. Anecd\u00f3ticamente, los usuarios han informado de que los ciclos de al menos diez a doce semanas de ejecuci\u00f3n, boldenona undecilenato son necesarios para ver el efecto completo del compuesto.<\/strong><\/p>\n<p><b> Riesgos\/Efectos Secundarios<\/b><\/p>\n<p>Para la mayor parte, los problemas tales como la ginecomastia y un alto grado de agua\/retenci\u00f3n de sal son casi desconocida con este compuesto. Boldenona undecilenato tasa de conversi\u00f3n de estr\u00f3geno es de aproximadamente el cincuenta por ciento de la de la testosterona[2,3]. As\u00ed, desde boldenona undecilinato no es hepatot\u00f3xico en serio a un grado que puede ser utilizado por largos per\u00edodos de tiempo durante los extensos ciclos. Algunos de los efectos secundarios que puede experimentar son el acn\u00e9 y el aumento de la cuerpo-el crecimiento del cabello, as\u00ed como los habituales efectos virilizantes en las mujeres, sin embargo, estos probable que sea en un mucho menor nivel que otros compuestos[3]. Si un usuario no echan el compuesto con la testosterona pueden sufrir efectos secundarios sexuales, como es el caso con la mayor\u00eda de los esteroides anab\u00f3licos.<\/p>\n<blockquote><p>Un usuario del perfil lip\u00eddico se ver\u00e1n afectados negativamente, como con cualquier esteroide, pero no en el mismo grado que con un fuerte andr\u00f3geno. Boldenona undecilenato puede convertir en DHN (muy leve de andr\u00f3genos en comparaci\u00f3n a la dihidrotestosterona (DHT) a trav\u00e9s de la 5 &#8211; alfa reductasa, sin embargo, s\u00f3lo una peque\u00f1a cantidad realmente ser\u00e1 convertida lo que significa que el compuesto no es dif\u00edcil en la l\u00ednea del cabello[4,5]. Sin embargo, como la mayor\u00eda de otros compuestos, si usted es propenso a la calvicie de patr\u00f3n masculino, boldenona undecilenato se puede acelerar o hacer que la afecci\u00f3n m\u00e1s pronunciada. Los problemas de la pr\u00f3stata son tambi\u00e9n poco probable que sea experimentado.<\/p><\/blockquote>\n<p>Los compuestos de la vida activa es de 14 a 16 d\u00edas, sin embargo, <a href=\"http:\/\/getanabolics.biz\/es\/producto\/boldenone-300-1-caja-de-10-ml-frasco-cada-1-ml-contiene-300-mg-de-boldenona-maxtreme\/\">boldenona undecilenato<\/a> de no producir metabolitos detectables que aparecen en los usuarios de la orina durante varios meses despu\u00e9s de la administraci\u00f3n de la droga ha dejado(2). Esto hace que el compuesto menos que ideal si las pruebas de drogas es una causa de preocupaci\u00f3n.<\/p>\n<h3>Lee mas<\/h3>\n<p><a href=\"http:\/\/getanabolics.biz\/es\/efectos-secundarios-de-deca-durabolin\/\">EFECTOS SECUNDARIOS DE DECA DURABOLINA<\/a><\/p>\n<p><a href=\"http:\/\/getanabolics.biz\/es\/todo-acerca-de-proviron-mesterolone\/\">TODO SOBRE PROVIRON (MESTEROLONE)<\/a><\/p>\n<p><a href=\"http:\/\/getanabolics.biz\/es\/cual-deberia-ser-la-duracion-del-ciclo-de-esteroides\/\">\u00bfCU\u00c1L DEBE SER LA DURACI\u00d3N DEL CURSO DE ESTEROIDES?<\/a><\/p>\n<p><a href=\"http:\/\/getanabolics.biz\/es\/creatina-en-un-curso-de-esteroides\/\">CREATINA EN UN CURSO DE ESTEROIDES<\/a><\/p>\n<p><a href=\"http:\/\/getanabolics.biz\/es\/crossfit-y-esteroides\/\">CROSSFIT Y ESTEROIDES<\/a><\/p>\n","protected":false},"excerpt":{"rendered":"<p>Paquete: 1 caja de 10 ampollas, cada una de las aplicaciones que contiene 100 mg de Boldenona Undecilenato<br \/>Fabricante: Maxtreme<br \/>Nombre de la marca: Boldenone 100<br \/>Conocido como: Bold-One<\/p>\n","protected":false},"featured_media":571,"comment_status":"open","ping_status":"closed","template":"","meta":[],"product_cat":[102],"product_tag":[71],"_links":{"self":[{"href":"https:\/\/getanabolics.biz\/es\/wp-json\/wp\/v2\/product\/883"}],"collection":[{"href":"https:\/\/getanabolics.biz\/es\/wp-json\/wp\/v2\/product"}],"about":[{"href":"https:\/\/getanabolics.biz\/es\/wp-json\/wp\/v2\/types\/product"}],"replies":[{"embeddable":true,"href":"https:\/\/getanabolics.biz\/es\/wp-json\/wp\/v2\/comments?post=883"}],"wp:featuredmedia":[{"embeddable":true,"href":"https:\/\/getanabolics.biz\/es\/wp-json\/wp\/v2\/media\/571"}],"wp:attachment":[{"href":"https:\/\/getanabolics.biz\/es\/wp-json\/wp\/v2\/media?parent=883"}],"wp:term":[{"taxonomy":"product_cat","embeddable":true,"href":"https:\/\/getanabolics.biz\/es\/wp-json\/wp\/v2\/product_cat?post=883"},{"taxonomy":"product_tag","embeddable":true,"href":"https:\/\/getanabolics.biz\/es\/wp-json\/wp\/v2\/product_tag?post=883"}],"curies":[{"name":"wp","href":"https:\/\/api.w.org\/{rel}","templated":true}]}}