{"id":882,"date":"2017-04-27T10:33:38","date_gmt":"2017-04-27T11:42:09","guid":{"rendered":"http:\/\/getanabolics.biz\/product\/deca-100-10xampollas-de-1ml-cada-uno-tiene-100-mg-1000-mg-de-decanoato-de-nandrolona-decaonate-maxtreme\/"},"modified":"2018-01-18T10:06:14","modified_gmt":"2018-01-18T10:06:14","slug":"deca-100-10x1ml-ampoules-each-has-100-mg-total-1000-mg-nandrolone-decaonate","status":"publish","type":"product","link":"https:\/\/getanabolics.biz\/es\/producto\/deca-100-10x1ml-ampoules-each-has-100-mg-total-1000-mg-nandrolone-decaonate\/","title":{"rendered":"Deca 100 &#8211; Maxtreme"},"content":{"rendered":"<h2>Comprar Deca 100 &#8211; Maxtreme (N-Lone-D 100)<\/h2>\n<p><a title=\"Comprar Deca 100 en GetAnabolics\"><img src=\"http:\/\/getanabolics.biz\/images\/deca-100.jpg\" width=\"30%\" align=\"right\" \/><\/a><br \/>\n<em>Para aquellos que buscan Deca 100 y preguntando d\u00f3nde comprar Deca 100 de Maxtreme legalmente ofrecemos N-Lone-D 100 como la mejor opci\u00f3n real para los culturistas.<\/em><br \/>\n<em> A partir de ahora en una gran variedad de esteroides inyectables, as\u00ed como de los esteroides orales y terapia post ciclo de Maxtreme puede ser comprado en <b>GetAnabolics<\/b>. Estamos encantados de presentar la nueva Deca 100 de <span style=\"font-weight: bold;\">Maxtreme<\/span>.<\/em><br \/>\n<em> Todos los productos que tiene para ofrecer son aut\u00e9nticos, de alta calidad de compuestos y tienen un \u00fanico objetivo: ayudar a la gente a la ganancia de masa muscular, la fuerza general, a quemar grasas y a ayudarlos en el camino de la perfecci\u00f3n f\u00edsica. Con el fin de crear una constructivo y civilizado relaci\u00f3n con nuestros clientes, vamos a hacer el m\u00e1ximo esfuerzo para asegurar un servicio de alta calidad y enfoque de cada persona que la direcci\u00f3n de nuestra tienda con cortes\u00eda y respeto.<\/em><br \/>\n<em> Construir y mantener un cuerpo perfecto, se requiere una combinaci\u00f3n de m\u00e9todos. Una dieta adecuada es la primera en la lista de los componentes esenciales que el cuerpo necesita. En segundo lugar, aseg\u00farese de que usted siempre compra y uso legal de los esteroides en l\u00ednea no s\u00f3lo para evitar conflictos con la ley, pero lo que es m\u00e1s importante, para evitar complicaciones de salud.<\/em><br \/>\n<em> <span style=\"font-weight: bold;\">GetAnabolics.Biz<\/span> es la l\u00ednea de esteroides proveedor especialmente creado y dedicado a proporcionar a cada atleta y culturista con los mejores esteroides anab\u00f3licos en los precios de descuento. Hemos elegido la mayor\u00eda de marcas confiables para colaborar con el fin de garantizar la seguridad, original y de alto nivel de esteroides para nuestros clientes.<\/em><br \/>\n<em> Env\u00edo de esteroides muy segura es la principal preocupaci\u00f3n para la entrega de esteroides a nivel mundial. Nuestro discreto garantiza que nadie m\u00e1s sabe que usted comprar esteroides en l\u00ednea.<\/em><\/p>\n<h2>M\u00e1s Deca 100 Maxtreme Informaci\u00f3n<\/h2>\n<p><b>10\u00d7ampollas de 1ml cada uno tiene 100 mg 1000 mg de decanoato de Nandrolona Decaonate<\/b><\/p>\n<p><u>Inform\u00f3 Caracter\u00edsticas<\/u><br \/>\n<strong>Activo-Life:<\/strong> 14-16 d\u00edas<br \/>\n<strong>Clase de medicamento:<\/strong> Anab\u00f3licos\/Androg\u00e9nicos esteroides (Por Inyecci\u00f3n)<br \/>\n<strong>Promedio Reportado Dosis<\/strong>: Hombres 200-600mg semanal de las Mujeres de 50-100 mg semanal<br \/>\n<strong>Acn\u00e9<\/strong>: S\u00ed, en dosis m\u00e1s altas de andr\u00f3genos en los individuos sensibles a la<br \/>\n<strong>Retenci\u00f3n de agua:<\/strong> Algunos de ellos, mucho menos que la testosterona.<br \/>\nDisminuye la funci\u00f3n ATAR moderadamente<br \/>\n<strong>Presi\u00f3n Arterial alta<\/strong>: Raros (Cuando se utiliza en dosis de m\u00e1s de 600 mg por semana)<br \/>\n<strong>Aromatizaci\u00f3n<\/strong>: Bajo, se convierte en norestrogens menos activos<br \/>\n<strong>T\u00f3xicos Para El H\u00edgado<\/strong>: Ninguno.<br \/>\n<strong>La Conversi\u00f3n de DHT<\/strong>: No, se convierte en DHT NOR &#8211; con baja actividad<br \/>\n<strong>Se\u00f1al\u00f3 Comentarios:<\/strong> Altamente anab\u00f3licos\/androg\u00e9nicos moderada efectos<\/p>\n<p><em>Deca-Durabolin es el m\u00e1s extendido y el m\u00e1s utilizado esteroide inyectable. Deca gran popularidad puede atribuirse a sus numerosas aplicaciones posibles y, por sus resultados positivos en su mayor\u00eda. Deca-Durabolin hace que la c\u00e9lula del m\u00fasculo para almacenar m\u00e1s nitr\u00f3geno del que re-arrendamientos de modo que un balance positivo de nitr\u00f3geno se logra. Un balance positivo de nitr\u00f3geno es sin\u00f3nimo de crecimiento muscular ya que la c\u00e9lula muscular, en esta fase, asimila (se acumula) una mayor cantidad de prote\u00ednas que de costumbre. El mismo fabricante, sin embargo, los puntos en el prospecto de que un balance positivo de nitr\u00f3geno y la prote\u00edna&#8211;efecto de la construcci\u00f3n que lo acompa\u00f1an se producir\u00e1 s\u00f3lo si una cantidad suficiente de calor\u00edas y prote\u00ednas se suministran. Uno debe saber esto, ya que, de lo contrario, los resultados satisfactorios con Deca no puede ser obtenido. El efecto altamente anab\u00f3lico de Deca-Durabolin est\u00e1 relacionado con un componente androg\u00e9nico moderado, por lo que una buena ganancia en masa muscular y la fuerza se obtiene. Al mismo tiempo, la mayor\u00eda de los atletas aviso de retenci\u00f3n de agua considerable que, sin duda, no es tan distinta como la testosterona inyectable, pero que en dosis altas puede causar una apariencia suave y acuosa. Desde Deca tambi\u00e9n almacena m\u00e1s agua en los tejidos conjuntivos, puede temporalmente caso o incluso curar el dolor en las articulaciones existentes. Esto es especialmente bueno para los atletas que se quejan de dolor en el hombro, el codo y la rodilla, que a menudo pueden disfrutar de los entrenamientos libres de dolor durante el tratamiento con Deca-Durabolin. Los atletas el uso de Deca, dependiendo de sus necesidades, para aumento de masa muscular y en la preparaci\u00f3n para una competici\u00f3n.<\/em><\/p>\n<blockquote><p>Deca es conveniente, incluso por encima de la media, para desarrollar la masa muscular, ya que promueve la s\u00edntesis de prote\u00ednas y al mismo tiempo conduce a la retenci\u00f3n de agua. La dosis \u00f3ptima para este prop\u00f3sito se encuentra entre los 200 y 600 mg\/semana. La investigaci\u00f3n cient\u00edfica ha demostrado que los mejores resultados pueden ser obtenidos por la ingesta de 2 mg\/libra de peso corporal. Aquellos que toman una dosis de menos de 200 mg\/semana por lo general se sienten s\u00f3lo un efecto anab\u00f3lico muy ligero que, sin embargo, aumenta con una dosis m\u00e1s alta. La mayor\u00eda de los atletas de sexo masculino experiencia buenos resultados tomando 400 mg\/semana. Los novatos en esteroides generalmente necesitan s\u00f3lo 200 mg\/semana. Deca funciona muy bien para aumento de masa muscular cuando se combina con Dianabol o Testosterona. El famoso Dianabol\/ Deca pila resulta en un r\u00e1pido y fuerte ganancia de masa muscular. La mayor\u00eda de los atletas suelen tomar de 15 a 40 mg de <a href=\"http:\/\/getanabolics.biz\/es\/producto\/dianabol-100-tabs-each-contains-10-mg-methandienone\/\">Dianabol<\/a>\/d\u00eda y de 200 a 400 mg Deca\/semana. Resultados a\u00fan m\u00e1s r\u00e1pido se puede lograr con 400 mg Deca\/semana y 500 mg 5ustanon 250\/semana. Los atletas reportan una enorme ganancia en fuerza y masa muscular al tomar 400 mg Deca\/semana, 500 mg Sustanon 250\/semana, y 30 mg de <a href=\"http:\/\/getanabolics.biz\/es\/producto\/dianabol-buy-d-bol-100-tabs-each-contains-10-mg-methandienone\/\">Dianabol<\/a>\/d\u00eda. Deca es un buen esteroide b\u00e1sico que, para aumento de masa muscular, <a href=\"http:\/\/getanabolics.biz\/es\/todo-acerca-de-proviron-mesterolone\/\">puede ser combinado con muchos otros esteroides.<\/a><\/p><\/blockquote>\n<p><em>Una conversi\u00f3n en estr\u00f3genos, lo que significa un proceso de aromatizaci\u00f3n, es posible que con Deca-Durabolin, pero se produce a una tasa menor que ex: la testosterona. Durante las competiciones con las pruebas de dopaje se Deca no debe ser tomado desde los metabolitos en el cuerpo puede ser demostrado en un an\u00e1lisis de orina hasta 18 meses m\u00e1s tarde. El riesgo potencial de retenci\u00f3n de agua y la aromatizaci\u00f3n a estr\u00f3genos puede prevenirse con \u00e9xito al combinar el uso de Proviron con Nolvadex. Una pila de preparaci\u00f3n se observa con frecuencia en los atletas que compiten incluye 400 mg\/semana, Deca-Durabolin, 50 mg\/d\u00eda Winstrol, Parabolan 228 mg\/semana, y 25 mg\/d\u00eda de Oxandrolona.<\/em><\/p>\n<p>a Pesar de que los efectos secundarios con Deca son relativamente bajos con dosis de 400 mg\/semana, causa efectos secundarios androg\u00e9nicos puede ocurrir. La mayor\u00eda de los problemas se manifiestan en la presi\u00f3n arterial alta y un pro-anhelado tiempo de coagulaci\u00f3n de la sangre, que puede causar hemorragias nasales frecuentes y sangrado prolongado de los cortes, as\u00ed como el aumento de la producci\u00f3n de la gl\u00e1ndula seb\u00e1cea y el acn\u00e9 ocasional. Algunos atletas tambi\u00e9n reportan dolores de cabeza y sobreestimulaci\u00f3n sexual. Cuando muy alta dos edades que se toman durante un per\u00edodo de tiempo prolongado, la espermatog\u00e9nesis puede ser en-hibited en los hombres, es decir, los test\u00edculos producen menos testosterona. La raz\u00f3n es que el Deca-Durabolin, como casi todos los esteroides, inhibe la liberaci\u00f3n de las gonadotropinas de la hip\u00f3fisis.<\/p>\n<p><em>las Mujeres con una dosis de hasta 100 mg\/semana normalmente no experimentan ning\u00fan problema importante con Deca. En dosis m\u00e1s altas androg\u00e9nico causados por los s\u00edntomas de virilizaci\u00f3n puede ocurrir, incluyendo la voz profunda (irreversible), aumento del crecimiento del vello corporal, acn\u00e9, aumento de la libido, y posiblemente clitorihypertrophy. Las mujeres que experimentan perturbaciones incluso en una dosis semanal de s\u00f3lo 50 mg\/semana de Deca-Durabolin, son a menudo mejor tomando el anterior se ha mencionado y que act\u00faa m\u00e1s r\u00e1pido Durabolin. A diferencia de la acci\u00f3n prolongada de la Deca, cuando Durabolin es administrada una vez o dos veces a la semana en una dosis de 50 mg, la concentraci\u00f3n de no de no deseados cantidades de andr\u00f3genos se producen. Dado que la mayor\u00eda de atletas femeninas bien con Deca-Durabolin una dosis de Deca 50 mg \/semana suele combinarse con la Oxandrolona 10 mg \/d\u00eda Ambos compuestos, cuando se toma en una dosis baja, son s\u00f3lo ligeramente androg\u00e9nico, de modo que los efectos secundarios de masculinizaci\u00f3n s\u00f3lo rara vez se producen. Deca, a trav\u00e9s de su aumento de la s\u00edntesis de prote\u00ednas, tambi\u00e9n conduce a una ganancia de m\u00fasculo neta y la Oxandrolona, basado en el aumento de la s\u00edntesis de la fosfocreatina, conduce a una ganancia de resistencia medible con muy baja retenci\u00f3n de agua. Otras variaciones de administraci\u00f3n utilizados por los atletas de sexo femenino son Deca y <a href=\"http:\/\/getanabolics.biz\/es\/producto\/winstrol-tabs-10-comprar-winstrol-pildoras-de-50-fichas-de-cada-uno-de-ellos-contiene-10-mg-de-estanozolol-alpha-pharma\/\">Winstrol <\/a>ficha-permite, as\u00ed como Deca y Winstrol S-tabletas.<\/em><\/p>\n<h3>Lee mas<\/h3>\n<p><a href=\"http:\/\/getanabolics.biz\/es\/comprar-dianabol-en-linea-en-getanabolics-biz\/\">COMPRAR DIANABOL ONLINE EN GETANABOLICS.BIZ<\/a><\/p>\n<p><a href=\"http:\/\/getanabolics.biz\/es\/winstrol-que-es-y-para-que-sirve\/\">WINSTROL, \u00bfQU\u00c9 ES Y PARA QU\u00c9 SIRVE?<\/a><\/p>\n<p><a href=\"http:\/\/getanabolics.biz\/es\/cytomel-t3-comentarios-sobre-getanabolics-biz\/\">REVISIONES CYTOMEL T3 EN GETANABOLICS.BIZ<\/a><\/p>\n<p><a href=\"http:\/\/getanabolics.biz\/es\/pausa-entre-cursos-de-esteroides-y-pct\/\">PAUSA ENTRE CURSOS DE ESTEROIDES Y PCT<\/a><\/p>\n<p><a href=\"http:\/\/getanabolics.biz\/es\/que-tan-efectivo-es-el-puente-de-esteroides\/\">\u00bfCU\u00c1N EFECTIVO ES EL PUENTE ESTEROIDE?<\/a><\/p>\n","protected":false},"excerpt":{"rendered":"<p>Paquete: 10\u00d7ampollas de 1ml cada uno tiene 100 mg 1000 mg de decanoato de Nandrolona Decaonate<br \/>Fabricante: Maxtreme<br \/>Nombre de la marca: Deca 100<br \/>Conocido como: N-Lone-D 100<\/p>\n","protected":false},"featured_media":565,"comment_status":"open","ping_status":"closed","template":"","meta":[],"product_cat":[102,115],"product_tag":[71],"_links":{"self":[{"href":"https:\/\/getanabolics.biz\/es\/wp-json\/wp\/v2\/product\/882"}],"collection":[{"href":"https:\/\/getanabolics.biz\/es\/wp-json\/wp\/v2\/product"}],"about":[{"href":"https:\/\/getanabolics.biz\/es\/wp-json\/wp\/v2\/types\/product"}],"replies":[{"embeddable":true,"href":"https:\/\/getanabolics.biz\/es\/wp-json\/wp\/v2\/comments?post=882"}],"wp:featuredmedia":[{"embeddable":true,"href":"https:\/\/getanabolics.biz\/es\/wp-json\/wp\/v2\/media\/565"}],"wp:attachment":[{"href":"https:\/\/getanabolics.biz\/es\/wp-json\/wp\/v2\/media?parent=882"}],"wp:term":[{"taxonomy":"product_cat","embeddable":true,"href":"https:\/\/getanabolics.biz\/es\/wp-json\/wp\/v2\/product_cat?post=882"},{"taxonomy":"product_tag","embeddable":true,"href":"https:\/\/getanabolics.biz\/es\/wp-json\/wp\/v2\/product_tag?post=882"}],"curies":[{"name":"wp","href":"https:\/\/api.w.org\/{rel}","templated":true}]}}