{"id":881,"date":"2017-04-27T10:33:38","date_gmt":"2017-04-27T11:42:09","guid":{"rendered":"http:\/\/getanabolics.biz\/product\/parabolan-caja-de-10-ampollas-de-1-ml-75-mg-ml-trembolona-hexahydrobenzylcarbonato-maxtreme\/"},"modified":"2018-01-18T10:29:18","modified_gmt":"2018-01-18T10:29:18","slug":"parabolan-box-of-10-ampoules-of-1ml-75mg-ml-trenbolone-hexahydrobenzylcarbonate","status":"publish","type":"product","link":"https:\/\/getanabolics.biz\/es\/producto\/parabolan-box-of-10-ampoules-of-1ml-75mg-ml-trenbolone-hexahydrobenzylcarbonate\/","title":{"rendered":"Parabolan &#8211; Maxtreme"},"content":{"rendered":"<h2>Comprar Parabolan &#8211; Maxtreme (Tren-Max-1)<\/h2>\n<p><a title=\"Comprar Parabolan en GetAnabolics\"><img src=\"http:\/\/getanabolics.biz\/images\/hetroxyl.jpg\" width=\"30%\" align=\"right\" \/><\/a><br \/>\n<em>Para aquellos que buscan Parabolan y preguntando d\u00f3nde comprar Parabolan de Maxtreme legalmente ofrecemos Tren-Max-1 como la mejor opci\u00f3n real para los culturistas.<\/em><br \/>\n<em> A partir de ahora en una gran variedad de esteroides inyectables, as\u00ed como de los esteroides orales y terapia post ciclo de Maxtreme puede ser comprado en <b>GetAnabolics<\/b>. Estamos encantados de presentar la nueva Parabolan de <span style=\"font-weight: bold;\">Maxtreme<\/span>.<\/em><br \/>\n<em> Todos los productos que tiene para ofrecer son aut\u00e9nticos, de alta calidad de compuestos y tienen un \u00fanico objetivo: ayudar a la gente a la ganancia de masa muscular, la fuerza general, a quemar grasas y a ayudarlos en el camino de la perfecci\u00f3n f\u00edsica. Con el fin de crear una constructivo y civilizado relaci\u00f3n con nuestros clientes, vamos a hacer el m\u00e1ximo esfuerzo para asegurar un servicio de alta calidad y enfoque de cada persona que la direcci\u00f3n de nuestra tienda con cortes\u00eda y respeto.<\/em><br \/>\n<em> Construir y mantener un cuerpo perfecto, se requiere una combinaci\u00f3n de m\u00e9todos. Una dieta adecuada es la primera en la lista de los componentes esenciales que el cuerpo necesita. En segundo lugar, aseg\u00farese de que usted siempre compra y uso legal de los esteroides en l\u00ednea no s\u00f3lo para evitar conflictos con la ley, pero lo que es m\u00e1s importante, para evitar complicaciones de salud.<\/em><br \/>\n<em> <span style=\"font-weight: bold;\">GetAnabolics.Biz<\/span> es la l\u00ednea de esteroides proveedor especialmente creado y dedicado a proporcionar a cada atleta y culturista con los mejores esteroides anab\u00f3licos en los precios de descuento. Hemos elegido la mayor\u00eda de marcas confiables para colaborar con el fin de garantizar la seguridad, original y de alto nivel de esteroides para nuestros clientes.<\/em><br \/>\n<em> Env\u00edo de esteroides muy segura es la principal preocupaci\u00f3n para la entrega de esteroides a nivel mundial. Nuestro discreto garantiza que nadie m\u00e1s sabe que usted comprar esteroides en l\u00ednea.<\/em><\/p>\n<h2>M\u00e1s Parabolan Maxtreme Informaci\u00f3n<\/h2>\n<p><b>Caja de 10 Ampollas de 1 ml, 75 mg \/ ml: Trembolona Hexahydrobenzylcarbonato<\/b><\/p>\n<ul>\n<li>[17 beta-Hydroxyestra-4,9,11-trien-3-ona]<\/li>\n<li><strong>Dosis Efectiva (Hombres)<\/strong>: 300-500mgs\/semana<\/li>\n<li><strong>Dosis Efectiva (Mujeres)<\/strong>: No se recomienda<\/li>\n<li><strong>Active la vida<\/strong>: 5-7 d\u00edas<\/li>\n<li><strong>Tiempo de Detecci\u00f3n<\/strong>: de 4 a 5 semanas<\/li>\n<li><strong>Anab\u00f3licos\/Androg\u00e9nicos relaci\u00f3n:<\/strong> 500\/500<\/li>\n<\/ul>\n<p><em>Parabolan, hab\u00eda sido reconocido entre los m\u00e1s potentes esteroides en el mercado de esteroides.El \u00e9ster Hexahydrobenzylcarbonato es casi identic a \u00e9ster de Enantato, en cuanto al tiempo de liberaci\u00f3n en el cuerpo. Por ser similar a la de Enantato, la inyecci\u00f3n dos veces por semana es m\u00e1s que suficiente para mantener los niveles en la sangre lo m\u00e1s constante posible.<\/em><\/p>\n<p><em>PARABOLAN En el culturismo y tambi\u00e9n en levantamiento de pesas Parabolan se ha convertido en el m\u00e1s deseado esteroide inyectable compuesto. Esto no es sin raz\u00f3n, puesto que Parabolan es realmente un fenomenal, producto \u00fanico.<\/em><\/p>\n<blockquote><p>Parabolan es un potente esteroide androg\u00e9nico que tambi\u00e9n tiene un alto efecto anab\u00f3lico. Ya sea un novato, hard gainer, levantador de potencia, o de cuerpo pro-generador, todos los que usan Parabolan es entusiasta acerca de los resultados: una r\u00e1pida ganancia de s\u00f3lidos, de alta calidad de la masa muscular acompa\u00f1ado por un considerable aumento de la fuerza en los ejercicios b\u00e1sicos. adem\u00e1s, la aplicaci\u00f3n regular durante un n\u00famero de semanas resulta en un aumento visible de la dureza del m\u00fasculo en todo el cuerpo sin dieta-ing al mismo tiempo. Con frecuencia el siguiente escenario: los culturistas que usan esteroides, y durante alg\u00fan tiempo han sido despedidas-nate en su desarrollo, de repente hacer nuevos progresos con Parabolan. Otra caracter\u00edstica es que Parabolan, a diferencia de la mayor\u00eda de los esteroides altamente androg\u00e9nicos, no aromatiza. La sustancia trembolona no se convierte en estr\u00f3genos, por lo que el atleta no tiene que luchar contra un mayor nivel de estr\u00f3genos o con s\u00edntomas de feminizaci\u00f3n. Aquellos que usan Parabolan tambi\u00e9n se dar\u00e1 cuenta de que no hay ninguna retenci\u00f3n de agua en el tejido. Para decirlo muy claramente: Parbolan es el n\u00famero uno de la competencia de esteroides. Cuando un bajo contenido de grasa que se ha logrado mediante una dieta baja en calor\u00edas, Parabolan da un dram\u00e1tico aumento en la dureza del m\u00fasculo. En combinaci\u00f3n con una dieta rica en prote\u00ednas es especialmente eficaz en esta fase, ya Parabolan acelera el metabolismo y acelera la quema de grasa. El alto efecto androg\u00e9nico evita un posible s\u00edndrome de sobreentrenamiento, acelera la regeneraci\u00f3n, y ofrece a los m\u00fasculos un aspecto completo, vascular, pero, al mismo tiempo, una desgarrada y destrozada.<\/p><\/blockquote>\n<p><strong>La mayor\u00eda de los atletas se inyectan Parabolan al menos dos veces por semana;<\/strong> algunos culturistas inyectar 1-2 ampollas por d\u00eda durante los \u00faltimos tres a cuatro semanas antes de una competici\u00f3n. Normalmente una dosis de 228 mg\/semana se utiliza, correspondiente a una cantidad semanal de tres ampollas. Es nuestra experiencia que los buenos resultados se pueden lograr mediante la inyecci\u00f3n de un 76 mg am-pule cada 2-3 d\u00edas. Parabolan combinado con Winstrol Depot funciona especialmente bien y le da al atleta una clara ganancia de s\u00f3lidos y de alta calidad m\u00fasculos junto con un enorme aumento de la fuerza. Una forma muy eficaz de la pila es de 76 mg Parabolan cada 2 d\u00edas, combinado con 50 mg de Winstrol cada 2 d\u00edas. Los deportistas que est\u00e1n interesados en una r\u00e1pida ganancia de masa a menudo tambi\u00e9n el uso de 30 mg de Dianabol\/d\u00eda, mientras que aquellos que est\u00e1n m\u00e1s interesados en la calidad y la fuerza para agregar 25 mg Oxandrolona\/ d\u00eda. Probablemente el m\u00e1s eficaz Parabolan combinaci\u00f3n consta de 228 mg Parabolan\/semana, 200 mg de <a href=\"http:\/\/getanabolics.biz\/es\/producto\/winstrol-tabs-10-comprar-winstrol-pildoras-de-50-fichas-de-cada-uno-de-ellos-contiene-10-mg-de-estanozolol-alpha-pharma\/\">Winstrol <\/a>Depot\/semana, y de 40 a 50 mg por v\u00eda Oral-Turinabol\/d\u00eda y por lo general resulta en un dr\u00e1stico aumento en la masa muscular de mayor calidad, junto con un gigantesco aumento de la fuerza. Parabolan tambi\u00e9n parece traer extraordinariamente buenos resultados cuando se usa en combinaci\u00f3n con hormonas de crecimiento.<\/p>\n<p><strong>Parabolan no es un esteroide adecuado para todo el a\u00f1o de tratamiento ya que es muy t\u00f3xico.<\/strong> La duraci\u00f3n del tratamiento debe ser limitado a un m\u00e1ximo de 8 semanas. Se ha demostrado que la Parabolan, por encima de todo, pone la tensi\u00f3n en los ri\u00f1ones, en lugar de en el h\u00edgado. Los atletas que han tomado en altas dosis durante varias semanas a menudo informan de un inusual color oscuro de la orina. En casos extremos, la sangre puede ser excretada por la orina, un claro signo de da\u00f1o renal. Aquellos que usan Parabolan debe beber un gal\u00f3n adicional de l\u00edquido al d\u00eda, ya que ayuda a limpiar los ri\u00f1ones. Desde Parabolan no causa el agua y la sal de retenci\u00f3n de la presi\u00f3n arterial rara vez se eleva. Similar a Finaject, muchos atletas muestran una actitud agresiva, lo cual se atribuye a las distintas an-drogenic efecto. Es interesante que el acn\u00e9 y p\u00e9rdida de cabello s\u00f3lo se producen muy rara vez lo que podr\u00eda ser debido al hecho de que la sustancia no se convierte en dihidrotestosterona (DHT). Algunos atletas informe nau-mar, dolores de cabeza y p\u00e9rdida del apetito cuando se inyectan m\u00e1s de una ampolla (76 mg) por semana. Desde Parabolan reduce considerablemente la producci\u00f3n de testosterona androg\u00e9nica, el uso de la testosterona-compuestos estimulantes al final de la ingesta se sugiere. En atletas de edad existe un mayor riesgo de que Parabolan podr\u00eda inducir el crecimiento de la pr\u00f3stata masculina de la gl\u00e1ndula. Recomendamos que los culturistas masculinos, durante y despu\u00e9s de un tratamiento con Parabolan, tienen a su m\u00e9dico revise su pr\u00f3stata para asegurarse de que todav\u00eda es peque\u00f1o en tama\u00f1o.<\/p>\n<p><strong>Los novatos en esteroides deben (todav\u00eda) no utilizar Parabolan. Lo mismo es cierto para las mujeres; sin embargo, no son suficientes las mujeres atletas que no le importa, ya que el organismo femenino reacciona a la androg\u00e9nicos de carga y el efecto anab\u00f3lico fuerte de Parabolan con distintas ganancias en los m\u00fasculos y la fuerza, sobre todo desde un punto de vista femenino. Por lo tanto todo el cuerpo tiene una dif\u00edcil y m\u00e1s aspecto atl\u00e9tico. Parabolan, sin duda, es un atractivo producto para el ambicioso atletas de sexo femenino. Al final, todo depende de su voluntad personal a tomar riesgos, de las se\u00f1oras. El hecho es que las normas sobre la competencia nacional e internacional escenas en culturismo femenino han alcanzado niveles que no se pueden alcanzar sin la administraci\u00f3n de fuertemente androg\u00e9nicos esteroides compuestos. Una combinaci\u00f3n muy querido por los culturistas mujeres consta de 76 mg Parabolan\/semana, 20 mg de Winstrol tabletas\/d\u00eda, y 100 mcg Clenbuterol\/d\u00eda en las Mujeres que no en-ject m\u00e1s de una ampolla de Parabolan por semana y que limitan el per\u00edodo de consumo de 4-5 semanas la mayor\u00eda de evitar o minimizar los s\u00edntomas de virilizaci\u00f3n. Mujeres deportistas que est\u00e1n exagerando o que son sensibles a la androg\u00e9nicos parte de trembolona hexahydrobencylcarbonate puede ser confrontado con algunas sorpresas desagradables despu\u00e9s de varias semanas de uso: acn\u00e9, androgenically-causa la p\u00e9rdida del cabello en el cuero cabelludo, ciclos menstruales irregulares, ausencia de menstruaci\u00f3n, mucho mayor de la libido, agresividad, voz profunda, <a href=\"http:\/\/getanabolics.biz\/es\/winstrol-que-es-y-para-que-sirve\/\">chtorial hipertrofia y aumento del crecimiento del vello en la cara y en las piernas. <\/a>Los \u00faltimos tres efectos secundarios son en su mayor\u00eda de cambios irreversibles.<\/strong><\/p>\n<h3>Lee mas<\/h3>\n<p><a href=\"http:\/\/getanabolics.biz\/es\/comprar-dianabol-en-linea-en-getanabolics-biz\/\">COMPRAR DIANABOL ONLINE EN GETANABOLICS.BIZ<\/a><\/p>\n<p><a href=\"http:\/\/getanabolics.biz\/es\/winstrol-que-es-y-para-que-sirve\/\">WINSTROL, \u00bfQU\u00c9 ES Y PARA QU\u00c9 SIRVE?<\/a><\/p>\n<p><a href=\"http:\/\/getanabolics.biz\/es\/cytomel-t3-comentarios-sobre-getanabolics-biz\/\">REVISIONES CYTOMEL T3 EN GETANABOLICS.BIZ<\/a><\/p>\n<p><a href=\"http:\/\/getanabolics.biz\/es\/pausa-entre-cursos-de-esteroides-y-pct\/\">PAUSA ENTRE CURSOS DE ESTEROIDES Y PCT<\/a><\/p>\n<p><a href=\"http:\/\/getanabolics.biz\/es\/que-tan-efectivo-es-el-puente-de-esteroides\/\">\u00bfCU\u00c1N EFECTIVO ES EL PUENTE ESTEROIDE?<\/a><\/p>\n","protected":false},"excerpt":{"rendered":"<p>Paquete: Caja de 10 Ampollas de 1 ml, 75 mg \/ ml: Trembolona Hexahydrobenzylcarbonato<br \/>Fabricante: Maxtreme<br \/>Nombre de la marca: Parabolan<br \/>Conocido como: Tren-Max-1<\/p>\n","protected":false},"featured_media":559,"comment_status":"open","ping_status":"closed","template":"","meta":[],"product_cat":[102],"product_tag":[71],"_links":{"self":[{"href":"https:\/\/getanabolics.biz\/es\/wp-json\/wp\/v2\/product\/881"}],"collection":[{"href":"https:\/\/getanabolics.biz\/es\/wp-json\/wp\/v2\/product"}],"about":[{"href":"https:\/\/getanabolics.biz\/es\/wp-json\/wp\/v2\/types\/product"}],"replies":[{"embeddable":true,"href":"https:\/\/getanabolics.biz\/es\/wp-json\/wp\/v2\/comments?post=881"}],"wp:featuredmedia":[{"embeddable":true,"href":"https:\/\/getanabolics.biz\/es\/wp-json\/wp\/v2\/media\/559"}],"wp:attachment":[{"href":"https:\/\/getanabolics.biz\/es\/wp-json\/wp\/v2\/media?parent=881"}],"wp:term":[{"taxonomy":"product_cat","embeddable":true,"href":"https:\/\/getanabolics.biz\/es\/wp-json\/wp\/v2\/product_cat?post=881"},{"taxonomy":"product_tag","embeddable":true,"href":"https:\/\/getanabolics.biz\/es\/wp-json\/wp\/v2\/product_tag?post=881"}],"curies":[{"name":"wp","href":"https:\/\/api.w.org\/{rel}","templated":true}]}}