{"id":879,"date":"2017-04-27T10:33:38","date_gmt":"2017-04-27T11:42:09","guid":{"rendered":"http:\/\/getanabolics.biz\/product\/anadrol-50-fichas-de-cada-ficha-contiene-50-mg-de-oximetolona-maxtreme\/"},"modified":"2018-01-18T11:03:54","modified_gmt":"2018-01-18T11:03:54","slug":"anadrol-50-tabs-each-tab-contains-50-mg-oxymetholone","status":"publish","type":"product","link":"https:\/\/getanabolics.biz\/es\/producto\/anadrol-50-tabs-each-tab-contains-50-mg-oxymetholone\/","title":{"rendered":"Anadrol &#8211; Maxtreme"},"content":{"rendered":"<h2>Comprar Anadrol &#8211; Maxtreme (Max-Drol)<\/h2>\n<p><a title=\"Comprar Anadrol en GetAnabolics\"><img src=\"http:\/\/getanabolics.biz\/images\/oxylone-geta.jpg\" width=\"30%\" align=\"right\" \/><\/a><br \/>\n<em> Para aquellos que buscan Anadrol y preguntando d\u00f3nde comprar Anadrol de Maxtreme legalmente ofrecemos Max-Drol como la mejor opci\u00f3n real para los culturistas.<\/em><br \/>\n<em> A partir de ahora en una gran variedad de esteroides inyectables, as\u00ed como de los esteroides orales y terapia post ciclo de Maxtreme puede ser comprado en <b>GetAnabolics<\/b>. Estamos encantados de presentar la nueva Anadrol de <span style=\"font-weight: bold;\">Maxtreme<\/span>.<\/em><br \/>\n<em> Todos los productos que tiene para ofrecer son aut\u00e9nticos, de alta calidad de compuestos y tienen un \u00fanico objetivo: ayudar a la gente a la ganancia de masa muscular, la fuerza general, a quemar grasas y a ayudarlos en el camino de la perfecci\u00f3n f\u00edsica. Con el fin de crear una constructivo y civilizado relaci\u00f3n con nuestros clientes, vamos a hacer el m\u00e1ximo esfuerzo para asegurar un servicio de alta calidad y enfoque de cada persona que la direcci\u00f3n de nuestra tienda con cortes\u00eda y respeto.<\/em><br \/>\nConstruir y mantener un cuerpo perfecto, se requiere una combinaci\u00f3n de m\u00e9todos. Una dieta adecuada es la primera en la lista de los componentes esenciales que el cuerpo necesita. En segundo lugar, aseg\u00farese de que usted siempre compra y uso legal de los esteroides en l\u00ednea no s\u00f3lo para evitar conflictos con la ley, pero lo que es m\u00e1s importante, para evitar complicaciones de salud.<br \/>\n<span style=\"font-weight: bold;\">GetAnabolics.Biz<\/span> es la l\u00ednea de esteroides proveedor especialmente creado y dedicado a proporcionar a cada atleta y culturista con los mejores esteroides anab\u00f3licos en los precios de descuento. Hemos elegido la mayor\u00eda de marcas confiables para colaborar con el fin de garantizar la seguridad, original y de alto nivel de esteroides para nuestros clientes.<br \/>\nEnv\u00edo de esteroides muy segura es la principal preocupaci\u00f3n para la entrega de esteroides a nivel mundial. Nuestro discreto garantiza que nadie m\u00e1s sabe que usted comprar esteroides en l\u00ednea.<\/p>\n<h2>M\u00e1s Anadrol Maxtreme Informaci\u00f3n<\/h2>\n<p><b>50 fichas de cada ficha contiene 50 mg de Oximetolona<\/b><\/p>\n<p><strong>Clase de medicamento:<\/strong> Orales Esteroides Androg\u00e9nicos y anab\u00f3licos altamente<br \/>\n<strong>La dosis media recomendada:<\/strong> Entre 50 y 150 mg\/d\u00eda para los hombres<br \/>\n<strong>Vida activa:<\/strong> de menos de 16 horas<br \/>\n<strong>Retenci\u00f3n de agua<\/strong>: Muy alta<br \/>\n<strong>T\u00f3xicos para el h\u00edgado<\/strong>: S\u00ed<br \/>\n<strong>Disminuye la funci\u00f3n ATAR:<\/strong> S\u00ed<br \/>\n<strong>DHT de Conversi\u00f3n<\/strong>: Derivado de DTH<\/p>\n<blockquote><p><strong>Anadrol es considerado<\/strong> un muy potente andr\u00f3geno oral y va por el nombre de la marca Anadrol 50 en los Estados unidos. Este esteroide anab\u00f3lico se fabric\u00f3 por primera vez en la d\u00e9cada de 1960 por la compa\u00f1\u00eda farmac\u00e9utica internacional Syntex. Como o Anadrol Oxymetholone es conocido para aumentar el recuento de c\u00e9lulas rojas de la sangre de una manera bastante eficaz, fue utilizado por primera vez para tratar los casos graves de Anemia. Mejor no esteroides se encontraron drogas para tratar la Anemia, Anadrol cay\u00f3 en desgracia y fue descontinuado en 1993 en los Estados unidos.<\/p><\/blockquote>\n<p>Sin embargo, Anadrol tiene el efecto positivo de muchos esteroides fuertes sin los efectos secundarios graves. Adem\u00e1s, estudios recientes con el <strong>VIH\/SIDA<\/strong> muestran los efectos beneficiosos de la oximetolona. La dosis recomendada para los atletas de sexo masculino es de 50 mg a 150 mg al d\u00eda. En general, la dosis recomendada para el Anadrol 50 es de 1 a 5 mg por kg de peso corporal. A pesar de una alta dosis no es necesaria y como el medicamento viene en forma de tabletas de 50 mg tabletas, los atletas deben tomar s\u00f3lo entre 1 y 3 comprimidos al d\u00eda. Anadrol 50 no debe ser utilizado por m\u00e1s de 4-6 semanas.<\/p>\n<p><em>Los efectos de este esteroide \u2013 <strong>Anadrol 50<\/strong> &#8211; puede ser muy dr\u00e1stico con resultados visibles en muy poco tiempo. Considerado el m\u00e1s potente esteroide androg\u00e9nico por muchos, el uso de esta droga por parte de un novato puede conducir a la enorme ganancia de bulk \u2013 entre 20 y 30 libras. Tal aumento masivo de peso se puede lograr en unas 6 semanas. Anadrol 50, se traduce en una alta retenci\u00f3n de agua, por lo que la mayor parte del peso y aumento de masa puede ser atribuido a la distensi\u00f3n. <a href=\"http:\/\/getanabolics.biz\/es\/caracteristicas-de-los-cursos-cortos-de-esteroides\/\">Debido a la retenci\u00f3n de agua<\/a>, los m\u00fasculos del usuario est\u00e1n m\u00e1s llenos y las articulaciones est\u00e1n m\u00e1s protegidas como la lubricaci\u00f3n es proporcionada por el agua almacenada en el tejido conectivo. Esto tambi\u00e9n aumenta la elasticidad y reduce el riesgo de lesiones durante los ejercicios extenuantes y levantamiento de pesas. <strong>El uso de Anadrol 50<\/strong>, tambi\u00e9n le da un aspecto m\u00e1s suave y puede hacer que el usuario se sienta m\u00e1s seguro debido a la r\u00e1pida ganancia en masa.<\/em><\/p>\n<p><a href=\"http:\/\/getanabolics.biz\/es\/comprar-clomid-en-linea-en-getanabolics-biz\/\">Como un esteroide potente, tiene muchos efectos secundarios.<\/a> El aumento r\u00e1pido de la masa puede resultar en el da\u00f1o de los pectorales y los b\u00edceps de los tejidos. Los usuarios tambi\u00e9n de la posibilidad de desarrollo de ginecomastia y otros problemas relacionados con el estr\u00f3geno. Otro vergonzoso y efectos secundarios no deseados de Anadrol 50 incluir la piel grasa, acn\u00e9 severo, y el exceso de vello facial y corporal. La calvicie de patr\u00f3n masculino tambi\u00e9n puede ser agravada por el uso de esta droga. Tambi\u00e9n es extremadamente estresantes para el h\u00edgado y puede causar da\u00f1o al h\u00edgado si se utiliza en dosis muy altas durante demasiado tiempo. Las atletas femeninas se desaconseja el uso de Anadrol 50 es demasiado androg\u00e9nicos.<\/p>\n<h3>Lee mas<\/h3>\n<p><a href=\"http:\/\/getanabolics.biz\/es\/grandes-resultados-del-mejor-acetato-de-trenbolona\/\">GRANDES RESULTADOS DEL MEJOR ACETATO DE TRENBOLONE<\/a><\/p>\n<p><a href=\"http:\/\/getanabolics.biz\/es\/todo-lo-que-usted-necesita-saber-sobre-anadrol\/\">TODO LO QUE NECESITA SABER SOBRE ANADROL<\/a><\/p>\n<p><a href=\"http:\/\/getanabolics.biz\/es\/el-efecto-de-los-esteroides-en-la-piel-humana\/\">EL EFECTO DE LOS ESTEROIDES EN LA PIEL HUMANA<\/a><\/p>\n<p><a href=\"http:\/\/getanabolics.biz\/es\/reuna-una-masa-seca-sin-efectos-secundarios\/\">RE\u00daNA UNA MISA SECA SIN EFECTOS SECUNDARIOS<\/a><\/p>\n<p>\u00bf<a href=\"http:\/\/getanabolics.biz\/es\/cual-deberia-ser-la-duracion-del-ciclo-de-esteroides\/\">CU\u00c1L DEBE SER LA DURACI\u00d3N DEL CURSO DE ESTEROIDES?<\/a><\/p>\n","protected":false},"excerpt":{"rendered":"<p>Paquete: 50 fichas de cada ficha contiene 50 mg de Oximetolona<br \/>Fabricante: Maxtreme<br \/>Nombre de la marca: Anadrol<br \/>Conocido como: Max-Drol<\/p>\n","protected":false},"featured_media":1079,"comment_status":"open","ping_status":"closed","template":"","meta":[],"product_cat":[108,115],"product_tag":[71],"_links":{"self":[{"href":"https:\/\/getanabolics.biz\/es\/wp-json\/wp\/v2\/product\/879"}],"collection":[{"href":"https:\/\/getanabolics.biz\/es\/wp-json\/wp\/v2\/product"}],"about":[{"href":"https:\/\/getanabolics.biz\/es\/wp-json\/wp\/v2\/types\/product"}],"replies":[{"embeddable":true,"href":"https:\/\/getanabolics.biz\/es\/wp-json\/wp\/v2\/comments?post=879"}],"wp:featuredmedia":[{"embeddable":true,"href":"https:\/\/getanabolics.biz\/es\/wp-json\/wp\/v2\/media\/1079"}],"wp:attachment":[{"href":"https:\/\/getanabolics.biz\/es\/wp-json\/wp\/v2\/media?parent=879"}],"wp:term":[{"taxonomy":"product_cat","embeddable":true,"href":"https:\/\/getanabolics.biz\/es\/wp-json\/wp\/v2\/product_cat?post=879"},{"taxonomy":"product_tag","embeddable":true,"href":"https:\/\/getanabolics.biz\/es\/wp-json\/wp\/v2\/product_tag?post=879"}],"curies":[{"name":"wp","href":"https:\/\/api.w.org\/{rel}","templated":true}]}}