{"id":875,"date":"2017-04-27T10:33:38","date_gmt":"2017-04-27T11:42:09","guid":{"rendered":"http:\/\/getanabolics.biz\/product\/dianabol-100-fichas-cada-uno-contiene-10-mg-de-methandienone-maxtreme\/"},"modified":"2018-01-18T12:23:30","modified_gmt":"2018-01-18T12:23:30","slug":"dianabol-100-tabs-each-contains-10-mg-methandienone","status":"publish","type":"product","link":"https:\/\/getanabolics.biz\/es\/producto\/dianabol-100-tabs-each-contains-10-mg-methandienone\/","title":{"rendered":"Dianabol &#8211; Maxtreme"},"content":{"rendered":"<h2>Comprar Dianabol &#8211; Maxtreme (Max-One)<\/h2>\n<p><a title=\"Comprar Dianabol en GetAnabolics\"><img src=\"http:\/\/getanabolics.biz\/images\/dianabol-10-100-atlasp.jpg\" width=\"30%\" align=\"right\" \/><\/a><br \/>\nPara aquellos que buscan Dianabol y preguntando d\u00f3nde comprar Dianabol de Maxtreme legalmente ofrecemos Max-One como la mejor opci\u00f3n real para los culturistas.<br \/>\nA partir de ahora en una gran variedad de esteroides inyectables, as\u00ed como de los esteroides orales y terapia post ciclo de Maxtreme puede ser comprado en <b>GetAnabolics<\/b>. Estamos encantados de presentar la nueva Dianabol de <span style=\"font-weight: bold;\">Maxtreme<\/span>.<br \/>\n<em>Todos los productos que tiene para ofrecer son aut\u00e9nticos, de alta calidad de compuestos y tienen un \u00fanico objetivo: ayudar a la gente a la ganancia de masa muscular, la fuerza general, a quemar grasas y a ayudarlos en el camino de la perfecci\u00f3n f\u00edsica. Con el fin de crear una constructivo y civilizado relaci\u00f3n con nuestros clientes, vamos a hacer el m\u00e1ximo esfuerzo para asegurar un servicio de alta calidad y enfoque de cada persona que la direcci\u00f3n de nuestra tienda con cortes\u00eda y respeto.<\/em><br \/>\nConstruir y mantener un cuerpo perfecto, se requiere una combinaci\u00f3n de m\u00e9todos. Una dieta adecuada es la primera en la lista de los componentes esenciales que el cuerpo necesita. En segundo lugar, aseg\u00farese de que usted siempre compra y uso legal de los esteroides en l\u00ednea no s\u00f3lo para evitar conflictos con la ley, pero lo que es m\u00e1s importante, para evitar complicaciones de salud.<br \/>\n<em><span style=\"font-weight: bold;\">GetAnabolics.Biz<\/span> es la l\u00ednea de esteroides proveedor especialmente creado y dedicado a proporcionar a cada atleta y culturista con los mejores esteroides anab\u00f3licos en los precios de descuento. Hemos elegido la mayor\u00eda de marcas confiables para colaborar con el fin de garantizar la seguridad, original y de alto nivel de esteroides para nuestros clientes.<\/em><br \/>\nEnv\u00edo de esteroides muy segura es la principal preocupaci\u00f3n para la entrega de esteroides a nivel mundial. Nuestro discreto garantiza que nadie m\u00e1s sabe que usted comprar esteroides en l\u00ednea.<\/p>\n<h2>M\u00e1s Dianabol Maxtreme Informaci\u00f3n<\/h2>\n<p><b>100 fichas cada uno contiene 10 mg de Methandienone<\/b><\/p>\n<p><strong>Nombre farmac\u00e9utico<\/strong>: Methandrostenolone \/ methandienone<br \/>\n<strong>Nombres qu\u00edmicos<\/strong>: 17a-metil-17b-hidroxi-1, 4-androstadien-3-1-Dehidro-17a-methyltestosterone methandienone<br \/>\n<strong>Peso Molecular:<\/strong> 300.44<br \/>\n<strong>F\u00f3rmula<\/strong>: C20H28O2<br \/>\n<strong>Punto de fusi\u00f3n:<\/strong> 159-164 grados Cent\u00edgrados<br \/>\n<strong>Vida activa:<\/strong> 3-8 horas<br \/>\n<strong>Tiempo de detecci\u00f3n:<\/strong> hasta 6 semanas<br \/>\n<strong>Anab\u00f3licos\/Androg\u00e9nicos Relaci\u00f3n (Rango):<\/strong> 90-210:40-60<\/p>\n<blockquote><p><a href=\"http:\/\/getanabolics.biz\/es\/producto\/dianabol-buy-d-bol-100-tabs-each-contains-10-mg-methandienone\/\">Methandrostenolone <\/a>ha sido durante mucho tiempo un favorito de la fuerza de los atletas y culturistas desde su creaci\u00f3n en 1956, con el prop\u00f3sito expl\u00edcito de que la creaci\u00f3n es para el uso por parte de los atletas. Fue la capacidad del compuesto para promover la s\u00edntesis de prote\u00ednas dr\u00e1stica, estimular la fuerza de una manera directa y de acci\u00f3n r\u00e1pida, y la capacidad de mejorar la glucogen\u00f3lisis, que lo hicieron tan popular, y el por qu\u00e9 de su popularidad sigue siendo alto en la actualidad.<\/p><\/blockquote>\n<p><em>En t\u00e9rminos de su uso m\u00e9dico, methandrostenolone fue\/se utiliza en el tratamiento de condiciones tales como intersticial-insuficiencia hipofisaria, cr\u00f3nica, insuficiencia adrenocortical, tirotoxicosis, angiopat\u00edas diab\u00e9ticas (retinopat\u00eda y nefropat\u00eda), esteroides, diabetes, y el enanismo hipofisario, entre otras (1). Sin embargo, debido a la Administraci\u00f3n de Alimentos y Medicamentos de la creencia de que el compuesto estaba siendo utilizado dentro de la comunidad del culturismo mucho m\u00e1s que en el tratamiento de condiciones m\u00e9dicas, orden\u00f3 que las compa\u00f1\u00edas Estadounidenses por terminada la fabricaci\u00f3n en la d\u00e9cada de 1990. Numerosas compa\u00f1\u00edas de medicamentos fuera de las fronteras de estados UNIDOS contin\u00faan haciendo de las drogas sin embargo, y es la prevalencia en el mercado negro se ha mantenido muy alta.<\/em><\/p>\n<p><b>Uso\/Dosificaci\u00f3n<\/b><\/p>\n<p><strong>Se puede concluir que el mejor uso para methandrostenolone<\/strong> es a corto plazo con la mayor\u00eda de los usuarios prefiriendo usar el producto para entre cuatro y seis semanas, aunque algunos de prolongar el uso con limitadas consecuencias a la salud, a pesar de sus efectos hepatot\u00f3xicos fuertes. Para la mayor parte, la mayor\u00eda de los usuarios recreativos de comenzar admistering methandrostenolone en el inicio de una larga pila de acopio para \u00abreactivar\u00bb las ganancias de masa y fuerza. Sin embargo, el uso de la misma antes de que distintos tipos de competiciones tambi\u00e9n es bastante com\u00fan por lo que sus efectos son, realizado durante un per\u00edodo espec\u00edfico.<\/p>\n<p><em><a href=\"http:\/\/getanabolics.biz\/es\/caracteristicas-de-los-cursos-cortos-de-esteroides\/\">Debido a la vida activa, que es de tres a ocho horas<\/a>, dosis m\u00faltiples durante todo el d\u00eda de methandrostenolone debe ser utilizado. Lo mejor es mantener bloodlevels tan uniformemente como sea posible, por lo tanto, dividiendo la dosis a lo largo del d\u00eda, incluso de cantidades es necesario. Algunos sostienen que la administraci\u00f3n de la droga debe dejar un par de horas antes de dormir, ya que va a causar m\u00e1s HPTA apagar, como el cuerpo natural de la producci\u00f3n de testosterona durante el sue\u00f1o podr\u00eda ser afectado. Sin embargo, si usted est\u00e1 tomando otros compuestos junto con methandrostenolone, estos ya estar\u00e1n cerrando su la producci\u00f3n natural de testosterona, por lo tanto esto no es una preocupaci\u00f3n. En t\u00e9rminos de dosificaci\u00f3n, se ha reportado que dosis de 10 mg puede aumentar la actividad de los andr\u00f3genos por cinco veces, as\u00ed como tener un efecto de un 50 a un 70% de disminuci\u00f3n en el cortisol de la actividad (2). A pesar de esto, la mayor\u00eda de la evidencia anecd\u00f3tica sugiere que veinte a cuarenta miligramos es la norma en los t\u00e9rminos de los usuarios de primera vez (como se desprende de los datos que los conocimientos adquiridos por medio de varios usuarios). Sin embargo, las dosis que van desde los 100-150 mg y superiores han sido reportados por algunos usuarios experimentados. Como con la mayor\u00eda de ananbolic drogas, los retornos son aparentemente disminuida y la probabilidad de efectos secundarios el aumento de la dosis.<\/em><\/p>\n<p><strong>Similar a casi todos los esteroides orales,<\/strong> la gran mayor\u00eda de los usuarios ser\u00e1 de reconocer el hecho de que methandrostenolone no se debe correr solo y s\u00f3lo se apilan con otros compuestos. Esto es debido al hecho de que la mayor\u00eda de los usuarios que han corrido methandrostenolone s\u00f3lo cyles han reportado anecd\u00f3ticamente que es muy dif\u00edcil mantener las ganancias del ciclo posterior. Sin embargo, el mismo es cierto cuando la suspensi\u00f3n de la droga y que sus otros compuestos \u00abpatada\u00bb, si son \u00e9ster de largo. Es a menudo el caso de que la retenci\u00f3n de agua experimentados, mientras que en methandrostenolone ser\u00e1 derramada pero las ganancias en fuerza y masa seguir\u00e1 siendo debido a los otros compuestos presentes. Se puede argumentar que, por lo tanto, los aumentos experimentados, mientras que en methandrostenolone son de corta duraci\u00f3n, no importa cu\u00e1les sean las circunstancias y el compuesto debe ser utilizado s\u00f3lo como una soluci\u00f3n r\u00e1pida para la competici\u00f3n o bien simplemente como un motivador mientras espera a notar los efectos de largo estered compuestos. Sin embargo, otros argumentan que los logros que hacer mientras se utiliza el compuesto son, de hecho, f\u00e1cil de mantener. Por lo tanto, la experimentaci\u00f3n personal es una vez m\u00e1s, la \u00fanica manera de ver c\u00f3mo una persona reacciona.<\/p>\n<p><b> Riesgos\/Efectos Secundarios <\/b><\/p>\n<p><strong>Los efectos secundarios estrog\u00e9nicos puede ser una preocupaci\u00f3n con methandrostenolone, ya que se convierte en estradiol a trav\u00e9s de la aromatasa, aunque esto es bastante modesto en el mejor. La presi\u00f3n arterial alta, retenci\u00f3n de agua, gynocomastia, y el acn\u00e9 son todos los posibles indeseables efectos secundarios durante el uso de dianabol. Por otro lado, un alto n\u00famero de usuarios tambi\u00e9n han informado que experimentan sangrado de la nariz, mientras que utilizando el compuesto. Algunos atribuyen esto a un aumento de la presi\u00f3n arterial, mientras que otros no han notado un aumento en su presi\u00f3n arterial, pero todav\u00eda experimentar un aumento en el n\u00famero de sangrados de la nariz que tiene, mientras que el uso de dianabol.<\/strong><\/p>\n<p>El uso de un inhibidor de la aromatasa como armidex o bloqueador de estr\u00f3geno como nolvadex debe ayudar a contrarrestar algunos de estos efectos secundarios. Como para el potencial de p\u00e9rdida de cabello, el metabolito androg\u00e9nico de la 5-alfa dihydromethandrostenolone s\u00f3lo es producido en cantidades traza, y por lo tanto la p\u00e9rdida de cabello no debe ser un motivo de preocupaci\u00f3n(3). En las mujeres no es raro que virilizante efectos secundarios a ocurrir, incluyendo un aumento en el crecimiento de la andr\u00f3geno-sensibles del pelo y la profundizaci\u00f3n de la voz, entre otros. No hay maneras de minimizar estos efectos secundarios en mujeres si son experimentados otro que mantener la dosis que uno est\u00e1 tomando a un m\u00ednimo.<\/p>\n<p>Como la mayor\u00eda de los esteroides orales methandrostenolone es 17-alfa-alquilados por lo que no puede ser descompuesto en un 17-ketosteroid, y por lo tanto la representaci\u00f3n de la sustancia ineficaz. Sin embargo, esto hace que los valores del h\u00edgado, para ser elevado en un corto per\u00edodo de tiempo. Es por esta raz\u00f3n que el uso a largo plazo de cualquier 17-alfa-alquilados de esteroides es considerado peligroso. A pesar de esto, sin embargo, ning\u00fan da\u00f1o a largo plazo se debe esperar si el uso se mantiene en per\u00edodos relativamente cortos, con los valores del h\u00edgado, volviendo a los niveles anteriores despu\u00e9s de su uso se interrumpe en casi todos los casos (4).<\/p>\n<p>Tambi\u00e9n se debe se\u00f1alar que methandrostenolone puede ser menos \u00fatil para aquellos que compiten en eventos aer\u00f3bicos, ya que tambi\u00e9n disminuye la respiraci\u00f3n celular(5). Esto puede inhibir la capacidad de una persona para realizar al m\u00e1ximo de su capacidad.<\/p>\n<p><b>Puente con D-Bol: Es posible?<\/b><\/p>\n<p><em>Una creencia muy extendida entre algunos de los esteroides de uso de la comunidad es que una peque\u00f1a dosis de dianabol puede ser utilizado para el \u00abpuente\u00bb entre los ciclos. Esto es debido al hecho de que, como se explic\u00f3 anteriormente, 10 mg, tomados a la vez aumentar\u00e1 el promedio de su nivel de testosterona por cinco veces y disminuir su end\u00f3geno cosrtisone en un 50-70%. Esto, junto con la corta vida activa de la droga, sugerir\u00eda que mediante el uso de una peque\u00f1a dosis de lo primero al despertar es considerado por algunos para ayudar a combatir los problemas asscociated con la llegada de los esteroides anab\u00f3licos. Coincidiendo la dosis de dianabol con el propio cuerpo de la testosterona natural de la espiga al despertar, muchos de los defensores de \u00abpuente\u00bb se sugiere que el cuerpo de alguna manera va a ser enga\u00f1ados en la creencia de que este pico es natural y que la LH funci\u00f3n seguir\u00e1 siendo s\u00f3lo parcialmente suprimida, como methandrostenolone tiene una comparativamente peque\u00f1a influencia sobre el sistema endocrino(6). La habitual dosis sugerida para el puente es generalmente de 10 mg por d\u00eda.<\/em><\/p>\n<p>A pesar de las apariencias, esta teor\u00eda tiene muy poca evidencia para respaldar a s\u00ed mismo sin ninguna evidencia cient\u00edfica que sugiera que un puente, incluso, es posible, aunque concede que la mayor\u00eda de nuestro conocimiento viene a trav\u00e9s de ensayo y error. Sin embargo, incluso el propnents de un \u00abd-bol puente\u00bb admitir que la restauraci\u00f3n completa de la LH funci\u00f3n no se alcanza hasta que uno est\u00e1 completamente fuera de todos los compuestos. Con eso dicho, es poco probable que un \u00abpuente\u00bb que le ayuda a mantener la masa muscular mientras que usted es capaz de recuperar tanto ATAR y LH de la funci\u00f3n. La \u00fanica soluci\u00f3n es salir completamente fuera de todas las sustancias y ejecutar una adecuada terapia post-ciclo.<\/p>\n<p>Dianabol es un esteroide eficaz, sin embargo, su uso debe ser dirigida a un objetivo espec\u00edfico, como la mayor\u00eda de los compuestos es utilizar s\u00f3lo cumple con una cantidad limitada de los efectos deseados. Con esto en mente, dianabol puede ser utilizado con seguridad y eficacia.<br \/>\n<i> Referencias<br \/>\n1. Metkinen de Drogas en L\u00ednea de Perfil, a trav\u00e9s de internet, que se encuentra en http:\/\/www.metkinen.fi\/products\/ferm&#8230;androstenolone<br \/>\n2. Rea, Autor L., 2002, Qu\u00edmica aumento Muscular: Bodybuilder\u00c3\u00a2\u00e2&#8217;\u00e2\u00bb\u00a2s de Referencia de Escritorio<br \/>\n3. Llewellyn, William, Anabolizantes 2004, 2003-4, la Nutrici\u00f3n Molecular, pp 93-6<br \/>\n4. Harrison LM, Fennessey PV., Methandrostenolone metabolismo en los seres humanos: problemas potenciales asociados con el aislamiento e identificaci\u00f3n de metabolitos, Steroid Biochem De 1990 14 de Agosto;36(5):407-14<br \/>\n5. Blasberg M\u00cd, Langan CJ, Clark COMO., Los efectos de la 17 alfa metiltestosterona, methandrostenolone, y el decanoato de nandrolona en el ciclo estral de la rata, Physiol Behav de Febrero de 1997;61(2)<br \/>\n6. Serakovskii S, Esteras&#8217;koviak I., Efecto de methanedienone (methandrostenolone) en procesos de energ\u00eda y el metabolismo de los carbohidratos en el h\u00edgado de rata, las c\u00e9lulas, Farmakol Toksikol 1981 Mar-Apr;44(2):213-7<br \/>\n<\/i><\/p>\n<h3>Lee mas<\/h3>\n<p><a href=\"http:\/\/getanabolics.biz\/es\/comprar-dianabol-en-linea-en-getanabolics-biz\/\">COMPRAR DIANABOL ONLINE EN GETANABOLICS.BIZ<\/a><\/p>\n<p><a href=\"http:\/\/getanabolics.biz\/es\/winstrol-que-es-y-para-que-sirve\/\">WINSTROL, \u00bfQU\u00c9 ES Y PARA QU\u00c9 SIRVE?<\/a><\/p>\n<p><a href=\"http:\/\/getanabolics.biz\/es\/cytomel-t3-comentarios-sobre-getanabolics-biz\/\">REVISIONES CYTOMEL T3 EN GETANABOLICS.BIZ<\/a><\/p>\n<p><a href=\"http:\/\/getanabolics.biz\/es\/pausa-entre-cursos-de-esteroides-y-pct\/\">PAUSA ENTRE CURSOS DE ESTEROIDES Y PCT<\/a><\/p>\n<p><a href=\"http:\/\/getanabolics.biz\/es\/que-tan-efectivo-es-el-puente-de-esteroides\/\">\u00bfCU\u00c1N EFECTIVO ES EL PUENTE ESTEROIDE?<\/a><\/p>\n","protected":false},"excerpt":{"rendered":"<p>Paquete: 100 fichas cada uno contiene 10 mg de Methandienone<br \/>Fabricante: Maxtreme<br \/>Nombre de la marca: Dianabol<br \/>Conocido como: Max-One<\/p>\n","protected":false},"featured_media":523,"comment_status":"open","ping_status":"closed","template":"","meta":[],"product_cat":[108,115],"product_tag":[71],"_links":{"self":[{"href":"https:\/\/getanabolics.biz\/es\/wp-json\/wp\/v2\/product\/875"}],"collection":[{"href":"https:\/\/getanabolics.biz\/es\/wp-json\/wp\/v2\/product"}],"about":[{"href":"https:\/\/getanabolics.biz\/es\/wp-json\/wp\/v2\/types\/product"}],"replies":[{"embeddable":true,"href":"https:\/\/getanabolics.biz\/es\/wp-json\/wp\/v2\/comments?post=875"}],"wp:featuredmedia":[{"embeddable":true,"href":"https:\/\/getanabolics.biz\/es\/wp-json\/wp\/v2\/media\/523"}],"wp:attachment":[{"href":"https:\/\/getanabolics.biz\/es\/wp-json\/wp\/v2\/media?parent=875"}],"wp:term":[{"taxonomy":"product_cat","embeddable":true,"href":"https:\/\/getanabolics.biz\/es\/wp-json\/wp\/v2\/product_cat?post=875"},{"taxonomy":"product_tag","embeddable":true,"href":"https:\/\/getanabolics.biz\/es\/wp-json\/wp\/v2\/product_tag?post=875"}],"curies":[{"name":"wp","href":"https:\/\/api.w.org\/{rel}","templated":true}]}}