{"id":874,"date":"2017-04-27T10:33:38","date_gmt":"2017-04-27T11:42:09","guid":{"rendered":"http:\/\/getanabolics.biz\/product\/nolvadex-100-fichas-cada-ficha-contiene-20-mg-de-citrato-de-tamoxifeno-maxtreme\/"},"modified":"2018-01-18T12:41:52","modified_gmt":"2018-01-18T12:41:52","slug":"nolvadex-100-tabs-each-tab-contains-20mg-tamoxifen-citrate","status":"publish","type":"product","link":"https:\/\/getanabolics.biz\/es\/producto\/nolvadex-100-tabs-each-tab-contains-20mg-tamoxifen-citrate\/","title":{"rendered":"Nolvadex &#8211; Maxtreme"},"content":{"rendered":"<h2>Comprar Nolvadex &#8211; Maxtreme (Maxi-Fen-20)<\/h2>\n<p><a title=\"Comprar Nolvadex en GetAnabolics\"><img src=\"http:\/\/getanabolics.biz\/images\/nolbadex-d-astrazeneca.jpg\" width=\"30%\" align=\"right\" \/><\/a><br \/>\nPara aquellos que buscan Nolvadex y preguntando d\u00f3nde comprar Nolvadex de Maxtreme legalmente ofrecemos Maxi-Fen-20 como la mejor opci\u00f3n real para los culturistas.<br \/>\nA partir de ahora en una gran variedad de esteroides inyectables, as\u00ed como de los esteroides orales y terapia post ciclo de Maxtreme puede ser comprado en <b>GetAnabolics<\/b>. Estamos encantados de presentar la nueva Nolvadex de <span style=\"font-weight: bold;\">Maxtreme<\/span>.<br \/>\n<em>Todos los productos que tiene para ofrecer son aut\u00e9nticos, de alta calidad de compuestos y tienen un \u00fanico objetivo: ayudar a la gente a la ganancia de masa muscular, la fuerza general, a quemar grasas y a ayudarlos en el camino de la perfecci\u00f3n f\u00edsica. Con el fin de crear una constructivo y civilizado relaci\u00f3n con nuestros clientes, vamos a hacer el m\u00e1ximo esfuerzo para asegurar un servicio de alta calidad y enfoque de cada persona que la direcci\u00f3n de nuestra tienda con cortes\u00eda y respeto.<\/em><br \/>\nConstruir y mantener un cuerpo perfecto, se requiere una combinaci\u00f3n de m\u00e9todos. Una dieta adecuada es la primera en la lista de los componentes esenciales que el cuerpo necesita. En segundo lugar, aseg\u00farese de que usted siempre compra y uso legal de los esteroides en l\u00ednea no s\u00f3lo para evitar conflictos con la ley, pero lo que es m\u00e1s importante, para evitar complicaciones de salud.<br \/>\n<em><span style=\"font-weight: bold;\">GetAnabolics.Biz<\/span> es la l\u00ednea de esteroides proveedor especialmente creado y dedicado a proporcionar a cada atleta y culturista con los mejores esteroides anab\u00f3licos en los precios de descuento. Hemos elegido la mayor\u00eda de marcas confiables para colaborar con el fin de garantizar la seguridad, original y de alto nivel de esteroides para nuestros clientes.<\/em><br \/>\nEnv\u00edo de esteroides muy segura es la principal preocupaci\u00f3n para la entrega de esteroides a nivel mundial. Nuestro discreto garantiza que nadie m\u00e1s sabe que usted comprar esteroides en l\u00ednea.<\/p>\n<h2>M\u00e1s Nolvadex Maxtreme Informaci\u00f3n<\/h2>\n<p><b>100 fichas cada ficha contiene 20 mg de Citrato de Tamoxifeno<\/b><\/p>\n<blockquote><p>Este remedio es un poco diferente de los dem\u00e1s, porque no es un esteroide anab\u00f3lico\/androg\u00e9nico. Para el hombre y la las mujeres culturistas, sin embargo, es muy \u00fatil y recomendable compuesto que es confirmada por su el uso generalizado y la mayor\u00eda de resultados positivos. Novadex-D pertenece al grupo de hormonas sexuales y es un llamado de antiestr\u00f3geno. La aplicaci\u00f3n normal de Nolvadex es en el tratamiento de ciertas formas de c\u00e1ncer de mama en pacientes de sexo femenino. Con Nolvadex es posible a la inversa existente en un proceso de crecimiento de los fallecidos tejido y impedir su crecimiento. El crecimiento de ciertos tejidos es estimulada por el propio cuerpo de la hormona estr\u00f3geno. Este es especialmente cierto para las gl\u00e1ndulas mamarias en los hombres y las mujeres, ya que el cuerpo tiene una gran cantidad de estr\u00f3geno los receptores en estas gl\u00e1ndulas que puede enlazar con los estr\u00f3genos presentes en la sangre. Si el cuerpo de la propia estr\u00f3geno nivel inusualmente alto de un crecimiento no deseado de las gl\u00e1ndulas mamarias se produce. Sin embargo, en las mujeres sanas y especialmente en los hombres, este no es el caso. A pesar de esto, es en su mayor\u00eda masculino culturistas que usan Novadex, y menos mujeres. A primera vista, esto parece algo inconcebible, pero al tomar una mirada m\u00e1s cercana, las razones son claro.<\/p><\/blockquote>\n<h1>Comprar Nolvadex<\/h1>\n<p><em>Los culturistas que toman Nolvadex-D tambi\u00e9n el uso de esteroides anab\u00f3licos en el mismo tiempo. Dado que la mayor\u00eda de los esteroides aromatiza m\u00e1s o menos fuertemente, es decir, parte de la sustancia se convierte en estr\u00f3genos, los culturistas masculinos puede la experiencia de una elevaci\u00f3n significativa en la general, muy bajo nivel de estr\u00f3genos. Esto puede conducir a la feminizaci\u00f3n los s\u00edntomas tales como la ginecomastia (crecimiento de las gl\u00e1ndulas mamarias), el aumento de los dep\u00f3sitos de grasa y una mayor retenci\u00f3n de agua. El antiestr\u00f3geno Nolvadex obras en contra de este por el bloqueo de los receptores de estr\u00f3geno de la efectu\u00f3 el tejido del cuerpo, inhibiendo la uni\u00f3n de los estr\u00f3genos y el receptor. Es, sin embargo, es importante entender que Nolvadex no previene la aromatizaci\u00f3n pero s\u00f3lo act\u00faa como un antagonista de los estr\u00f3genos. Esto significa que no evitar que la testosterona y sus derivados sint\u00e9ticos (esteroides) a partir de la conversi\u00f3n en estr\u00f3genos, pero s\u00f3lo peleas con en una especie de \u00abcompetencia\u00bb de los receptores de estr\u00f3geno. Esta caracter\u00edstica tiene la desventaja de que despu\u00e9s de la interrupci\u00f3n de la Nolvadex un \u00abefecto rebote\u00bb puede ocurrir que significa que de repente se libera estr\u00f3geno los receptores son ahora capaces de absorber la presencia de estr\u00f3genos en la sangre. Por esta raz\u00f3n, la combinaci\u00f3n de la ingesta de Proviron es sugerido (<a href=\"http:\/\/getanabolics.biz\/es\/producto\/proviron-buy-proviron-50-tabs-each-tab-25mg-mesterolone\/\">ver Proviron.<\/a>)<\/em><\/p>\n<p>Nolvadex tambi\u00e9n es \u00fatil durante la dieta, ya que ayuda en la quema de grasa. Aunque Nolvadex no tiene efecto de quema de grasas de su efecto antiestrog\u00e9nico contribuye a mantener el estr\u00f3geno nivel tan bajo como sea posible. Nolvadex debe sobre todo ser tomado junto con el fuerte androg\u00e9nicos esteroides Dianabol y Anadrol 50, y de los diversos compuestos de testosterona. Los atletas que tienen tendencia a retener el agua y que tienen un mamaria disfunci\u00f3n debe tomar Nolvadex como la prevenci\u00f3n durante todos los esteroides la ingesta. Desde Novadex es muy afectivo en la mayor\u00eda de los casos no es de extra\u00f1ar que varios atletas <strong>pueden tomar Anadrol 50 y Dianabol<\/strong> hasta el d\u00eda de una competencia, y en combinaci\u00f3n con un diur\u00e9tico todav\u00eda aparecen totalmente definido en el. centro de atenci\u00f3n. Aquellos que ya tienen un bajo contenido de grasa corporal va a lograr un mejorado visiblemente la dureza del m\u00fasculo con Nolvadex.<\/p>\n<p><strong>Varios culturistas como utilizar Nolvadex en el final de un ciclo de esteroides, ya que aumenta el cuerpo de la propia la producci\u00f3n de testosterona -que ser\u00e1 discutido en m\u00e1s detalle en el siguiente-para contrarrestar los efectos secundarios causada por los estr\u00f3genos. Estos pueden ocurrir despu\u00e9s de la suspensi\u00f3n de los esteroides cuando el nivel de andr\u00f3genos en relaci\u00f3n a la concentraci\u00f3n de estr\u00f3genos es demasiado baja y el estr\u00f3geno se convierte en la dominante de la hormona. Una muy excepcional pero el problema m\u00e1s grave de Nolvadex es que en algunos casos no bajar el nivel de estr\u00f3geno pero puede aumentar. Otra desventaja es que puede debilitar el efecto anab\u00f3lico de algunos esteroides. El la raz\u00f3n es que Nolvadex, como sabemos, reduce el nivel de estr\u00f3genos. El hecho es, sin embargo, que ciertos esteroides &#8211; especialmente los varios compuestos de testosterona-s\u00f3lo puede alcanzar su pleno efecto si el nivel de estr\u00f3geno es lo suficientemente alta. Aquellos que est\u00e1n acostumbrados a la ingesta de grandes cantidades de diversos esteroides no tiene que preocuparse acerca de este. Los atletas sin embargo, que principalmente el uso de esteroides leves tales como Primobolan, <a href=\"http:\/\/getanabolics.biz\/es\/producto\/winstrol-tabs-10-comprar-winstrol-pildoras-de-50-fichas-de-cada-uno-de-ellos-contiene-10-mg-de-estanozolol-alpha-pharma\/\">Winstrol<\/a>, La oxandrolona, y Deca Durabolin debe considerar cuidadosamente si deben o no tomar Nolvadex puesto que, debido a que el compuesto ya moderado efecto anab\u00f3lico, una p\u00e9rdida adicional de los efectos que podr\u00eda tener lugar, l\u00edder a insatisfacci\u00f3n en los resultados.<\/strong><\/p>\n<p><strong>Una observado en raras ocasiones<\/strong>, pero la bienvenida caracter\u00edstica de Nolvadex es que tiene una influencia directa sobre el hipot\u00e1lamo y as\u00ed, por un aumento de la liberaci\u00f3n de gonadotropine, estimula la producci\u00f3n de testosterona en los test\u00edculos. Esto no se traduce en una enorme, pero a\u00fan as\u00ed un aumento mensurable de la del propio cuerpo de la testosterona. Este el efecto, sin embargo, no es suficiente para aumentar significativamente la producci\u00f3n de testosterona reducido por esteroides anab\u00f3licos\/androg\u00e9nicos.<\/p>\n<p><span style=\"text-decoration: underline;\"><em><strong>Los efectos secundarios de Nolvadex<\/strong> son generalmente bajos en dosis de hasta 30 mg\/d\u00eda En casos poco frecuentes n\u00e1useas, v\u00f3mitos, sofocos, sensaci\u00f3n de entumecimiento y la visi\u00f3n borrosa puede ocurrir. En las mujeres, ciclos menstruales irregulares puede ocurrir que se manifiestan en los m\u00e1s d\u00e9biles sangrado menstrual o incluso la completa falta de un per\u00edodo. Las mujeres tambi\u00e9n deben tenga cuidado de no quedar embarazada mientras est\u00e1 tomando Nolvadex. Es importante para las mujeres atletas que Nolvadex y la \u00abla p\u00edldora\u00bb no pueden ser tomados juntos desde el antiestr\u00f3geno Nolvadex y la p\u00edldora que contenga estr\u00f3geno negativamente la falsificaci\u00f3n de cada uno de los otros. Un d\u00eda normal de la dosis tomada por los atletas corresponde m\u00e1s o menos a la dosis indicaciones del fabricante y es de 10-30 mg\/d\u00eda Para prevenir los efectos secundarios estrog\u00e9nicos normalmente de 10 mg\/d\u00eda son suficientes, una dosis que tambi\u00e9n mantiene bajo el riesgo de reducir el efecto de forma simult\u00e1nea-tomado esteroides. A menudo es suficiente si el atleta comienza este preventiva de la ingesta de Nolvadex s\u00f3lo de tres a cuatro semanas despu\u00e9s de la la ingesta de anabolizantes. Los atletas que tienen tendencias hacia la ginecomastia, retenci\u00f3n de agua fuerte, y el aumento de los dep\u00f3sitos de grasa con los esteroides, tales como Dianabol, la Testosterona, Anadrol 50, y Deca-Durabolin generalmente tomar de 20-30 mg\/d\u00eda de La aplicaci\u00f3n combinada de Nolvadex 20-30 mg\/d\u00eda y Proviron de 25-50 mg\/d\u00eda en estos de los casos conduce a excelentes resultados. Lo mismo es cierto para los atletas que est\u00e1n en competencia, y para las mujeres. Las mujeres, sin embargo, debe hacer sin la ingesta de Proviron o, al menos, reducir la dosis a 25 mg tableta por d\u00eda. Por desgracia, en la mayor\u00eda de los casos, una muy pronunciada de la ginecomastia (\u00abtetas de perra\u00bb) no puede reducirse tomando Nolvadex por lo que a menudo se requiere cirug\u00eda, la cirug\u00eda que no es pagado por el seguro de salud. Los primeros signos de una posible la ginecomastia son la luz de dolor al tocar los pezones. Los comprimidos se toman normalmente de 1-2 veces al d\u00eda, tragarse enteros, sin masticar, con un poco de l\u00edquido durante las comidas.<\/em><\/span><\/p>\n<h3>Lee mas<\/h3>\n<p><a href=\"http:\/\/getanabolics.biz\/es\/comprar-clomid-en-linea-en-getanabolics-biz\/\">COMPRAR CLOMID ONLINE EN GETANABOLICS.BIZ<\/a><\/p>\n<p><a href=\"http:\/\/getanabolics.biz\/es\/hormona-del-crecimiento-hgh-los-hechos-mas-importantes\/\">HORMONA DE CRECIMIENTO HGH &#8211; LOS HECHOS M\u00c1S IMPORTANTES<\/a><\/p>\n<p><a href=\"http:\/\/getanabolics.biz\/es\/caracteristicas-de-los-cursos-cortos-de-esteroides\/\">CARACTER\u00cdSTICAS DE LOS CURSOS CORTOS DE ESTEROIDES<\/a><\/p>\n<p><a href=\"http:\/\/getanabolics.biz\/es\/pausa-entre-cursos-de-esteroides-y-pct\/\">PAUSA ENTRE CURSOS DE ESTEROIDES Y PCT<\/a><\/p>\n<p><a href=\"http:\/\/getanabolics.biz\/es\/que-tan-efectivo-es-el-puente-de-esteroides\/\">\u00bfCU\u00c1N EFECTIVO ES EL PUENTE ESTEROIDE?<\/a><\/p>\n","protected":false},"excerpt":{"rendered":"<p>Paquete: 100 fichas cada ficha contiene 20 mg de Citrato de Tamoxifeno<br \/>Fabricante: Maxtreme<br \/>Nombre de la marca: Nolvadex<br \/>Conocido como: Maxi-Fen-20<\/p>\n","protected":false},"featured_media":1085,"comment_status":"open","ping_status":"closed","template":"","meta":[],"product_cat":[87,108],"product_tag":[71],"_links":{"self":[{"href":"https:\/\/getanabolics.biz\/es\/wp-json\/wp\/v2\/product\/874"}],"collection":[{"href":"https:\/\/getanabolics.biz\/es\/wp-json\/wp\/v2\/product"}],"about":[{"href":"https:\/\/getanabolics.biz\/es\/wp-json\/wp\/v2\/types\/product"}],"replies":[{"embeddable":true,"href":"https:\/\/getanabolics.biz\/es\/wp-json\/wp\/v2\/comments?post=874"}],"wp:featuredmedia":[{"embeddable":true,"href":"https:\/\/getanabolics.biz\/es\/wp-json\/wp\/v2\/media\/1085"}],"wp:attachment":[{"href":"https:\/\/getanabolics.biz\/es\/wp-json\/wp\/v2\/media?parent=874"}],"wp:term":[{"taxonomy":"product_cat","embeddable":true,"href":"https:\/\/getanabolics.biz\/es\/wp-json\/wp\/v2\/product_cat?post=874"},{"taxonomy":"product_tag","embeddable":true,"href":"https:\/\/getanabolics.biz\/es\/wp-json\/wp\/v2\/product_tag?post=874"}],"curies":[{"name":"wp","href":"https:\/\/api.w.org\/{rel}","templated":true}]}}