{"id":873,"date":"2017-04-27T10:33:38","date_gmt":"2017-04-27T11:42:09","guid":{"rendered":"http:\/\/getanabolics.biz\/product\/cytomel-t3-100-50-fichas-de-cada-100-mcg-liothyronine-de-sodio-maxtreme\/"},"modified":"2018-01-19T06:59:33","modified_gmt":"2018-01-19T06:59:33","slug":"cytomel-t3-100-50-tabs-each-100-mcg-liothyronine-sodium","status":"publish","type":"product","link":"https:\/\/getanabolics.biz\/es\/producto\/cytomel-t3-100-50-tabs-each-100-mcg-liothyronine-sodium\/","title":{"rendered":"Cytomel (T3) &#8211; 100 &#8211; Maxtreme"},"content":{"rendered":"<h2>Comprar Cytomel (T3) &#8211; 100 &#8211; Maxtreme (T3-Max-100)<\/h2>\n<p><a title=\"Comprar Cytomel (T3) - 100 en GetAnabolics\"><img src=\"http:\/\/getanabolics.biz\/images\/cytomel-100-100-la.jpg\" width=\"30%\" align=\"right\" \/><\/a><br \/>\nPara aquellos que buscan Cytomel (T3) &#8211; 100 y preguntando d\u00f3nde comprar Cytomel (T3) &#8211; 100 de Maxtreme legalmente ofrecemos T3-Max-100 como la mejor opci\u00f3n real para los culturistas.<br \/>\nA partir de ahora en una gran variedad de esteroides inyectables, as\u00ed como de los esteroides orales y terapia post ciclo de Maxtreme puede ser comprado en <b>GetAnabolics<\/b>. Estamos encantados de presentar la nueva Cytomel (T3) &#8211; 100 de <span style=\"font-weight: bold;\">Maxtreme<\/span>.<br \/>\n<em>Todos los productos que tiene para ofrecer son aut\u00e9nticos, de alta calidad de compuestos y tienen un \u00fanico objetivo: ayudar a la gente a la ganancia de masa muscular, la fuerza general, a quemar grasas y a ayudarlos en el camino de la perfecci\u00f3n f\u00edsica. Con el fin de crear una constructivo y civilizado relaci\u00f3n con nuestros clientes, vamos a hacer el m\u00e1ximo esfuerzo para asegurar un servicio de alta calidad y enfoque de cada persona que la direcci\u00f3n de nuestra tienda con cortes\u00eda y respeto.<\/em><br \/>\nConstruir y mantener un cuerpo perfecto, se requiere una combinaci\u00f3n de m\u00e9todos. Una dieta adecuada es la primera en la lista de los componentes esenciales que el cuerpo necesita. En segundo lugar, aseg\u00farese de que usted siempre compra y uso legal de los esteroides en l\u00ednea no s\u00f3lo para evitar conflictos con la ley, pero lo que es m\u00e1s importante, para evitar complicaciones de salud.<br \/>\n<span style=\"font-weight: bold;\">GetAnabolics.Biz<\/span> es la l\u00ednea de esteroides proveedor especialmente creado y dedicado a proporcionar a cada atleta y culturista con los mejores esteroides anab\u00f3licos en los precios de descuento. Hemos elegido la mayor\u00eda de marcas confiables para colaborar con el fin de garantizar la seguridad, original y de alto nivel de esteroides para nuestros clientes.<br \/>\n<em>Env\u00edo de esteroides muy segura es la principal preocupaci\u00f3n para la entrega de esteroides a nivel mundial. Nuestro discreto garantiza que nadie m\u00e1s sabe que usted comprar esteroides en l\u00ednea.<\/em><\/p>\n<h2>M\u00e1s Cytomel (T3) &#8211; 100 Maxtreme Informaci\u00f3n<\/h2>\n<p><b>50 fichas de cada 100 mcg Liothyronine de sodio<\/b><\/p>\n<blockquote><p>Clase de medicamento: hormona tiroidea Sint\u00e9tica<br \/>\nLa dosis media recomendada: Entre 25 y 100 mcg\/d\u00eda<\/p>\n<p>Cytomel es la forma sint\u00e9tica de la hormona tiroidea conocida como triiodiothyronine o T3. Esta hormona sint\u00e9tica fue producida originalmente para tratar el Hipotiroidismo y todav\u00eda se utiliza principalmente para el tratamiento de esta condici\u00f3n. El hipotiroidismo es una condici\u00f3n en la que una cantidad insuficiente de hormonas tiroideas se produce y puede ser causada por la deficiencia de yodo y mal funcionamiento de la gl\u00e1ndula pituitaria. La T3 es la hormona esencial para el organismo ya que regula la actividad metab\u00f3lica, la tasa de crecimiento, la funci\u00f3n del coraz\u00f3n, etc. La hormona estimulante de la tiroides o TSH regula los niveles de T3 en el cuerpo.<\/p><\/blockquote>\n<h1>Genuina Cytomel para la venta<\/h1>\n<p><em>Sin embargo, con el uso de Cytomel, la cantidad de T3 puede ser aumentado m\u00e1s de lo que la TSH se lo permiten. Como resultado, Cytomel es muy popular entre los atletas y los constructores del cuerpo, ya que puede aumentar la actividad metab\u00f3lica y la velocidad en la que se usa la energ\u00eda en el cuerpo. Cytomel consume energ\u00eda cruda que aumenta la actividad metab\u00f3lica en el cuerpo y se almacena la grasa corporal es tambi\u00e9n quem\u00f3 mucho m\u00e1s r\u00e1pido que si solo la T3 hormona estaba presente. Sin embargo, suficientes fuentes de grasa deben estar disponibles como fuentes de energ\u00eda, como Cytomel puede incluso romper el tejido muscular cuando no hay otra fuente de energ\u00eda est\u00e1 disponible.<\/em><\/p>\n<p>&nbsp;<\/p>\n<p><a href=\"http:\/\/getanabolics.biz\/es\/producto\/cytomel-t3-25-30-fichas-de-cada-uno-de-los-25-mcg-de-liothyronine-de-sodio-alpha-pharma\/\">Cytomel <\/a>debe ser utilizado en combinaci\u00f3n con un esteroide anab\u00f3lico. Cuando se utiliza solo, que llevar\u00e1 a la ruptura del tejido muscular. Cytomel se utiliza a menudo justo antes de los grandes eventos deportivos y competiciones para quemar el exceso de grasa. Un Cytomel ciclo debe iniciarse con dosis bajas de 25 mcg por d\u00eda, con el aumento gradual de 12.5 mcg tanto para hombres como para mujeres. La dosis m\u00e1xima para los hombres es de 150mcg por d\u00eda y 100 mcg por d\u00eda para las mujeres. Un Cytomel ciclo de <u>no debe exceder de 6 a 8 semanas<\/u> y los usuarios deben vigilar cuidadosamente sus cuerpos y de peso.<\/p>\n<p>Cytomel aumenta la eficiencia proteica del cuerpo y la velocidad a la que la prote\u00edna se descompone tambi\u00e9n es mayor. Esto significa que la prote\u00edna es utilizada mucho mejor. Tambi\u00e9n aumenta la velocidad a la que el gluc\u00f3geno se descompone y la glucosa se metaboliza y a medida que esta aumenta, el cuerpo comienza a utilizar hasta reservas de grasa m\u00e1s r\u00e1pido. La ingesta de Cytomel tambi\u00e9n aumenta la velocidad a la que se degrada el colesterol.<\/p>\n<p>Sin embargo, hay algunos efectos secundarios severos a usar Cytomel. En primer lugar, puede conducir a la p\u00e9rdida de tejido muscular, que puede ser perjudicial para el rendimiento de los atletas y los constructores del cuerpo. La sudoraci\u00f3n excesiva, insomnio y dolores de cabeza y otros efectos secundarios comunes. Despu\u00e9s de un uso prolongado de Cytomel, las mujeres a menudo se observa una alteraci\u00f3n en sus ciclos menstruales, como resultado de un muy bajo porcentaje de grasa corporal. Como se mencion\u00f3 anteriormente, <a href=\"http:\/\/getanabolics.biz\/es\/producto\/cytomel-t3-25-50-tabs-each-25-mcg-liothyronine-sodium\/\">Cytomel<\/a>, siempre deben ser tomadas con esteroides anab\u00f3licos.<\/p>\n<p><span style=\"text-decoration: underline;\"><em>Recomendamos comprobar el <a href=\"http:\/\/getanabolics.biz\/es\/producto\/clenbuterol-40-100-tabs-each-40-mcg-clenbuterol-hydrochloride\/\">Clenbuterol <\/a>Y Cytomel pila bajo ciclos de la categor\u00eda.<\/em><\/span><\/p>\n<h3>Lee mas<\/h3>\n<p><a href=\"http:\/\/getanabolics.biz\/es\/comprar-dianabol-en-linea-en-getanabolics-biz\/\">COMPRAR DIANABOL ONLINE EN GETANABOLICS.BIZ<\/a><\/p>\n<p><a href=\"http:\/\/getanabolics.biz\/es\/winstrol-que-es-y-para-que-sirve\/\">WINSTROL, \u00bfQU\u00c9 ES Y PARA QU\u00c9 SIRVE?<\/a><\/p>\n<p><a href=\"http:\/\/getanabolics.biz\/es\/cytomel-t3-comentarios-sobre-getanabolics-biz\/\">REVISIONES CYTOMEL T3 EN GETANABOLICS.BIZ<\/a><\/p>\n<p><a href=\"http:\/\/getanabolics.biz\/es\/pausa-entre-cursos-de-esteroides-y-pct\/\">PAUSA ENTRE CURSOS DE ESTEROIDES Y PCT<\/a><\/p>\n<p><a href=\"http:\/\/getanabolics.biz\/es\/que-tan-efectivo-es-el-puente-de-esteroides\/\">\u00bfCU\u00c1N EFECTIVO ES EL PUENTE ESTEROIDE?<\/a><\/p>\n","protected":false},"excerpt":{"rendered":"<p>Paquete: 50 fichas de cada 100 mcg Liothyronine de sodio<br \/>Fabricante: Maxtreme<br \/>Nombre de la marca: Cytomel (T3) &#8211; 100<br \/>Conocido como: T3-Max-100<\/p>\n","protected":false},"featured_media":511,"comment_status":"open","ping_status":"closed","template":"","meta":[],"product_cat":[125,108],"product_tag":[71],"_links":{"self":[{"href":"https:\/\/getanabolics.biz\/es\/wp-json\/wp\/v2\/product\/873"}],"collection":[{"href":"https:\/\/getanabolics.biz\/es\/wp-json\/wp\/v2\/product"}],"about":[{"href":"https:\/\/getanabolics.biz\/es\/wp-json\/wp\/v2\/types\/product"}],"replies":[{"embeddable":true,"href":"https:\/\/getanabolics.biz\/es\/wp-json\/wp\/v2\/comments?post=873"}],"wp:featuredmedia":[{"embeddable":true,"href":"https:\/\/getanabolics.biz\/es\/wp-json\/wp\/v2\/media\/511"}],"wp:attachment":[{"href":"https:\/\/getanabolics.biz\/es\/wp-json\/wp\/v2\/media?parent=873"}],"wp:term":[{"taxonomy":"product_cat","embeddable":true,"href":"https:\/\/getanabolics.biz\/es\/wp-json\/wp\/v2\/product_cat?post=873"},{"taxonomy":"product_tag","embeddable":true,"href":"https:\/\/getanabolics.biz\/es\/wp-json\/wp\/v2\/product_tag?post=873"}],"curies":[{"name":"wp","href":"https:\/\/api.w.org\/{rel}","templated":true}]}}