{"id":870,"date":"2017-04-27T10:32:35","date_gmt":"2017-04-27T11:42:09","guid":{"rendered":"http:\/\/getanabolics.biz\/product\/clenbuterol-60-50-fichas-de-cada-uno-de-los-60-mcg-clenbuterol-clorhidrato-de-eminence-labs\/"},"modified":"2018-01-19T11:26:49","modified_gmt":"2018-01-19T11:26:49","slug":"clenbuterol-60-50-tabs-each-60-mcg-clenbuterol-hydrochloride","status":"publish","type":"product","link":"https:\/\/getanabolics.biz\/es\/producto\/clenbuterol-60-50-tabs-each-60-mcg-clenbuterol-hydrochloride\/","title":{"rendered":"Clenbuterol 60 &#8211; Eminence Labs"},"content":{"rendered":"<h2>Comprar Clenbuterol 60 &#8211; Eminence Labs (Klenprime 60)<\/h2>\n<p><a title=\"Comprar Clenbuterol 60 en GetAnabolics\"><img src=\"http:\/\/getanabolics.biz\/images\/clenbuterol-20-200-la.jpg\" width=\"30%\" align=\"right\" \/><\/a><br \/>\nPara aquellos que buscan Clenbuterol 60 y preguntando d\u00f3nde comprar Clenbuterol 60 de Eminence Labs legalmente ofrecemos Klenprime 60 como la mejor opci\u00f3n real para los culturistas.<br \/>\nA partir de ahora en una gran variedad de esteroides inyectables, as\u00ed como de los esteroides orales y terapia post ciclo de Eminence Labs puede ser comprado en <b>GetAnabolics<\/b>. Estamos encantados de presentar la nueva Clenbuterol 60 de <span style=\"font-weight: bold;\">Eminence Labs<\/span>.<br \/>\n<em>Todos los productos que tiene para ofrecer son aut\u00e9nticos, de alta calidad de compuestos y tienen un \u00fanico objetivo: ayudar a la gente a la ganancia de masa muscular, la fuerza general, a quemar grasas y a ayudarlos en el camino de la perfecci\u00f3n f\u00edsica. Con el fin de crear una constructivo y civilizado relaci\u00f3n con nuestros clientes, vamos a hacer el m\u00e1ximo esfuerzo para asegurar un servicio de alta calidad y enfoque de cada persona que la direcci\u00f3n de nuestra tienda con cortes\u00eda y respeto.<\/em><br \/>\nConstruir y mantener un cuerpo perfecto, se requiere una combinaci\u00f3n de m\u00e9todos. Una dieta adecuada es la primera en la lista de los componentes esenciales que el cuerpo necesita. En segundo lugar, aseg\u00farese de que usted siempre compra y uso legal de los esteroides en l\u00ednea no s\u00f3lo para evitar conflictos con la ley, pero lo que es m\u00e1s importante, para evitar complicaciones de salud.<br \/>\n<span style=\"font-weight: bold;\">GetAnabolics.Biz<\/span> es la l\u00ednea de esteroides proveedor especialmente creado y dedicado a proporcionar a cada atleta y culturista con los mejores esteroides anab\u00f3licos en los precios de descuento. Hemos elegido la mayor\u00eda de marcas confiables para colaborar con el fin de garantizar la seguridad, original y de alto nivel de esteroides para nuestros clientes.<br \/>\n<em>Env\u00edo de esteroides muy segura es la principal preocupaci\u00f3n para la entrega de esteroides a nivel mundial. Nuestro discreto garantiza que nadie m\u00e1s sabe que usted comprar esteroides en l\u00ednea.<\/em><\/p>\n<h2>M\u00e1s Clenbuterol 60 Eminence Labs Informaci\u00f3n<\/h2>\n<p><b>50 fichas de cada uno de los 60 mcg Clenbuterol Clorhidrato<\/b><\/p>\n<p><strong>Clase de medicamento: Oral Beta-2-symphatonimetric, thermalgenic<\/strong><br \/>\n<strong> La dosis media recomendada: Entre 100 y 140mcg por d\u00eda para los hombres y entre 80 y 100 mcg por d\u00eda para las mujeres<\/strong><br \/>\n<strong> Vida activa: un M\u00e1ximo de 68 horas<\/strong><br \/>\n<strong> Retenci\u00f3n de agua: No<\/strong><br \/>\n<strong> T\u00f3xicos para el h\u00edgado: No se conoce<\/strong><br \/>\n<strong> Aromatizaci\u00f3n: No<\/strong><br \/>\n<strong> Es muy termog\u00e9nico<\/strong><\/p>\n<h1>Comprar Clenbuterol<\/h1>\n<p><em><a href=\"http:\/\/getanabolics.biz\/es\/producto\/clenbuterol-40-100-tabs-each-40-mcg-clenbuterol-hydrochloride\/\">El Clenbuterol<\/a> es un broncodilatador y es el nombre popular para el Clorhidrato de Clenbuterol. Fue creado originalmente para el tratamiento de asma cr\u00f3nica y otras condiciones similares. Sin embargo, lo que lo hace atractivo para los atletas y los constructores del cuerpo es su eficiencia en la quema de grasa. Es capaz de aumentar la actividad metab\u00f3lica y quemar la grasa corporal de manera muy eficaz, ya que estimula la Beta-receptores 2. Esto tambi\u00e9n aumentar celular de calor como la producci\u00f3n de calor de las c\u00e9lulas es mayor, que a su vez aumenta la temperatura global del cuerpo y de la tasa en la cual la grasa se quema. Clen tambi\u00e9n se ha sabido para suprimir el apetito entre algunos usuarios.<\/em><\/p>\n<p>Las personas que quieren el fin de Clenbuterol pastillas deben recordar que no es un esteroide de cualquier manera aunque imita algunos esteroides propiedades. De hecho, Clen imita los efectos de la adrenalina y la noradrenalina en el cuerpo humano. Los usuarios que no se sienten c\u00f3modos con otros termog\u00e9nicos, como la cafe\u00edna y la efedrina no debe usar Clenbuterol tabletas. La dosis recomendada para el bien de la quema de grasa y aumento del m\u00fasculo es de 100 140mcg por d\u00eda para los hombres, lo que equivale a 5-7 tabletas diarias. Para las mujeres, la dosis recomendada es de 80-100 mcg por d\u00eda, que es de 4 a 5 tabletas.<\/p>\n<p><em>Hay dos formas de utilizar Clen. A las 2 semanas y 2 semanas de descanso es la manera m\u00e1s popular para el uso de esta droga. Aqu\u00ed, los usuarios comenzar con una dosis baja y aumentar la dosis cada 2 a 3 d\u00edas. Una vez que el cuerpo se acostumbra a la droga, los usuarios de suspender por dos semanas. Despu\u00e9s de dos semanas, los usuarios de empezar a tomar el medicamento a un nivel cercano a donde se detuvo la \u00faltima vez. La otra forma es el uso constante donde los usuarios iniciar con una dosis baja y aumentar gradualmente la dosis.<\/em><\/p>\n<p><a href=\"http:\/\/getanabolics.biz\/es\/producto\/clenbuterol-40-100-tabs-each-40-mcg-clenbuterol-hydrochloride-2\/\">Clenbuterol <\/a>que mejora la actividad metab\u00f3lica y la actividad cardiovascular en gran medida. Tambi\u00e9n aumenta la masa muscular de una manera bastante eficaz. Este edificio del m\u00fasculo efecto es provocado por el incremento de la s\u00edntesis de prote\u00ednas en el cuerpo. Sin embargo, debido a su potente efecto estimulante efectos secundarios como el insomnio y experimentar una sensaci\u00f3n de ansiedad muy com\u00fan es cuando se toman grandes dosis. Es tambi\u00e9n conocido para causar calambres entre algunos usuarios. Un extremo de efectos secundarios del Clenbuterol es la hipertrofia card\u00edaca donde los ventr\u00edculos del coraz\u00f3n se vuelven m\u00e1s grandes. Sin embargo, esto s\u00f3lo ocurre cuando las dosis son grandes. Como con cualquier otra grasa quema de los remedios, Clen no debe ser utilizado por largos per\u00edodos de tiempo.<\/p>\n<blockquote><p><b>Cosas para Recordar con Clenbuterol P\u00e9rdida de Grasa<\/b> Cuando usted compra clenbuterol para la p\u00e9rdida de peso que usted debe tener en cuenta que todav\u00eda tienen a dieta y entrenamiento para beneficiarse de \u00e9l. Para mejores resultados, tomar 2 tabletas en la ma\u00f1ana con un batido de prote\u00ednas despu\u00e9s de hacer ejercicio aer\u00f3bico durante 45 minutos. Siempre consumir mucha agua, aumentar su ingesta de prote\u00ednas y minimizar los hidratos de carbono. Un buen multivitam\u00ednico mineral complejo suplemento se recomienda para prevenir los calambres musculares. <a href=\"http:\/\/getanabolics.biz\/es\/producto\/clenbuterol-40-50-fichas-de-cada-uno-de-los-40-mcg-clenbuterol-clorhidrato-de-alpha-pharma\/\"><strong>Comprar Clenbuterol<\/strong><\/a> para las personas que buscan perder peso r\u00e1pido, pero no puede vencer a una dieta saludable con ejercicio en el largo plazo.<\/p><\/blockquote>\n<h3>Lee mas<\/h3>\n<p><a href=\"http:\/\/getanabolics.biz\/es\/cytomel-t3-comentarios-sobre-getanabolics-biz\/\">REVISIONES CYTOMEL T3 EN GETANABOLICS.BIZ<\/a><\/p>\n<p><a href=\"http:\/\/getanabolics.biz\/es\/genotropin-revision-en-getanabolics-biz\/\">REPASO GENOTROPIN EN GETANABOLICS.BIZ<\/a><\/p>\n<p><a href=\"http:\/\/getanabolics.biz\/es\/culturismo-y-esteroides\/\">BODYBUILDING Y ESTEROIDES<\/a><\/p>\n<p><a href=\"http:\/\/getanabolics.biz\/es\/cual-deberia-ser-la-duracion-del-ciclo-de-esteroides\/\">\u00bfCU\u00c1L DEBE SER LA DURACI\u00d3N DEL CURSO DE ESTEROIDES?<\/a><\/p>\n<p><a href=\"http:\/\/getanabolics.biz\/es\/reuna-una-masa-seca-sin-efectos-secundarios\/\">RE\u00daNA UNA MISA SECA SIN EFECTOS SECUNDARIOS<\/a><\/p>\n","protected":false},"excerpt":{"rendered":"<p>Paquete: 50 fichas de cada uno de los 60 mcg Clenbuterol clorhidrato de<br \/>Fabricante: Eminence Labs<br \/>Nombre de la marca: Clenbuterol 60<br \/>Conocido como: Klenprime 60<\/p>\n","protected":false},"featured_media":493,"comment_status":"open","ping_status":"closed","template":"","meta":[],"product_cat":[125,108],"product_tag":[73],"_links":{"self":[{"href":"https:\/\/getanabolics.biz\/es\/wp-json\/wp\/v2\/product\/870"}],"collection":[{"href":"https:\/\/getanabolics.biz\/es\/wp-json\/wp\/v2\/product"}],"about":[{"href":"https:\/\/getanabolics.biz\/es\/wp-json\/wp\/v2\/types\/product"}],"replies":[{"embeddable":true,"href":"https:\/\/getanabolics.biz\/es\/wp-json\/wp\/v2\/comments?post=870"}],"wp:featuredmedia":[{"embeddable":true,"href":"https:\/\/getanabolics.biz\/es\/wp-json\/wp\/v2\/media\/493"}],"wp:attachment":[{"href":"https:\/\/getanabolics.biz\/es\/wp-json\/wp\/v2\/media?parent=870"}],"wp:term":[{"taxonomy":"product_cat","embeddable":true,"href":"https:\/\/getanabolics.biz\/es\/wp-json\/wp\/v2\/product_cat?post=870"},{"taxonomy":"product_tag","embeddable":true,"href":"https:\/\/getanabolics.biz\/es\/wp-json\/wp\/v2\/product_tag?post=870"}],"curies":[{"name":"wp","href":"https:\/\/api.w.org\/{rel}","templated":true}]}}