{"id":867,"date":"2017-04-27T10:32:35","date_gmt":"2017-04-27T11:42:09","guid":{"rendered":"http:\/\/getanabolics.biz\/product\/anavar-50-fichas-x-10mg-total-de-500-mg-de-oxandrolona-eminence-labs\/"},"modified":"2018-01-19T12:04:29","modified_gmt":"2018-01-19T12:04:29","slug":"anavar-50-tabs-x-10mg-total-500mg-oxandrolone-2","status":"publish","type":"product","link":"https:\/\/getanabolics.biz\/es\/producto\/anavar-50-tabs-x-10mg-total-500mg-oxandrolone-2\/","title":{"rendered":"Anavar &#8211; Eminence Labs"},"content":{"rendered":"<h2>Comprar Anavar &#8211; Eminence Labs (Oxanprime)<\/h2>\n<p><a title=\"Comprar Anavar en GetAnabolics\"><img src=\"http:\/\/getanabolics.biz\/images\/xandrol.jpg\" width=\"30%\" align=\"right\" \/><\/a><br \/>\nPara aquellos que buscan Anavar y preguntando d\u00f3nde comprar Anavar de Eminence Labs legalmente ofrecemos Oxanprime como la mejor opci\u00f3n real para los culturistas.<br \/>\nA partir de ahora en una gran variedad de esteroides inyectables, as\u00ed como de los esteroides orales y terapia post ciclo de Eminence Labs puede ser comprado en <b>GetAnabolics<\/b>. Estamos encantados de presentar la nueva Anavar de <span style=\"font-weight: bold;\">Eminence Labs<\/span>.<br \/>\nTodos los productos que tiene para ofrecer son aut\u00e9nticos, de alta calidad de compuestos y tienen un \u00fanico objetivo: ayudar a la gente a la ganancia de masa muscular, la fuerza general, a quemar grasas y a ayudarlos en el camino de la perfecci\u00f3n f\u00edsica. Con el fin de crear una constructivo y civilizado relaci\u00f3n con nuestros clientes, vamos a hacer el m\u00e1ximo esfuerzo para asegurar un servicio de alta calidad y enfoque de cada persona que la direcci\u00f3n de nuestra tienda con cortes\u00eda y respeto.<br \/>\n<em>Construir y mantener un cuerpo perfecto, se requiere una combinaci\u00f3n de m\u00e9todos. Una dieta adecuada es la primera en la lista de los componentes esenciales que el cuerpo necesita. En segundo lugar, aseg\u00farese de que usted siempre compra y uso legal de los esteroides en l\u00ednea no s\u00f3lo para evitar conflictos con la ley, pero lo que es m\u00e1s importante, para evitar complicaciones de salud.<\/em><br \/>\n<span style=\"font-weight: bold;\">GetAnabolics.Biz<\/span> es la l\u00ednea de esteroides proveedor especialmente creado y dedicado a proporcionar a cada atleta y culturista con los mejores esteroides anab\u00f3licos en los precios de descuento. Hemos elegido la mayor\u00eda de marcas confiables para colaborar con el fin de garantizar la seguridad, original y de alto nivel de esteroides para nuestros clientes.<br \/>\n<strong>Env\u00edo de esteroides muy segura es la principal preocupaci\u00f3n para la entrega de esteroides a nivel mundial. Nuestro discreto garantiza que nadie m\u00e1s sabe que usted comprar esteroides en l\u00ednea.<\/strong><\/p>\n<h2>M\u00e1s Anavar Eminence Labs Informaci\u00f3n<\/h2>\n<p><b>50 Fichas x 10mg Total de 500 mg de Oxandrolona<\/b><\/p>\n<p><strong>Clase de medicamento: Oral Esteroide Androg\u00e9nico\/Anab\u00f3lico<\/strong><br \/>\n<strong> La dosis media recomendada: Entre 20 y 50 mg\/d\u00eda para los hombres y entre 5 y 15 mg\/d\u00eda para las mujeres.<\/strong><br \/>\n<strong> Vida activa: Entre 8 y 12 horas<\/strong><br \/>\n<strong> Retenci\u00f3n de agua: Raras<\/strong><br \/>\n<strong> T\u00f3xicos para el h\u00edgado: S\u00ed, pero entre baja y media.<\/strong><br \/>\n<strong> Disminuye la funci\u00f3n ATAR: depende de la dosificaci\u00f3n<\/strong><br \/>\n<strong> DHT de Conversi\u00f3n: Baja<\/strong><\/p>\n<h1>Comprar Anavar<\/h1>\n<p><a href=\"http:\/\/getanabolics.biz\/es\/producto\/anavar-50-tabs-x-10mg-total-500mg-oxandrolone-3\/\">Anavar <\/a>o <strong>Oxandrolona<\/strong> fue desarrollado por primera vez en 1964 por Searle Laboratorios para combatir y tratar condiciones como la p\u00e9rdida r\u00e1pida de peso y p\u00e9rdida de masa muscular al igual que muchos otros esteroides anab\u00f3licos. En comparaci\u00f3n con otros esteroides anab\u00f3licos, Anavar es considerada como la m\u00e1s segura para el uso, tanto para machos y hembras y es utilizada ampliamente por los atletas.<\/p>\n<blockquote><p><strong>Como Anavar es uno de los m\u00e1s leves a los esteroides anab\u00f3licos,<\/strong> los hombres suelen tener gran dosis a ver beneficios apreciables. La dosis recomendada para los hombres es <strong>de 50 mg por d\u00eda<\/strong>. La dosis puede tambi\u00e9n ser mayor a <strong>80 mg por d\u00eda d<\/strong>e manera segura por los atletas de sexo masculino. Como las mujeres son m\u00e1s sensibles a los esteroides anab\u00f3licos, la dosis recomendada para las mujeres es de 10 mg al d\u00eda con 20mg de Anavar por d\u00eda, siendo el l\u00edmite m\u00e1ximo para las mujeres. Anavar puede tambi\u00e9n ser usado para per\u00edodos de tiempo m\u00e1s largos que otros esteroides anab\u00f3licos y tanto los hombres como las mujeres pueden usar Anavar para hasta 8 semanas.<\/p><\/blockquote>\n<p><a href=\"http:\/\/getanabolics.biz\/es\/producto\/anavar-50-tabs-x-10mg-total-500mg-oxandrolone-4\/\">Anavar <\/a>no est\u00e1 destinado a ser utilizado por excesivo y r\u00e1pido crecimiento de la masa muscular. Es un esteroide anab\u00f3lico suave que est\u00e1 destinado a ser utilizado como una mejora en el rendimiento de la droga. Anavar es popular porque puede resultar en un aumento de los s\u00f3lidos y de tejido muscular magro. Este esteroide tiene un gran m\u00fasculo de la preservaci\u00f3n de las propiedades y preservar el tejido muscular, mientras que la reducci\u00f3n de la grasa corporal, incluso en una restricci\u00f3n de calor\u00edas de la dieta. Como el tejido muscular, se conserva y aumenta en comparaci\u00f3n con la grasa corporal, la actividad metab\u00f3lica tambi\u00e9n se incrementa, lo que aumenta a\u00fan m\u00e1s la velocidad a la que el cuerpo se quema la grasa y utilizado.<\/p>\n<p><em><strong>Sin embargo, hay algunos efectos secundarios asociados con Anavar como con todos los otros esteroides anab\u00f3licos.<\/strong> Como es un esteroide oral, es un C17 alfa-alquilados medicamento, lo que le permite sobrevivir mientras entra en el torrente sangu\u00edneo. Esta es la raz\u00f3n por la que tambi\u00e9n pueden ser t\u00f3xicos para el h\u00edgado, pero como el esteroide es tan leve, la funci\u00f3n del h\u00edgado parece ser afectada en la mayor\u00eda de los usuarios. Altas dosis de <a href=\"http:\/\/getanabolics.biz\/es\/producto\/anavar-50-fichas-x-10mg-total-de-500-mg-de-oxandrolona-alpha-pharma\/\">Anavar <\/a>puede causar acn\u00e9 y muchos relacionados con el estr\u00f3geno efectos secundarios. Como la droga no aromatiza, la Ginecomastia no es un efecto secundario. Puede causar el exceso de vello facial y corporal crecimiento, la profundizaci\u00f3n de la voz y agrandamiento del cl\u00edtoris en las mujeres. En dosis bajas, sin embargo, Comprar Anavar en l\u00ednea sin preocupaciones.<\/em><\/p>\n<h3>Lee mas<\/h3>\n<p><a href=\"http:\/\/getanabolics.biz\/es\/puedo-ahorrar-peso-despues-de-un-curso-de-esteroides\/\">\u00bfPUEDO AHORRAR PESO DESPU\u00c9S DE UN CURSO DE ESTEROIDES?<\/a><\/p>\n<p><a href=\"http:\/\/getanabolics.biz\/es\/creatina-en-un-curso-de-esteroides\/\">CREATINA EN UN CURSO DE ESTEROIDES<\/a><\/p>\n<p><a href=\"http:\/\/getanabolics.biz\/es\/cual-deberia-ser-la-duracion-del-ciclo-de-esteroides\/\">\u00bfCU\u00c1L DEBE SER LA DURACI\u00d3N DEL CURSO DE ESTEROIDES?<\/a><\/p>\n<p><a href=\"http:\/\/getanabolics.biz\/es\/comprar-clomid-en-linea-en-getanabolics-biz\/\">COMPRAR CLOMID ONLINE EN GETANABOLICS.BIZ<\/a><\/p>\n<p><a href=\"http:\/\/getanabolics.biz\/es\/caracteristicas-de-los-cursos-cortos-de-esteroides\/\">CARACTER\u00cdSTICAS DE LOS CURSOS CORTOS DE ESTEROIDES<\/a><\/p>\n","protected":false},"excerpt":{"rendered":"<p>Paquete: 50 Fichas x 10mg Total de 500 mg de Oxandrolona<br \/>Fabricante: Eminence Labs<br \/>Nombre de la marca: Anavar<br \/>Conocido como: Oxanprime<\/p>\n","protected":false},"featured_media":475,"comment_status":"open","ping_status":"closed","template":"","meta":[],"product_cat":[121,125,108],"product_tag":[73],"_links":{"self":[{"href":"https:\/\/getanabolics.biz\/es\/wp-json\/wp\/v2\/product\/867"}],"collection":[{"href":"https:\/\/getanabolics.biz\/es\/wp-json\/wp\/v2\/product"}],"about":[{"href":"https:\/\/getanabolics.biz\/es\/wp-json\/wp\/v2\/types\/product"}],"replies":[{"embeddable":true,"href":"https:\/\/getanabolics.biz\/es\/wp-json\/wp\/v2\/comments?post=867"}],"wp:featuredmedia":[{"embeddable":true,"href":"https:\/\/getanabolics.biz\/es\/wp-json\/wp\/v2\/media\/475"}],"wp:attachment":[{"href":"https:\/\/getanabolics.biz\/es\/wp-json\/wp\/v2\/media?parent=867"}],"wp:term":[{"taxonomy":"product_cat","embeddable":true,"href":"https:\/\/getanabolics.biz\/es\/wp-json\/wp\/v2\/product_cat?post=867"},{"taxonomy":"product_tag","embeddable":true,"href":"https:\/\/getanabolics.biz\/es\/wp-json\/wp\/v2\/product_tag?post=867"}],"curies":[{"name":"wp","href":"https:\/\/api.w.org\/{rel}","templated":true}]}}