{"id":32350808,"date":"2017-11-29T20:47:10","date_gmt":"2017-11-29T20:47:10","guid":{"rendered":"http:\/\/getanabolics.biz\/product\/strength-muscle-cycle\/"},"modified":"2018-01-21T18:27:40","modified_gmt":"2018-01-21T18:27:40","slug":"strength-muscle-cycle","status":"publish","type":"product","link":"https:\/\/getanabolics.biz\/es\/producto\/strength-muscle-cycle\/","title":{"rendered":"Strength &#038; Muscle Cycle"},"content":{"rendered":"<p>Ciclos de esteroides se refiere al marco de tiempo que los esteroides anab\u00f3licos est\u00e1n siendo utilizados. En este marco de tiempo se refiere a menudo como <strong>\u00abEn el Ciclo.\u00bb<\/strong> Cuando los esteroides no est\u00e1n siendo utilizados, esto se conoce como <strong>\u00abFuera de Ciclo\u00bb.<\/strong> Para la fase del ciclo, hay un sinn\u00famero de opciones y pilas. Las \u00abpilas\u00bb se refieren a la combinaci\u00f3n de esteroides anab\u00f3licos, as\u00ed como la no-esteroides elementos utilizados durante la fase del ciclo. Con cientos de esteroides anab\u00f3licos, variando las hormonas pept\u00eddicas, SERM, IA de las hormonas tiroideas, y m\u00e1s, no son realmente innumerables posible pilas. Las opciones son tan grandes, cada pila y el ciclo se comprometen puede ser completamente diferente. Sin embargo, la mayor\u00eda de los usuarios de esteroides se sientan c\u00f3modos con ciertas pilas; descubrir\u00e1n combinaciones espec\u00edficas que producen los mejores resultados, y van a seguir con esos planes.<\/p>\n<p>Avanzada de los esteroides anab\u00f3licos, los usuarios son el superior nivel de experiencia de los usuarios, y es claramente supone que en este punto, el esteroide anab\u00f3lico usuario ha obtenido suficiente experiencia y acumulado suficiente conocimiento para asumir el estado de un usuario avanzado. Esteroides avanzado pilas de la participaci\u00f3n de muchos de los m\u00e1s avanzados a nivel de compuestos, pero esto no quiere decir que la avanzada de los esteroides anab\u00f3licos, los ciclos pueden ser tambi\u00e9n de la b\u00e1sica <strong>la Testosterona-s\u00f3lo ciclo de protocolo.<\/strong> Este ha sido previamente abordado, la cual ha sido claro que los de nivel intermedio y avanzado de los esteroides anab\u00f3licos, los usuarios no est\u00e1n limitados a la utilizaci\u00f3n de muy duras compuestos, a dosis extremadamente altas, o complejo ciclo de pilas. Muchas veces, la mayor\u00eda de los usuarios avanzados optar por ejecutar la b\u00e1sica intentado, de confianza, y verdaderos m\u00e9todos de Testosterona-s\u00f3lo los ciclos, o muy b\u00e1sico ciclos de esteroides anab\u00f3licos. Esto es por lo general mucho sorpresa para los principiantes, ya que muy a menudo los principiantes (y prospectivo de los esteroides anab\u00f3licos, los usuarios) poseen una concepci\u00f3n err\u00f3nea de lo que es ser una avanzada de los esteroides anab\u00f3licos de usuario.<\/p>\n<p>Independientemente de la pila o del ciclo de ejecutar, hay reglas generales y observaciones que le ayudar\u00e1n a mantenerse seguro. Por ejemplo, la regla principal de cada ciclo es que incluye alguna forma de testosterona. La forma de testosterona que se emplea es de ninguna consecuencia. La \u00fanica cosa que importa es que el cuerpo tiene suficiente de esta hormona esencial para que funcione correctamente.<\/p>\n<p>&nbsp;<\/p>\n<table style=\"height: 418px;\" border=\"1\" width=\"796\" cellpadding=\"2\" bgcolor=\"#fefefe\">\n<tbody>\n<tr>\n<td align=\"center\" width=\"60\">la semana de<br \/>\nciclo<\/td>\n<td align=\"center\" bgcolor=\"#FF9999\">Danabol &#8211; Alfa Pharma<br \/>\n10mg tab<\/td>\n<td align=\"center\" bgcolor=\"#99CCFF\"><span style=\"font-family: verdana; font-size: small;\">Deca 250 &#8211; Alfa Pharma<br \/>\n250mg\/ml<\/span><\/td>\n<td align=\"center\" bgcolor=\"#FFFFCC\"><span style=\"font-family: verdana; font-size: small;\">Sustanon-250 &#8211; Alfa Pharma<br \/>\n250mg\/ml<br \/>\n<\/span><\/td>\n<td align=\"center\" bgcolor=\"#99FFCC\"><span style=\"font-family: verdana; font-size: small;\">Proviron &#8211; Bayer\/Shering<br \/>\n25mg tab<\/span><\/td>\n<\/tr>\n<tr>\n<td align=\"center\" width=\"60\"><span style=\"font-family: verdana; font-size: small;\"><b>1<\/b><\/span><\/td>\n<td bgcolor=\"#FF9999\"><span style=\"font-family: verdana; font-size: small;\">2 fichas\/d\u00eda<\/span><\/td>\n<td bgcolor=\"#99CCFF\">250 mg\/ml<\/td>\n<td bgcolor=\"#FFFFCC\">250 mg\/ml<\/td>\n<td><\/td>\n<\/tr>\n<tr>\n<td align=\"center\" width=\"60\"><span style=\"font-family: verdana; font-size: small;\"><b>2<\/b><\/span><\/td>\n<td bgcolor=\"#FF9999\">3 fichas\/d\u00eda<\/td>\n<td bgcolor=\"#99CCFF\">250 mg\/ml<\/td>\n<td bgcolor=\"#FFFFCC\">250 mg\/ml<\/td>\n<td bgcolor=\"#99FFCC\"><span style=\"font-family: verdana; font-size: small;\">1 tab\/d\u00eda<\/span><\/td>\n<\/tr>\n<tr>\n<td align=\"center\" width=\"60\"><span style=\"font-family: verdana; font-size: small;\"><b>3<\/b><\/span><\/td>\n<td bgcolor=\"#FF9999\">3 fichas\/d\u00eda<\/td>\n<td bgcolor=\"#99CCFF\">250 mg\/ml<\/td>\n<td bgcolor=\"#FFFFCC\">250 mg\/ml<\/td>\n<td bgcolor=\"#99FFCC\"><span style=\"font-family: verdana; font-size: small;\">1 tab\/d\u00eda<\/span><\/td>\n<\/tr>\n<tr>\n<td align=\"center\" width=\"60\"><span style=\"font-family: verdana; font-size: small;\"><b>4<\/b><\/span><\/td>\n<td bgcolor=\"#FF9999\">3 fichas\/d\u00eda<\/td>\n<td bgcolor=\"#99CCFF\">250 mg\/ml<\/td>\n<td bgcolor=\"#FFFFCC\">250 mg\/ml<\/td>\n<td bgcolor=\"#99FFCC\"><span style=\"font-family: verdana; font-size: small;\">1 tab\/d\u00eda<\/span><\/td>\n<\/tr>\n<tr>\n<td align=\"center\" width=\"60\"><span style=\"font-family: verdana; font-size: small;\"><b>5<\/b><\/span><\/td>\n<td bgcolor=\"#FF9999\">3 fichas\/d\u00eda<\/td>\n<td bgcolor=\"#99CCFF\">250 mg\/ml<\/td>\n<td bgcolor=\"#FFFFCC\">250 mg\/ml<\/td>\n<td><\/td>\n<\/tr>\n<\/tbody>\n<\/table>\n<p>&nbsp;<\/p>\n<p>500 fichas Danabol &#8211; Alfa Pharma<br \/>\n2500 mg Deca 250 &#8211; Alfa Pharma<br \/>\n2500 mg Sustanon-250 &#8211; Alfa Pharma<br \/>\n50 fichas Proviron &#8211; Bayer\/Shering<\/p>\n<p>El curso de <a href=\"http:\/\/getanabolics.biz\/es\/producto\/danabol-500-tabletas-cada-tableta-contiene-10-mg-de-methandienone-alpha-pharma\/\">Danabol <\/a>+ <a href=\"http:\/\/getanabolics.biz\/es\/producto\/deca-250-caja-de-10-ampollas-de-1-ml-250-mg-ml-total-de-2500mg-de-nandrolona-decaonate-alpha-pharma\/\">Deca <\/a>+ <a href=\"http:\/\/getanabolics.biz\/es\/producto\/sustanon-250-1-box-of-10-ampoules-each-1-amp-contains-250-mg-testosterone-esters\/\">Sustanon-250<\/a> es la clave para el \u00e9xito en el reclutamiento de una gran masa muscular y fuerza. Este esteroide curso es capaz de ayudar al atleta en el crecimiento de masa muscular y fuerza en un nivel muy alto. Es deseable que el atleta podr\u00eda tomar un curso de este tipo no es la primera vez. Y con la experiencia en la aprobaci\u00f3n de dichos cursos con los m\u00e1s d\u00e9biles de los esteroides. El metano y decan (decanoato de nandrolona) son los esteroides para el crecimiento del peso corporal del atleta en ellos es muy fuerte y r\u00e1pida actividad anab\u00f3lica. <a href=\"http:\/\/getanabolics.biz\/es\/producto\/sustanon-250-1-box-of-10-ampoules-each-1-amp-contains-250-mg-testosterone-esters\/\">Sustanon-250<\/a> es un esteroide androg\u00e9nico, la testosterona, que muy r\u00e1pidamente y aumenta considerablemente la fuerza y el peso total de la atleta. Todos los tres de los esteroides en este curso se puede atribuir a la m\u00e1s poderosa de las drogas. Y el uso de ellos en un supuesto que debe ser muy controlado y razonable, sin exceder la dosis. Despu\u00e9s de que el curso de la terapia, en forma de <a href=\"http:\/\/getanabolics.biz\/es\/producto\/proviron-buy-proviron-50-tabs-each-tab-25mg-mesterolone\/\">Proviron <\/a>deber\u00eda ser obligatorio. Este medicamento por v\u00eda oral puede salvar de muchos de los efectos secundarios de los esteroides fuertes y hacer que tus m\u00fasculos mucho m\u00e1s densa y dura.<\/p>\n<p>Como los ciclos de esteroides se refieren a la \u00e9poca en la que estamos realmente que complementa con los esteroides anab\u00f3licos, la pregunta obvia es \u00bfcu\u00e1l es el marco de tiempo aceptable? \u00bfCu\u00e1l es el m\u00ednimo de ganancias positivas y \u00bfcu\u00e1l es la cantidad m\u00e1xima de tiempo en lo que respecta a la seguridad? Esto puede ser una pregunta dif\u00edcil de responder, pero una vez m\u00e1s hay pautas que le ayudar\u00e1n a mantenerse seguro. Independientemente de los ciclos de esteroides de implementar, no importa c\u00f3mo b\u00e1sica o avanzada, su plan es ir a la necesidad de extender una cantidad decente de tiempo. El cuerpo humano no le gusta el cambio; incluso si ese cambio es en su mejor inter\u00e9s que va a luchar y hacer todo lo posible para permanecer en su acostumbrado normal. Debemos permitir suficiente tiempo para esto \u00abnormal\u00bb para cambiar, debemos crear un nuevo conjunto normal si vamos a colgar en cualquiera de los logros alcanzados. Sin embargo, incluso cuando esto es hecho, si usted se encuentra fuera de ciclo para un per\u00edodo prolongado de tiempo, usted va a perder algunos de los logros alcanzados; sin la alta afluencia de hormonas presentes para apoyar los logros que hizo que no va a durar para siempre. Logros alcanzados por el uso de hormonas, esto no es falso muscular o la fuerza, es tan real como cualquier otro de los beneficios que se pueden hacer. Al hacer ganancias en fuerza y tama\u00f1o, que son apoyados por los nutrientes que se consumen. Tomar distancia de los nutrientes y el sistema de apoyo se cae a pedazos. Las hormonas tambi\u00e9n son importantes, tal vez tan importante como la comida. Junto con los nutrientes, las hormonas en su cuerpo apoyar a su tama\u00f1o y fuerza, ya sea de forma natural o proporcionado de forma ex\u00f3gena. Tomar las hormonas de distancia, y de nuevo has quitado un sistema de apoyo.<\/p>\n<h3>Lee mas<\/h3>\n<p><a href=\"http:\/\/getanabolics.biz\/es\/todo-acerca-de-proviron-mesterolone\/\">TODO SOBRE PROVIRON (MESTEROLONE)<\/a><\/p>\n<p><a href=\"http:\/\/getanabolics.biz\/es\/comprar-clomid-en-linea-en-getanabolics-biz\/\">COMPRAR CLOMID ONLINE EN GETANABOLICS.BIZ<\/a><\/p>\n<p><a href=\"http:\/\/getanabolics.biz\/es\/creatina-en-un-curso-de-esteroides\/\">CREATINA EN UN CURSO DE ESTEROIDES<\/a><\/p>\n<p><a href=\"http:\/\/getanabolics.biz\/es\/reuna-una-masa-seca-sin-efectos-secundarios\/\">RE\u00daNA UNA MISA SECA SIN EFECTOS SECUNDARIOS<\/a><\/p>\n<p><a href=\"http:\/\/getanabolics.biz\/es\/cual-deberia-ser-la-duracion-del-ciclo-de-esteroides\/\">\u00bfCU\u00c1L DEBE SER LA DURACI\u00d3N DEL CURSO DE ESTEROIDES?<\/a><\/p>\n","protected":false},"excerpt":{"rendered":"<p>500 tabs\u00a0<a href=\"http:\/\/getanabolics.biz\/es\/producto\/danabol-500-tabletas-cada-tableta-contiene-10-mg-de-methandienone-alpha-pharma\/\">Danabol &#8211; Alpha Pharma<\/a><br \/>\n2500 mg\u00a0<a href=\"http:\/\/getanabolics.biz\/es\/producto\/deca-250-caja-de-10-ampollas-de-1-ml-250-mg-ml-total-de-2500mg-de-nandrolona-decaonate-alpha-pharma\/\">Deca\u00a0250 &#8211; Alpha Pharma<\/a><br \/>\n2500 mg\u00a0<a href=\"http:\/\/getanabolics.biz\/es\/producto\/sustanon-250-1-box-of-10-ampoules-each-1-amp-contains-250-mg-testosterone-esters\/\">Sustanon-250 &#8211;\u00a0Alpha Pharma<\/a><br \/>\n50\u00a0tabs\u00a0<a href=\"http:\/\/getanabolics.biz\/es\/producto\/proviron-buy-proviron-50-tabs-each-tab-25mg-mesterolone\/\">Proviron &#8211; Bayer\/Shering<\/a><\/p>\n","protected":false},"featured_media":32350803,"comment_status":"closed","ping_status":"closed","template":"","meta":[],"product_cat":[468],"product_tag":[75,488,498,543,532],"_links":{"self":[{"href":"https:\/\/getanabolics.biz\/es\/wp-json\/wp\/v2\/product\/32350808"}],"collection":[{"href":"https:\/\/getanabolics.biz\/es\/wp-json\/wp\/v2\/product"}],"about":[{"href":"https:\/\/getanabolics.biz\/es\/wp-json\/wp\/v2\/types\/product"}],"replies":[{"embeddable":true,"href":"https:\/\/getanabolics.biz\/es\/wp-json\/wp\/v2\/comments?post=32350808"}],"wp:featuredmedia":[{"embeddable":true,"href":"https:\/\/getanabolics.biz\/es\/wp-json\/wp\/v2\/media\/32350803"}],"wp:attachment":[{"href":"https:\/\/getanabolics.biz\/es\/wp-json\/wp\/v2\/media?parent=32350808"}],"wp:term":[{"taxonomy":"product_cat","embeddable":true,"href":"https:\/\/getanabolics.biz\/es\/wp-json\/wp\/v2\/product_cat?post=32350808"},{"taxonomy":"product_tag","embeddable":true,"href":"https:\/\/getanabolics.biz\/es\/wp-json\/wp\/v2\/product_tag?post=32350808"}],"curies":[{"name":"wp","href":"https:\/\/api.w.org\/{rel}","templated":true}]}}