{"id":32350783,"date":"2017-11-29T12:43:43","date_gmt":"2017-11-29T12:43:43","guid":{"rendered":"http:\/\/getanabolics.biz\/product\/top-power-cycle\/"},"modified":"2018-01-21T18:40:32","modified_gmt":"2018-01-21T18:40:32","slug":"principiantes-top-power-cycle","status":"publish","type":"product","link":"https:\/\/getanabolics.biz\/es\/producto\/principiantes-top-power-cycle\/","title":{"rendered":"Principiantes Top Power Cycle"},"content":{"rendered":"<p>Ciclos de esteroides se refiere al marco de tiempo que los esteroides anab\u00f3licos est\u00e1n siendo utilizados. En este marco de tiempo se refiere a menudo como <strong>\u00abEn el Ciclo.\u00bb<\/strong> Cuando los esteroides no est\u00e1n siendo utilizados, esto se conoce como <strong>\u00abFuera de Ciclo\u00bb.<\/strong> Para la fase del ciclo, hay un sinn\u00famero de opciones y pilas. Las \u00abpilas\u00bb se refieren a la combinaci\u00f3n de esteroides anab\u00f3licos, as\u00ed como la no-esteroides elementos utilizados durante la fase del ciclo. Con cientos de esteroides anab\u00f3licos, variando las hormonas pept\u00eddicas, SERM, IA de las hormonas tiroideas, y m\u00e1s, no son realmente innumerables posible pilas. Las opciones son tan grandes, cada pila y el ciclo se comprometen puede ser completamente diferente. Sin embargo, la mayor\u00eda de los usuarios de esteroides se sientan c\u00f3modos con ciertas pilas; descubrir\u00e1n combinaciones espec\u00edficas que producen los mejores resultados, y van a seguir con esos planes.<\/p>\n<p>Avanzada de los esteroides anab\u00f3licos, los usuarios son el superior nivel de experiencia de los usuarios, y es claramente supone que en este punto, el esteroide anab\u00f3lico usuario ha obtenido suficiente experiencia y acumulado suficiente conocimiento para asumir el estado de un usuario avanzado. Esteroides avanzado pilas de la participaci\u00f3n de muchos de los m\u00e1s avanzados a nivel de los compuestos (como <a href=\"http:\/\/getanabolics.biz\/es\/producto\/anadrol-50-tabs-each-tab-contains-50-mg-oxymetholone\/\">Anadrol <\/a>y <a href=\"http:\/\/getanabolics.biz\/es\/producto\/trenbolone-acetate-10-amps-each-1-ampoule-has-100mg-trenbolone-acetate\/\">Trenbolone<\/a>)pero esto no quiere decir que la avanzada de los esteroides anab\u00f3licos, los ciclos pueden ser tambi\u00e9n de la b\u00e1sica <strong>la Testosterona-s\u00f3lo ciclo de protocolo.<\/strong> Este ha sido tocado, por la cual ha sido claro que los de nivel intermedio y avanzado de los esteroides anab\u00f3licos, los usuarios no est\u00e1n limitados a la utilizaci\u00f3n de muy duras compuestos, a dosis extremadamente altas, o complejo ciclo de pilas. Muchas veces, la mayor\u00eda de los usuarios avanzados optar por ejecutar la b\u00e1sica intentado, de confianza, y verdaderos m\u00e9todos de Testosterona-s\u00f3lo los ciclos, o muy b\u00e1sico ciclos de esteroides anab\u00f3licos. Esto es por lo general mucho sorpresa para los principiantes, ya que muy a menudo los principiantes (y prospectivo de los esteroides anab\u00f3licos, los usuarios) poseen una concepci\u00f3n err\u00f3nea de lo que es ser una avanzada de los esteroides anab\u00f3licos de usuario.<\/p>\n<p>Independientemente de la pila o del ciclo de ejecutar, hay reglas generales y observaciones que le ayudar\u00e1n a mantenerse seguro. Por ejemplo, la regla principal de cada ciclo es que incluye alguna forma de testosterona. La forma de testosterona que se emplea es de ninguna consecuencia. La \u00fanica cosa que importa es que el cuerpo tiene suficiente de esta hormona esencial para que funcione correctamente.<\/p>\n<p>&nbsp;<\/p>\n<table border=\"1\" width=\"65%\" cellpadding=\"2\" bgcolor=\"#fefefe\">\n<tbody>\n<tr>\n<td align=\"center\" width=\"60\">la semana de<br \/>\nciclo<\/td>\n<td align=\"center\" bgcolor=\"#FF9999\"><span style=\"font-family: verdana; font-size: small;\">la Testosterona Enant. 250 &#8211; Alfa Pharma<br \/>\n250mg\/ml<\/span><\/td>\n<td align=\"center\" bgcolor=\"#99CCFF\"><span style=\"font-family: verdana; font-size: small;\">Danabol &#8211; Alfa Pharma<br \/>\n10mg tab<br \/>\n<\/span><\/td>\n<td align=\"center\" bgcolor=\"#99FFCC\"><span style=\"font-family: verdana; font-size: small;\">Nolvadex &#8211; Alfa pharma<br \/>\n20mg tab<\/span><\/td>\n<\/tr>\n<tr>\n<td align=\"center\" width=\"60\"><span style=\"font-family: verdana; font-size: small;\"><b>1<\/b><\/span><\/td>\n<td bgcolor=\"#FF9999\">250 mg\/semana<\/td>\n<td bgcolor=\"#99CCFF\"><span style=\"font-family: verdana; font-size: small;\">30 mg\/d\u00eda<\/span><\/td>\n<td><\/td>\n<\/tr>\n<tr>\n<td align=\"center\" width=\"60\"><span style=\"font-family: verdana; font-size: small;\"><b>2<\/b><\/span><\/td>\n<td bgcolor=\"#FF9999\">250 mg\/semana<\/td>\n<td bgcolor=\"#99CCFF\">30 mg\/d\u00eda<\/td>\n<td><\/td>\n<\/tr>\n<tr>\n<td align=\"center\" width=\"60\"><span style=\"font-family: verdana; font-size: small;\"><b>3<\/b><\/span><\/td>\n<td bgcolor=\"#FF9999\">250 mg\/semana<\/td>\n<td bgcolor=\"#99CCFF\">30 mg\/d\u00eda<\/td>\n<td><\/td>\n<\/tr>\n<tr>\n<td align=\"center\" width=\"60\"><span style=\"font-family: verdana; font-size: small;\"><b>4<\/b><\/span><\/td>\n<td bgcolor=\"#FF9999\">250 mg\/semana<\/td>\n<td bgcolor=\"#99CCFF\">30 mg\/d\u00eda<\/td>\n<td><\/td>\n<\/tr>\n<tr>\n<td align=\"center\" width=\"60\"><span style=\"font-family: verdana; font-size: small;\"><b>5<\/b><\/span><\/td>\n<td bgcolor=\"#FF9999\">250 mg\/semana<\/td>\n<td bgcolor=\"#99CCFF\">30 mg\/d\u00eda<\/td>\n<td><\/td>\n<\/tr>\n<tr>\n<td align=\"center\" width=\"60\"><span style=\"font-family: verdana; font-size: small;\"><b>6<\/b><\/span><\/td>\n<td bgcolor=\"#FF9999\">250 mg\/semana<\/td>\n<td bgcolor=\"#99CCFF\">30 mg\/d\u00eda<\/td>\n<td><\/td>\n<\/tr>\n<tr>\n<td align=\"center\" width=\"60\"><span style=\"font-family: verdana; font-size: small;\"><b>7<\/b><\/span><\/td>\n<td bgcolor=\"#FF9999\">250 mg\/semana<\/td>\n<td bgcolor=\"#99CCFF\">30 mg\/d\u00eda<\/td>\n<td><\/td>\n<\/tr>\n<tr>\n<td align=\"center\" width=\"60\"><span style=\"font-family: verdana; font-size: small;\"><b>8<\/b><\/span><\/td>\n<td bgcolor=\"#FF9999\">250 mg\/semana<\/td>\n<td bgcolor=\"#99CCFF\">30 mg\/d\u00eda<\/td>\n<td><\/td>\n<\/tr>\n<tr>\n<td align=\"center\" width=\"60\"><span style=\"font-family: verdana; font-size: small;\"><b>9<\/b><\/span><\/td>\n<td><\/td>\n<td bgcolor=\"#99CCFF\">30 mg\/d\u00eda<\/td>\n<td><\/td>\n<\/tr>\n<tr>\n<td align=\"center\" width=\"60\"><span style=\"font-family: verdana; font-size: small;\"><b>10<\/b><\/span><\/td>\n<td><\/td>\n<td><\/td>\n<td bgcolor=\"#99FFCC\">20mg\/d\u00eda<\/td>\n<\/tr>\n<tr>\n<td align=\"center\" width=\"60\"><span style=\"font-family: verdana; font-size: small;\"><b>11<\/b><\/span><\/td>\n<td><\/td>\n<td><\/td>\n<td bgcolor=\"#99FFCC\">20mg\/d\u00eda<\/td>\n<\/tr>\n<tr>\n<td align=\"center\" width=\"60\"><span style=\"font-family: verdana; font-size: small;\"><b>12<\/b><\/span><\/td>\n<td><\/td>\n<td><\/td>\n<td bgcolor=\"#99FFCC\">20mg\/d\u00eda<\/td>\n<\/tr>\n<\/tbody>\n<\/table>\n<p>&nbsp;<\/p>\n<p><b>Total:<\/b><br \/>\n2500 mg de Testosterona Enant. 250 &#8211; Alfa Pharma<br \/>\n500 fichas Danabol &#8211; Alfa Pharma<br \/>\n50 tabletas Nolvadex &#8211; Alfa pharma<\/p>\n<p>&nbsp;<\/p>\n<p>Este curso es una excelente combinaci\u00f3n de estos dos f\u00e1rmacos. <a href=\"http:\/\/getanabolics.biz\/es\/producto\/testosterone-enant-250-10-ml-vial-each-1-ml-contains-250-mg-testosterone-enanthate\/\">Enantato de Testosterona<\/a> es un esteroide inyectable con un efecto androg\u00e9nico. <a href=\"http:\/\/getanabolics.biz\/es\/producto\/danabol-500-tabletas-cada-tableta-contiene-10-mg-de-methandienone-alpha-pharma\/\">Danabol <\/a>act\u00faa como un esteroide oral, la eficacia de lo que es una actividad anab\u00f3lica fuerte. Con el uso combinado de estos f\u00e1rmacos, la masa muscular y la fuerza f\u00edsica puede ser mayor en un corto per\u00edodo de tiempo.<\/p>\n<h3>Eficiencia.<\/h3>\n<p>Enantato es uno de los m\u00e1s potentes de la testosterona. Se promueve la retenci\u00f3n de l\u00edquido en las fibras musculares, junto con la retenci\u00f3n de prote\u00ednas y los elementos necesarios para contribuir a un aumento en la masa de tejido muscular. Ayuda para saturar los m\u00fasculos con sangre y ox\u00edgeno. Adem\u00e1s de aumentar el volumen de la masa muscular, tambi\u00e9n lo hace la fuerza f\u00edsica y la resistencia durante el entrenamiento.<\/p>\n<h3>Recepci\u00f3n.<\/h3>\n<p>La duraci\u00f3n de este curso es de 8 semanas. <a href=\"http:\/\/getanabolics.biz\/es\/producto\/testosterone-enant-250-10-ml-vial-each-1-ml-contains-250-mg-testosterone-enanthate\/\">Enantato de Testosterona<\/a> se recomienda tomar 250 mg. una semana, 500 mg (250 2 veces por semana) puede ser utilizado por los atletas, cuyo peso es de m\u00e1s de 75 kg. <a href=\"http:\/\/getanabolics.biz\/es\/producto\/danabol-500-tabletas-cada-tableta-contiene-10-mg-de-methandienone-alpha-pharma\/\">Danabol <\/a>debe ser tomado 10 mg 3 veces al d\u00eda durante 9 semanas. Danabol es recomendable antes de tomar los alimentos, por lo que se absorbe mejor.<br \/>\nTambi\u00e9n, despu\u00e9s de pasar el curso, PTC es necesario, se recomienda tomar <a href=\"http:\/\/getanabolics.biz\/es\/producto\/nolvadex-50-fichas-de-cada-ficha-contiene-20-mg-de-citrato-de-tamoxifeno-alpha-pharma\/\">Nolvadex <\/a>despu\u00e9s de las 9 semanas del curso, 20 mg cada ma\u00f1ana, durante 3 semanas.<\/p>\n<p>El t\u00e9rmino <strong>Ciclos de Esteroides<\/strong> se refiere a la aplicaci\u00f3n peri\u00f3dica de esteroides anab\u00f3licos\/androg\u00e9nicos (AAS), normalmente para la construcci\u00f3n muscular fines. AAS no son m\u00e9dicamente aprobados para promover excesivo el aumento de masa muscular (culturismo) o mejorar el rendimiento deportivo. Aparte de los principios de la experimentaci\u00f3n en los deportistas por un pu\u00f1ado de m\u00e9dicos deportivos, un gran esfuerzo al estudio de la constituci\u00f3n y en la mejora del rendimiento de las propiedades de estas drogas, espec\u00edficamente con un ojo en el desarrollo de estrategias para el uso de ellos para maximizar los beneficios y minimizar los efectos adversos, no ha sido llevada a cabo por la comunidad m\u00e9dica. Debido a esto, los usuarios il\u00edcitos se han dejado de desarrollar sus propios protocolos para la administraci\u00f3n de estos f\u00e1rmacos. El resultado ha sido de una gran variedad de enfoques diferentes para el uso de estos agentes, algunos m\u00e1s seguro o m\u00e1s eficaces que otros. Aunque no es posible evaluar de manera integral todos los conocidos planteamientos, en esta secci\u00f3n se discuten algunos de los m\u00e1s fundamentales y el tiempo de m\u00e9todos de probada eficacia para el uso de AAS.<\/p>\n<p><span id=\"result_box\" class=\"short_text\" lang=\"es\"><span class=\"\">Este ciclo se puede comprar en <a href=\"http:\/\/getanabolics.biz\">getanabolics.biz<\/a><\/span><\/span><\/p>\n<h3>Lee mas<\/h3>\n<p><a href=\"http:\/\/getanabolics.biz\/es\/comprar-clomid-en-linea-en-getanabolics-biz\/\">COMPRAR CLOMID ONLINE EN GETANABOLICS.BIZ<\/a><\/p>\n<p><a href=\"http:\/\/getanabolics.biz\/es\/hormona-del-crecimiento-hgh-los-hechos-mas-importantes\/\">HORMONA DE CRECIMIENTO HGH &#8211; LOS HECHOS M\u00c1S IMPORTANTES<\/a><\/p>\n<p><a href=\"http:\/\/getanabolics.biz\/es\/caracteristicas-de-los-cursos-cortos-de-esteroides\/\">CARACTER\u00cdSTICAS DE LOS CURSOS CORTOS DE ESTEROIDES<\/a><\/p>\n<p><a href=\"http:\/\/getanabolics.biz\/es\/pausa-entre-cursos-de-esteroides-y-pct\/\">PAUSA ENTRE CURSOS DE ESTEROIDES Y PCT<\/a><\/p>\n<p><a href=\"http:\/\/getanabolics.biz\/es\/que-tan-efectivo-es-el-puente-de-esteroides\/\">\u00bfCU\u00c1N EFECTIVO ES EL PUENTE ESTEROIDE?<\/a><\/p>\n","protected":false},"excerpt":{"rendered":"<p>2500\u00a0mg\u00a0<a href=\"http:\/\/getanabolics.biz\/es\/producto\/testosterone-enant-250-10-ml-vial-each-1-ml-contains-250-mg-testosterone-enanthate\/\">Testosterone Enant. 250 &#8211; Alpha Pharma<\/a><br \/>\n500\u00a0tabs\u00a0<a href=\"http:\/\/getanabolics.biz\/es\/producto\/danabol-500-tabletas-cada-tableta-contiene-10-mg-de-methandienone-alpha-pharma\/\">Danabol &#8211; Alpha Pharma<\/a><br \/>\n50\u00a0tabs\u00a0<a href=\"http:\/\/getanabolics.biz\/es\/producto\/nolvadex-50-fichas-de-cada-ficha-contiene-20-mg-de-citrato-de-tamoxifeno-alpha-pharma\/\">Nolvadex &#8211; Alpha pharma<\/a><\/p>\n","protected":false},"featured_media":32350777,"comment_status":"closed","ping_status":"closed","template":"","meta":[],"product_cat":[468],"product_tag":[488,562,497],"_links":{"self":[{"href":"https:\/\/getanabolics.biz\/es\/wp-json\/wp\/v2\/product\/32350783"}],"collection":[{"href":"https:\/\/getanabolics.biz\/es\/wp-json\/wp\/v2\/product"}],"about":[{"href":"https:\/\/getanabolics.biz\/es\/wp-json\/wp\/v2\/types\/product"}],"replies":[{"embeddable":true,"href":"https:\/\/getanabolics.biz\/es\/wp-json\/wp\/v2\/comments?post=32350783"}],"wp:featuredmedia":[{"embeddable":true,"href":"https:\/\/getanabolics.biz\/es\/wp-json\/wp\/v2\/media\/32350777"}],"wp:attachment":[{"href":"https:\/\/getanabolics.biz\/es\/wp-json\/wp\/v2\/media?parent=32350783"}],"wp:term":[{"taxonomy":"product_cat","embeddable":true,"href":"https:\/\/getanabolics.biz\/es\/wp-json\/wp\/v2\/product_cat?post=32350783"},{"taxonomy":"product_tag","embeddable":true,"href":"https:\/\/getanabolics.biz\/es\/wp-json\/wp\/v2\/product_tag?post=32350783"}],"curies":[{"name":"wp","href":"https:\/\/api.w.org\/{rel}","templated":true}]}}