{"id":32350770,"date":"2017-11-29T10:04:52","date_gmt":"2017-11-29T10:04:52","guid":{"rendered":"http:\/\/getanabolics.biz\/product\/advanced-dry-muscle-cycle\/"},"modified":"2018-01-21T18:49:25","modified_gmt":"2018-01-21T18:49:25","slug":"ciclo-muscular-seco-avanzado","status":"publish","type":"product","link":"https:\/\/getanabolics.biz\/es\/producto\/ciclo-muscular-seco-avanzado\/","title":{"rendered":"Ciclo muscular seco avanzado"},"content":{"rendered":"<p>Ciclos de esteroides se refiere al marco de tiempo que los esteroides anab\u00f3licos est\u00e1n siendo utilizados. En este marco de tiempo se refiere a menudo como <strong>\u00abEn el Ciclo.\u00bb<\/strong> Cuando los esteroides no est\u00e1n siendo utilizados, esto se conoce como <strong>\u00abFuera de Ciclo\u00bb.<\/strong> Para la fase del ciclo, hay un sinn\u00famero de opciones y pilas. Las \u00abpilas\u00bb se refieren a la combinaci\u00f3n de esteroides anab\u00f3licos, as\u00ed como la no-esteroides elementos utilizados durante la fase del ciclo. Con cientos de esteroides anab\u00f3licos, variando las hormonas pept\u00eddicas, SERM, IA de las hormonas tiroideas, y m\u00e1s, no son realmente innumerables posible pilas. Las opciones son tan grandes, cada pila y el ciclo se comprometen puede ser completamente diferente. Sin embargo, la mayor\u00eda de los usuarios de esteroides se sientan c\u00f3modos con ciertas pilas; descubrir\u00e1n combinaciones espec\u00edficas que producen los mejores resultados, y van a seguir con esos planes.<\/p>\n<p>Avanzada de los esteroides anab\u00f3licos, los usuarios son el superior nivel de experiencia de los usuarios, y es claramente supone que en este punto, el esteroide anab\u00f3lico usuario ha obtenido suficiente experiencia y acumulado suficiente conocimiento para asumir el estado de un usuario avanzado. Esteroides avanzado pilas de la participaci\u00f3n de muchos de los m\u00e1s avanzados a nivel de los compuestos (como <a href=\"http:\/\/getanabolics.biz\/es\/producto\/anadrol-50-tabs-each-tab-contains-50-mg-oxymetholone\/\">Anadrol <\/a>y <a href=\"http:\/\/getanabolics.biz\/es\/producto\/trenbolone-acetate-10-amps-each-1-ampoule-has-100mg-trenbolone-acetate\/\">Trenbolone<\/a>)pero esto no quiere decir que la avanzada de los esteroides anab\u00f3licos, los ciclos pueden ser tambi\u00e9n de la b\u00e1sica <strong>la Testosterona-s\u00f3lo ciclo de protocolo.<\/strong> Este ha sido tocado, por la cual ha sido claro que los de nivel intermedio y avanzado de los esteroides anab\u00f3licos, los usuarios no est\u00e1n limitados a la utilizaci\u00f3n de muy duras compuestos, a dosis extremadamente altas, o complejo ciclo de pilas. Muchas veces, la mayor\u00eda de los usuarios avanzados optar por ejecutar la b\u00e1sica intentado, de confianza, y verdaderos m\u00e9todos de Testosterona-s\u00f3lo los ciclos, o muy b\u00e1sico ciclos de esteroides anab\u00f3licos. Esto es por lo general mucho sorpresa para los principiantes, ya que muy a menudo los principiantes (y prospectivo de los esteroides anab\u00f3licos, los usuarios) poseen una concepci\u00f3n err\u00f3nea de lo que es ser una avanzada de los esteroides anab\u00f3licos de usuario.<\/p>\n<p>Independientemente de la pila o del ciclo de ejecutar, hay reglas generales y observaciones que le ayudar\u00e1n a mantenerse seguro. Por ejemplo, la regla principal de cada ciclo es que incluye alguna forma de testosterona. La forma de testosterona que se emplea es de ninguna consecuencia. La \u00fanica cosa que importa es que el cuerpo tiene suficiente de esta hormona esencial para que funcione correctamente.<\/p>\n<table border=\"1\" width=\"65%\" cellpadding=\"2\" bgcolor=\"#fefefe\">\n<tbody>\n<tr>\n<td align=\"center\" width=\"60\">la semana de<br \/>\nciclo<\/td>\n<td align=\"center\" bgcolor=\"#FF9999\"><span style=\"font-family: verdana; font-size: small;\">Turinabol &#8211; Alfa Pharma<br \/>\n10mg<\/span><\/td>\n<td align=\"center\" bgcolor=\"#99CCFF\"><span style=\"font-family: verdana; font-size: small;\">leve boldenon 250 &#8211; Alfa Pharma<br \/>\n250mg\/ml<\/span><\/td>\n<\/tr>\n<tr>\n<td align=\"center\" width=\"60\"><span style=\"font-family: verdana; font-size: small;\"><b>1<\/b><\/span><\/td>\n<td bgcolor=\"#FF9999\"><span style=\"font-family: verdana; font-size: small;\">30 mg\/d\u00eda<\/span><\/td>\n<td bgcolor=\"#99CCFF\"><span style=\"font-family: verdana; font-size: small;\">400 mg\/semana (200 mg dos veces por semana)<\/span><\/td>\n<\/tr>\n<tr>\n<td align=\"center\" width=\"60\"><span style=\"font-family: verdana; font-size: small;\"><b>2<\/b><\/span><\/td>\n<td bgcolor=\"#FF9999\">40mg\/semana<\/td>\n<td bgcolor=\"#99CCFF\">500 mg\/semana (250 mg dos veces por semana)<\/td>\n<\/tr>\n<tr>\n<td align=\"center\" width=\"60\"><span style=\"font-family: verdana; font-size: small;\"><b>3<\/b><\/span><\/td>\n<td bgcolor=\"#FF9999\">40mg\/semana<\/td>\n<td bgcolor=\"#99CCFF\">500 mg\/semana (250 mg dos veces por semana)<\/td>\n<\/tr>\n<tr>\n<td align=\"center\" width=\"60\"><span style=\"font-family: verdana; font-size: small;\"><b>4<\/b><\/span><\/td>\n<td bgcolor=\"#FF9999\">40mg\/semana<\/td>\n<td bgcolor=\"#99CCFF\">500 mg\/semana (250 mg dos veces por semana)<\/td>\n<\/tr>\n<tr>\n<td align=\"center\" width=\"60\"><span style=\"font-family: verdana; font-size: small;\"><b>5<\/b><\/span><\/td>\n<td bgcolor=\"#FF9999\">40mg\/semana<\/td>\n<td bgcolor=\"#99CCFF\">500 mg\/semana (250 mg dos veces por semana)<\/td>\n<\/tr>\n<tr>\n<td align=\"center\" width=\"60\"><span style=\"font-family: verdana; font-size: small;\"><b>6<\/b><\/span><\/td>\n<td bgcolor=\"#FF9999\">40mg\/semana<\/td>\n<td bgcolor=\"#99CCFF\">500 mg\/semana (250 mg dos veces por semana)<\/td>\n<\/tr>\n<tr>\n<td align=\"center\" width=\"60\"><span style=\"font-family: verdana; font-size: small;\"><b>7<\/b><\/span><\/td>\n<td bgcolor=\"#FF9999\">40mg\/semana<\/td>\n<td bgcolor=\"#99CCFF\">500 mg\/semana (250 mg dos veces por semana)<\/td>\n<\/tr>\n<tr>\n<td align=\"center\" width=\"60\"><span style=\"font-family: verdana; font-size: small;\"><b>8<\/b><\/span><\/td>\n<td bgcolor=\"#FF9999\">30 mg\/d\u00eda<\/td>\n<td bgcolor=\"#99CCFF\">500 mg\/semana (200 mg dos veces por semana)<\/td>\n<\/tr>\n<\/tbody>\n<\/table>\n<p>&nbsp;<\/p>\n<p><b>Total:<\/b><br \/>\n2520mg Turinabol 10mg &#8211; Alfa Pharma<br \/>\n3900mg leve boldenon 250 &#8211; Alfa Pharma<\/p>\n<p>Este curso es muy popular, popular y se utiliza a menudo entre otros cursos que est\u00e1n dirigidos a aumentar la masa seca de los m\u00fasculos. El curso est\u00e1 destinado a pasar, no s\u00f3lo avanzados y experimentados atletas, sino tambi\u00e9n a los principiantes. Ayuda a aumentar f\u00e1cilmente la masa seca de los m\u00fasculos por 6-8 kg, y tambi\u00e9n no hacer da\u00f1o a la salud de los atletas. Los esteroides de este curso no tiene la aromatizaci\u00f3n, no causar ginecomastia, no exasper\u00e9is a la acumulaci\u00f3n excesiva de l\u00edquido en los m\u00fasculos, no causa un aumento en la presi\u00f3n y los problemas de la piel. La aprobaci\u00f3n de este curso ayuda a los atletas a alcanzar altos resultados deportivos, mediante la contrataci\u00f3n de un seco de la masa muscular y aumentar la fuerza f\u00edsica y la resistencia. Al tomar un curso, se recomienda observar una nutrici\u00f3n adecuada, que incluye una gran cantidad de prote\u00ednas y menos grasas y los hidratos de carbono. Tomar el medicamento leve boldenon conduce a un aumento en el apetito, as\u00ed que usted debe tomar alimentos con prote\u00ednas para no tener exceso de peso. Despu\u00e9s de pasar el curso de <a href=\"http:\/\/getanabolics.biz\/es\/producto\/turinabol-50-fichas-de-cada-uno-de-ellos-contiene-10-mg-chlordehydromethyltestosterone-alpha-pharma\/\">Turinabol<\/a> + <a href=\"http:\/\/getanabolics.biz\/es\/producto\/boldenone-250-1-caja-de-10-ampollas-cada-una-de-las-aplicaciones-contiene-250-mg-de-boldenona-undecilenato-alpha-pharma\/\">Boldenone<\/a>\u00a0la masa de los m\u00fasculos ser\u00e1n conservados, no se desintegra, si adherirnos a una nutrici\u00f3n adecuada.<\/p>\n<h2>C\u00f3mo<\/h2>\n<p>La duraci\u00f3n del curso es de 8 semanas. <a href=\"http:\/\/getanabolics.biz\/es\/producto\/turinabol-50-fichas-de-cada-uno-de-ellos-contiene-10-mg-chlordehydromethyltestosterone-alpha-pharma\/\">Turinabol<\/a> se toma la primera y \u00faltima semana del curso de 3 comprimidos al d\u00eda (30 mg), Y de 2 a 7 semanas para 4 comprimidos (40 mg). Por d\u00eda. <a href=\"http:\/\/getanabolics.biz\/es\/producto\/boldenone-250-1-caja-de-10-ampollas-cada-una-de-las-aplicaciones-contiene-250-mg-de-boldenona-undecilenato-alpha-pharma\/\">Boldenone<\/a> coloque la primera y \u00faltima semana del curso a 400 mg por semana (200 mg dos veces a la semana), y de 2 a 7 semanas a 500 mg por semana (250 mg dos veces a la semana).<\/p>\n<p>El t\u00e9rmino <strong>Ciclos de Esteroides<\/strong> se refiere a la aplicaci\u00f3n peri\u00f3dica de esteroides anab\u00f3licos\/androg\u00e9nicos (AAS), normalmente para la construcci\u00f3n muscular fines. AAS no son m\u00e9dicamente aprobados para promover excesivo el aumento de masa muscular (culturismo) o mejorar el rendimiento deportivo. Aparte de los principios de la experimentaci\u00f3n en los deportistas por un pu\u00f1ado de m\u00e9dicos deportivos, un gran esfuerzo al estudio de la constituci\u00f3n y en la mejora del rendimiento de las propiedades de estas drogas, espec\u00edficamente con un ojo en el desarrollo de estrategias para el uso de ellos para maximizar los beneficios y minimizar los efectos adversos, no ha sido llevada a cabo por la comunidad m\u00e9dica. Debido a esto, los usuarios il\u00edcitos se han dejado de desarrollar sus propios protocolos para la administraci\u00f3n de estos f\u00e1rmacos. El resultado ha sido de una gran variedad de enfoques diferentes para el uso de estos agentes, algunos m\u00e1s seguro o m\u00e1s eficaces que otros. Aunque no es posible evaluar de manera integral todos los conocidos planteamientos, en esta secci\u00f3n se discuten algunos de los m\u00e1s fundamentales y el tiempo de m\u00e9todos de probada eficacia para el uso de AAS.<\/p>\n<p><span id=\"result_box\" class=\"short_text\" lang=\"es\"><span class=\"\">Este ciclo se puede comprar en <a href=\"http:\/\/getanabolics.biz\">getanabolics.biz<\/a><\/span><\/span><\/p>\n<h3>Lee mas<\/h3>\n<p><a href=\"http:\/\/getanabolics.biz\/es\/efectos-secundarios-de-deca-durabolin\/\">EFECTOS SECUNDARIOS DE DECA DURABOLINA<\/a><\/p>\n<p><a href=\"http:\/\/getanabolics.biz\/es\/todo-acerca-de-proviron-mesterolone\/\">TODO SOBRE PROVIRON (MESTEROLONE)<\/a><\/p>\n<p><a href=\"http:\/\/getanabolics.biz\/es\/cual-deberia-ser-la-duracion-del-ciclo-de-esteroides\/\">\u00bfCU\u00c1L DEBE SER LA DURACI\u00d3N DEL CURSO DE ESTEROIDES?<\/a><\/p>\n<p><a href=\"http:\/\/getanabolics.biz\/es\/creatina-en-un-curso-de-esteroides\/\">CREATINA EN UN CURSO DE ESTEROIDES<\/a><\/p>\n<p><a href=\"http:\/\/getanabolics.biz\/es\/crossfit-y-esteroides\/\">CROSSFIT Y ESTEROIDES<\/a><\/p>\n","protected":false},"excerpt":{"rendered":"<p>2520mg\u00a0<a href=\"http:\/\/getanabolics.biz\/es\/producto\/turinabol-50-fichas-de-cada-uno-de-ellos-contiene-10-mg-chlordehydromethyltestosterone-alpha-pharma\/\">Turinabol 10mg &#8211; Alpha Pharma<\/a><br \/>\n3900mg\u00a0<a href=\"http:\/\/getanabolics.biz\/es\/producto\/boldenone-250-1-caja-de-10-ampollas-cada-una-de-las-aplicaciones-contiene-250-mg-de-boldenona-undecilenato-alpha-pharma\/\">Boldenon\u00a0250 &#8211; Alpha Pharma<\/a><\/p>\n","protected":false},"featured_media":32350764,"comment_status":"closed","ping_status":"closed","template":"","meta":[],"product_cat":[468],"product_tag":[75,556,497],"_links":{"self":[{"href":"https:\/\/getanabolics.biz\/es\/wp-json\/wp\/v2\/product\/32350770"}],"collection":[{"href":"https:\/\/getanabolics.biz\/es\/wp-json\/wp\/v2\/product"}],"about":[{"href":"https:\/\/getanabolics.biz\/es\/wp-json\/wp\/v2\/types\/product"}],"replies":[{"embeddable":true,"href":"https:\/\/getanabolics.biz\/es\/wp-json\/wp\/v2\/comments?post=32350770"}],"wp:featuredmedia":[{"embeddable":true,"href":"https:\/\/getanabolics.biz\/es\/wp-json\/wp\/v2\/media\/32350764"}],"wp:attachment":[{"href":"https:\/\/getanabolics.biz\/es\/wp-json\/wp\/v2\/media?parent=32350770"}],"wp:term":[{"taxonomy":"product_cat","embeddable":true,"href":"https:\/\/getanabolics.biz\/es\/wp-json\/wp\/v2\/product_cat?post=32350770"},{"taxonomy":"product_tag","embeddable":true,"href":"https:\/\/getanabolics.biz\/es\/wp-json\/wp\/v2\/product_tag?post=32350770"}],"curies":[{"name":"wp","href":"https:\/\/api.w.org\/{rel}","templated":true}]}}