{"id":32350642,"date":"2017-06-07T15:15:25","date_gmt":"2017-06-07T15:15:25","guid":{"rendered":"http:\/\/getanabolics.biz\/product\/kickstart-principiante-ciclo\/"},"modified":"2018-01-21T19:09:34","modified_gmt":"2018-01-21T19:09:34","slug":"kickstart-principiante-ciclo","status":"publish","type":"product","link":"https:\/\/getanabolics.biz\/es\/producto\/kickstart-principiante-ciclo\/","title":{"rendered":"KICKSTART PRINCIPIANTE CICLO"},"content":{"rendered":"<p>Ciclos de esteroides se refiere al marco de tiempo que los esteroides anab\u00f3licos est\u00e1n siendo utilizados. En este marco de tiempo se refiere a menudo como <strong>\u00abEn el Ciclo.\u00bb<\/strong> Cuando los esteroides no est\u00e1n siendo utilizados, esto se conoce como <strong>\u00abFuera de Ciclo\u00bb.<\/strong> Para la fase del ciclo, hay un sinn\u00famero de opciones y pilas. Las \u00abpilas\u00bb se refieren a la combinaci\u00f3n de esteroides anab\u00f3licos, as\u00ed como la no-esteroides elementos utilizados durante la fase del ciclo. Con cientos de esteroides anab\u00f3licos, variando las hormonas pept\u00eddicas, SERM, IA de las hormonas tiroideas, y m\u00e1s, no son realmente innumerables posible pilas. Las opciones son tan grandes, cada pila y el ciclo se comprometen puede ser completamente diferente. Sin embargo, la mayor\u00eda de los usuarios de esteroides se sientan c\u00f3modos con ciertas pilas; descubrir\u00e1n combinaciones espec\u00edficas que producen los mejores resultados, y van a seguir con esos planes.<\/p>\n<p>Avanzada de los esteroides anab\u00f3licos, los usuarios son el superior nivel de experiencia de los usuarios, y es claramente supone que en este punto, el esteroide anab\u00f3lico usuario ha obtenido suficiente experiencia y acumulado suficiente conocimiento para asumir el estado de un usuario avanzado. Esteroides avanzado pilas de la participaci\u00f3n de muchos de los m\u00e1s avanzados a nivel de los compuestos (como <a href=\"http:\/\/getanabolics.biz\/product\/anadrol-50-tabs-each-tab-contains-50-mg-oxymetholone\/\">Anadrol <\/a>y <a href=\"http:\/\/getanabolics.biz\/product\/trenbolone-acetate-10-amps-each-1-ampoule-has-100mg-trenbolone-acetate\/\">Trenbolone<\/a>)pero esto no quiere decir que la avanzada de los esteroides anab\u00f3licos, los ciclos pueden ser tambi\u00e9n de la b\u00e1sica <strong>la Testosterona-s\u00f3lo ciclo de protocolo.<\/strong> Este ha sido tocado, por la cual ha sido claro que los de nivel intermedio y avanzado de los esteroides anab\u00f3licos, los usuarios no est\u00e1n limitados a la utilizaci\u00f3n de muy duras compuestos, a dosis extremadamente altas, o complejo ciclo de pilas. Muchas veces, la mayor\u00eda de los usuarios avanzados optar por ejecutar la b\u00e1sica intentado, de confianza, y verdaderos m\u00e9todos de Testosterona-s\u00f3lo los ciclos, o muy b\u00e1sico ciclos de esteroides anab\u00f3licos. Esto es por lo general mucho sorpresa para los principiantes, ya que muy a menudo los principiantes (y prospectivo de los esteroides anab\u00f3licos, los usuarios) poseen una concepci\u00f3n err\u00f3nea de lo que es ser una avanzada de los esteroides anab\u00f3licos de usuario.<\/p>\n<p>Independientemente de la pila o del ciclo de ejecutar, hay reglas generales y observaciones que le ayudar\u00e1n a mantenerse seguro. Por ejemplo, la regla principal de cada ciclo es que incluye alguna forma de testosterona. La forma de testosterona que se emplea es de ninguna consecuencia. La \u00fanica cosa que importa es que el cuerpo tiene suficiente de esta hormona esencial para que funcione correctamente.<\/p>\n<p>&nbsp;<\/p>\n<table border=\"1\" width=\"65%\" cellpadding=\"2\" bgcolor=\"#fefefe\">\n<tbody>\n<tr>\n<td align=\"center\" width=\"60\">la semana de<br \/>\nciclo<\/td>\n<td align=\"center\" bgcolor=\"#FF9999\"><span style=\"font-family: verdana; font-size: small;\">la Testosterona Enant. 250<br \/>\n250mg\/ml<\/span><\/td>\n<td align=\"center\" bgcolor=\"#99CCFF\"><span style=\"font-family: verdana; font-size: small;\">Deca 250<br \/>\n250mg\/ml<\/span><\/td>\n<td align=\"center\" bgcolor=\"#FFFFCC\"><span style=\"font-family: verdana; font-size: small;\">Dianabol<br \/>\n10mg tab<\/span><\/td>\n<\/tr>\n<tr>\n<td align=\"center\" width=\"60\"><span style=\"font-family: verdana; font-size: small;\"><b>1<\/b><\/span><\/td>\n<td bgcolor=\"#FF9999\"><span style=\"font-family: verdana; font-size: small;\">500 mg\/semana<\/span><\/td>\n<td bgcolor=\"#99CCFF\"><span style=\"font-family: verdana; font-size: small;\">200 mg\/semana<\/span><\/td>\n<td bgcolor=\"#FFFFCC\"><span style=\"font-family: verdana; font-size: small;\">25 mg\/d\u00eda<\/span><\/td>\n<\/tr>\n<tr>\n<td align=\"center\" width=\"60\"><span style=\"font-family: verdana; font-size: small;\"><b>2<\/b><\/span><\/td>\n<td bgcolor=\"#FF9999\">500 mg\/semana<\/td>\n<td bgcolor=\"#99CCFF\">200 mg\/semana<\/td>\n<td bgcolor=\"#FFFFCC\">25 mg\/d\u00eda<\/td>\n<\/tr>\n<tr>\n<td align=\"center\" width=\"60\"><span style=\"font-family: verdana; font-size: small;\"><b>3<\/b><\/span><\/td>\n<td bgcolor=\"#FF9999\">500 mg\/semana<\/td>\n<td bgcolor=\"#99CCFF\">200 mg\/semana<\/td>\n<td bgcolor=\"#FFFFCC\">25 mg\/d\u00eda<\/td>\n<\/tr>\n<tr>\n<td align=\"center\" width=\"60\"><span style=\"font-family: verdana; font-size: small;\"><b>4<\/b><\/span><\/td>\n<td bgcolor=\"#FF9999\">500 mg\/semana<\/td>\n<td bgcolor=\"#99CCFF\">200 mg\/semana<\/td>\n<td bgcolor=\"#FFFFCC\">25 mg\/d\u00eda<\/td>\n<\/tr>\n<tr>\n<td align=\"center\" width=\"60\"><span style=\"font-family: verdana; font-size: small;\"><b>5<\/b><\/span><\/td>\n<td bgcolor=\"#FF9999\">500 mg\/semana<\/td>\n<td bgcolor=\"#99CCFF\">200 mg\/semana<\/td>\n<td bgcolor=\"#FFFFCC\">25 mg\/d\u00eda<\/td>\n<\/tr>\n<tr>\n<td align=\"center\" width=\"60\"><span style=\"font-family: verdana; font-size: small;\"><b>6<\/b><\/span><\/td>\n<td bgcolor=\"#FF9999\">500 mg\/semana<\/td>\n<td bgcolor=\"#99CCFF\">200 mg\/semana<\/td>\n<td bgcolor=\"#FFFFCC\">25 mg\/d\u00eda<\/td>\n<\/tr>\n<tr>\n<td align=\"center\" width=\"60\"><span style=\"font-family: verdana; font-size: small;\"><b>7<\/b><\/span><\/td>\n<td bgcolor=\"#FF9999\">500 mg\/semana<\/td>\n<td bgcolor=\"#99CCFF\">200 mg\/semana<\/td>\n<td><\/td>\n<\/tr>\n<tr>\n<td align=\"center\" width=\"60\"><span style=\"font-family: verdana; font-size: small;\"><b>8<\/b><\/span><\/td>\n<td bgcolor=\"#FF9999\">500 mg\/semana<\/td>\n<td bgcolor=\"#99CCFF\">200 mg\/semana<\/td>\n<td><\/td>\n<\/tr>\n<tr>\n<td align=\"center\" width=\"60\"><span style=\"font-family: verdana; font-size: small;\"><b>9<\/b><\/span><\/td>\n<td bgcolor=\"#FF9999\">500 mg\/semana<\/td>\n<td bgcolor=\"#99CCFF\">200 mg\/semana<\/td>\n<td><\/td>\n<\/tr>\n<tr>\n<td align=\"center\" width=\"60\"><span style=\"font-family: verdana; font-size: small;\"><b>10<\/b><\/span><\/td>\n<td bgcolor=\"#FF9999\">500 mg\/semana<\/td>\n<td bgcolor=\"#99CCFF\">200 mg\/semana<\/td>\n<td><\/td>\n<\/tr>\n<tr>\n<td align=\"center\" width=\"60\"><span style=\"font-family: verdana; font-size: small;\"><b>11<\/b><\/span><\/td>\n<td bgcolor=\"#FF9999\">500 mg\/semana<\/td>\n<td bgcolor=\"#99CCFF\">200 mg\/semana<\/td>\n<td><\/td>\n<\/tr>\n<tr>\n<td align=\"center\" width=\"60\"><span style=\"font-family: verdana; font-size: small;\"><b>12<\/b><\/span><\/td>\n<td bgcolor=\"#FF9999\">500 mg\/semana<\/td>\n<td bgcolor=\"#99CCFF\">200 mg\/semana<\/td>\n<td><\/td>\n<\/tr>\n<\/tbody>\n<\/table>\n<p>&nbsp;<\/p>\n<p><b>Total:<\/b><br \/>\n6000mg Testosterona Enant. 250 &#8211; Alfa Pharma<br \/>\n2400mg Deca 250 &#8211; Alfa Pharma<br \/>\n100 tabletas de Dianabol &#8211; Maxtreme<\/p>\n<p>&nbsp;<\/p>\n<p>Es el mismo que el de los principiantes ciclo anterior con Dianabol a\u00f1ade a la pila. Dianabol es un trabajo r\u00e1pido de esteroides que pueden tomarse en forma oral, y que va a hacer grandes progresos en el m\u00fasculo y la fuerza en el comienzo del ciclo (a menudo referido como carga frontal).<\/p>\n<table>\n<tbody>\n<tr>\n<td><strong>los Posibles Efectos Secundarios Y PCT<\/strong><br \/>\nLa ginecomastia, retenci\u00f3n de agua, la presi\u00f3n arterial alta y el colesterol alto son todos los posibles efectos secundarios de este ciclo. 10 mg de nolvadex cotidiana puede ser usado para combatir los s\u00edntomas que tiene, mientras que en el ciclo. Tambi\u00e9n cualquier oral ser\u00e1 tener un efecto t\u00f3xico en el h\u00edgado por lo que un h\u00edgado complemento o refuerzo debe ser tomado con el dianabol y su uso debe ser de no m\u00e1s de 6 semanas.Su PCT constan de 2 semanas fuera de ciclo para permitir que las hormonas para limpiar su sistema. A continuaci\u00f3n, usted debe tomar nolvadex durante 3 semanas, para ayudar a re-establecer la producci\u00f3n normal de testosterona. 40mg todos los d\u00edas durante 2 semanas y 20 mg de Nolvadex para la tercera semana.<\/td>\n<\/tr>\n<\/tbody>\n<\/table>\n<p>&nbsp;<\/p>\n<p>Como los ciclos de esteroides se refieren a la \u00e9poca en la que estamos realmente que complementa con los esteroides anab\u00f3licos, la pregunta obvia es \u00bfcu\u00e1l es el marco de tiempo aceptable? \u00bfCu\u00e1l es el m\u00ednimo de ganancias positivas y \u00bfcu\u00e1l es la cantidad m\u00e1xima de tiempo en lo que respecta a la seguridad? Esto puede ser una pregunta dif\u00edcil de responder, pero una vez m\u00e1s hay pautas que le ayudar\u00e1n a mantenerse seguro. Independientemente de los ciclos de esteroides de implementar, no importa c\u00f3mo b\u00e1sica o avanzada, su plan es ir a la necesidad de extender una cantidad decente de tiempo. El cuerpo humano no le gusta el cambio; incluso si ese cambio es en su mejor inter\u00e9s que va a luchar y hacer todo lo posible para permanecer en su acostumbrado normal. Debemos permitir suficiente tiempo para esto \u00abnormal\u00bb para cambiar, debemos crear un nuevo conjunto normal si vamos a colgar en cualquiera de los logros alcanzados. Sin embargo, incluso cuando esto es hecho, si usted se encuentra fuera de ciclo para un per\u00edodo prolongado de tiempo, usted va a perder algunos de los logros alcanzados; sin la alta afluencia de hormonas presentes para apoyar los logros que hizo que no va a durar para siempre. Logros alcanzados por el uso de hormonas, esto no es falso muscular o la fuerza, es tan real como cualquier otro de los beneficios que se pueden hacer. Al hacer ganancias en fuerza y tama\u00f1o, que son apoyados por los nutrientes que se consumen. Tomar distancia de los nutrientes y el sistema de apoyo se cae a pedazos. Las hormonas tambi\u00e9n son importantes, tal vez tan importante como la comida. Junto con los nutrientes, las hormonas en su cuerpo apoyar a su tama\u00f1o y fuerza, ya sea de forma natural o proporcionado de forma ex\u00f3gena. Tomar las hormonas de distancia, y de nuevo has quitado un sistema de apoyo.<\/p>\n<p>El t\u00e9rmino <strong>Ciclos de Esteroides<\/strong> se refiere a la aplicaci\u00f3n peri\u00f3dica de esteroides anab\u00f3licos\/androg\u00e9nicos (AAS), normalmente para la construcci\u00f3n muscular fines. AAS no son m\u00e9dicamente aprobados para promover excesivo el aumento de masa muscular (culturismo) o mejorar el rendimiento deportivo. Aparte de los principios de la experimentaci\u00f3n en los deportistas por un pu\u00f1ado de m\u00e9dicos deportivos, un gran esfuerzo al estudio de la constituci\u00f3n y en la mejora del rendimiento de las propiedades de estas drogas, espec\u00edficamente con un ojo en el desarrollo de estrategias para el uso de ellos para maximizar los beneficios y minimizar los efectos adversos, no ha sido llevada a cabo por la comunidad m\u00e9dica. Debido a esto, los usuarios il\u00edcitos se han dejado de desarrollar sus propios protocolos para la administraci\u00f3n de estos f\u00e1rmacos. El resultado ha sido de una gran variedad de enfoques diferentes para el uso de estos agentes, algunos m\u00e1s seguro o m\u00e1s eficaces que otros. Aunque no es posible evaluar de manera integral todos los conocidos planteamientos, en esta secci\u00f3n se discuten algunos de los m\u00e1s fundamentales y el tiempo de m\u00e9todos de probada eficacia para el uso de AAS.<\/p>\n<p><span id=\"result_box\" class=\"short_text\" lang=\"es\"><span class=\"\">Este ciclo se puede comprar en <a href=\"http:\/\/getanabolics.biz\">getanabolics.biz<\/a><\/span><\/span><\/p>\n<h3>Lee mas<\/h3>\n<p><a href=\"http:\/\/getanabolics.biz\/es\/comprar-dianabol-en-linea-en-getanabolics-biz\/\">COMPRAR DIANABOL ONLINE EN GETANABOLICS.BIZ<\/a><\/p>\n<p><a href=\"http:\/\/getanabolics.biz\/es\/winstrol-que-es-y-para-que-sirve\/\">WINSTROL, \u00bfQU\u00c9 ES Y PARA QU\u00c9 SIRVE?<\/a><\/p>\n<p><a href=\"http:\/\/getanabolics.biz\/es\/cytomel-t3-comentarios-sobre-getanabolics-biz\/\">REVISIONES CYTOMEL T3 EN GETANABOLICS.BIZ<\/a><\/p>\n<p><a href=\"http:\/\/getanabolics.biz\/es\/pausa-entre-cursos-de-esteroides-y-pct\/\">PAUSA ENTRE CURSOS DE ESTEROIDES Y PCT<\/a><\/p>\n<p><a href=\"http:\/\/getanabolics.biz\/es\/que-tan-efectivo-es-el-puente-de-esteroides\/\">\u00bfCU\u00c1N EFECTIVO ES EL PUENTE ESTEROIDE?<\/a><\/p>\n","protected":false},"excerpt":{"rendered":"<p>6000mg\u00a0<a href=\"http:\/\/getanabolics.biz\/es\/producto\/testosterone-enant-250-10-ml-vial-each-1-ml-contains-250-mg-testosterone-enanthate\/\">Testosterone Enant. 250 &#8211; Alpha Pharma<\/a><br \/>\n2400mg\u00a0<a href=\"http:\/\/getanabolics.biz\/es\/producto\/deca-250-caja-de-10-ampollas-de-1-ml-250-mg-ml-total-de-2500mg-de-nandrolona-decaonate-alpha-pharma\/\">Deca\u00a0250 &#8211; Alpha Pharma<\/a><br \/>\n100 tabs <a href=\"http:\/\/getanabolics.biz\/es\/producto\/dianabol-100-tabs-each-contains-10-mg-methandienone\/\">Dianabol &#8211; Maxtreme<\/a><\/p>\n","protected":false},"featured_media":32350550,"comment_status":"closed","ping_status":"closed","template":"","meta":[],"product_cat":[468],"product_tag":[498,469,538],"_links":{"self":[{"href":"https:\/\/getanabolics.biz\/es\/wp-json\/wp\/v2\/product\/32350642"}],"collection":[{"href":"https:\/\/getanabolics.biz\/es\/wp-json\/wp\/v2\/product"}],"about":[{"href":"https:\/\/getanabolics.biz\/es\/wp-json\/wp\/v2\/types\/product"}],"replies":[{"embeddable":true,"href":"https:\/\/getanabolics.biz\/es\/wp-json\/wp\/v2\/comments?post=32350642"}],"wp:featuredmedia":[{"embeddable":true,"href":"https:\/\/getanabolics.biz\/es\/wp-json\/wp\/v2\/media\/32350550"}],"wp:attachment":[{"href":"https:\/\/getanabolics.biz\/es\/wp-json\/wp\/v2\/media?parent=32350642"}],"wp:term":[{"taxonomy":"product_cat","embeddable":true,"href":"https:\/\/getanabolics.biz\/es\/wp-json\/wp\/v2\/product_cat?post=32350642"},{"taxonomy":"product_tag","embeddable":true,"href":"https:\/\/getanabolics.biz\/es\/wp-json\/wp\/v2\/product_tag?post=32350642"}],"curies":[{"name":"wp","href":"https:\/\/api.w.org\/{rel}","templated":true}]}}