{"id":32350637,"date":"2017-06-07T14:33:27","date_gmt":"2017-06-07T14:33:27","guid":{"rendered":"http:\/\/getanabolics.biz\/product\/de-acopio-de-los-esteroides-del-ciclo-de\/"},"modified":"2018-01-21T19:19:15","modified_gmt":"2018-01-21T19:19:15","slug":"de-acopio-de-los-esteroides-del-ciclo-de","status":"publish","type":"product","link":"https:\/\/getanabolics.biz\/es\/producto\/de-acopio-de-los-esteroides-del-ciclo-de\/","title":{"rendered":"DE ACOPIO DE LOS ESTEROIDES DEL CICLO DE"},"content":{"rendered":"<p>Ciclos de esteroides se refiere al marco de tiempo que los esteroides anab\u00f3licos est\u00e1n siendo utilizados. En este marco de tiempo se refiere a menudo como \u00abCiclo\u00bb. Cuando los esteroides no est\u00e1n siendo utilizados, esto se conoce como \u00abCiclo\u00bb. Para la fase del ciclo, hay un sinn\u00famero de opciones y pilas. Las \u00abpilas\u00bb se refieren a la combinaci\u00f3n de esteroides anab\u00f3licos, as\u00ed como la no-esteroides elementos utilizados durante la fase del ciclo. Con cientos de esteroides anab\u00f3licos, variando las hormonas pept\u00eddicas, SERM, IA de las hormonas tiroideas, y m\u00e1s, no son realmente innumerables posible pilas. Las opciones son tan grandes, cada pila y el ciclo se comprometen puede ser completamente diferente. Sin embargo, la mayor\u00eda de los usuarios de esteroides se sientan c\u00f3modos con ciertas pilas; descubrir\u00e1n combinaciones espec\u00edficas que producen los mejores resultados, y van a seguir con esos planes.<\/p>\n<p>Avanzada de los esteroides anab\u00f3licos, los usuarios son el superior nivel de experiencia de los usuarios, y es claramente supone que en este punto, el esteroide anab\u00f3lico usuario ha obtenido suficiente experiencia y acumulado suficiente conocimiento para asumir el estado de un usuario avanzado. Esteroides avanzado pilas de la participaci\u00f3n de muchos de los m\u00e1s avanzados a nivel de los compuestos (tales como Anadrol y Trembolona), pero esto no quiere decir que la avanzada de los esteroides anab\u00f3licos, los ciclos no se pueden b\u00e1sicos de la Testosterona-s\u00f3lo ciclo de protocolo. Esta ha sido previamente abordado, la cual ha sido claro que los de nivel intermedio y avanzado de los esteroides anab\u00f3licos, los usuarios no est\u00e1n limitados a la utilizaci\u00f3n de muy duras compuestos, a dosis extremadamente altas, o complejo ciclo de pilas. Muchas veces, la mayor\u00eda de los usuarios avanzados optar por ejecutar la b\u00e1sica intentado, de confianza, y verdaderos m\u00e9todos de Testosterona-s\u00f3lo los ciclos, o muy b\u00e1sico ciclos de esteroides anab\u00f3licos. Esto es por lo general mucho sorpresa para los principiantes, ya que muy a menudo los principiantes (y prospectivo de los esteroides anab\u00f3licos, los usuarios) poseen una concepci\u00f3n err\u00f3nea de lo que es ser una avanzada de los esteroides anab\u00f3licos de usuario.<\/p>\n<p>Independientemente de la pila o del ciclo de ejecutar, hay reglas generales y observaciones que le ayudar\u00e1n a mantenerse seguro. Por ejemplo, la regla principal de cada ciclo es que incluye alguna forma de testosterona. La forma de testosterona que se emplea es de ninguna consecuencia. La \u00fanica cosa que importa es que el cuerpo tiene suficiente de esta hormona esencial para que funcione correctamente.<br \/>\n<strong>12 semanas de Enantato de Testosterona\/Cipionato de los Esteroides del Ciclo de<\/strong><\/p>\n<p>Hola a todos, la \u00faltima vez me estoy haciendo preguntas \u00bfpor qu\u00e9 en mi blog no hay ning\u00fan ciclo de esteroides para los principiantes, as\u00ed que me decid\u00ed a crear esta categor\u00eda especial y publicar all\u00ed los primeros ciclos de esteroides para el novato. Como entender que hay algunas variaciones de c\u00f3mo en el primer ciclo de esteroides puede mirar, pero hoy vamos a empezar con la opci\u00f3n m\u00e1s popular, es decir, el primer ciclo de esteroides, la testosterona.<\/p>\n<p><strong>la Testosterona<\/strong> es el rey de la masa del edificio y despu\u00e9s de su primer ciclo con la testosterona te dar\u00e1s cuenta de ello.<\/p>\n<p>Antes de pasar a la carta, por favor recuerde siguientes cosas:<\/p>\n<p>\u2013 <strong>debe<\/strong> tren <strong>alta intensidad<\/strong>, agregar el peso de cada 3<sup>rd<\/sup> de formaci\u00f3n, que se asegurar\u00e1 de que est\u00e1n avanzando.<\/p>\n<p>\u2013 comer <strong>buena comida<\/strong>, tales como: el arroz, la avena, pl\u00e1tanos, manzana, carne, huevos tambi\u00e9n tienen 2-3 batidos de prote\u00edna por d\u00eda.<\/p>\n<p>\u2013 <a href=\"http:\/\/getanabolics.biz\/product\/testosterone-enant-250-10-ml-vial-each-1-ml-contains-250-mg-testosterone-enanthate\/\"><strong>inyecciones de Testosterona<\/strong><\/a> debe ser dividida en 2 inyecciones por semana (cada @250 mg) para mantener los niveles en sangre m\u00e1s estable<\/p>\n<p>Para PCT <strong>(terapia post ciclo)<\/strong> <strong><a href=\"http:\/\/getanabolics.biz\/product\/nolvadex-50-tabs-each-tab-contains-20mg-tamoxifen-citrate\/\">Nolvadex<\/a> <\/strong>(citrato de tamoxifeno) a <strong>restauraci\u00f3n<\/strong> natural <strong>la testosterona<\/strong> <strong>producci\u00f3n<\/strong>. Algunos pueden querer usar HCG durante el ciclo, sino que depende de usted y de su capacidad del cuerpo para recuperarse sin embargo, este es tu primer ciclo, y todav\u00eda no s\u00e9 c\u00f3mo de r\u00e1pido se va a recuperar. Yo sugerir\u00eda que optan s\u00f3lo por <strong>Nolvadex<\/strong> Usted va a obtener una gran experiencia y de saber en el futuro c\u00f3mo reacciona su cuerpo.<\/p>\n<p>&nbsp;<\/p>\n<p>&nbsp;<\/p>\n<table style=\"height: 436px;\" border=\"1\" width=\"483\" cellpadding=\"2\" bgcolor=\"#FEFEFE\">\n<tbody>\n<tr>\n<td align=\"center\" width=\"60\"><span style=\"color: #000000; font-family: verdana; font-size: small;\">la semana de<br \/>\nciclo de<\/span><\/td>\n<td align=\"center\" bgcolor=\"#FF9999\">Testosterona Enant. 250<br \/>\n250mg\/ml<\/td>\n<td align=\"center\" bgcolor=\"#99CCFF\">NOLVADEX<br \/>\n20mg tab<\/td>\n<\/tr>\n<tr>\n<td align=\"center\" width=\"60\"><span style=\"color: #000000; font-family: verdana; font-size: small;\"><b>1<\/b><\/span><\/td>\n<td bgcolor=\"#FF9999\">500 mg\/semana (que se divide en 2 inyecciones por semana)<\/td>\n<td><\/td>\n<\/tr>\n<tr>\n<td align=\"center\" width=\"60\"><span style=\"color: #000000; font-family: verdana; font-size: small;\"><b>2<\/b><\/span><\/td>\n<td bgcolor=\"#FF9999\">500 mg\/semana (que se divide en 2 inyecciones por semana)<\/td>\n<td><\/td>\n<\/tr>\n<tr>\n<td align=\"center\" width=\"60\"><span style=\"color: #000000; font-family: verdana; font-size: small;\"><b>3<\/b><\/span><\/td>\n<td bgcolor=\"#FF9999\">500 mg\/semana (que se divide en 2 inyecciones por semana)<\/td>\n<td><\/td>\n<\/tr>\n<tr>\n<td align=\"center\" width=\"60\"><span style=\"color: #000000; font-family: verdana; font-size: small;\"><b>4<\/b><\/span><\/td>\n<td bgcolor=\"#FF9999\">500 mg\/semana (que se divide en 2 inyecciones por semana)<\/td>\n<td><span style=\"color: #000000; font-family: verdana; font-size: small;\"><br \/>\n<\/span><\/td>\n<\/tr>\n<tr>\n<td align=\"center\" width=\"60\"><span style=\"color: #000000; font-family: verdana; font-size: small;\"><b>5<\/b><\/span><\/td>\n<td bgcolor=\"#FF9999\">500 mg\/semana (que se divide en 2 inyecciones por semana)<\/td>\n<td><span style=\"color: #000000; font-family: verdana; font-size: small;\"><br \/>\n<\/span><\/td>\n<\/tr>\n<tr>\n<td align=\"center\" width=\"60\"><span style=\"color: #000000; font-family: verdana; font-size: small;\"><b>6<\/b><\/span><\/td>\n<td bgcolor=\"#FF9999\">500 mg\/semana (que se divide en 2 inyecciones por semana)<\/td>\n<td><\/td>\n<\/tr>\n<tr>\n<td align=\"center\" width=\"60\"><span style=\"color: #000000; font-family: verdana; font-size: small;\"><b>7<\/b><\/span><\/td>\n<td bgcolor=\"#FF9999\">500 mg\/semana (que se divide en 2 inyecciones por semana)<\/td>\n<td><\/td>\n<\/tr>\n<tr>\n<td align=\"center\" width=\"60\"><span style=\"color: #000000; font-family: verdana; font-size: small;\"><b>8<\/b><\/span><\/td>\n<td bgcolor=\"#FF9999\">500 mg\/semana (que se divide en 2 inyecciones por semana)<\/td>\n<td><span style=\"color: #000000; font-family: verdana; font-size: small;\"><br \/>\n<\/span><\/td>\n<\/tr>\n<tr>\n<td align=\"center\" width=\"60\"><span style=\"color: #000000; font-family: verdana; font-size: small;\"><b>9<\/b><\/span><\/td>\n<td bgcolor=\"#FF9999\">500 mg\/semana (que se divide en 2 inyecciones por semana)<\/td>\n<td><\/td>\n<\/tr>\n<tr>\n<td align=\"center\" width=\"60\"><span style=\"color: #000000; font-family: verdana; font-size: small;\"><b>10<\/b><\/span><\/td>\n<td bgcolor=\"#FF9999\">500 mg\/semana (que se divide en 2 inyecciones por semana)<\/td>\n<td><span style=\"color: #000000; font-family: verdana; font-size: small;\"><br \/>\n<\/span><\/td>\n<\/tr>\n<tr>\n<td align=\"center\" width=\"60\"><span style=\"color: #000000; font-family: verdana; font-size: small;\"><b>11<\/b><\/span><\/td>\n<td bgcolor=\"#FF9999\">500 mg\/semana (que se divide en 2 inyecciones por semana)<\/td>\n<td><span style=\"color: #000000; font-family: verdana; font-size: small;\"><br \/>\n<\/span><\/td>\n<\/tr>\n<tr>\n<td align=\"center\" width=\"60\"><span style=\"color: #000000; font-family: verdana; font-size: small;\"><b>12<\/b><\/span><\/td>\n<td bgcolor=\"#FF9999\">500 mg\/semana (que se divide en 2 inyecciones por semana)<\/td>\n<td><span style=\"color: #000000; font-family: verdana; font-size: small;\"><br \/>\n<\/span><\/td>\n<\/tr>\n<tr>\n<td align=\"center\" width=\"60\"><span style=\"color: #000000; font-family: verdana; font-size: small;\"><b>13<\/b><\/span><\/td>\n<td><\/td>\n<td><span style=\"color: #000000; font-family: verdana; font-size: small;\"><br \/>\n<\/span><\/td>\n<\/tr>\n<tr>\n<td align=\"center\" width=\"60\"><span style=\"color: #000000; font-family: verdana; font-size: small;\"><b>14<\/b><\/span><\/td>\n<td><\/td>\n<td bgcolor=\"#99CCFF\"><span style=\"color: #000000; font-family: verdana; font-size: small;\">20mg\/d\u00eda<br \/>\n<\/span><\/td>\n<\/tr>\n<tr>\n<td align=\"center\" width=\"60\"><span style=\"color: #000000; font-family: verdana; font-size: small;\"><b>15<\/b><\/span><\/td>\n<td><\/td>\n<td bgcolor=\"#99CCFF\"><span style=\"color: #000000; font-family: verdana; font-size: small;\">20mg\/d\u00eda<br \/>\n<\/span><\/td>\n<\/tr>\n<tr>\n<td align=\"center\" width=\"60\"><span style=\"color: #000000; font-family: verdana; font-size: small;\"><b>16<\/b><\/span><\/td>\n<td><\/td>\n<td bgcolor=\"#99CCFF\"><span style=\"color: #000000; font-family: verdana; font-size: small;\">20mg\/d\u00eda<br \/>\n<\/span><\/td>\n<\/tr>\n<tr>\n<td align=\"center\" width=\"60\"><span style=\"color: #000000; font-family: verdana; font-size: small;\"><b>17<\/b><\/span><\/td>\n<td><\/td>\n<td bgcolor=\"#99CCFF\"><span style=\"color: #000000; font-family: verdana; font-size: small;\">20mg\/d\u00eda<br \/>\n<\/span><\/td>\n<\/tr>\n<\/tbody>\n<\/table>\n<p>&nbsp;<\/p>\n<p><b>Total:<\/b><br \/>\n6000 mg <a href=\"http:\/\/getanabolics.biz\/es\/producto\/testosterone-enant-250-10-ml-vial-each-1-ml-contains-250-mg-testosterone-enanthate\/\">de Testosterona Enant. 250 &#8211; Alfa Pharma<\/a><br \/>\n50 tabletas <a href=\"http:\/\/getanabolics.biz\/es\/producto\/nolvadex-50-fichas-de-cada-ficha-contiene-20-mg-de-citrato-de-tamoxifeno-alpha-pharma\/\">Nolvadex &#8211; Alfa Pharma<\/a><\/p>\n<p>&nbsp;<\/p>\n<p>Avanzada de los esteroides anab\u00f3licos, los usuarios son el superior nivel de experiencia de los usuarios, y es claramente supone que en este punto, el esteroide anab\u00f3lico usuario ha obtenido suficiente experiencia y acumulado suficiente conocimiento para asumir el estado de un usuario avanzado. Esteroides avanzado pilas de la participaci\u00f3n de muchos de los m\u00e1s avanzados a nivel de los compuestos (tales como Anadrol y Trembolona), pero esto no quiere decir que la avanzada de los esteroides anab\u00f3licos, los ciclos no se pueden b\u00e1sicos de la Testosterona-s\u00f3lo ciclo de protocolo. Esta ha sido previamente abordado, la cual ha sido claro que los de nivel intermedio y avanzado de los esteroides anab\u00f3licos, los usuarios no est\u00e1n limitados a la utilizaci\u00f3n de muy duras compuestos, a dosis extremadamente altas, o complejo ciclo de pilas. Muchas veces, la mayor\u00eda de los usuarios avanzados optar por ejecutar la b\u00e1sica intentado, de confianza, y verdaderos m\u00e9todos de Testosterona-s\u00f3lo los ciclos, o muy b\u00e1sico ciclos de esteroides anab\u00f3licos. Esto es por lo general mucho sorpresa para los principiantes, ya que muy a menudo los principiantes (y prospectivo de los esteroides anab\u00f3licos, los usuarios) poseen una concepci\u00f3n err\u00f3nea de lo que es ser una avanzada de los esteroides anab\u00f3licos de usuario.<\/p>\n<p>&nbsp;<\/p>\n<p>El t\u00e9rmino <strong>Ciclos de Esteroides<\/strong> se refiere a la aplicaci\u00f3n peri\u00f3dica de esteroides anab\u00f3licos\/androg\u00e9nicos (AAS), normalmente para la construcci\u00f3n muscular fines. AAS no son m\u00e9dicamente aprobados para promover excesivo el aumento de masa muscular (culturismo) o mejorar el rendimiento deportivo. Aparte de los principios de la experimentaci\u00f3n en los deportistas por un pu\u00f1ado de m\u00e9dicos deportivos, un gran esfuerzo al estudio de la constituci\u00f3n y en la mejora del rendimiento de las propiedades de estas drogas, espec\u00edficamente con un ojo en el desarrollo de estrategias para el uso de ellos para maximizar los beneficios y minimizar los efectos adversos, no ha sido llevada a cabo por la comunidad m\u00e9dica. Debido a esto, los usuarios il\u00edcitos se han dejado de desarrollar sus propios protocolos para la administraci\u00f3n de estos f\u00e1rmacos. El resultado ha sido de una gran variedad de enfoques diferentes para el uso de estos agentes, algunos m\u00e1s seguro o m\u00e1s eficaces que otros. Aunque no es posible evaluar de manera integral todos los conocidos planteamientos, en esta secci\u00f3n se discuten algunos de los m\u00e1s fundamentales y el tiempo de m\u00e9todos de probada eficacia para el uso de AAS.<br \/>\n<span id=\"result_box\" class=\"short_text\" lang=\"es\"><span class=\"\">Este ciclo se puede comprar en <a href=\"http:\/\/getanabolics.biz\">getanabolics.biz<\/a><\/span><\/span><\/p>\n<h3>Lee mas<\/h3>\n<p><a href=\"http:\/\/getanabolics.biz\/es\/grandes-resultados-del-mejor-acetato-de-trenbolona\/\">GRANDES RESULTADOS DEL MEJOR ACETATO DE TRENBOLONE<\/a><\/p>\n<p><a href=\"http:\/\/getanabolics.biz\/es\/todo-lo-que-usted-necesita-saber-sobre-anadrol\/\">TODO LO QUE NECESITA SABER SOBRE ANADROL<\/a><\/p>\n<p><a href=\"http:\/\/getanabolics.biz\/es\/el-efecto-de-los-esteroides-en-la-piel-humana\/\">EL EFECTO DE LOS ESTEROIDES EN LA PIEL HUMANA<\/a><\/p>\n<p><a href=\"http:\/\/getanabolics.biz\/es\/reuna-una-masa-seca-sin-efectos-secundarios\/\">RE\u00daNA UNA MISA SECA SIN EFECTOS SECUNDARIOS<\/a><\/p>\n<p>\u00bf<a href=\"http:\/\/getanabolics.biz\/es\/cual-deberia-ser-la-duracion-del-ciclo-de-esteroides\/\">CU\u00c1L DEBE SER LA DURACI\u00d3N DEL CURSO DE ESTEROIDES?<\/a><\/p>\n","protected":false},"excerpt":{"rendered":"<p>6000\u00a0mg <a href=\"http:\/\/getanabolics.biz\/product\/testosterone-enant-250-10-ml-vial-each-1-ml-contains-250-mg-testosterone-enanthate\/\">Testosterone Enant. 250 &#8211; Alpha Pharma<\/a><br \/>\n50 tabs <a href=\"http:\/\/getanabolics.biz\/es\/producto\/nolvadex-50-fichas-de-cada-ficha-contiene-20-mg-de-citrato-de-tamoxifeno-alpha-pharma\/\">Nolvadex &#8211; Alpha Pharma<\/a><\/p>\n","protected":false},"featured_media":32350542,"comment_status":"closed","ping_status":"closed","template":"","meta":[],"product_cat":[468],"product_tag":[483,497],"_links":{"self":[{"href":"https:\/\/getanabolics.biz\/es\/wp-json\/wp\/v2\/product\/32350637"}],"collection":[{"href":"https:\/\/getanabolics.biz\/es\/wp-json\/wp\/v2\/product"}],"about":[{"href":"https:\/\/getanabolics.biz\/es\/wp-json\/wp\/v2\/types\/product"}],"replies":[{"embeddable":true,"href":"https:\/\/getanabolics.biz\/es\/wp-json\/wp\/v2\/comments?post=32350637"}],"wp:featuredmedia":[{"embeddable":true,"href":"https:\/\/getanabolics.biz\/es\/wp-json\/wp\/v2\/media\/32350542"}],"wp:attachment":[{"href":"https:\/\/getanabolics.biz\/es\/wp-json\/wp\/v2\/media?parent=32350637"}],"wp:term":[{"taxonomy":"product_cat","embeddable":true,"href":"https:\/\/getanabolics.biz\/es\/wp-json\/wp\/v2\/product_cat?post=32350637"},{"taxonomy":"product_tag","embeddable":true,"href":"https:\/\/getanabolics.biz\/es\/wp-json\/wp\/v2\/product_tag?post=32350637"}],"curies":[{"name":"wp","href":"https:\/\/api.w.org\/{rel}","templated":true}]}}